{"id":22622,"date":"2023-01-21T22:00:46","date_gmt":"2023-01-21T20:00:46","guid":{"rendered":"https:\/\/sachviet.eu\/shop\/bam-thay-tuong-co-thay-vu-den-tim-tap-2\/"},"modified":"2023-09-25T14:04:51","modified_gmt":"2023-09-25T11:04:51","slug":"bam-thay-tuong-co-thay-vu-den-tim-tap-2","status":"publish","type":"product","link":"https:\/\/sachviet.eu\/en\/shop\/bam-thay-tuong-co-thay-vu-den-tim-tap-2\/","title":{"rendered":"B\u1ea9m Th\u1ea7y T\u01b0\u1eddng C\u00f3 Th\u1ea7y V\u0169 \u0110\u1ebfn T\u00ecm \u2013 T\u1eadp 2"},"content":{"rendered":"<p>C\u00e2u chuy\u1ec7n h\u00e0ng ng\u00e0y v\u1ec1 m\u1ed9t anh th\u1ea7y \u0111\u1ed3 v\u00e0 m\u1ed9t anh th\u1ea7y lang.<\/p>\n<p>Kh\u00f4ng \u1ed3n \u00e0o, huy\u00ean n\u00e1o, nh\u01b0 m\u1ed9t \u00e1ng v\u0103n xu\u00f4i nh\u1eb9 nh\u00e0ng, v\u1edbi b\u1ed1i c\u1ea3nh l\u00e0ng qu\u00ea Vi\u1ec7t Nam ng\u00e0y x\u01b0a c\u0169, \u0111\u00e2y ch\u1ec9 l\u00e0 nh\u1eefng chuy\u1ec7n t\u00ecnh tang nho nh\u1ecf, linh tinh v\u1ee5n v\u1eb7t c\u1ee7a hai anh v\u00e0 m\u1ecdi ng\u01b0\u1eddi xung quanh.<\/p>\n","protected":false},"excerpt":{"rendered":"<p>C\u00e2u chuy\u1ec7n h\u00e0ng ng\u00e0y v\u1ec1 m\u1ed9t anh th\u1ea7y \u0111\u1ed3 v\u00e0 m\u1ed9t anh th\u1ea7y lang.<\/p>\n<p>Kh\u00f4ng \u1ed3n \u00e0o, huy\u00ean n\u00e1o, nh\u01b0 m\u1ed9t \u00e1ng v\u0103n xu\u00f4i nh\u1eb9 nh\u00e0ng, v\u1edbi b\u1ed1i c\u1ea3nh l\u00e0ng qu\u00ea Vi\u1ec7t Nam ng\u00e0y x\u01b0a c\u0169, \u0111\u00e2y ch\u1ec9 l\u00e0 nh\u1eefng chuy\u1ec7n t\u00ecnh tang nho nh\u1ecf, linh tinh v\u1ee5n v\u1eb7t c\u1ee7a hai anh v\u00e0 m\u1ecdi ng\u01b0\u1eddi xung quanh.<\/p>\n","protected":false},"featured_media":22621,"template":"","meta":{"_acf_changed":false},"product_brand":[],"product_cat":[29],"product_tag":[83],"class_list":{"0":"post-22622","1":"product","2":"type-product","3":"status-publish","4":"has-post-thumbnail","6":"product_cat-manga-comics","7":"product_tag-sach-moi-xuat-ban","9":"first","10":"outofstock","11":"taxable","12":"shipping-taxable","13":"purchasable","14":"product-type-simple"},"supplier_id":null,"supplier_sku":"","barcode":null,"atum_controlled":true,"out_stock_date":"2023-09-25 11:04:51","out_stock_threshold":null,"inheritable":false,"inbound_stock":0,"stock_on_hold":0,"sold_today":0,"sales_last_days":0,"reserved_stock":0,"customer_returns":0,"warehouse_damage":0,"lost_in_post":0,"other_logs":0,"out_stock_days":856,"lost_sales":0,"has_location":true,"update_date":"2026-01-28T23:11:11","atum_locations":[{"id":32,"name":"Helsinki","slug":"helsinki"}],"atum_stock_status":"outofstock","restock_status":false,"low_stock_amount":"","sales_update_date":"2026-01-28T23:11:11","calc_backorders":null,"acf":{"publisher":{"ID":17817,"post_author":"1","post_date":"2022-04-09 17:39:17","post_date_gmt":"2022-04-09 14:39:17","post_content":"","post_title":"Comicola","post_excerpt":"","post_status":"publish","comment_status":"closed","ping_status":"closed","post_password":"","post_name":"comicola","to_ping":"","pinged":"","post_modified":"2022-04-09 17:39:17","post_modified_gmt":"2022-04-09 14:39:17","post_content_filtered":"","post_parent":0,"guid":"https:\/\/sachviet.eu\/nha-phat-hanh\/comicola\/","menu_order":0,"post_type":"publisher","post_mime_type":"","comment_count":"0","filter":"raw"}},"_links":{"self":[{"href":"https:\/\/sachviet.eu\/en\/wp-json\/wp\/v2\/product\/22622","targetHints":{"allow":["GET"]}}],"collection":[{"href":"https:\/\/sachviet.eu\/en\/wp-json\/wp\/v2\/product"}],"about":[{"href":"https:\/\/sachviet.eu\/en\/wp-json\/wp\/v2\/types\/product"}],"wp:featuredmedia":[{"embeddable":true,"href":"https:\/\/sachviet.eu\/en\/wp-json\/wp\/v2\/media\/22621"}],"wp:attachment":[{"href":"https:\/\/sachviet.eu\/en\/wp-json\/wp\/v2\/media?parent=22622"}],"wp:term":[{"taxonomy":"product_brand","embeddable":true,"href":"https:\/\/sachviet.eu\/en\/wp-json\/wp\/v2\/product_brand?post=22622"},{"taxonomy":"product_cat","embeddable":true,"href":"https:\/\/sachviet.eu\/en\/wp-json\/wp\/v2\/product_cat?post=22622"},{"taxonomy":"product_tag","embeddable":true,"href":"https:\/\/sachviet.eu\/en\/wp-json\/wp\/v2\/product_tag?post=22622"}],"curies":[{"name":"wp","href":"https:\/\/api.w.org\/{rel}","templated":true}]}}