{"id":22620,"date":"2023-01-21T22:00:38","date_gmt":"2023-01-21T20:00:38","guid":{"rendered":"https:\/\/sachviet.eu\/shop\/ren-luyen-tu-duy-phan-bien\/"},"modified":"2024-04-02T21:37:28","modified_gmt":"2024-04-02T18:37:28","slug":"ren-luyen-tu-duy-phan-bien","status":"publish","type":"product","link":"https:\/\/sachviet.eu\/en\/shop\/ren-luyen-tu-duy-phan-bien\/","title":{"rendered":"R\u00e8n Luy\u1ec7n T\u01b0 Duy Ph\u1ea3n Bi\u1ec7n"},"content":{"rendered":"<p>Nh\u01b0 b\u1ea1n c\u00f3 th\u1ec3 th\u1ea5y, ch\u00eca kh\u00f3a \u0111\u1ec3 tr\u1edf th\u00e0nh m\u1ed9t ng\u01b0\u1eddi c\u00f3 t\u01b0 duy ph\u1ea3n bi\u1ec7n t\u1ed1t ch\u00ednh l\u00e0 s\u1ef1 t\u1ef1 nh\u1eadn th\u1ee9c. B\u1ea1n c\u1ea7n ph\u1ea3i \u0111\u00e1nh gi\u00e1 trung th\u1ef1c nh\u1eefng \u0111i\u1ec1u tr\u01b0\u1edbc \u0111\u00e2y b\u1ea1n ngh\u0129 l\u00e0 \u0111\u00fang, c\u0169ng nh\u01b0 qu\u00e1 tr\u00ecnh suy ngh\u0129 \u0111\u00e3 d\u1eabn b\u1ea1n t\u1edbi nh\u1eefng k\u1ebft lu\u1eadn \u0111\u00f3. N\u1ebfu b\u1ea1n kh\u00f4ng c\u00f3 nh\u1eefng l\u00fd l\u1ebd h\u1ee3p l\u00fd, ho\u1eb7c n\u1ebfu suy ngh\u0129 c\u1ee7a b\u1ea1n b\u1ecb \u1ea3nh h\u01b0\u1edfng b\u1edfi nh\u1eefng kinh nghi\u1ec7m v\u00e0 c\u1ea3m x\u00fac, th\u00ec l\u00fac \u0111\u00f3 h\u00e3y c\u00e2n nh\u1eafc s\u1eed d\u1ee5ng t\u01b0 duy ph\u1ea3n bi\u1ec7n! B\u1ea1n c\u1ea7n ph\u1ea3i nh\u1eadn ra \u0111\u01b0\u1ee3c r\u1eb1ng con ng\u01b0\u1eddi, k\u1ec3 t\u1eeb khi sinh ra, r\u1ea5t gi\u1ecfi vi\u1ec7c \u0111\u01b0a ra nh\u1eefng l\u00fd do l\u00fd gi\u1ea3i cho nh\u1eefng suy ngh\u0129 khi\u1ebfm khuy\u1ebft c\u1ee7a m\u00ecnh. N\u1ebfu b\u1ea1n \u0111ang c\u00f3 nh\u1eefng k\u1ebft lu\u1eadn sai l\u1ec7ch n\u00e0y th\u00ec c\u00f3 m\u1ed9t s\u1ef1 th\u1eadt l\u00e0 nh\u1eefng \u0111\u1ee9c tin c\u1ee7a b\u1ea1n th\u01b0\u1eddng m\u00e2u thu\u1eabn v\u1edbi nhau v\u00e0 \u0111\u00f3 th\u01b0\u1eddng l\u00e0 k\u1ebft qu\u1ea3 c\u1ee7a thi\u00ean ki\u1ebfn x\u00e1c nh\u1eadn, nh\u01b0ng n\u1ebfu b\u1ea1n bi\u1ebft \u0111i\u1ec1u n\u00e0y, th\u00ec b\u1ea1n \u0111\u00e3 ti\u1ebfn g\u1ea7n h\u01a1n t\u1edbi s\u1ef1 th\u1eadt r\u1ed3i!<\/p>\n<p>Nh\u1eefng ng\u01b0\u1eddi t\u01b0 duy ph\u1ea3n bi\u1ec7n c\u0169ng bi\u1ebft r\u1eb1ng h\u1ecd c\u1ea7n thu th\u1eadp nh\u1eefng \u00fd t\u01b0\u1edfng v\u00e0 \u0111\u1ee9c tin c\u1ee7a m\u1ecdi ng\u01b0\u1eddi. T\u01b0 duy ph\u1ea3n bi\u1ec7n kh\u00f4ng th\u1ec3 t\u1ef1 nhi\u00ean m\u00e0 c\u00f3.<\/p>\n<p>Nh\u1eefng ng\u01b0\u1eddi kh\u00e1c c\u00f3 th\u1ec3 \u0111\u01b0a ra nh\u1eefng g\u00f3c nh\u00ecn kh\u00e1c m\u00e0 b\u1ea1n c\u00f3 th\u1ec3 ch\u01b0a bao gi\u1edd ngh\u0129 t\u1edbi, v\u00e0 h\u1ecd c\u00f3 th\u1ec3 ch\u1ec9 ra nh\u1eefng l\u1ed7 h\u1ed5ng trong logic c\u1ee7a b\u1ea1n m\u00e0 b\u1ea1n \u0111\u00e3 ho\u00e0n to\u00e0n b\u1ecf qua. B\u1ea1n kh\u00f4ng c\u1ea7n ph\u1ea3i ho\u00e0n to\u00e0n \u0111\u1ed3ng \u00fd v\u1edbi \u00fd ki\u1ebfn c\u1ee7a nh\u1eefng ng\u01b0\u1eddi kh\u00e1c, b\u1edfi v\u00ec \u0111i\u1ec1u n\u00e0y c\u0169ng c\u00f3 th\u1ec3 d\u1eabn t\u1edbi nh\u1eefng v\u1ea5n \u0111\u1ec1 li\u00ean quan \u0111\u1ebfn thi\u00ean ki\u1ebfn, nh\u01b0ng m\u1ed9t cu\u1ed9c th\u1ea3o lu\u1eadn ph\u1ea3n bi\u1ec7n l\u00e0 m\u1ed9t b\u00e0i t\u1eadp t\u01b0 duy c\u1ef1c k\u1ef3 hi\u1ec7u qu\u1ea3.<\/p>\n<p>Vi\u1ec7c l\u1eafng nghe nh\u1eefng \u00fd ki\u1ebfn c\u1ee7a ng\u01b0\u1eddi kh\u00e1c c\u0169ng c\u00f3 th\u1ec3 gi\u00fap b\u1ea1n nh\u1eadn ra r\u1eb1ng ph\u1ea1m vi tri th\u1ee9c c\u1ee7a b\u1ea1n kh\u00f4ng ph\u1ea3i l\u00e0 v\u00f4 h\u1ea1n. Kh\u00f4ng ai c\u00f3 th\u1ec3 bi\u1ebft h\u1ebft t\u1ea5t c\u1ea3 m\u1ecdi th\u1ee9. Nh\u01b0ng v\u1edbi vi\u1ec7c chia s\u1ebb v\u00e0 \u0111\u00e1nh gi\u00e1 ph\u00ea b\u00ecnh ki\u1ebfn th\u1ee9c, ch\u00fang ta c\u00f3 th\u1ec3 m\u1edf r\u1ed9ng t\u00e2m tr\u00ed. N\u1ebfu \u0111i\u1ec1u n\u00e0y khi\u1ebfn b\u1ea1n c\u1ea3m th\u1ea5y kh\u00f4ng tho\u1ea3i m\u00e1i, kh\u00f4ng sao c\u1ea3. Tr\u00ean th\u1ef1c t\u1ebf, b\u01b0\u1edbc ra ngo\u00e0i v\u00f9ng an to\u00e0n l\u00e0 m\u1ed9t \u0111i\u1ec1u quan tr\u1ecdng \u0111\u1ec3 m\u1edf r\u1ed9ng ni\u1ec1m tin v\u00e0 suy ngh\u0129 c\u1ee7a b\u1ea1n. T\u01b0 duy ph\u1ea3n bi\u1ec7n kh\u00f4ng ph\u1ea3i l\u00e0 ch\u1ec9 bi\u1ebft v\u00e0i th\u1ee9, v\u00e0 ch\u1eafc ch\u1eafn kh\u00f4ng ph\u1ea3i vi\u1ec7c x\u00e1c<br \/>\nnh\u1eadn nh\u1eefng \u0111i\u1ec1u b\u1ea1n \u0111\u00e3 bi\u1ebft. Thay v\u00e0o \u0111\u00f3, n\u00f3 xoay quanh vi\u1ec7c t\u00ecm ki\u1ebfm s\u1ef1 th\u1eadt \u2013 v\u00e0 bi\u1ebfn ch\u00fang tr\u1edf th\u00e0nh th\u1ee9 b\u1ea1n bi\u1ebft.<\/p>\n","protected":false},"excerpt":{"rendered":"<p>Nh\u01b0 b\u1ea1n c\u00f3 th\u1ec3 th\u1ea5y, ch\u00eca kh\u00f3a \u0111\u1ec3 tr\u1edf th\u00e0nh m\u1ed9t ng\u01b0\u1eddi c\u00f3 t\u01b0 duy ph\u1ea3n bi\u1ec7n t\u1ed1t ch\u00ednh l\u00e0 s\u1ef1 t\u1ef1 nh\u1eadn th\u1ee9c. B\u1ea1n c\u1ea7n ph\u1ea3i \u0111\u00e1nh gi\u00e1 trung th\u1ef1c nh\u1eefng \u0111i\u1ec1u tr\u01b0\u1edbc \u0111\u00e2y b\u1ea1n ngh\u0129 l\u00e0 \u0111\u00fang, c\u0169ng nh\u01b0 qu\u00e1 tr\u00ecnh suy ngh\u0129 \u0111\u00e3 d\u1eabn b\u1ea1n t\u1edbi nh\u1eefng k\u1ebft lu\u1eadn \u0111\u00f3. N\u1ebfu b\u1ea1n kh\u00f4ng c\u00f3 nh\u1eefng l\u00fd l\u1ebd h\u1ee3p l\u00fd, ho\u1eb7c n\u1ebfu suy ngh\u0129 c\u1ee7a b\u1ea1n b\u1ecb \u1ea3nh h\u01b0\u1edfng b\u1edfi nh\u1eefng kinh nghi\u1ec7m v\u00e0 c\u1ea3m x\u00fac, th\u00ec l\u00fac \u0111\u00f3 h\u00e3y c\u00e2n nh\u1eafc s\u1eed d\u1ee5ng t\u01b0 duy ph\u1ea3n bi\u1ec7n! B\u1ea1n c\u1ea7n ph\u1ea3i nh\u1eadn ra \u0111\u01b0\u1ee3c r\u1eb1ng con ng\u01b0\u1eddi, k\u1ec3 t\u1eeb khi sinh ra, r\u1ea5t gi\u1ecfi vi\u1ec7c \u0111\u01b0a ra nh\u1eefng l\u00fd do l\u00fd gi\u1ea3i cho nh\u1eefng suy ngh\u0129 khi\u1ebfm khuy\u1ebft c\u1ee7a m\u00ecnh. N\u1ebfu b\u1ea1n \u0111ang c\u00f3 nh\u1eefng k\u1ebft lu\u1eadn sai l\u1ec7ch n\u00e0y th\u00ec c\u00f3 m\u1ed9t s\u1ef1 th\u1eadt l\u00e0 nh\u1eefng \u0111\u1ee9c tin c\u1ee7a b\u1ea1n th\u01b0\u1eddng m\u00e2u thu\u1eabn v\u1edbi nhau v\u00e0 \u0111\u00f3 th\u01b0\u1eddng l\u00e0 k\u1ebft qu\u1ea3 c\u1ee7a thi\u00ean ki\u1ebfn x\u00e1c nh\u1eadn, nh\u01b0ng n\u1ebfu b\u1ea1n bi\u1ebft \u0111i\u1ec1u n\u00e0y, th\u00ec b\u1ea1n \u0111\u00e3 ti\u1ebfn g\u1ea7n h\u01a1n t\u1edbi s\u1ef1 th\u1eadt r\u1ed3i!<\/p>\n<p>Nh\u1eefng ng\u01b0\u1eddi t\u01b0 duy ph\u1ea3n bi\u1ec7n c\u0169ng bi\u1ebft r\u1eb1ng h\u1ecd c\u1ea7n thu th\u1eadp nh\u1eefng \u00fd t\u01b0\u1edfng v\u00e0 \u0111\u1ee9c tin c\u1ee7a m\u1ecdi ng\u01b0\u1eddi. T\u01b0 duy ph\u1ea3n bi\u1ec7n kh\u00f4ng th\u1ec3 t\u1ef1 nhi\u00ean m\u00e0 c\u00f3.<\/p>\n<p>Nh\u1eefng ng\u01b0\u1eddi kh\u00e1c c\u00f3 th\u1ec3 \u0111\u01b0a ra nh\u1eefng g\u00f3c nh\u00ecn kh\u00e1c m\u00e0 b\u1ea1n c\u00f3 th\u1ec3 ch\u01b0a bao gi\u1edd ngh\u0129 t\u1edbi, v\u00e0 h\u1ecd c\u00f3 th\u1ec3 ch\u1ec9 ra nh\u1eefng l\u1ed7 h\u1ed5ng trong logic c\u1ee7a b\u1ea1n m\u00e0 b\u1ea1n \u0111\u00e3 ho\u00e0n to\u00e0n b\u1ecf qua. B\u1ea1n kh\u00f4ng c\u1ea7n ph\u1ea3i ho\u00e0n to\u00e0n \u0111\u1ed3ng \u00fd v\u1edbi \u00fd ki\u1ebfn c\u1ee7a nh\u1eefng ng\u01b0\u1eddi kh\u00e1c, b\u1edfi v\u00ec \u0111i\u1ec1u n\u00e0y c\u0169ng c\u00f3 th\u1ec3 d\u1eabn t\u1edbi nh\u1eefng v\u1ea5n \u0111\u1ec1 li\u00ean quan \u0111\u1ebfn thi\u00ean ki\u1ebfn, nh\u01b0ng m\u1ed9t cu\u1ed9c th\u1ea3o lu\u1eadn ph\u1ea3n bi\u1ec7n l\u00e0 m\u1ed9t b\u00e0i t\u1eadp t\u01b0 duy c\u1ef1c k\u1ef3 hi\u1ec7u qu\u1ea3.<\/p>\n<p>Vi\u1ec7c l\u1eafng nghe nh\u1eefng \u00fd ki\u1ebfn c\u1ee7a ng\u01b0\u1eddi kh\u00e1c c\u0169ng c\u00f3 th\u1ec3 gi\u00fap b\u1ea1n nh\u1eadn ra r\u1eb1ng ph\u1ea1m vi tri th\u1ee9c c\u1ee7a b\u1ea1n kh\u00f4ng ph\u1ea3i l\u00e0 v\u00f4 h\u1ea1n. Kh\u00f4ng ai c\u00f3 th\u1ec3 bi\u1ebft h\u1ebft t\u1ea5t c\u1ea3 m\u1ecdi th\u1ee9. Nh\u01b0ng v\u1edbi vi\u1ec7c chia s\u1ebb v\u00e0 \u0111\u00e1nh gi\u00e1 ph\u00ea b\u00ecnh ki\u1ebfn th\u1ee9c, ch\u00fang ta c\u00f3 th\u1ec3 m\u1edf r\u1ed9ng t\u00e2m tr\u00ed. N\u1ebfu \u0111i\u1ec1u n\u00e0y khi\u1ebfn b\u1ea1n c\u1ea3m th\u1ea5y kh\u00f4ng tho\u1ea3i m\u00e1i, kh\u00f4ng sao c\u1ea3. Tr\u00ean th\u1ef1c t\u1ebf, b\u01b0\u1edbc ra ngo\u00e0i v\u00f9ng an to\u00e0n l\u00e0 m\u1ed9t \u0111i\u1ec1u quan tr\u1ecdng \u0111\u1ec3 m\u1edf r\u1ed9ng ni\u1ec1m tin v\u00e0 suy ngh\u0129 c\u1ee7a b\u1ea1n. T\u01b0 duy ph\u1ea3n bi\u1ec7n kh\u00f4ng ph\u1ea3i l\u00e0 ch\u1ec9 bi\u1ebft v\u00e0i th\u1ee9, v\u00e0 ch\u1eafc ch\u1eafn kh\u00f4ng ph\u1ea3i vi\u1ec7c x\u00e1c<br \/>\nnh\u1eadn nh\u1eefng \u0111i\u1ec1u b\u1ea1n \u0111\u00e3 bi\u1ebft. Thay v\u00e0o \u0111\u00f3, n\u00f3 xoay quanh vi\u1ec7c t\u00ecm ki\u1ebfm s\u1ef1 th\u1eadt \u2013 v\u00e0 bi\u1ebfn ch\u00fang tr\u1edf th\u00e0nh th\u1ee9 b\u1ea1n bi\u1ebft.<\/p>\n","protected":false},"featured_media":22619,"template":"","meta":{"_acf_changed":false},"product_brand":[],"product_cat":[15,46],"product_tag":[83],"class_list":{"0":"post-22620","1":"product","2":"type-product","3":"status-publish","4":"has-post-thumbnail","6":"product_cat-sach-danh-cho-nguoi-lon","7":"product_cat-ky-nang-song","8":"product_tag-sach-moi-xuat-ban","10":"first","11":"outofstock","12":"taxable","13":"shipping-taxable","14":"purchasable","15":"product-type-simple"},"supplier_id":null,"supplier_sku":"","barcode":null,"atum_controlled":true,"out_stock_date":"2024-04-02 18:37:28","out_stock_threshold":null,"inheritable":false,"inbound_stock":0,"stock_on_hold":0,"sold_today":0,"sales_last_days":0,"reserved_stock":0,"customer_returns":0,"warehouse_damage":0,"lost_in_post":0,"other_logs":0,"out_stock_days":666,"lost_sales":0,"has_location":false,"update_date":"2026-01-28T23:11:11","atum_locations":[],"atum_stock_status":"outofstock","restock_status":false,"low_stock_amount":"","sales_update_date":"2026-01-28T23:11:11","calc_backorders":null,"acf":{"publisher":{"ID":4030,"post_author":"1","post_date":"2021-03-02 03:51:27","post_date_gmt":"2021-03-02 01:51:27","post_content":"","post_title":"1980 Books","post_excerpt":"","post_status":"publish","comment_status":"closed","ping_status":"closed","post_password":"","post_name":"1980-books","to_ping":"","pinged":"","post_modified":"2021-03-02 03:51:27","post_modified_gmt":"2021-03-02 01:51:27","post_content_filtered":"","post_parent":0,"guid":"https:\/\/sachviet.eu\/nha-phat-hanh\/1980-books\/","menu_order":0,"post_type":"publisher","post_mime_type":"","comment_count":"0","filter":"raw"}},"_links":{"self":[{"href":"https:\/\/sachviet.eu\/en\/wp-json\/wp\/v2\/product\/22620","targetHints":{"allow":["GET"]}}],"collection":[{"href":"https:\/\/sachviet.eu\/en\/wp-json\/wp\/v2\/product"}],"about":[{"href":"https:\/\/sachviet.eu\/en\/wp-json\/wp\/v2\/types\/product"}],"wp:featuredmedia":[{"embeddable":true,"href":"https:\/\/sachviet.eu\/en\/wp-json\/wp\/v2\/media\/22619"}],"wp:attachment":[{"href":"https:\/\/sachviet.eu\/en\/wp-json\/wp\/v2\/media?parent=22620"}],"wp:term":[{"taxonomy":"product_brand","embeddable":true,"href":"https:\/\/sachviet.eu\/en\/wp-json\/wp\/v2\/product_brand?post=22620"},{"taxonomy":"product_cat","embeddable":true,"href":"https:\/\/sachviet.eu\/en\/wp-json\/wp\/v2\/product_cat?post=22620"},{"taxonomy":"product_tag","embeddable":true,"href":"https:\/\/sachviet.eu\/en\/wp-json\/wp\/v2\/product_tag?post=22620"}],"curies":[{"name":"wp","href":"https:\/\/api.w.org\/{rel}","templated":true}]}}