{"id":22618,"date":"2023-01-21T22:00:32","date_gmt":"2023-01-21T20:00:32","guid":{"rendered":"https:\/\/sachviet.eu\/shop\/me-biet-du-con-tu-chu\/"},"modified":"2023-01-23T07:36:49","modified_gmt":"2023-01-23T05:36:49","slug":"me-biet-du-con-tu-chu","status":"publish","type":"product","link":"https:\/\/sachviet.eu\/en\/shop\/me-biet-du-con-tu-chu\/","title":{"rendered":"M\u1eb9 bi\u1ebft \u0111\u1ee7, con t\u1ef1 ch\u1ee7"},"content":{"rendered":"<p>Song song v\u1edbi s\u1ef1 t\u1eadn t\u00e2m, r\u1ea5t nhi\u1ec1u ng\u01b0\u1eddi m\u1eb9 \u0111ang theo ch\u1ee7 ngh\u0129a ho\u00e0n h\u1ea3o, theo \u0111u\u1ed5i l\u00fd t\u01b0\u1edfng \u201cph\u1ea3i tr\u1edf th\u00e0nh\u201d, hay n\u00f3i c\u00e1ch kh\u00e1c, ch\u1ecbu \u00e1p l\u1ef1c c\u1ee7a vi\u1ec7c \u201cph\u1ea3i tr\u1edf th\u00e0nh m\u1ed9t ng\u01b0\u1eddi m\u1eb9 t\u1ed1t\u201d, \u201cph\u1ea3i nu\u00f4i d\u1ea1y con th\u1eadt t\u1ed1t\u201d. Tuy nhi\u00ean, n\u1ebfu c\u1ee9 ti\u1ebfp t\u1ee5c theo \u0111u\u1ed5i l\u00fd t\u01b0\u1edfng n\u00e0y th\u00ec c\u1ea3 cha m\u1eb9 l\u1eabn con c\u00e1i \u0111\u1ec1u s\u1ebd b\u1ea5t h\u1ea1nh, v\u00e0 do \u0111\u00f3 t\u00e1c gi\u1ea3 b\u1eaft \u0111\u1ea7u h\u00e0nh tr\u00ecnh nu\u00f4i d\u1ea1y con theo ki\u1ec3u \u201cphi\u00ean phi\u1ebfn\u201d. C\u00f3 \u0111i\u1ec1u, \u201cphi\u00ean phi\u1ebfn\u201d \u1edf \u0111\u00e2y kh\u00f4ng c\u00f3 ngh\u0129a l\u00e0 \u201cqua loa, \u0111\u1ea1i kh\u00e1i\u201d, m\u00e0 g\u1ea7n v\u1edbi ngh\u0129a \u201cv\u1eeba \u0111\u1ee7\u201d, kh\u00f4ng \u00e1p l\u1ef1c h\u01a1n. D\u00f9 n\u00f3i l\u00e0 \u201cphi\u00ean phi\u1ebfn\u201d nh\u01b0ng \u0111a ph\u1ea7n nh\u1eefng m\u1ea9u chuy\u1ec7n trong cu\u1ed1n s\u00e1ch n\u00e0y vi\u1ec7c nu\u00f4i d\u1ea1y con sao cho v\u1eeba v\u1eb7n. Nh\u1eefng l\u1eddi khuy\u00ean n\u00e0y ch\u1ee9a \u0111\u1ef1ng th\u00f4ng \u0111i\u1ec7p: \u201cCh\u1ec9 c\u1ea7n ch\u1ec9n chu \u0111\u1ebfn \u0111\u00e2y th\u00f4i, c\u00f2n l\u1ea1i th\u00ec \u0111\u1ea1i kh\u00e1i l\u00e0 \u0111\u01b0\u1ee3c. Kh\u00f4ng c\u1ea7n ph\u1ea3i tr\u1edf th\u00e0nh m\u1ed9t ng\u01b0\u1eddi m\u1eb9 ho\u00e0n h\u1ea3o, kh\u00f4ng c\u1ea7n ph\u1ea3i nu\u00f4i d\u1ea1y con tr\u1edf ho\u00e0n h\u1ea3o \u0111\u00e2u\u201d. <\/p>\n","protected":false},"excerpt":{"rendered":"<p>Song song v\u1edbi s\u1ef1 t\u1eadn t\u00e2m, r\u1ea5t nhi\u1ec1u ng\u01b0\u1eddi m\u1eb9 \u0111ang theo ch\u1ee7 ngh\u0129a ho\u00e0n h\u1ea3o, theo \u0111u\u1ed5i l\u00fd t\u01b0\u1edfng \u201cph\u1ea3i tr\u1edf th\u00e0nh\u201d, hay n\u00f3i c\u00e1ch kh\u00e1c, ch\u1ecbu \u00e1p l\u1ef1c c\u1ee7a vi\u1ec7c \u201cph\u1ea3i tr\u1edf th\u00e0nh m\u1ed9t ng\u01b0\u1eddi m\u1eb9 t\u1ed1t\u201d, \u201cph\u1ea3i nu\u00f4i d\u1ea1y con th\u1eadt t\u1ed1t\u201d. Tuy nhi\u00ean, n\u1ebfu c\u1ee9 ti\u1ebfp t\u1ee5c theo \u0111u\u1ed5i l\u00fd t\u01b0\u1edfng n\u00e0y th\u00ec c\u1ea3 cha m\u1eb9 l\u1eabn con c\u00e1i \u0111\u1ec1u s\u1ebd b\u1ea5t h\u1ea1nh, v\u00e0 do \u0111\u00f3 t\u00e1c gi\u1ea3 b\u1eaft \u0111\u1ea7u h\u00e0nh tr\u00ecnh nu\u00f4i d\u1ea1y con theo ki\u1ec3u \u201cphi\u00ean phi\u1ebfn\u201d. C\u00f3 \u0111i\u1ec1u, \u201cphi\u00ean phi\u1ebfn\u201d \u1edf \u0111\u00e2y kh\u00f4ng c\u00f3 ngh\u0129a l\u00e0 \u201cqua loa, \u0111\u1ea1i kh\u00e1i\u201d, m\u00e0 g\u1ea7n v\u1edbi ngh\u0129a \u201cv\u1eeba \u0111\u1ee7\u201d, kh\u00f4ng \u00e1p l\u1ef1c h\u01a1n. D\u00f9 n\u00f3i l\u00e0 \u201cphi\u00ean phi\u1ebfn\u201d nh\u01b0ng \u0111a ph\u1ea7n nh\u1eefng m\u1ea9u chuy\u1ec7n trong cu\u1ed1n s\u00e1ch n\u00e0y vi\u1ec7c nu\u00f4i d\u1ea1y con sao cho v\u1eeba v\u1eb7n. Nh\u1eefng l\u1eddi khuy\u00ean n\u00e0y ch\u1ee9a \u0111\u1ef1ng th\u00f4ng \u0111i\u1ec7p: \u201cCh\u1ec9 c\u1ea7n ch\u1ec9n chu \u0111\u1ebfn \u0111\u00e2y th\u00f4i, c\u00f2n l\u1ea1i th\u00ec \u0111\u1ea1i kh\u00e1i l\u00e0 \u0111\u01b0\u1ee3c. Kh\u00f4ng c\u1ea7n ph\u1ea3i tr\u1edf th\u00e0nh m\u1ed9t ng\u01b0\u1eddi m\u1eb9 ho\u00e0n h\u1ea3o, kh\u00f4ng c\u1ea7n ph\u1ea3i nu\u00f4i d\u1ea1y con tr\u1edf ho\u00e0n h\u1ea3o \u0111\u00e2u\u201d.<\/p>\n","protected":false},"featured_media":22617,"template":"","meta":{"_acf_changed":false},"product_brand":[],"product_cat":[19],"product_tag":[83],"class_list":{"0":"post-22618","1":"product","2":"type-product","3":"status-publish","4":"has-post-thumbnail","6":"product_cat-nuoi-day-con","7":"product_tag-sach-moi-xuat-ban","9":"first","10":"outofstock","11":"taxable","12":"shipping-taxable","13":"purchasable","14":"product-type-simple"},"supplier_id":null,"supplier_sku":"","barcode":null,"atum_controlled":true,"out_stock_date":"2023-01-23 05:36:49","out_stock_threshold":null,"inheritable":false,"inbound_stock":0,"stock_on_hold":0,"sold_today":0,"sales_last_days":0,"reserved_stock":0,"customer_returns":0,"warehouse_damage":0,"lost_in_post":0,"other_logs":0,"out_stock_days":1101,"lost_sales":0,"has_location":false,"update_date":"2026-01-28T23:11:11","atum_locations":[],"atum_stock_status":"outofstock","restock_status":false,"low_stock_amount":"","sales_update_date":"2026-01-28T23:11:11","calc_backorders":null,"acf":{"publisher":{"ID":1474,"post_author":"1","post_date":"2021-02-17 01:12:51","post_date_gmt":"2021-02-16 23:12:51","post_content":"","post_title":"Th\u00e1i H\u00e0","post_excerpt":"","post_status":"publish","comment_status":"closed","ping_status":"closed","post_password":"","post_name":"thai-ha","to_ping":"","pinged":"","post_modified":"2021-02-17 01:12:51","post_modified_gmt":"2021-02-16 23:12:51","post_content_filtered":"","post_parent":0,"guid":"https:\/\/sachviet.eu\/nha-phat-hanh\/thai-ha\/","menu_order":0,"post_type":"publisher","post_mime_type":"","comment_count":"0","filter":"raw"}},"_links":{"self":[{"href":"https:\/\/sachviet.eu\/en\/wp-json\/wp\/v2\/product\/22618","targetHints":{"allow":["GET"]}}],"collection":[{"href":"https:\/\/sachviet.eu\/en\/wp-json\/wp\/v2\/product"}],"about":[{"href":"https:\/\/sachviet.eu\/en\/wp-json\/wp\/v2\/types\/product"}],"wp:featuredmedia":[{"embeddable":true,"href":"https:\/\/sachviet.eu\/en\/wp-json\/wp\/v2\/media\/22617"}],"wp:attachment":[{"href":"https:\/\/sachviet.eu\/en\/wp-json\/wp\/v2\/media?parent=22618"}],"wp:term":[{"taxonomy":"product_brand","embeddable":true,"href":"https:\/\/sachviet.eu\/en\/wp-json\/wp\/v2\/product_brand?post=22618"},{"taxonomy":"product_cat","embeddable":true,"href":"https:\/\/sachviet.eu\/en\/wp-json\/wp\/v2\/product_cat?post=22618"},{"taxonomy":"product_tag","embeddable":true,"href":"https:\/\/sachviet.eu\/en\/wp-json\/wp\/v2\/product_tag?post=22618"}],"curies":[{"name":"wp","href":"https:\/\/api.w.org\/{rel}","templated":true}]}}