{"id":22616,"date":"2023-01-21T22:00:24","date_gmt":"2023-01-21T20:00:24","guid":{"rendered":"https:\/\/sachviet.eu\/shop\/khong-phai-soi-nhung-cung-dung-la-cuu\/"},"modified":"2023-01-27T16:12:07","modified_gmt":"2023-01-27T14:12:07","slug":"khong-phai-soi-nhung-cung-dung-la-cuu","status":"publish","type":"product","link":"https:\/\/sachviet.eu\/en\/shop\/khong-phai-soi-nhung-cung-dung-la-cuu\/","title":{"rendered":"Kh\u00f4ng Ph\u1ea3i S\u00f3i Nh\u01b0ng C\u0169ng \u0110\u1eebng L\u00e0 C\u1eebu"},"content":{"rendered":"<p>Cu\u1ed1n s\u00e1ch \u201cKh\u00f4ng ph\u1ea3i s\u00f3i nh\u01b0ng c\u0169ng \u0111\u1eebng l\u00e0 c\u1eebu\u201d \u0111\u1ebfn t\u1eeb t\u00e1c gi\u1ea3 L\u00ea B\u1ea3o Ng\u1ecdc s\u1ebd gi\u00fap b\u1ea1n hi\u1ec3u r\u00f5 h\u01a1n nh\u1eefng kh\u00eda c\u1ea1nh s\u1eafc s\u1ea3o ph\u00eda sau nh\u1eefng nh\u1eadn \u0111\u1ecbnh \u0111\u00fang, sai \u0111\u01a1n thu\u1ea7n c\u1ee7a m\u1ed7i ng\u01b0\u1eddi.<\/p>\n<p>Nh\u1eefng c\u00e2u h\u1ecfi \u0111\u1ea7y t\u00ednh tranh c\u00e3i nh\u01b0 \u201cC\u1ee9u ng\u01b0\u1eddi hay c\u1ee9u ch\u00f3?\u201d, \u201cM\u1ed9t k\u1ebb th\u00f4 l\u1ed7 trong l\u1edbp v\u1ecf \u201cth\u1eb3ng t\u00ednh\u201d kh\u00e1c v\u1edbi ng\u01b0\u1eddi EQ th\u1ea5p nh\u01b0 th\u1ebf n\u00e0o?\u201d, \u201cV\u00ec sao m\u1ed9t b\u1ed9 ph\u1eadn n\u1eef gi\u1edbi l\u1ea1i victim blaming \u0111\u1ed1i v\u1edbi n\u1ea1n nh\u00e2n b\u1ecb x\u00e2m h\u1ea1i?\u201d,&#8230; \u0111\u01b0\u1ee3c t\u00e1c gi\u1ea3 \u0111\u01b0a ra trong \u201cKh\u00f4ng ph\u1ea3i s\u00f3i nh\u01b0ng c\u0169ng \u0111\u1eebng l\u00e0 c\u1eebu\u201d. B\u1eb1ng t\u1eebng ch\u01b0\u01a1ng s\u00e1ch c\u1ee7a m\u00ecnh, t\u00e1c gi\u1ea3 v\u1ea1ch r\u00f5 cho b\u1ea1n r\u1eb1ng \u201cth\u1eadt s\u1ef1 th\u1ebf n\u00e0o m\u1edbi l\u00e0 ng\u01b0\u1eddi t\u1ed1t\u201d, ng\u00e2y th\u01a1 v\u00e0 x\u1ea5u xa c\u00f3 ranh gi\u1edbi r\u00f5 r\u00e0ng nh\u01b0 th\u1ebf kh\u00f4ng, r\u1ed1t cu\u1ed9c b\u1ea1n c\u00f3 l\u00e0 ng\u01b0\u1eddi t\u1ed1t nh\u01b0 m\u00ecnh v\u1eabn lu\u00f4n ngh\u0129?<\/p>\n<p>Trong th\u1eddi \u0111\u1ea1i m\u00e0 m\u1ecdi th\u1ee9 \u0111\u1ec1u r\u1ea5t ch\u00f3ng v\u00e1nh n\u00e0y, ranh gi\u1edbi gi\u1eefa t\u1ed1t v\u00e0 x\u1ea5u, \u0111\u00fang v\u00e0 sai \u0111\u00f4i l\u00fac l\u00e0 kh\u00f4ng t\u1ed3n t\u1ea1i.<\/p>\n<p>C\u00e1i t\u1ed1t m\u00e0 ch\u00fang ta ngh\u0129, h\u00f3a ra l\u1ea1i l\u00e0 x\u1ea5u trong m\u1eaft k\u1ebb kh\u00e1c.<\/p>\n<p>C\u00e1i \u0111\u00fang \u1edf th\u1eddi \u0111i\u1ec3m n\u00e0y, \u0111\u1ebfn m\u1ed9t th\u1eddi \u0111i\u1ec3m kh\u00e1c l\u1ea1i tr\u1edf th\u00e0nh sai.<\/p>\n<p>T\u1ed1t \u0111\u1eb9p hay x\u1ea5u xa, th\u1eadt kh\u00f3 ph\u00e2n \u0111\u1ecbnh.<\/p>\n<p>Cu\u1ed1n s\u00e1ch \u201cKh\u00f4ng ph\u1ea3i s\u00f3i nh\u01b0ng c\u0169ng \u0111\u1eebng l\u00e0 c\u1eebu\u201d c\u1ee7a t\u00e1c gi\u1ea3 L\u00ea B\u1ea3o Ng\u1ecdc &#8211; admin T\u00e2m L\u00fd H\u1ecdc T\u1ed5 K\u00e9n \u0111\u1ed3ng th\u1eddi l\u00e0 Gi\u00e1m \u0111\u1ed1c Trung t\u00e2m Ph\u00e1p Lu\u1eadt v\u00e0 V\u0103n h\u00f3a s\u1ebd l\u00e0 c\u00e2u tr\u1ea3 l\u1eddi th\u1ea5u su\u1ed1t v\u00e0 khi\u1ebfn b\u1ea1n ph\u1ea3i \u0111\u1eb7t ra c\u00e2u h\u1ecfi cho l\u1ed1i t\u01b0 duy b\u1ea5y l\u00e2u b\u1ea1n lu\u00f4n ngh\u0129 l\u00e0 \u0111\u00fang. B\u1ea1n s\u1ebd l\u00e0 ng\u01b0\u1eddi gi\u1ea3i ph\u00f3ng ch\u00ednh m\u00ecnh, kh\u1ecfi g\u00f4ng xi\u1ec1ng c\u1ee7a \u0111\u1ecbnh ki\u1ebfn, quy chu\u1ea9n c\u0169 k\u0129 v\u1ed1n \u0111\u01b0\u1ee3c thi\u1ebft l\u1eadp l\u00ean \u0111\u1ec3 mang l\u1ea1i l\u1ee3i \u00edch cho k\u1ebb kh\u00e1c. V\u00e0 b\u1ea1n s\u1ebd kh\u00f4ng c\u00f2n ph\u1ea3i l\u0103n t\u0103n gi\u1eefa t\u1ed1t v\u00e0 x\u1ea5u, s\u00f3i hay c\u1eebu, v\u00ec \u0111i\u1ec1u \u0111\u00f3 l\u00e0 kh\u00f4ng quan tr\u1ecdng. B\u1ea1n s\u1ebd t\u00ecm \u0111\u01b0\u1ee3c ch\u00ednh m\u00ecnh v\u00e0 mu\u1ed1n l\u00e0 ch\u00ednh m\u00ecnh sau t\u1eebng trang s\u00e1ch c\u1ee7a \u201cKh\u00f4ng ph\u1ea3i s\u00f3i m\u00e0 c\u0169ng \u0111\u1eebng l\u00e0 c\u1eebu&#8221;<\/p>\n<p>Kh\u00f4ng ph\u1ea3i s\u00f3i, c\u0169ng \u0111\u1eebng l\u00e0 c\u1eebu &#8211; Cu\u1ed1n s\u00e1ch \u0111\u1eadp tan nh\u1eefng \u0111\u1ecbnh ki\u1ebfn c\u0169 k\u1ef9, ki\u1ebfn t\u1ea1o t\u01b0 duy v\u00e0 gi\u00fap b\u1ea1n x\u00e2y d\u1ef1ng l\u1ea1i ch\u00ednh m\u00ecnh!<\/p>\n","protected":false},"excerpt":{"rendered":"<p>Cu\u1ed1n s\u00e1ch \u201cKh\u00f4ng ph\u1ea3i s\u00f3i nh\u01b0ng c\u0169ng \u0111\u1eebng l\u00e0 c\u1eebu\u201d \u0111\u1ebfn t\u1eeb t\u00e1c gi\u1ea3 L\u00ea B\u1ea3o Ng\u1ecdc s\u1ebd gi\u00fap b\u1ea1n hi\u1ec3u r\u00f5 h\u01a1n nh\u1eefng kh\u00eda c\u1ea1nh s\u1eafc s\u1ea3o ph\u00eda sau nh\u1eefng nh\u1eadn \u0111\u1ecbnh \u0111\u00fang, sai \u0111\u01a1n thu\u1ea7n c\u1ee7a m\u1ed7i ng\u01b0\u1eddi.<\/p>\n<p>Nh\u1eefng c\u00e2u h\u1ecfi \u0111\u1ea7y t\u00ednh tranh c\u00e3i nh\u01b0 \u201cC\u1ee9u ng\u01b0\u1eddi hay c\u1ee9u ch\u00f3?\u201d, \u201cM\u1ed9t k\u1ebb th\u00f4 l\u1ed7 trong l\u1edbp v\u1ecf \u201cth\u1eb3ng t\u00ednh\u201d kh\u00e1c v\u1edbi ng\u01b0\u1eddi EQ th\u1ea5p nh\u01b0 th\u1ebf n\u00e0o?\u201d, \u201cV\u00ec sao m\u1ed9t b\u1ed9 ph\u1eadn n\u1eef gi\u1edbi l\u1ea1i victim blaming \u0111\u1ed1i v\u1edbi n\u1ea1n nh\u00e2n b\u1ecb x\u00e2m h\u1ea1i?\u201d,&#8230; \u0111\u01b0\u1ee3c t\u00e1c gi\u1ea3 \u0111\u01b0a ra trong \u201cKh\u00f4ng ph\u1ea3i s\u00f3i nh\u01b0ng c\u0169ng \u0111\u1eebng l\u00e0 c\u1eebu\u201d. B\u1eb1ng t\u1eebng ch\u01b0\u01a1ng s\u00e1ch c\u1ee7a m\u00ecnh, t\u00e1c gi\u1ea3 v\u1ea1ch r\u00f5 cho b\u1ea1n r\u1eb1ng \u201cth\u1eadt s\u1ef1 th\u1ebf n\u00e0o m\u1edbi l\u00e0 ng\u01b0\u1eddi t\u1ed1t\u201d, ng\u00e2y th\u01a1 v\u00e0 x\u1ea5u xa c\u00f3 ranh gi\u1edbi r\u00f5 r\u00e0ng nh\u01b0 th\u1ebf kh\u00f4ng, r\u1ed1t cu\u1ed9c b\u1ea1n c\u00f3 l\u00e0 ng\u01b0\u1eddi t\u1ed1t nh\u01b0 m\u00ecnh v\u1eabn lu\u00f4n ngh\u0129?<\/p>\n<p>Trong th\u1eddi \u0111\u1ea1i m\u00e0 m\u1ecdi th\u1ee9 \u0111\u1ec1u r\u1ea5t ch\u00f3ng v\u00e1nh n\u00e0y, ranh gi\u1edbi gi\u1eefa t\u1ed1t v\u00e0 x\u1ea5u, \u0111\u00fang v\u00e0 sai \u0111\u00f4i l\u00fac l\u00e0 kh\u00f4ng t\u1ed3n t\u1ea1i.<\/p>\n<p>C\u00e1i t\u1ed1t m\u00e0 ch\u00fang ta ngh\u0129, h\u00f3a ra l\u1ea1i l\u00e0 x\u1ea5u trong m\u1eaft k\u1ebb kh\u00e1c.<\/p>\n<p>C\u00e1i \u0111\u00fang \u1edf th\u1eddi \u0111i\u1ec3m n\u00e0y, \u0111\u1ebfn m\u1ed9t th\u1eddi \u0111i\u1ec3m kh\u00e1c l\u1ea1i tr\u1edf th\u00e0nh sai.<\/p>\n<p>T\u1ed1t \u0111\u1eb9p hay x\u1ea5u xa, th\u1eadt kh\u00f3 ph\u00e2n \u0111\u1ecbnh.<\/p>\n<p>Cu\u1ed1n s\u00e1ch \u201cKh\u00f4ng ph\u1ea3i s\u00f3i nh\u01b0ng c\u0169ng \u0111\u1eebng l\u00e0 c\u1eebu\u201d c\u1ee7a t\u00e1c gi\u1ea3 L\u00ea B\u1ea3o Ng\u1ecdc &#8211; admin T\u00e2m L\u00fd H\u1ecdc T\u1ed5 K\u00e9n \u0111\u1ed3ng th\u1eddi l\u00e0 Gi\u00e1m \u0111\u1ed1c Trung t\u00e2m Ph\u00e1p Lu\u1eadt v\u00e0 V\u0103n h\u00f3a s\u1ebd l\u00e0 c\u00e2u tr\u1ea3 l\u1eddi th\u1ea5u su\u1ed1t v\u00e0 khi\u1ebfn b\u1ea1n ph\u1ea3i \u0111\u1eb7t ra c\u00e2u h\u1ecfi cho l\u1ed1i t\u01b0 duy b\u1ea5y l\u00e2u b\u1ea1n lu\u00f4n ngh\u0129 l\u00e0 \u0111\u00fang. B\u1ea1n s\u1ebd l\u00e0 ng\u01b0\u1eddi gi\u1ea3i ph\u00f3ng ch\u00ednh m\u00ecnh, kh\u1ecfi g\u00f4ng xi\u1ec1ng c\u1ee7a \u0111\u1ecbnh ki\u1ebfn, quy chu\u1ea9n c\u0169 k\u0129 v\u1ed1n \u0111\u01b0\u1ee3c thi\u1ebft l\u1eadp l\u00ean \u0111\u1ec3 mang l\u1ea1i l\u1ee3i \u00edch cho k\u1ebb kh\u00e1c. V\u00e0 b\u1ea1n s\u1ebd kh\u00f4ng c\u00f2n ph\u1ea3i l\u0103n t\u0103n gi\u1eefa t\u1ed1t v\u00e0 x\u1ea5u, s\u00f3i hay c\u1eebu, v\u00ec \u0111i\u1ec1u \u0111\u00f3 l\u00e0 kh\u00f4ng quan tr\u1ecdng. B\u1ea1n s\u1ebd t\u00ecm \u0111\u01b0\u1ee3c ch\u00ednh m\u00ecnh v\u00e0 mu\u1ed1n l\u00e0 ch\u00ednh m\u00ecnh sau t\u1eebng trang s\u00e1ch c\u1ee7a \u201cKh\u00f4ng ph\u1ea3i s\u00f3i m\u00e0 c\u0169ng \u0111\u1eebng l\u00e0 c\u1eebu&#8221;<\/p>\n<p>Kh\u00f4ng ph\u1ea3i s\u00f3i, c\u0169ng \u0111\u1eebng l\u00e0 c\u1eebu &#8211; Cu\u1ed1n s\u00e1ch \u0111\u1eadp tan nh\u1eefng \u0111\u1ecbnh ki\u1ebfn c\u0169 k\u1ef9, ki\u1ebfn t\u1ea1o t\u01b0 duy v\u00e0 gi\u00fap b\u1ea1n x\u00e2y d\u1ef1ng l\u1ea1i ch\u00ednh m\u00ecnh!<\/p>\n","protected":false},"featured_media":22615,"template":"","meta":{"_acf_changed":false},"product_brand":[],"product_cat":[15,46],"product_tag":[83],"class_list":{"0":"post-22616","1":"product","2":"type-product","3":"status-publish","4":"has-post-thumbnail","6":"product_cat-sach-danh-cho-nguoi-lon","7":"product_cat-ky-nang-song","8":"product_tag-sach-moi-xuat-ban","10":"first","11":"outofstock","12":"taxable","13":"shipping-taxable","14":"purchasable","15":"product-type-simple"},"supplier_id":null,"supplier_sku":"","barcode":null,"atum_controlled":true,"out_stock_date":"2023-01-27 14:12:07","out_stock_threshold":null,"inheritable":false,"inbound_stock":0,"stock_on_hold":0,"sold_today":0,"sales_last_days":0,"reserved_stock":0,"customer_returns":0,"warehouse_damage":0,"lost_in_post":0,"other_logs":0,"out_stock_days":1097,"lost_sales":0,"has_location":false,"update_date":"2026-01-28T23:11:11","atum_locations":[],"atum_stock_status":"outofstock","restock_status":false,"low_stock_amount":"","sales_update_date":"2026-01-28T23:11:11","calc_backorders":null,"acf":{"publisher":{"ID":1460,"post_author":"1","post_date":"2021-02-17 01:12:24","post_date_gmt":"2021-02-16 23:12:24","post_content":"<!-- wp:flatsome\/uxbuilder -->\n<h1 style=\"text-align: center;\"><strong>Skybooks<\/strong><\/h1>\n[row]\n\n[col span=\"7\" span__sm=\"12\"]\n\n<p>C\u00f4ng ty ph\u00e1t h\u00e0nh s\u00e1ch Skybooks. \"T\u00f4i tr\u1ebb, t\u00f4i \u0111am m\u00ea\" v\u1edbi s\u1ee9 m\u1ec7nh lan to\u1ea3 c\u1ea3m x\u00fac v\u00e0 k\u1ebft n\u1ed1i t\u00e2m h\u1ed3n<\/p>\n<p><strong>Skybooks l\u00e0 c\u00e2u chuy\u1ec7n k\u1ec3 v\u1ec1:<\/strong><br \/>M\u1ed9t th\u1ebf h\u1ec7 ng\u01b0\u1eddi vi\u1ebft tr\u1ebb, \u0111am m\u00ea v\u0103n ch\u01b0\u01a1ng v\u00e0 t\u00f4n tr\u1ecdng, g\u00ecn gi\u1eef, s\u00e1ng t\u1ea1o Ti\u1ebfng Vi\u1ec7t. M\u1ed9t th\u1ebf h\u1ec7 \u0111\u1ed9c gi\u1ea3 tr\u1ebb, \u0111am m\u00ea kh\u00e1m ph\u00e1 ng\u00f4n ng\u1eef v\u00e0 say m\u00ea \u0111\u1ebfn v\u1edbi th\u1ebf gi\u1edbi c\u1ee7a nh\u1eefng quy\u1ec3n s\u00e1ch. M\u1ed9t th\u1ebf h\u1ec7 ng\u01b0\u1eddi l\u00e0m s\u00e1ch tr\u1ebb, \u0111am m\u00ea mang nh\u1eefng gi\u00e1 tr\u1ecb tinh th\u1ea7n l\u1ea1i g\u1ea7n ng\u01b0\u1eddi \u0111\u1ecdc.<br \/>Trong b\u1ed9 nh\u1eadn d\u1ea1ng th\u01b0\u01a1ng hi\u1ec7u:<br \/>Skybooks v\u1edbi ch\u1eef Sky m\u00e0u xanh da tr\u1eddi c\u00f3 \u00fd ngh\u0129a l\u00e0 c\u00f4ng ty B\u1ea7u Tr\u1eddi - n\u01a1i t\u1ea5t c\u1ea3 \u01b0\u1edbc m\u01a1 \u0111\u01b0\u1ee3c t\u1ef1 do tung c\u00e1nh.<br \/>V\u1edbi logo h\u00ecnh hoa b\u1ed3 c\u00f4ng anh \u0111ang bay t\u01b0\u1ee3ng tr\u01b0ng cho s\u1ef1 lan to\u1ea3 c\u1ea3m x\u00fac v\u00e0 kh\u00e1t v\u1ecdng bay cao.<br \/>K\u1ebb v\u1ea1ch logo c\u00f3 n\u1ec1n m\u00e0u ghi x\u00e1m xu\u1ea5t hi\u1ec7n tr\u00ean b\u00eca m\u1ecdi \u1ea5n ph\u1ea9m th\u1ec3 hi\u1ec7n con \u0111\u01b0\u1eddng b\u01b0\u1edbc v\u00e0o th\u1ecb tr\u01b0\u1eddng s\u00e1ch v\u00e0 chinh ph\u1ee5c \u0111\u1ed9c gi\u1ea3 l\u00e0 m\u1ed9t h\u00e0nh tr\u00ecnh d\u00e0i, \u0111\u1ea7y gian kh\u00f3, c\u00f3 nhi\u1ec1u b\u00e3o t\u1ed1, nh\u01b0ng ch\u1ec9 c\u1ea7n n\u1ed7 l\u1ef1c c\u1ed1 g\u1eafng nh\u1ea5t \u0111\u1ecbnh s\u1ebd ngo\u1ea1n m\u1ee5c v\u01b0\u1ee3t qua. \u0110\u1ec3 kh\u1eb3ng \u0111\u1ecbnh v\u00e0 ch\u1ee9ng minh ch\u00ednh m\u00ecnh!<\/p>\n\n[\/col]\n[col span=\"5\" span__sm=\"12\"]\n\n[ux_image id=\"1825\" image_size=\"medium\"]\n\n\n[\/col]\n\n[\/row]\n\n<!-- \/wp:flatsome\/uxbuilder -->","post_title":"Skybooks","post_excerpt":"","post_status":"publish","comment_status":"closed","ping_status":"closed","post_password":"","post_name":"skybooks","to_ping":"","pinged":"","post_modified":"2021-02-17 01:57:31","post_modified_gmt":"2021-02-16 23:57:31","post_content_filtered":"","post_parent":0,"guid":"https:\/\/sachviet.eu\/nha-phat-hanh\/skybooks\/","menu_order":0,"post_type":"publisher","post_mime_type":"","comment_count":"0","filter":"raw"}},"_links":{"self":[{"href":"https:\/\/sachviet.eu\/en\/wp-json\/wp\/v2\/product\/22616","targetHints":{"allow":["GET"]}}],"collection":[{"href":"https:\/\/sachviet.eu\/en\/wp-json\/wp\/v2\/product"}],"about":[{"href":"https:\/\/sachviet.eu\/en\/wp-json\/wp\/v2\/types\/product"}],"wp:featuredmedia":[{"embeddable":true,"href":"https:\/\/sachviet.eu\/en\/wp-json\/wp\/v2\/media\/22615"}],"wp:attachment":[{"href":"https:\/\/sachviet.eu\/en\/wp-json\/wp\/v2\/media?parent=22616"}],"wp:term":[{"taxonomy":"product_brand","embeddable":true,"href":"https:\/\/sachviet.eu\/en\/wp-json\/wp\/v2\/product_brand?post=22616"},{"taxonomy":"product_cat","embeddable":true,"href":"https:\/\/sachviet.eu\/en\/wp-json\/wp\/v2\/product_cat?post=22616"},{"taxonomy":"product_tag","embeddable":true,"href":"https:\/\/sachviet.eu\/en\/wp-json\/wp\/v2\/product_tag?post=22616"}],"curies":[{"name":"wp","href":"https:\/\/api.w.org\/{rel}","templated":true}]}}