{"id":22614,"date":"2023-01-21T22:00:17","date_gmt":"2023-01-21T20:00:17","guid":{"rendered":"https:\/\/sachviet.eu\/shop\/doc-sach-cong-huong\/"},"modified":"2023-01-22T00:28:32","modified_gmt":"2023-01-21T22:28:32","slug":"doc-sach-cong-huong","status":"publish","type":"product","link":"https:\/\/sachviet.eu\/en\/shop\/doc-sach-cong-huong\/","title":{"rendered":"\u0110\u1ecdc S\u00e1ch C\u1ed9ng H\u01b0\u1edfng"},"content":{"rendered":"<p>\u0110\u1ecdc s\u00e1ch c\u1ed9ng h\u01b0\u1edfng l\u00e0 m\u1ed9t kh\u00e1i ni\u1ec7m ho\u00e0n to\u00e0n m\u1edbi \u1edf Vi\u1ec7t Nam nh\u01b0ng l\u1ea1i kh\u00f4ng m\u1edbi v\u1edbi c\u00e1c n\u01b0\u1edbc kh\u00e1c, nh\u1ea5t l\u00e0 \u1edf Nh\u1eadt. \u0110\u00e2y l\u00e0 ph\u01b0\u01a1ng ph\u00e1p \u0111\u1ecdc s\u00e1ch \u0111\u01b0\u1ee3c t\u00e1c gi\u1ea3 Wanatabe Yassuhiro, Th\u00e0nh vi\u00ean Hi\u1ec7p h\u1ed9i s\u00e1ch Nh\u1eadt B\u1ea3n vi\u1ebft v\u00e0 \u0111\u01b0\u1ee3c chia s\u1ebb nhi\u1ec1u trong c\u1ed9ng \u0111\u1ed3ng \u0111\u1ecdc s\u00e1ch \u1edf \u0111\u1ea5t n\u01b0\u1edbc m\u1eb7t tr\u1eddi m\u1ecdc trong th\u1eddi gian g\u1ea7n \u0111\u00e2y.<\/p>\n<p>Th\u1ef1c t\u1ebf, ch\u00fang ta \u0111\u1ecdc s\u00e1ch th\u01b0\u1eddng theo th\u00f3i quen v\u00e0 ph\u1ea7n l\u1edbn c\u1ea7m cu\u1ed1n s\u00e1ch \u0111\u1ecdc do th\u1ea5y n\u00f3 h\u1ea5p d\u1eabn. V\u1edbi m\u1ed9t s\u1ed1 ng\u01b0\u1eddi ph\u1ea3i \u0111\u1ecdc s\u00e1ch chuy\u00ean ng\u00e0nh th\u1ef1c s\u1ef1 l\u00e0 m\u1ed9t c\u01a1n \u00e1c m\u1ed9ng b\u1edfi s\u00e1ch chuy\u00ean ng\u00e0nh th\u01b0\u1eddng r\u1ea5t kh\u00f3 h\u1ea5p d\u1eabn.<\/p>\n<p>Wanatabe Yassuhiro chia s\u1ebb r\u1eb1ng, anh \u0111\u00e3 t\u1eebng r\u1ea5t s\u1ee3 h\u00e3i m\u1ed7i khi c\u1ea7m \u0111\u1ebfn cu\u1ed1n s\u00e1ch. Th\u1ebf nh\u01b0ng, khi \u0111ang c\u00f4ng t\u00e1c trong b\u1ed9 ph\u1eadn ph\u00e1t tri\u1ec3n \u00fd t\u01b0\u1edfng d\u1ecbch v\u1ee5 m\u1edbi v\u00e0 \u00fd t\u01b0\u1edfng kinh doanh n\u00ean c\u1ea7n nghi\u00ean c\u1ee9u t\u00ecnh h\u00ecnh th\u1ecb tr\u01b0\u1eddng c\u1ee7a n\u01b0\u1edbc Nh\u1eadt v\u00e0 c\u00e1c n\u01b0\u1edbc tr\u00ean Th\u1ebf gi\u1edbi. Ngu\u1ed3n th\u00f4ng tin t\u1eeb internet r\u1ea5t r\u1ed9ng l\u1edbn nh\u01b0ng \u0111\u1ec3 c\u00f3 \u0111\u01b0\u1ee3c nh\u1eefng th\u00f4ng tin ch\u00ednh th\u1ed1ng ph\u1ee5c v\u1ee5 c\u00f4ng vi\u1ec7c, anh b\u1eaft bu\u1ed9c ph\u1ea3i t\u00ecm ki\u1ebfm trong s\u00e1ch kinh doanh c\u1ee7a n\u01b0\u1edbc ngo\u00e0i. V\u00e0 v\u1edbi m\u1ed9t ng\u01b0\u1eddi s\u1ee3 \u0111\u1ecdc s\u00e1ch \u0111\u00f3 th\u1ef1c s\u1ef1 l\u00e0 m\u1ed9t c\u01a1n \u00e1c m\u1ed9ng. \u0110\u1ea5y l\u00e0 ch\u01b0a k\u1ec3, khi ph\u1ee5 tr\u00e1ch c\u00f4ng vi\u1ec7c \u0111\u00f3, \u00f4ng b\u1eaft bu\u1ed9c ph\u1ea3i \u0111\u1ecdc kho\u1ea3ng tr\u00ean d\u01b0\u1edbi 50 cu\u1ed1n s\u00e1ch m\u1ed7i th\u00e1ng v\u00e0 l\u00e0m c\u00e1c b\u00e1o c\u00e1o v\u1ec1 c\u00e1c n\u1ed9i dung s\u00e1ch \u0111\u00e3 \u0111\u1ecdc.<\/p>\n<p>\u201cCh\u1eafc ch\u1eafn ph\u1ea3i c\u00f3 m\u1ed9t ph\u01b0\u01a1ng ph\u00e1p \u0111\u1ecdc s\u00e1ch n\u00e0o \u0111\u00f3\u201d &#8211; Wanatabe \u0111\u00e3 ngh\u0129 nh\u01b0 v\u1eady v\u00e0 b\u1eaft tay v\u00e0o t\u00ecm hi\u1ec3u c\u00e1c ki\u1ec3u \u0111\u1ecdc s\u00e1ch t\u1eeb truy\u1ec1n th\u1ed1ng \u0111\u1ebfn c\u00e1ch \u0111\u1ecdc m\u1edbi. V\u00e0 r\u1ed3i anh \u0111\u00e3 th\u00e0nh c\u00f4ng khi \u00e1p d\u1ee5ng ph\u01b0\u01a1ng ph\u00e1p c\u1ea3m nh\u1eadn n\u0103ng l\u01b0\u1ee3ng c\u1ee7a cu\u1ed1n s\u00e1ch t\u1eeb l\u00f2ng b\u00e0n tay &#8211; \u0111\u00e2y c\u0169ng l\u00e0 n\u1ec1n t\u1ea3ng c\u0103n b\u1ea3n \u0111\u1ec3 ph\u01b0\u01a1ng ph\u00e1p \u0111\u1ecdc c\u1ed9ng h\u01b0\u1edfng ra \u0111\u1eddi sau hai n\u0103m x\u00e2y d\u1ef1ng l\u00fd thuy\u1ebft v\u00e0 ba n\u0103m th\u1eed nghi\u1ec7m th\u1ef1c t\u1ebf c\u0169ng nh\u01b0 kh\u1ea3o ch\u1ee9ng t\u1eeb h\u00e0ng ng\u00e0n \u0111\u1ed9c gi\u1ea3 \u1edf \u0111\u1ea5t n\u01b0\u1edbc m\u1eb7t tr\u1eddi m\u1ecdc.<\/p>\n<p>Ph\u01b0\u01a1ng ph\u00e1p n\u00e0y sau \u0111\u00f3 \u0111\u01b0\u1ee3c lan r\u1ed9ng trong c\u1ed9ng \u0111\u1ed3ng v\u0103n h\u00f3a \u0111\u1ecdc Nh\u1eadt B\u1ea3n v\u00e0 \u0111\u01b0\u1ee3c C\u00f4ng ty t\u1ed5 ch\u1ee9c ch\u01b0\u01a1ng tr\u00ecnh th\u1ef1c t\u1eadp c\u1ee7a M\u1ef9 (v\u1edbi m\u1ea1ng l\u01b0\u1edbi \u1edf 180 Qu\u1ed1c gia kh\u00e1c nhau), Learning Strategies &#8211; n\u01a1i kh\u1edfi ngu\u1ed3n c\u1ee7a ph\u01b0\u01a1ng ph\u00e1p h\u1ecdc t\u1eadp gia t\u1ed1c mang t\u00ean \u0111\u1ecdc h\u00ecnh \u1ea3nh c\u0169ng \u0111\u00e3 gi\u1edbi thi\u1ec7u \u0111\u1ecdc c\u1ed9ng h\u01b0\u1edfng nh\u01b0 m\u1ed9t ph\u01b0\u01a1ng ph\u00e1p h\u1ecdc t\u1eadp \u01b0u vi\u1ec7t trong gi\u00e1o tr\u00ecnh c\u1ee7a h\u1ecd.<\/p>\n<p>V\u1eady, \u0111\u1ecdc c\u1ed9ng h\u01b0\u1edfng c\u00f3 g\u00ec m\u00e0 \u0111\u01b0\u1ee3c nhi\u1ec1u ng\u01b0\u1eddi tin t\u01b0\u1edfng v\u00e0 \u00e1p d\u1ee5ng \u0111\u1ebfn th\u1ebf? Th\u1ef1c t\u1ebf, nghe th\u00ec m\u01a1 h\u1ed3 nh\u01b0ng ph\u01b0\u01a1ng ph\u00e1p n\u00e0y \u0111\u01b0\u1ee3c Wanatabe chia s\u1ebb \u0111\u01a1n gi\u1ea3n v\u1edbi 5 ch\u01b0\u01a1ng c\u01a1 b\u1ea3n. Trong \u0111\u00f3, 2 ch\u01b0\u01a1ng cu\u1ed1i c\u00f9ng t\u00e1c gi\u1ea3 n\u00f3i v\u1ec1 nh\u1eefng th\u00e0nh c\u00f4ng c\u1ee7a ng\u01b0\u1eddi \u0111\u1ecdc s\u00e1ch c\u00f2n 3 ch\u01b0\u01a1ng \u0111\u1ea7u \u00f4ng d\u00e0nh \u0111\u1ec3 chia s\u1ebb v\u1ec1 ph\u01b0\u01a1ng ph\u00e1p \u0111\u1ecdc s\u00e1ch tuy\u1ec7t v\u1eddi n\u00e0y.<\/p>\n","protected":false},"excerpt":{"rendered":"<p>\u0110\u1ecdc s\u00e1ch c\u1ed9ng h\u01b0\u1edfng l\u00e0 m\u1ed9t kh\u00e1i ni\u1ec7m ho\u00e0n to\u00e0n m\u1edbi \u1edf Vi\u1ec7t Nam nh\u01b0ng l\u1ea1i kh\u00f4ng m\u1edbi v\u1edbi c\u00e1c n\u01b0\u1edbc kh\u00e1c, nh\u1ea5t l\u00e0 \u1edf Nh\u1eadt. \u0110\u00e2y l\u00e0 ph\u01b0\u01a1ng ph\u00e1p \u0111\u1ecdc s\u00e1ch \u0111\u01b0\u1ee3c t\u00e1c gi\u1ea3 Wanatabe Yassuhiro, Th\u00e0nh vi\u00ean Hi\u1ec7p h\u1ed9i s\u00e1ch Nh\u1eadt B\u1ea3n vi\u1ebft v\u00e0 \u0111\u01b0\u1ee3c chia s\u1ebb nhi\u1ec1u trong c\u1ed9ng \u0111\u1ed3ng \u0111\u1ecdc s\u00e1ch \u1edf \u0111\u1ea5t n\u01b0\u1edbc m\u1eb7t tr\u1eddi m\u1ecdc trong th\u1eddi gian g\u1ea7n \u0111\u00e2y.<\/p>\n<p>Th\u1ef1c t\u1ebf, ch\u00fang ta \u0111\u1ecdc s\u00e1ch th\u01b0\u1eddng theo th\u00f3i quen v\u00e0 ph\u1ea7n l\u1edbn c\u1ea7m cu\u1ed1n s\u00e1ch \u0111\u1ecdc do th\u1ea5y n\u00f3 h\u1ea5p d\u1eabn. V\u1edbi m\u1ed9t s\u1ed1 ng\u01b0\u1eddi ph\u1ea3i \u0111\u1ecdc s\u00e1ch chuy\u00ean ng\u00e0nh th\u1ef1c s\u1ef1 l\u00e0 m\u1ed9t c\u01a1n \u00e1c m\u1ed9ng b\u1edfi s\u00e1ch chuy\u00ean ng\u00e0nh th\u01b0\u1eddng r\u1ea5t kh\u00f3 h\u1ea5p d\u1eabn.<\/p>\n<p>Wanatabe Yassuhiro chia s\u1ebb r\u1eb1ng, anh \u0111\u00e3 t\u1eebng r\u1ea5t s\u1ee3 h\u00e3i m\u1ed7i khi c\u1ea7m \u0111\u1ebfn cu\u1ed1n s\u00e1ch. Th\u1ebf nh\u01b0ng, khi \u0111ang c\u00f4ng t\u00e1c trong b\u1ed9 ph\u1eadn ph\u00e1t tri\u1ec3n \u00fd t\u01b0\u1edfng d\u1ecbch v\u1ee5 m\u1edbi v\u00e0 \u00fd t\u01b0\u1edfng kinh doanh n\u00ean c\u1ea7n nghi\u00ean c\u1ee9u t\u00ecnh h\u00ecnh th\u1ecb tr\u01b0\u1eddng c\u1ee7a n\u01b0\u1edbc Nh\u1eadt v\u00e0 c\u00e1c n\u01b0\u1edbc tr\u00ean Th\u1ebf gi\u1edbi. Ngu\u1ed3n th\u00f4ng tin t\u1eeb internet r\u1ea5t r\u1ed9ng l\u1edbn nh\u01b0ng \u0111\u1ec3 c\u00f3 \u0111\u01b0\u1ee3c nh\u1eefng th\u00f4ng tin ch\u00ednh th\u1ed1ng ph\u1ee5c v\u1ee5 c\u00f4ng vi\u1ec7c, anh b\u1eaft bu\u1ed9c ph\u1ea3i t\u00ecm ki\u1ebfm trong s\u00e1ch kinh doanh c\u1ee7a n\u01b0\u1edbc ngo\u00e0i. V\u00e0 v\u1edbi m\u1ed9t ng\u01b0\u1eddi s\u1ee3 \u0111\u1ecdc s\u00e1ch \u0111\u00f3 th\u1ef1c s\u1ef1 l\u00e0 m\u1ed9t c\u01a1n \u00e1c m\u1ed9ng. \u0110\u1ea5y l\u00e0 ch\u01b0a k\u1ec3, khi ph\u1ee5 tr\u00e1ch c\u00f4ng vi\u1ec7c \u0111\u00f3, \u00f4ng b\u1eaft bu\u1ed9c ph\u1ea3i \u0111\u1ecdc kho\u1ea3ng tr\u00ean d\u01b0\u1edbi 50 cu\u1ed1n s\u00e1ch m\u1ed7i th\u00e1ng v\u00e0 l\u00e0m c\u00e1c b\u00e1o c\u00e1o v\u1ec1 c\u00e1c n\u1ed9i dung s\u00e1ch \u0111\u00e3 \u0111\u1ecdc.<\/p>\n<p>\u201cCh\u1eafc ch\u1eafn ph\u1ea3i c\u00f3 m\u1ed9t ph\u01b0\u01a1ng ph\u00e1p \u0111\u1ecdc s\u00e1ch n\u00e0o \u0111\u00f3\u201d &#8211; Wanatabe \u0111\u00e3 ngh\u0129 nh\u01b0 v\u1eady v\u00e0 b\u1eaft tay v\u00e0o t\u00ecm hi\u1ec3u c\u00e1c ki\u1ec3u \u0111\u1ecdc s\u00e1ch t\u1eeb truy\u1ec1n th\u1ed1ng \u0111\u1ebfn c\u00e1ch \u0111\u1ecdc m\u1edbi. V\u00e0 r\u1ed3i anh \u0111\u00e3 th\u00e0nh c\u00f4ng khi \u00e1p d\u1ee5ng ph\u01b0\u01a1ng ph\u00e1p c\u1ea3m nh\u1eadn n\u0103ng l\u01b0\u1ee3ng c\u1ee7a cu\u1ed1n s\u00e1ch t\u1eeb l\u00f2ng b\u00e0n tay &#8211; \u0111\u00e2y c\u0169ng l\u00e0 n\u1ec1n t\u1ea3ng c\u0103n b\u1ea3n \u0111\u1ec3 ph\u01b0\u01a1ng ph\u00e1p \u0111\u1ecdc c\u1ed9ng h\u01b0\u1edfng ra \u0111\u1eddi sau hai n\u0103m x\u00e2y d\u1ef1ng l\u00fd thuy\u1ebft v\u00e0 ba n\u0103m th\u1eed nghi\u1ec7m th\u1ef1c t\u1ebf c\u0169ng nh\u01b0 kh\u1ea3o ch\u1ee9ng t\u1eeb h\u00e0ng ng\u00e0n \u0111\u1ed9c gi\u1ea3 \u1edf \u0111\u1ea5t n\u01b0\u1edbc m\u1eb7t tr\u1eddi m\u1ecdc.<\/p>\n<p>Ph\u01b0\u01a1ng ph\u00e1p n\u00e0y sau \u0111\u00f3 \u0111\u01b0\u1ee3c lan r\u1ed9ng trong c\u1ed9ng \u0111\u1ed3ng v\u0103n h\u00f3a \u0111\u1ecdc Nh\u1eadt B\u1ea3n v\u00e0 \u0111\u01b0\u1ee3c C\u00f4ng ty t\u1ed5 ch\u1ee9c ch\u01b0\u01a1ng tr\u00ecnh th\u1ef1c t\u1eadp c\u1ee7a M\u1ef9 (v\u1edbi m\u1ea1ng l\u01b0\u1edbi \u1edf 180 Qu\u1ed1c gia kh\u00e1c nhau), Learning Strategies &#8211; n\u01a1i kh\u1edfi ngu\u1ed3n c\u1ee7a ph\u01b0\u01a1ng ph\u00e1p h\u1ecdc t\u1eadp gia t\u1ed1c mang t\u00ean \u0111\u1ecdc h\u00ecnh \u1ea3nh c\u0169ng \u0111\u00e3 gi\u1edbi thi\u1ec7u \u0111\u1ecdc c\u1ed9ng h\u01b0\u1edfng nh\u01b0 m\u1ed9t ph\u01b0\u01a1ng ph\u00e1p h\u1ecdc t\u1eadp \u01b0u vi\u1ec7t trong gi\u00e1o tr\u00ecnh c\u1ee7a h\u1ecd.<\/p>\n<p>V\u1eady, \u0111\u1ecdc c\u1ed9ng h\u01b0\u1edfng c\u00f3 g\u00ec m\u00e0 \u0111\u01b0\u1ee3c nhi\u1ec1u ng\u01b0\u1eddi tin t\u01b0\u1edfng v\u00e0 \u00e1p d\u1ee5ng \u0111\u1ebfn th\u1ebf? Th\u1ef1c t\u1ebf, nghe th\u00ec m\u01a1 h\u1ed3 nh\u01b0ng ph\u01b0\u01a1ng ph\u00e1p n\u00e0y \u0111\u01b0\u1ee3c Wanatabe chia s\u1ebb \u0111\u01a1n gi\u1ea3n v\u1edbi 5 ch\u01b0\u01a1ng c\u01a1 b\u1ea3n. Trong \u0111\u00f3, 2 ch\u01b0\u01a1ng cu\u1ed1i c\u00f9ng t\u00e1c gi\u1ea3 n\u00f3i v\u1ec1 nh\u1eefng th\u00e0nh c\u00f4ng c\u1ee7a ng\u01b0\u1eddi \u0111\u1ecdc s\u00e1ch c\u00f2n 3 ch\u01b0\u01a1ng \u0111\u1ea7u \u00f4ng d\u00e0nh \u0111\u1ec3 chia s\u1ebb v\u1ec1 ph\u01b0\u01a1ng ph\u00e1p \u0111\u1ecdc s\u00e1ch tuy\u1ec7t v\u1eddi n\u00e0y.<\/p>\n","protected":false},"featured_media":22613,"template":"","meta":{"_acf_changed":false},"product_brand":[],"product_cat":[15,46],"product_tag":[83],"class_list":{"0":"post-22614","1":"product","2":"type-product","3":"status-publish","4":"has-post-thumbnail","6":"product_cat-sach-danh-cho-nguoi-lon","7":"product_cat-ky-nang-song","8":"product_tag-sach-moi-xuat-ban","10":"first","11":"instock","12":"taxable","13":"shipping-taxable","14":"purchasable","15":"product-type-simple"},"supplier_id":null,"supplier_sku":"","barcode":null,"atum_controlled":true,"out_stock_date":null,"out_stock_threshold":null,"inheritable":false,"inbound_stock":0,"stock_on_hold":0,"sold_today":0,"sales_last_days":0,"reserved_stock":0,"customer_returns":0,"warehouse_damage":0,"lost_in_post":0,"other_logs":0,"out_stock_days":0,"lost_sales":0,"has_location":false,"update_date":"2026-01-28T23:11:11","atum_locations":[],"atum_stock_status":"instock","restock_status":false,"low_stock_amount":"","sales_update_date":"2026-01-28T23:11:11","calc_backorders":null,"acf":{"publisher":{"ID":3121,"post_author":"1","post_date":"2021-02-27 00:40:03","post_date_gmt":"2021-02-26 22:40:03","post_content":"","post_title":"T\u00e2n Vi\u1ec7t","post_excerpt":"","post_status":"publish","comment_status":"closed","ping_status":"closed","post_password":"","post_name":"tan-viet","to_ping":"","pinged":"","post_modified":"2021-02-27 00:40:03","post_modified_gmt":"2021-02-26 22:40:03","post_content_filtered":"","post_parent":0,"guid":"https:\/\/sachviet.eu\/nha-phat-hanh\/tan-viet\/","menu_order":0,"post_type":"publisher","post_mime_type":"","comment_count":"0","filter":"raw"}},"_links":{"self":[{"href":"https:\/\/sachviet.eu\/en\/wp-json\/wp\/v2\/product\/22614","targetHints":{"allow":["GET"]}}],"collection":[{"href":"https:\/\/sachviet.eu\/en\/wp-json\/wp\/v2\/product"}],"about":[{"href":"https:\/\/sachviet.eu\/en\/wp-json\/wp\/v2\/types\/product"}],"wp:featuredmedia":[{"embeddable":true,"href":"https:\/\/sachviet.eu\/en\/wp-json\/wp\/v2\/media\/22613"}],"wp:attachment":[{"href":"https:\/\/sachviet.eu\/en\/wp-json\/wp\/v2\/media?parent=22614"}],"wp:term":[{"taxonomy":"product_brand","embeddable":true,"href":"https:\/\/sachviet.eu\/en\/wp-json\/wp\/v2\/product_brand?post=22614"},{"taxonomy":"product_cat","embeddable":true,"href":"https:\/\/sachviet.eu\/en\/wp-json\/wp\/v2\/product_cat?post=22614"},{"taxonomy":"product_tag","embeddable":true,"href":"https:\/\/sachviet.eu\/en\/wp-json\/wp\/v2\/product_tag?post=22614"}],"curies":[{"name":"wp","href":"https:\/\/api.w.org\/{rel}","templated":true}]}}