{"id":22612,"date":"2023-01-21T22:00:10","date_gmt":"2023-01-21T20:00:10","guid":{"rendered":"https:\/\/sachviet.eu\/shop\/bo-gia-bia-mem\/"},"modified":"2023-01-23T21:41:31","modified_gmt":"2023-01-23T19:41:31","slug":"bo-gia-bia-mem","status":"publish","type":"product","link":"https:\/\/sachviet.eu\/en\/shop\/bo-gia-bia-mem\/","title":{"rendered":"B\u1ed1 Gi\u00e0 (B\u00eca M\u1ec1m)"},"content":{"rendered":"<p>Th\u1ebf gi\u1edbi ng\u1ea7m \u0111\u01b0\u1ee3c ph\u1ea3n \u00e1nh trong ti\u1ec3u thuy\u1ebft B\u1ed1 gi\u00e0 l\u00e0 s\u1ef1 g\u1eb7p g\u1ee1 gi\u1eefa m\u1ed9t b\u00ean l\u00e0 \u00fd ch\u00ed c\u01b0\u01a1ng c\u01b0\u1eddng v\u00e0 n\u1ec1n t\u1ea3ng gia t\u1ed9c ch\u1eb7t ch\u1ebd theo truy\u1ec1n th\u1ed1ng mafia x\u1ee9 Sicily v\u1edbi m\u1ed9t b\u00ean l\u00e0 x\u00e3 h\u1ed9i M\u1ef9 nh\u1eadp nh\u1eb1ng \u0111en tr\u1eafng, m\u1ea3nh \u0111\u1ea5t m\u00e0u m\u1ee1 cho nh\u1eefng c\u01a1 h\u1ed9i l\u00e0m \u0103n b\u1ea5t ch\u00ednh h\u1ee9a h\u1eb9n nh\u1eefng m\u00f3n l\u1ee3i k\u1ebfch x\u00f9. Trong th\u1ebf gi\u1edbi \u1ea5y, h\u00ecnh t\u01b0\u1ee3ng B\u1ed1 gi\u00e0 \u0111\u01b0\u1ee3c t\u00e1c gi\u1ea3 d\u00e0y c\u00f4ng kh\u1eafc h\u1ecda \u0111\u00e3 tr\u1edf th\u00e0nh b\u1ee9c ch\u00e2n dung b\u1ea5t h\u1ee7 trong l\u00f2ng ng\u01b0\u1eddi \u0111\u1ecdc. T\u1eeb m\u1ed9t k\u1ebb nh\u1eadp c\u01b0 tay tr\u1eafng \u0111\u1ebfn \u00f4ng tr\u00f9m t\u1ed9t \u0111\u1ec9nh quy\u1ec1n uy, Don Vito Corleone l\u00e0 con r\u1eafn h\u1ed5 mang th\u00e2m tr\u1ea7m, nguy hi\u1ec3m khi\u1ebfn k\u1ebb th\u00f9 ph\u1ea3i ki\u1ec1ng n\u1ec3, e d\u00e8, nh\u01b0ng c\u0169ng \u0111\u01b0\u1ee3c b\u1ea1n b\u00e8, th\u00e2n quy\u1ebfn xem nh\u01b0 m\u1ed9t \u0111\u1ea5ng to\u00e0n n\u0103ng \u0111\u1ea7y ngh\u0129a kh\u00ed. Nh\u00e2n v\u1eadt trung t\u00e2m \u1ea5y \u0111\u1ed3ng th\u1eddi c\u0169ng l\u00e0 hi\u1ec7n th\u00e2n c\u1ee7a m\u1ed9t pho tri\u1ebft l\u00ed r\u1ea5t \u201c\u0111\u1eddi\u201d \u0111\u01b0\u1ee3c nh\u00e0o n\u1eb7n t\u1eeb v\u1ed1n s\u1ed1ng c\u1ee7a h\u00e0ng ch\u1ee5c n\u0103m l\u0103n l\u1ed9n gi\u1eefa ch\u1ed1n giang h\u1ed3 bao phen v\u00e0o sinh ra t\u1eed, v\u00ec th\u1ebf m\u00e0 c\u00f3 \u00fd ki\u1ebfn cho r\u1eb1ng \u201cB\u1ed1 gi\u00e0 l\u00e0 s\u1ef1 t\u1ed5ng h\u00f2a c\u1ee7a m\u1ecdi hi\u1ec3u bi\u1ebft. B\u1ed1 gi\u00e0 l\u00e0 \u0111\u00e1p \u00e1n cho m\u1ecdi c\u00e2u h\u1ecfi\u201d.<\/p>\n<p>V\u1edbi c\u1ea5u t\u1ee9 ho\u00e0n h\u1ea3o, c\u1ed1t truy\u1ec7n kh\u00f4ng thi\u1ebfu nh\u1eefng pha h\u00e0nh \u0111\u1ed9ng gay c\u1ea5n, t\u00ecnh ti\u1ebft b\u1ea5t ng\u1edd v\u00e0 kh\u00f4ng kh\u00ed k\u00ecnh \u0111\u1ecbch \u0111\u1ebfn ngh\u1eb9t th\u1edf, B\u1ed1 gi\u00e0 x\u1ee9ng \u0111\u00e1ng l\u00e0 \u0111\u1ec9nh cao trong s\u1ef1 nghi\u1ec7p v\u0103n ch\u01b0\u01a1ng c\u1ee7a Mario Puzo. V\u00e0 nh\u01b0 m\u1ed9t c\u01a1 duy\u00ean \u0111\u1eb7c bi\u1ec7t, ngay t\u1eeb n\u0103m 1971-1972, B\u1ed1 gi\u00e0 \u0111\u00e3 \u0111\u1ebfn v\u1edbi b\u1ea1n \u0111\u1ecdc trong n\u01b0\u1edbc qua phong c\u00e1ch chuy\u1ec3n ng\u1eef h\u00e0o s\u1ea3ng, \u0111\u1eadm ch\u1ea5t giang h\u1ed3 c\u1ee7a d\u1ecbch gi\u1ea3 Ng\u1ecdc Th\u1ee9 Lang.<\/p>\n","protected":false},"excerpt":{"rendered":"<p>Th\u1ebf gi\u1edbi ng\u1ea7m \u0111\u01b0\u1ee3c ph\u1ea3n \u00e1nh trong ti\u1ec3u thuy\u1ebft B\u1ed1 gi\u00e0 l\u00e0 s\u1ef1 g\u1eb7p g\u1ee1 gi\u1eefa m\u1ed9t b\u00ean l\u00e0 \u00fd ch\u00ed c\u01b0\u01a1ng c\u01b0\u1eddng v\u00e0 n\u1ec1n t\u1ea3ng gia t\u1ed9c ch\u1eb7t ch\u1ebd theo truy\u1ec1n th\u1ed1ng mafia x\u1ee9 Sicily v\u1edbi m\u1ed9t b\u00ean l\u00e0 x\u00e3 h\u1ed9i M\u1ef9 nh\u1eadp nh\u1eb1ng \u0111en tr\u1eafng, m\u1ea3nh \u0111\u1ea5t m\u00e0u m\u1ee1 cho nh\u1eefng c\u01a1 h\u1ed9i l\u00e0m \u0103n b\u1ea5t ch\u00ednh h\u1ee9a h\u1eb9n nh\u1eefng m\u00f3n l\u1ee3i k\u1ebfch x\u00f9. Trong th\u1ebf gi\u1edbi \u1ea5y, h\u00ecnh t\u01b0\u1ee3ng B\u1ed1 gi\u00e0 \u0111\u01b0\u1ee3c t\u00e1c gi\u1ea3 d\u00e0y c\u00f4ng kh\u1eafc h\u1ecda \u0111\u00e3 tr\u1edf th\u00e0nh b\u1ee9c ch\u00e2n dung b\u1ea5t h\u1ee7 trong l\u00f2ng ng\u01b0\u1eddi \u0111\u1ecdc. T\u1eeb m\u1ed9t k\u1ebb nh\u1eadp c\u01b0 tay tr\u1eafng \u0111\u1ebfn \u00f4ng tr\u00f9m t\u1ed9t \u0111\u1ec9nh quy\u1ec1n uy, Don Vito Corleone l\u00e0 con r\u1eafn h\u1ed5 mang th\u00e2m tr\u1ea7m, nguy hi\u1ec3m khi\u1ebfn k\u1ebb th\u00f9 ph\u1ea3i ki\u1ec1ng n\u1ec3, e d\u00e8, nh\u01b0ng c\u0169ng \u0111\u01b0\u1ee3c b\u1ea1n b\u00e8, th\u00e2n quy\u1ebfn xem nh\u01b0 m\u1ed9t \u0111\u1ea5ng to\u00e0n n\u0103ng \u0111\u1ea7y ngh\u0129a kh\u00ed. Nh\u00e2n v\u1eadt trung t\u00e2m \u1ea5y \u0111\u1ed3ng th\u1eddi c\u0169ng l\u00e0 hi\u1ec7n th\u00e2n c\u1ee7a m\u1ed9t pho tri\u1ebft l\u00ed r\u1ea5t \u201c\u0111\u1eddi\u201d \u0111\u01b0\u1ee3c nh\u00e0o n\u1eb7n t\u1eeb v\u1ed1n s\u1ed1ng c\u1ee7a h\u00e0ng ch\u1ee5c n\u0103m l\u0103n l\u1ed9n gi\u1eefa ch\u1ed1n giang h\u1ed3 bao phen v\u00e0o sinh ra t\u1eed, v\u00ec th\u1ebf m\u00e0 c\u00f3 \u00fd ki\u1ebfn cho r\u1eb1ng \u201cB\u1ed1 gi\u00e0 l\u00e0 s\u1ef1 t\u1ed5ng h\u00f2a c\u1ee7a m\u1ecdi hi\u1ec3u bi\u1ebft. B\u1ed1 gi\u00e0 l\u00e0 \u0111\u00e1p \u00e1n cho m\u1ecdi c\u00e2u h\u1ecfi\u201d.<\/p>\n<p>V\u1edbi c\u1ea5u t\u1ee9 ho\u00e0n h\u1ea3o, c\u1ed1t truy\u1ec7n kh\u00f4ng thi\u1ebfu nh\u1eefng pha h\u00e0nh \u0111\u1ed9ng gay c\u1ea5n, t\u00ecnh ti\u1ebft b\u1ea5t ng\u1edd v\u00e0 kh\u00f4ng kh\u00ed k\u00ecnh \u0111\u1ecbch \u0111\u1ebfn ngh\u1eb9t th\u1edf, B\u1ed1 gi\u00e0 x\u1ee9ng \u0111\u00e1ng l\u00e0 \u0111\u1ec9nh cao trong s\u1ef1 nghi\u1ec7p v\u0103n ch\u01b0\u01a1ng c\u1ee7a Mario Puzo. V\u00e0 nh\u01b0 m\u1ed9t c\u01a1 duy\u00ean \u0111\u1eb7c bi\u1ec7t, ngay t\u1eeb n\u0103m 1971-1972, B\u1ed1 gi\u00e0 \u0111\u00e3 \u0111\u1ebfn v\u1edbi b\u1ea1n \u0111\u1ecdc trong n\u01b0\u1edbc qua phong c\u00e1ch chuy\u1ec3n ng\u1eef h\u00e0o s\u1ea3ng, \u0111\u1eadm ch\u1ea5t giang h\u1ed3 c\u1ee7a d\u1ecbch gi\u1ea3 Ng\u1ecdc Th\u1ee9 Lang.<\/p>\n","protected":false},"featured_media":22611,"template":"","meta":{"_acf_changed":false},"product_brand":[],"product_cat":[15,45],"product_tag":[83],"class_list":{"0":"post-22612","1":"product","2":"type-product","3":"status-publish","4":"has-post-thumbnail","6":"product_cat-sach-danh-cho-nguoi-lon","7":"product_cat-tieu-thuyet","8":"product_tag-sach-moi-xuat-ban","10":"first","11":"outofstock","12":"taxable","13":"shipping-taxable","14":"purchasable","15":"product-type-simple"},"supplier_id":null,"supplier_sku":"","barcode":null,"atum_controlled":true,"out_stock_date":"2023-01-23 19:41:31","out_stock_threshold":null,"inheritable":false,"inbound_stock":0,"stock_on_hold":0,"sold_today":0,"sales_last_days":0,"reserved_stock":0,"customer_returns":0,"warehouse_damage":0,"lost_in_post":0,"other_logs":0,"out_stock_days":1101,"lost_sales":0,"has_location":false,"update_date":"2026-01-28T23:11:11","atum_locations":[],"atum_stock_status":"outofstock","restock_status":false,"low_stock_amount":"","sales_update_date":"2026-01-28T23:11:11","calc_backorders":null,"acf":{"publisher":{"ID":1544,"post_author":"1","post_date":"2021-02-17 01:24:05","post_date_gmt":"2021-02-16 23:24:05","post_content":"","post_title":"\u0110\u00f4ng A","post_excerpt":"","post_status":"publish","comment_status":"closed","ping_status":"closed","post_password":"","post_name":"dong-a","to_ping":"","pinged":"","post_modified":"2021-02-17 01:24:05","post_modified_gmt":"2021-02-16 23:24:05","post_content_filtered":"","post_parent":0,"guid":"https:\/\/sachviet.eu\/nha-phat-hanh\/dong-a\/","menu_order":0,"post_type":"publisher","post_mime_type":"","comment_count":"0","filter":"raw"}},"_links":{"self":[{"href":"https:\/\/sachviet.eu\/en\/wp-json\/wp\/v2\/product\/22612","targetHints":{"allow":["GET"]}}],"collection":[{"href":"https:\/\/sachviet.eu\/en\/wp-json\/wp\/v2\/product"}],"about":[{"href":"https:\/\/sachviet.eu\/en\/wp-json\/wp\/v2\/types\/product"}],"wp:featuredmedia":[{"embeddable":true,"href":"https:\/\/sachviet.eu\/en\/wp-json\/wp\/v2\/media\/22611"}],"wp:attachment":[{"href":"https:\/\/sachviet.eu\/en\/wp-json\/wp\/v2\/media?parent=22612"}],"wp:term":[{"taxonomy":"product_brand","embeddable":true,"href":"https:\/\/sachviet.eu\/en\/wp-json\/wp\/v2\/product_brand?post=22612"},{"taxonomy":"product_cat","embeddable":true,"href":"https:\/\/sachviet.eu\/en\/wp-json\/wp\/v2\/product_cat?post=22612"},{"taxonomy":"product_tag","embeddable":true,"href":"https:\/\/sachviet.eu\/en\/wp-json\/wp\/v2\/product_tag?post=22612"}],"curies":[{"name":"wp","href":"https:\/\/api.w.org\/{rel}","templated":true}]}}