{"id":22610,"date":"2023-01-21T22:00:03","date_gmt":"2023-01-21T20:00:03","guid":{"rendered":"https:\/\/sachviet.eu\/shop\/duc-phat-va-ke-noi-loan-tinh-tai-khi-suy-nghi-tao-bao-khi-hanh-dong\/"},"modified":"2023-04-18T10:47:06","modified_gmt":"2023-04-18T07:47:06","slug":"duc-phat-va-ke-noi-loan-tinh-tai-khi-suy-nghi-tao-bao-khi-hanh-dong","status":"publish","type":"product","link":"https:\/\/sachviet.eu\/en\/shop\/duc-phat-va-ke-noi-loan-tinh-tai-khi-suy-nghi-tao-bao-khi-hanh-dong\/","title":{"rendered":"\u0110\u1ee9c Ph\u1eadt V\u00e0 K\u1ebb N\u1ed5i Lo\u1ea1n (T\u0129nh T\u1ea1i Khi Suy Ngh\u0129, T\u00e1o B\u1ea1o Khi H\u00e0nh \u0110\u1ed9ng)"},"content":{"rendered":"<p>\u0110\u1ee9c Ph\u1eadt l\u00e0 nguy\u00ean m\u1eabu c\u1ee7a b\u1eadc th\u1ea7y t\u00e2m linh. \u0110\u00f3 l\u00e0 m\u1ed9t ng\u01b0\u1eddi nh\u1eadn ra v\u00e0 s\u1eed d\u1ee5ng s\u1ee9c m\u1ea1nh c\u1ee7a th\u1ebf gi\u1edbi \u201cb\u00ean trong\u201d, thanh th\u1ea3n v\u00e0 ch\u1eafc ch\u1eafn trong m\u1ecdi h\u00e0nh \u0111\u1ed9ng c\u1ee7a m\u00ecnh. K\u1ebb N\u1ed5i Lo\u1ea1n l\u00e0 nguy\u00ean m\u1eabu c\u1ee7a ng\u01b0\u1eddi t\u1ea1o ra s\u1ef1 thay \u0111\u1ed5i. Anh ta th\u1ec3 hi\u1ec7n s\u1ef1 t\u1ef1 tin trong m\u1ecdi vi\u1ec7c anh ta l\u00e0m. Anh ta bi\u1ebft m\u00ecnh mu\u1ed1n g\u00ec, khi n\u00e0o v\u00e0 \u1edf \u0111\u00e2u c\u0169ng nh\u01b0 d\u00e1m \u0111\u1ee9ng d\u1eady, d\u00e1m \u0111\u01b0\u01a1ng \u0111\u1ea7u v\u1edbi b\u1ea5t k\u1ef3 ai ho\u1eb7c v\u1edbi m\u1ecdi kh\u00f3 kh\u0103n th\u1eed th\u00e1ch g\u1eb7p ph\u1ea3i. Khi b\u1ea1n ph\u1ed1i h\u1ee3p \u0111\u01b0\u1ee3c k\u1ef9 n\u0103ng c\u1ee7a c\u1ea3 hai phi\u00ean b\u1ea3n, b\u1ea1n s\u1ebd ho\u1ea1t \u0111\u1ed9ng trong m\u1ed9t kh\u00f4ng gian h\u1ea1nh ph\u00fac, d\u1ec5 d\u00e0ng v\u00e0 \u0111\u1ea7y c\u1ea3m h\u1ee9ng.<\/p>\n<p>V\u1eady \u201c\u0110\u1ee9c Ph\u1eadt v\u00e0 K\u1ebb N\u1ed5i Lo\u1ea1n\u201d n\u00f3i v\u1ec1 \u0111i\u1ec1u g\u00ec? \u0110\u00f3 l\u00e0 v\u1ec1 kh\u1ea3 n\u0103ng l\u00e0m ch\u1ee7 c\u00f4ng vi\u1ec7c v\u00e0 cu\u1ed9c \u0111\u1eddi c\u1ee7a b\u1ea1n, cho d\u00f9 b\u1ea1n \u0111ang chu\u1ea9n b\u1ecb kh\u1edfi nghi\u1ec7p, \u0111ang \u0111\u1ee9ng \u0111\u1ea7u m\u1ed9t t\u1ed5 ch\u1ee9c l\u1edbn, hay ch\u1ec9 m\u1edbi b\u1eaft \u0111\u1ea7u c\u00f4ng vi\u1ec7c \u0111\u1ea7u ti\u00ean. Cu\u1ed1n s\u00e1ch n\u00e0y d\u00e0nh cho nh\u1eefng ai \u0111ang ph\u00ed ho\u00e0i n\u0103ng l\u01b0\u1ee3ng trong m\u1ed9t c\u00f4ng vi\u1ec7c kh\u00f4ng nu\u00f4i d\u01b0\u1ee1ng t\u00e2m h\u1ed3n h\u1ecd, ho\u1eb7c ng\u01b0\u1ee3c l\u1ea1i, cho nh\u1eefng ng\u01b0\u1eddi c\u00f3 t\u1ea7m nh\u00ecn phi th\u01b0\u1eddng cho c\u00f4ng ty c\u1ee7a ri\u00eang h\u1ecd, nh\u01b0ng ch\u01b0a t\u00ecm \u0111\u01b0\u1ee3c c\u00e1ch m\u1edf r\u1ed9ng, n\u00e2ng t\u1ea7m c\u00f4ng ty l\u00ean c\u1ea5p \u0111\u1ed9 thay \u0111\u1ed5i th\u1ebf gi\u1edbi.<\/p>\n<p>B\u1ea1n c\u1ea7n hi\u1ec3u r\u1eb1ng b\u1ea5t k\u1ec3 b\u1ea1n \u0111ang \u1edf v\u1ecb tr\u00ed n\u00e0o, b\u1ea1n \u0111\u1ec1u s\u1edf h\u1eefu nh\u1eefng s\u1ee9c m\u1ea1nh \u0111\u1ed9c \u0111\u00e1o, \u0111\u00e1ng kinh ng\u1ea1c m\u00e0 b\u1ea1n c\u1ea7n h\u1ecdc c\u00e1ch s\u1eed d\u1ee5ng ch\u00fang. Con \u0111\u01b0\u1eddng d\u1eabn t\u1edbi th\u00e0nh c\u00f4ng \u0111\u01b0\u1ee3c tr\u1ea3i b\u1eb1ng s\u1ef1 ch\u0103m ch\u1ec9, h\u1ed1i h\u1ea3 ch\u1ec9 l\u00e0 m\u1ed9t huy\u1ec1n tho\u1ea1i trong th\u1ebf gi\u1edbi hi\u1ec7n \u0111\u1ea1i. Nhi\u1ec1u ng\u01b0\u1eddi trong ch\u00fang ta ch\u1ed1i b\u1ecf vi\u1ec7c khai m\u1edf tinh th\u1ea7n v\u00e0 m\u1ed9t t\u00e2m h\u1ed3n \u1ea9n b\u00ean trong b\u1ea1n trong l\u0129nh v\u1ef1c c\u00f4ng vi\u1ec7c. Khi ta \u0111\u01b0a s\u1ef1 th\u1ee9c t\u1ec9nh v\u00e0o trong c\u00f4ng vi\u1ec7c, \u0111i\u1ec1u k\u1ef3 di\u1ec7u s\u1ebd x\u1ea3y ra. N\u1ebfu b\u1ea1n ngh\u0129 nh\u1eefng \u00fd t\u01b0\u1edfng n\u00e0y v\u1edb v\u1ea9n, h\u00e3y nh\u1edb r\u1eb1ng, nh\u1eefng ng\u01b0\u1eddi nh\u01b0 Steve Jobs, ng\u01b0\u1eddi \u0111\u01b0\u1ee3c coi l\u00e0 m\u1ed9t trong nh\u1eefng nh\u00e0 s\u00e1ng t\u1ea1o v\u00e0 CEO v\u0129 \u0111\u1ea1i nh\u1ea5t m\u1ecdi th\u1eddi \u0111\u1ea1i, \u0111\u00e3 ch\u1ea5p nh\u1eadn nh\u1eefng \u00fd t\u01b0\u1edfng \u0111\u00f3.<\/p>\n<p>\u201c\u0110\u1ee9c Ph\u1eadt v\u00e0 K\u1ebb N\u1ed5i Lo\u1ea1n\u201d \u0111\u01b0\u1ee3c thi\u1ebft k\u1ebf \u0111\u1ec3 ph\u00e1 v\u1ee1 l\u0103ng k\u00ednh b\u1ea1n nh\u00ecn th\u1ebf gi\u1edbi v\u00e0 cung c\u1ea5p cho b\u1ea1n c\u00f4ng c\u1ee5 \u0111\u1ec3 thay \u0111\u1ed5i th\u1ebf gi\u1edbi th\u00f4ng qua nh\u1eefng thay \u0111\u1ed5i nh\u1eadn th\u1ee9c trong t\u00e2m tr\u00ed c\u1ee7a b\u1ea1n. T\u00f3m l\u1ea1i, cu\u1ed1n s\u00e1ch t\u1ea1o ra s\u1ef1 thay \u0111\u1ed5i c\u00e1ch m\u1ea1ng. M\u1ed9t khi b\u1ea1n nh\u00ecn th\u1ea5y c\u00e1c h\u00ecnh m\u1eabu m\u00e0 cu\u1ed1n s\u00e1ch n\u00e0y ti\u1ebft l\u1ed9, b\u1ea1n s\u1ebd kh\u00f4ng th\u1ec3 ng\u00f3 l\u01a1 ch\u00fang.<\/p>\n<p>V\u1edbi t\u1ea5t c\u1ea3 nh\u1eefng n\u0103ng l\u01b0\u1ee3ng c\u1ee7a m\u00ecnh, \u201c\u0110\u1ee9c Ph\u1eadt v\u00e0 K\u1ebb N\u1ed5i Lo\u1ea1n\u201d s\u1ebd d\u1ea1y b\u1ea1n c\u00e1ch l\u00e0m ch\u1ee7 c\u00f4ng vi\u1ec7c v\u00e0 cu\u1ed9c s\u1ed1ng trong m\u1ed9t th\u1ebf gi\u1edbi \u0111\u1ea7y bi\u1ebfn \u0111\u1ed9ng.<\/p>\n","protected":false},"excerpt":{"rendered":"<p>\u0110\u1ee9c Ph\u1eadt l\u00e0 nguy\u00ean m\u1eabu c\u1ee7a b\u1eadc th\u1ea7y t\u00e2m linh. \u0110\u00f3 l\u00e0 m\u1ed9t ng\u01b0\u1eddi nh\u1eadn ra v\u00e0 s\u1eed d\u1ee5ng s\u1ee9c m\u1ea1nh c\u1ee7a th\u1ebf gi\u1edbi \u201cb\u00ean trong\u201d, thanh th\u1ea3n v\u00e0 ch\u1eafc ch\u1eafn trong m\u1ecdi h\u00e0nh \u0111\u1ed9ng c\u1ee7a m\u00ecnh. K\u1ebb N\u1ed5i Lo\u1ea1n l\u00e0 nguy\u00ean m\u1eabu c\u1ee7a ng\u01b0\u1eddi t\u1ea1o ra s\u1ef1 thay \u0111\u1ed5i. Anh ta th\u1ec3 hi\u1ec7n s\u1ef1 t\u1ef1 tin trong m\u1ecdi vi\u1ec7c anh ta l\u00e0m. Anh ta bi\u1ebft m\u00ecnh mu\u1ed1n g\u00ec, khi n\u00e0o v\u00e0 \u1edf \u0111\u00e2u c\u0169ng nh\u01b0 d\u00e1m \u0111\u1ee9ng d\u1eady, d\u00e1m \u0111\u01b0\u01a1ng \u0111\u1ea7u v\u1edbi b\u1ea5t k\u1ef3 ai ho\u1eb7c v\u1edbi m\u1ecdi kh\u00f3 kh\u0103n th\u1eed th\u00e1ch g\u1eb7p ph\u1ea3i. Khi b\u1ea1n ph\u1ed1i h\u1ee3p \u0111\u01b0\u1ee3c k\u1ef9 n\u0103ng c\u1ee7a c\u1ea3 hai phi\u00ean b\u1ea3n, b\u1ea1n s\u1ebd ho\u1ea1t \u0111\u1ed9ng trong m\u1ed9t kh\u00f4ng gian h\u1ea1nh ph\u00fac, d\u1ec5 d\u00e0ng v\u00e0 \u0111\u1ea7y c\u1ea3m h\u1ee9ng.<\/p>\n<p>V\u1eady \u201c\u0110\u1ee9c Ph\u1eadt v\u00e0 K\u1ebb N\u1ed5i Lo\u1ea1n\u201d n\u00f3i v\u1ec1 \u0111i\u1ec1u g\u00ec? \u0110\u00f3 l\u00e0 v\u1ec1 kh\u1ea3 n\u0103ng l\u00e0m ch\u1ee7 c\u00f4ng vi\u1ec7c v\u00e0 cu\u1ed9c \u0111\u1eddi c\u1ee7a b\u1ea1n, cho d\u00f9 b\u1ea1n \u0111ang chu\u1ea9n b\u1ecb kh\u1edfi nghi\u1ec7p, \u0111ang \u0111\u1ee9ng \u0111\u1ea7u m\u1ed9t t\u1ed5 ch\u1ee9c l\u1edbn, hay ch\u1ec9 m\u1edbi b\u1eaft \u0111\u1ea7u c\u00f4ng vi\u1ec7c \u0111\u1ea7u ti\u00ean. Cu\u1ed1n s\u00e1ch n\u00e0y d\u00e0nh cho nh\u1eefng ai \u0111ang ph\u00ed ho\u00e0i n\u0103ng l\u01b0\u1ee3ng trong m\u1ed9t c\u00f4ng vi\u1ec7c kh\u00f4ng nu\u00f4i d\u01b0\u1ee1ng t\u00e2m h\u1ed3n h\u1ecd, ho\u1eb7c ng\u01b0\u1ee3c l\u1ea1i, cho nh\u1eefng ng\u01b0\u1eddi c\u00f3 t\u1ea7m nh\u00ecn phi th\u01b0\u1eddng cho c\u00f4ng ty c\u1ee7a ri\u00eang h\u1ecd, nh\u01b0ng ch\u01b0a t\u00ecm \u0111\u01b0\u1ee3c c\u00e1ch m\u1edf r\u1ed9ng, n\u00e2ng t\u1ea7m c\u00f4ng ty l\u00ean c\u1ea5p \u0111\u1ed9 thay \u0111\u1ed5i th\u1ebf gi\u1edbi.<\/p>\n<p>B\u1ea1n c\u1ea7n hi\u1ec3u r\u1eb1ng b\u1ea5t k\u1ec3 b\u1ea1n \u0111ang \u1edf v\u1ecb tr\u00ed n\u00e0o, b\u1ea1n \u0111\u1ec1u s\u1edf h\u1eefu nh\u1eefng s\u1ee9c m\u1ea1nh \u0111\u1ed9c \u0111\u00e1o, \u0111\u00e1ng kinh ng\u1ea1c m\u00e0 b\u1ea1n c\u1ea7n h\u1ecdc c\u00e1ch s\u1eed d\u1ee5ng ch\u00fang. Con \u0111\u01b0\u1eddng d\u1eabn t\u1edbi th\u00e0nh c\u00f4ng \u0111\u01b0\u1ee3c tr\u1ea3i b\u1eb1ng s\u1ef1 ch\u0103m ch\u1ec9, h\u1ed1i h\u1ea3 ch\u1ec9 l\u00e0 m\u1ed9t huy\u1ec1n tho\u1ea1i trong th\u1ebf gi\u1edbi hi\u1ec7n \u0111\u1ea1i. Nhi\u1ec1u ng\u01b0\u1eddi trong ch\u00fang ta ch\u1ed1i b\u1ecf vi\u1ec7c khai m\u1edf tinh th\u1ea7n v\u00e0 m\u1ed9t t\u00e2m h\u1ed3n \u1ea9n b\u00ean trong b\u1ea1n trong l\u0129nh v\u1ef1c c\u00f4ng vi\u1ec7c. Khi ta \u0111\u01b0a s\u1ef1 th\u1ee9c t\u1ec9nh v\u00e0o trong c\u00f4ng vi\u1ec7c, \u0111i\u1ec1u k\u1ef3 di\u1ec7u s\u1ebd x\u1ea3y ra. N\u1ebfu b\u1ea1n ngh\u0129 nh\u1eefng \u00fd t\u01b0\u1edfng n\u00e0y v\u1edb v\u1ea9n, h\u00e3y nh\u1edb r\u1eb1ng, nh\u1eefng ng\u01b0\u1eddi nh\u01b0 Steve Jobs, ng\u01b0\u1eddi \u0111\u01b0\u1ee3c coi l\u00e0 m\u1ed9t trong nh\u1eefng nh\u00e0 s\u00e1ng t\u1ea1o v\u00e0 CEO v\u0129 \u0111\u1ea1i nh\u1ea5t m\u1ecdi th\u1eddi \u0111\u1ea1i, \u0111\u00e3 ch\u1ea5p nh\u1eadn nh\u1eefng \u00fd t\u01b0\u1edfng \u0111\u00f3.<\/p>\n<p>\u201c\u0110\u1ee9c Ph\u1eadt v\u00e0 K\u1ebb N\u1ed5i Lo\u1ea1n\u201d \u0111\u01b0\u1ee3c thi\u1ebft k\u1ebf \u0111\u1ec3 ph\u00e1 v\u1ee1 l\u0103ng k\u00ednh b\u1ea1n nh\u00ecn th\u1ebf gi\u1edbi v\u00e0 cung c\u1ea5p cho b\u1ea1n c\u00f4ng c\u1ee5 \u0111\u1ec3 thay \u0111\u1ed5i th\u1ebf gi\u1edbi th\u00f4ng qua nh\u1eefng thay \u0111\u1ed5i nh\u1eadn th\u1ee9c trong t\u00e2m tr\u00ed c\u1ee7a b\u1ea1n. T\u00f3m l\u1ea1i, cu\u1ed1n s\u00e1ch t\u1ea1o ra s\u1ef1 thay \u0111\u1ed5i c\u00e1ch m\u1ea1ng. M\u1ed9t khi b\u1ea1n nh\u00ecn th\u1ea5y c\u00e1c h\u00ecnh m\u1eabu m\u00e0 cu\u1ed1n s\u00e1ch n\u00e0y ti\u1ebft l\u1ed9, b\u1ea1n s\u1ebd kh\u00f4ng th\u1ec3 ng\u00f3 l\u01a1 ch\u00fang.<\/p>\n<p>V\u1edbi t\u1ea5t c\u1ea3 nh\u1eefng n\u0103ng l\u01b0\u1ee3ng c\u1ee7a m\u00ecnh, \u201c\u0110\u1ee9c Ph\u1eadt v\u00e0 K\u1ebb N\u1ed5i Lo\u1ea1n\u201d s\u1ebd d\u1ea1y b\u1ea1n c\u00e1ch l\u00e0m ch\u1ee7 c\u00f4ng vi\u1ec7c v\u00e0 cu\u1ed9c s\u1ed1ng trong m\u1ed9t th\u1ebf gi\u1edbi \u0111\u1ea7y bi\u1ebfn \u0111\u1ed9ng.<\/p>\n","protected":false},"featured_media":22609,"template":"","meta":{"_acf_changed":false},"product_brand":[],"product_cat":[15,46],"product_tag":[83],"class_list":{"0":"post-22610","1":"product","2":"type-product","3":"status-publish","4":"has-post-thumbnail","6":"product_cat-sach-danh-cho-nguoi-lon","7":"product_cat-ky-nang-song","8":"product_tag-sach-moi-xuat-ban","10":"first","11":"outofstock","12":"taxable","13":"shipping-taxable","14":"purchasable","15":"product-type-simple"},"supplier_id":null,"supplier_sku":"","barcode":null,"atum_controlled":true,"out_stock_date":"2023-04-18 07:47:06","out_stock_threshold":null,"inheritable":false,"inbound_stock":0,"stock_on_hold":0,"sold_today":0,"sales_last_days":0,"reserved_stock":0,"customer_returns":0,"warehouse_damage":0,"lost_in_post":0,"other_logs":0,"out_stock_days":1016,"lost_sales":0,"has_location":false,"update_date":"2026-01-28T23:11:11","atum_locations":[],"atum_stock_status":"outofstock","restock_status":false,"low_stock_amount":"","sales_update_date":"2026-01-28T23:11:11","calc_backorders":null,"acf":{"publisher":{"ID":4030,"post_author":"1","post_date":"2021-03-02 03:51:27","post_date_gmt":"2021-03-02 01:51:27","post_content":"","post_title":"1980 Books","post_excerpt":"","post_status":"publish","comment_status":"closed","ping_status":"closed","post_password":"","post_name":"1980-books","to_ping":"","pinged":"","post_modified":"2021-03-02 03:51:27","post_modified_gmt":"2021-03-02 01:51:27","post_content_filtered":"","post_parent":0,"guid":"https:\/\/sachviet.eu\/nha-phat-hanh\/1980-books\/","menu_order":0,"post_type":"publisher","post_mime_type":"","comment_count":"0","filter":"raw"}},"_links":{"self":[{"href":"https:\/\/sachviet.eu\/en\/wp-json\/wp\/v2\/product\/22610","targetHints":{"allow":["GET"]}}],"collection":[{"href":"https:\/\/sachviet.eu\/en\/wp-json\/wp\/v2\/product"}],"about":[{"href":"https:\/\/sachviet.eu\/en\/wp-json\/wp\/v2\/types\/product"}],"wp:featuredmedia":[{"embeddable":true,"href":"https:\/\/sachviet.eu\/en\/wp-json\/wp\/v2\/media\/22609"}],"wp:attachment":[{"href":"https:\/\/sachviet.eu\/en\/wp-json\/wp\/v2\/media?parent=22610"}],"wp:term":[{"taxonomy":"product_brand","embeddable":true,"href":"https:\/\/sachviet.eu\/en\/wp-json\/wp\/v2\/product_brand?post=22610"},{"taxonomy":"product_cat","embeddable":true,"href":"https:\/\/sachviet.eu\/en\/wp-json\/wp\/v2\/product_cat?post=22610"},{"taxonomy":"product_tag","embeddable":true,"href":"https:\/\/sachviet.eu\/en\/wp-json\/wp\/v2\/product_tag?post=22610"}],"curies":[{"name":"wp","href":"https:\/\/api.w.org\/{rel}","templated":true}]}}