{"id":22608,"date":"2023-01-21T21:59:54","date_gmt":"2023-01-21T19:59:54","guid":{"rendered":"https:\/\/sachviet.eu\/shop\/truyen-tranh-tuoi-tho-nhoc-maruco-chibi-maruko-tron-bo-14-cuon\/"},"modified":"2024-08-14T07:50:15","modified_gmt":"2024-08-14T04:50:15","slug":"truyen-tranh-tuoi-tho-nhoc-maruco-chibi-maruko-tron-bo-14-cuon","status":"publish","type":"product","link":"https:\/\/sachviet.eu\/en\/shop\/truyen-tranh-tuoi-tho-nhoc-maruco-chibi-maruko-tron-bo-14-cuon\/","title":{"rendered":"Truy\u1ec7n tranh tu\u1ed5i th\u01a1 \u2013 Nh\u00f3c Maruco (Chibi Maruko) tr\u1ecdn b\u1ed9 14 cu\u1ed1n"},"content":{"rendered":"<p>B\u1ea5t c\u1ee9 ai sinh ra v\u00e0o giai \u0111o\u1ea1n 198x \u0111\u1ebfn \u0111\u1ea7u 199x \u0111\u1ec1u s\u1ebd bi\u1ebft \u0111\u1ebfn c\u00e1i t\u00ean Nh\u00f3c Mar\u01b0c\u00f4, c\u00f4 b\u00e9 \u0111\u00e1ng y\u00eau chi\u1ebfm tr\u1ecdn t\u00ecnh c\u1ea3m c\u1ee7a b\u1ea5t c\u1ee9 \u0111\u1ee9a tr\u1ebb n\u00e0o.<br \/>\nB\u1ed9 truy\u1ec7n v\u1edbi nh\u00e2n v\u1eadt ch\u00ednh l\u00e0 c\u00f4 b\u00e9 ti\u1ec3u h\u1ecdc Mar\u01b0c\u00f4 s\u1ed1ng trong \u0111\u1ea1i gia \u0111\u00ecnh v\u1edbi \u00f4ng b\u00e0 n\u1ed9i, b\u1ed1 m\u1eb9, ch\u1ecb g\u00e1i. C\u00e2u chuy\u1ec7n h\u00e0ng ng\u00e0y c\u1ee7a c\u00f4 b\u00e9 \u0111\u01b0\u1ee3c mi\u00eau t\u1ea3 v\u1edbi g\u00f3c nh\u00ecn c\u1ee7a m\u1ed9t c\u00f4 b\u00e9 ng\u00e2y th\u01a1, nh\u1eefng h\u00e0nh \u0111\u1ed9ng h\u1ebft s\u1ee9c ng\u1ed9 ngh\u0129nh, tr\u1ebb con.<br \/>\n\u0110\u1eb7c bi\u1ec7t phi\u00ean b\u1ea3n Nh\u00f3c Mar\u01b0c\u00f4 14 cu\u1ed1n in l\u1ea1i theo b\u1ea3n n\u0103m 1994 n\u00e0y, to\u00e0n b\u1ed9 l\u1eddi tho\u1ea1i \u0111\u1ec1u \u0111\u01b0\u1ee3c vi\u1ebft tay, n\u00e9t ch\u1eef c\u1ee7a m\u1ed9t c\u00f4 b\u00e9 ti\u1ec3u h\u1ecdc h\u1ebft s\u1ee9c d\u1ec5 th\u01b0\u01a1ng v\u00e0 \u0111\u1ea7y th\u00e2n thi\u1ebft.<br \/>\nB\u1ea3n in \u0111\u1ea7u ti\u00ean c\u1ee7a Nh\u00f3c Mar\u01b0c\u00f4 \u0111\u1ebfn n\u0103m nay \u0111\u00e3 27 n\u0103m, ch\u01b0a t\u1eebng \u0111\u01b0\u1ee3c t\u00e1i b\u1ea3n, b\u1ed9 g\u1ed1c \u0111\u00e3 kh\u00f4ng c\u00f2n xu\u1ea5t hi\u1ec7n tr\u00ean th\u1ecb tr\u01b0\u1eddng. C\u0169ng trong th\u1eddi gian \u0111\u00f3, nh\u1eefng c\u00f4, c\u1eadu b\u00e9 n\u0103m \u1ea5y gi\u1edd \u0111\u1ec1u \u0111\u00e3 tr\u1edf th\u00e0nh c\u00e1c b\u1eadc ph\u1ee5 huynh v\u00e0 s\u1ebd th\u1eadt \u0111\u00e1ng ti\u1ebfc khi nh\u1eefng \u0111\u1ee9a tr\u1ebb c\u1ee7a c\u00e1c b\u1ea1n kh\u00f4ng \u0111\u01b0\u1ee3c tr\u1ea3i nghi\u1ec7m tu\u1ed5i th\u01a1 v\u1edbi Nh\u00f3c Mar\u01b0c\u00f4.<\/p>\n","protected":false},"excerpt":{"rendered":"<p><strong>B\u1ed9 s\u00e1ch in kh\u00f4ng ph\u1ea3i b\u1ea3n g\u1ed1c c\u1ee7a Kim \u0110\u1ed3ng &#8211; Ch\u00fa \u00fd khi mua v\u00ec ch\u1ea5t l\u01b0\u1ee3ng kh\u00f4ng t\u1ed1t!<\/strong><br \/>\nB\u1ea5t c\u1ee9 ai sinh ra v\u00e0o giai \u0111o\u1ea1n 198x \u0111\u1ebfn \u0111\u1ea7u 199x \u0111\u1ec1u s\u1ebd bi\u1ebft \u0111\u1ebfn c\u00e1i t\u00ean Nh\u00f3c Mar\u01b0c\u00f4, c\u00f4 b\u00e9 \u0111\u00e1ng y\u00eau chi\u1ebfm tr\u1ecdn t\u00ecnh c\u1ea3m c\u1ee7a b\u1ea5t c\u1ee9 \u0111\u1ee9a tr\u1ebb n\u00e0o.<br \/>\nB\u1ed9 truy\u1ec7n v\u1edbi nh\u00e2n v\u1eadt ch\u00ednh l\u00e0 c\u00f4 b\u00e9 ti\u1ec3u h\u1ecdc Mar\u01b0c\u00f4 s\u1ed1ng trong \u0111\u1ea1i gia \u0111\u00ecnh v\u1edbi \u00f4ng b\u00e0 n\u1ed9i, b\u1ed1 m\u1eb9, ch\u1ecb g\u00e1i. C\u00e2u chuy\u1ec7n h\u00e0ng ng\u00e0y c\u1ee7a c\u00f4 b\u00e9 \u0111\u01b0\u1ee3c mi\u00eau t\u1ea3 v\u1edbi g\u00f3c nh\u00ecn c\u1ee7a m\u1ed9t c\u00f4 b\u00e9 ng\u00e2y th\u01a1, nh\u1eefng h\u00e0nh \u0111\u1ed9ng h\u1ebft s\u1ee9c ng\u1ed9 ngh\u0129nh, tr\u1ebb con.<br \/>\n\u0110\u1eb7c bi\u1ec7t phi\u00ean b\u1ea3n Nh\u00f3c Mar\u01b0c\u00f4 14 cu\u1ed1n in l\u1ea1i theo b\u1ea3n n\u0103m 1994 n\u00e0y, to\u00e0n b\u1ed9 l\u1eddi tho\u1ea1i \u0111\u1ec1u \u0111\u01b0\u1ee3c vi\u1ebft tay, n\u00e9t ch\u1eef c\u1ee7a m\u1ed9t c\u00f4 b\u00e9 ti\u1ec3u h\u1ecdc h\u1ebft s\u1ee9c d\u1ec5 th\u01b0\u01a1ng v\u00e0 \u0111\u1ea7y th\u00e2n thi\u1ebft.<br \/>\nB\u1ea3n in \u0111\u1ea7u ti\u00ean c\u1ee7a Nh\u00f3c Mar\u01b0c\u00f4 \u0111\u1ebfn n\u0103m nay \u0111\u00e3 27 n\u0103m, ch\u01b0a t\u1eebng \u0111\u01b0\u1ee3c t\u00e1i b\u1ea3n, b\u1ed9 g\u1ed1c \u0111\u00e3 kh\u00f4ng c\u00f2n xu\u1ea5t hi\u1ec7n tr\u00ean th\u1ecb tr\u01b0\u1eddng. C\u0169ng trong th\u1eddi gian \u0111\u00f3, nh\u1eefng c\u00f4, c\u1eadu b\u00e9 n\u0103m \u1ea5y gi\u1edd \u0111\u1ec1u \u0111\u00e3 tr\u1edf th\u00e0nh c\u00e1c b\u1eadc ph\u1ee5 huynh v\u00e0 s\u1ebd th\u1eadt \u0111\u00e1ng ti\u1ebfc khi nh\u1eefng \u0111\u1ee9a tr\u1ebb c\u1ee7a c\u00e1c b\u1ea1n kh\u00f4ng \u0111\u01b0\u1ee3c tr\u1ea3i nghi\u1ec7m tu\u1ed5i th\u01a1 v\u1edbi Nh\u00f3c Mar\u01b0c\u00f4.<\/p>\n","protected":false},"featured_media":22605,"template":"","meta":{"_acf_changed":false},"product_brand":[],"product_cat":[29,24,25,17],"product_tag":[83],"class_list":{"0":"post-22608","1":"product","2":"type-product","3":"status-publish","4":"has-post-thumbnail","6":"product_cat-manga-comics","7":"product_cat-nha-tre-mau-giao-0-tuoi-6-tuoi","8":"product_cat-nhi-dong-6-tuoi-12-tuoi","9":"product_cat-sach-danh-cho-cac-be","10":"product_tag-sach-moi-xuat-ban","12":"first","13":"outofstock","14":"taxable","15":"shipping-taxable","16":"purchasable","17":"product-type-simple"},"supplier_id":null,"supplier_sku":"","barcode":null,"atum_controlled":true,"out_stock_date":"2024-08-14 04:50:15","out_stock_threshold":null,"inheritable":false,"inbound_stock":0,"stock_on_hold":0,"sold_today":0,"sales_last_days":0,"reserved_stock":0,"customer_returns":0,"warehouse_damage":0,"lost_in_post":0,"other_logs":0,"out_stock_days":532,"lost_sales":0,"has_location":false,"update_date":"2026-01-28T23:11:21","atum_locations":[],"atum_stock_status":"outofstock","restock_status":false,"low_stock_amount":"","sales_update_date":"2026-01-28T23:11:21","calc_backorders":null,"acf":{"publisher":{"ID":22604,"post_author":"1","post_date":"2023-01-21 21:59:44","post_date_gmt":"2023-01-21 19:59:44","post_content":"","post_title":"Remake","post_excerpt":"","post_status":"publish","comment_status":"closed","ping_status":"closed","post_password":"","post_name":"remake","to_ping":"","pinged":"","post_modified":"2023-01-21 21:59:44","post_modified_gmt":"2023-01-21 19:59:44","post_content_filtered":"","post_parent":0,"guid":"https:\/\/sachviet.eu\/nha-phat-hanh\/remake\/","menu_order":0,"post_type":"publisher","post_mime_type":"","comment_count":"0","filter":"raw"}},"_links":{"self":[{"href":"https:\/\/sachviet.eu\/en\/wp-json\/wp\/v2\/product\/22608","targetHints":{"allow":["GET"]}}],"collection":[{"href":"https:\/\/sachviet.eu\/en\/wp-json\/wp\/v2\/product"}],"about":[{"href":"https:\/\/sachviet.eu\/en\/wp-json\/wp\/v2\/types\/product"}],"wp:featuredmedia":[{"embeddable":true,"href":"https:\/\/sachviet.eu\/en\/wp-json\/wp\/v2\/media\/22605"}],"wp:attachment":[{"href":"https:\/\/sachviet.eu\/en\/wp-json\/wp\/v2\/media?parent=22608"}],"wp:term":[{"taxonomy":"product_brand","embeddable":true,"href":"https:\/\/sachviet.eu\/en\/wp-json\/wp\/v2\/product_brand?post=22608"},{"taxonomy":"product_cat","embeddable":true,"href":"https:\/\/sachviet.eu\/en\/wp-json\/wp\/v2\/product_cat?post=22608"},{"taxonomy":"product_tag","embeddable":true,"href":"https:\/\/sachviet.eu\/en\/wp-json\/wp\/v2\/product_tag?post=22608"}],"curies":[{"name":"wp","href":"https:\/\/api.w.org\/{rel}","templated":true}]}}