{"id":22603,"date":"2023-01-21T21:59:40","date_gmt":"2023-01-21T19:59:40","guid":{"rendered":"https:\/\/sachviet.eu\/shop\/bo-sach-me-cung-phat-trien-tu-duy-6-cuon\/"},"modified":"2023-08-19T15:50:41","modified_gmt":"2023-08-19T12:50:41","slug":"bo-sach-me-cung-phat-trien-tu-duy-6-cuon","status":"publish","type":"product","link":"https:\/\/sachviet.eu\/en\/shop\/bo-sach-me-cung-phat-trien-tu-duy-6-cuon\/","title":{"rendered":"B\u1ed9 S\u00e1ch M\u00ea Cung Ph\u00e1t Tri\u1ec3n T\u01b0 Duy (6 Cu\u1ed1n)"},"content":{"rendered":"<p>\u0110\u00fang nh\u01b0 t\u00ean g\u1ecdi, M\u00ca CUNG PH\u00c1T TRI\u1ec2N T\u01af DUY l\u00e0 b\u1ed9 s\u00e1ch t\u01b0\u01a1ng t\u00e1c c\u1ef1c hay ho v\u00e0 si\u00eau h\u1eefu \u00edch, gi\u00fap c\u00e1c b\u1ea1n nh\u1ecf ph\u00e1t tri\u1ec3n kh\u1ea3 n\u0103ng quan s\u00e1t, kh\u1ea3 n\u0103ng ph\u00e2n t\u00edch, ph\u00e1n \u0111o\u00e1n, tr\u00ed t\u01b0\u1edfng t\u01b0\u1ee3ng\u2026 v\u00e0 nhi\u1ec1u k\u1ef9 n\u0103ng t\u01b0 duy, v\u1eadn \u0111\u1ed9ng quan tr\u1ecdng kh\u00e1c. V\u1edbi h\u00e0ng tr\u0103m th\u1eed th\u00e1ch m\u00ea cung theo c\u00e1c ch\u1ee7 \u0111\u1ec1 \u0111a d\u1ea1ng, phong ph\u00fa, \u0111\u01b0\u1ee3c th\u1ec3 hi\u1ec7n b\u1eb1ng h\u00ecnh v\u1ebd ng\u1ed9 ngh\u0129nh, m\u00e0u s\u1eafc sinh \u0111\u1ed9ng\u2026, ch\u00fang m\u00ecnh tin r\u1eb1ng b\u1ed9 s\u00e1ch n\u00e0y s\u1ebd \u0111em t\u1edbi cho c\u00e1c b\u00e9 nh\u1eefng gi\u00e2y ph\u00fat v\u1eeba h\u1ecdc v\u1eeba ch\u01a1i v\u00f4 c\u00f9ng ch\u1ea5t l\u01b0\u1ee3ng v\u00e0 hi\u1ec7u qu\u1ea3.<\/p>\n<p>M\u1eb7c d\u00f9 thu\u1ed9c d\u00f2ng s\u00e1ch thi\u1ebfu nhi, nh\u01b0ng nh\u1eefng cu\u1ed1n s\u00e1ch \u0111\u1ed9c \u0111\u00e1o n\u00e0y kh\u00f4ng ch\u1ec9 h\u1ea5p d\u1eabn v\u1edbi c\u00e1c b\u1ea1n nh\u1ecf t\u1eeb 3 tu\u1ed5i tr\u1edf l\u00ean \u0111\u00e2u, m\u00e0 b\u1ea5t k\u1ef3 \u00f4ng b\u1ed1 b\u00e0 m\u1eb9 n\u00e0o n\u1ebfu l\u1ee1 m\u00ea tr\u00f2 ch\u01a1i m\u00ea cung th\u00ec c\u0169ng s\u1ebd b\u1ecb \u201ch\u1ea1 g\u1ee5c\u201d ngay l\u1eadp t\u1ee9c \u0111\u1ea5y<\/p>\n","protected":false},"excerpt":{"rendered":"<p>\u0110\u00fang nh\u01b0 t\u00ean g\u1ecdi, M\u00ca CUNG PH\u00c1T TRI\u1ec2N T\u01af DUY l\u00e0 b\u1ed9 s\u00e1ch t\u01b0\u01a1ng t\u00e1c c\u1ef1c hay ho v\u00e0 si\u00eau h\u1eefu \u00edch, gi\u00fap c\u00e1c b\u1ea1n nh\u1ecf ph\u00e1t tri\u1ec3n kh\u1ea3 n\u0103ng quan s\u00e1t, kh\u1ea3 n\u0103ng ph\u00e2n t\u00edch, ph\u00e1n \u0111o\u00e1n, tr\u00ed t\u01b0\u1edfng t\u01b0\u1ee3ng\u2026 v\u00e0 nhi\u1ec1u k\u1ef9 n\u0103ng t\u01b0 duy, v\u1eadn \u0111\u1ed9ng quan tr\u1ecdng kh\u00e1c. V\u1edbi h\u00e0ng tr\u0103m th\u1eed th\u00e1ch m\u00ea cung theo c\u00e1c ch\u1ee7 \u0111\u1ec1 \u0111a d\u1ea1ng, phong ph\u00fa, \u0111\u01b0\u1ee3c th\u1ec3 hi\u1ec7n b\u1eb1ng h\u00ecnh v\u1ebd ng\u1ed9 ngh\u0129nh, m\u00e0u s\u1eafc sinh \u0111\u1ed9ng\u2026, ch\u00fang m\u00ecnh tin r\u1eb1ng b\u1ed9 s\u00e1ch n\u00e0y s\u1ebd \u0111em t\u1edbi cho c\u00e1c b\u00e9 nh\u1eefng gi\u00e2y ph\u00fat v\u1eeba h\u1ecdc v\u1eeba ch\u01a1i v\u00f4 c\u00f9ng ch\u1ea5t l\u01b0\u1ee3ng v\u00e0 hi\u1ec7u qu\u1ea3.<\/p>\n<p>M\u1eb7c d\u00f9 thu\u1ed9c d\u00f2ng s\u00e1ch thi\u1ebfu nhi, nh\u01b0ng nh\u1eefng cu\u1ed1n s\u00e1ch \u0111\u1ed9c \u0111\u00e1o n\u00e0y kh\u00f4ng ch\u1ec9 h\u1ea5p d\u1eabn v\u1edbi c\u00e1c b\u1ea1n nh\u1ecf t\u1eeb 3 tu\u1ed5i tr\u1edf l\u00ean \u0111\u00e2u, m\u00e0 b\u1ea5t k\u1ef3 \u00f4ng b\u1ed1 b\u00e0 m\u1eb9 n\u00e0o n\u1ebfu l\u1ee1 m\u00ea tr\u00f2 ch\u01a1i m\u00ea cung th\u00ec c\u0169ng s\u1ebd b\u1ecb \u201ch\u1ea1 g\u1ee5c\u201d ngay l\u1eadp t\u1ee9c \u0111\u1ea5y<\/p>\n","protected":false},"featured_media":22600,"template":"","meta":{"_acf_changed":false},"product_brand":[],"product_cat":[25,17,26],"product_tag":[83],"class_list":{"0":"post-22603","1":"product","2":"type-product","3":"status-publish","4":"has-post-thumbnail","6":"product_cat-nhi-dong-6-tuoi-12-tuoi","7":"product_cat-sach-danh-cho-cac-be","8":"product_cat-thieu-nien-11-tuoi-18-tuoi","9":"product_tag-sach-moi-xuat-ban","11":"first","12":"outofstock","13":"taxable","14":"shipping-taxable","15":"purchasable","16":"product-type-simple"},"supplier_id":null,"supplier_sku":"","barcode":null,"atum_controlled":true,"out_stock_date":"2023-08-19 12:50:41","out_stock_threshold":null,"inheritable":false,"inbound_stock":0,"stock_on_hold":0,"sold_today":0,"sales_last_days":0,"reserved_stock":0,"customer_returns":0,"warehouse_damage":0,"lost_in_post":0,"other_logs":0,"out_stock_days":893,"lost_sales":0,"has_location":false,"update_date":"2026-01-28T23:11:11","atum_locations":[],"atum_stock_status":"outofstock","restock_status":false,"low_stock_amount":"","sales_update_date":"2026-01-28T23:11:11","calc_backorders":null,"acf":{"publisher":{"ID":22599,"post_author":"1","post_date":"2023-01-21 21:59:34","post_date_gmt":"2023-01-21 19:59:34","post_content":"","post_title":"ViziBooks","post_excerpt":"","post_status":"publish","comment_status":"closed","ping_status":"closed","post_password":"","post_name":"vizibooks","to_ping":"","pinged":"","post_modified":"2023-01-21 21:59:34","post_modified_gmt":"2023-01-21 19:59:34","post_content_filtered":"","post_parent":0,"guid":"https:\/\/sachviet.eu\/nha-phat-hanh\/vizibooks\/","menu_order":0,"post_type":"publisher","post_mime_type":"","comment_count":"0","filter":"raw"}},"_links":{"self":[{"href":"https:\/\/sachviet.eu\/en\/wp-json\/wp\/v2\/product\/22603","targetHints":{"allow":["GET"]}}],"collection":[{"href":"https:\/\/sachviet.eu\/en\/wp-json\/wp\/v2\/product"}],"about":[{"href":"https:\/\/sachviet.eu\/en\/wp-json\/wp\/v2\/types\/product"}],"wp:featuredmedia":[{"embeddable":true,"href":"https:\/\/sachviet.eu\/en\/wp-json\/wp\/v2\/media\/22600"}],"wp:attachment":[{"href":"https:\/\/sachviet.eu\/en\/wp-json\/wp\/v2\/media?parent=22603"}],"wp:term":[{"taxonomy":"product_brand","embeddable":true,"href":"https:\/\/sachviet.eu\/en\/wp-json\/wp\/v2\/product_brand?post=22603"},{"taxonomy":"product_cat","embeddable":true,"href":"https:\/\/sachviet.eu\/en\/wp-json\/wp\/v2\/product_cat?post=22603"},{"taxonomy":"product_tag","embeddable":true,"href":"https:\/\/sachviet.eu\/en\/wp-json\/wp\/v2\/product_tag?post=22603"}],"curies":[{"name":"wp","href":"https:\/\/api.w.org\/{rel}","templated":true}]}}