{"id":22598,"date":"2023-01-21T21:59:29","date_gmt":"2023-01-21T19:59:29","guid":{"rendered":"https:\/\/sachviet.eu\/shop\/bua-toi-cua-julian-va-cao\/"},"modified":"2023-02-22T21:14:06","modified_gmt":"2023-02-22T19:14:06","slug":"bua-toi-cua-julian-va-cao","status":"publish","type":"product","link":"https:\/\/sachviet.eu\/en\/shop\/bua-toi-cua-julian-va-cao\/","title":{"rendered":"B\u1eefa T\u1ed1i C\u1ee7a Julian V\u00e0 C\u00e1o"},"content":{"rendered":"<p>Ch\u00fa chu\u1ed9t Julian \u0111\u00e3 s\u1ed1ng m\u1ed9t m\u00ecnh t\u1eeb r\u1ea5t l\u00e2u r\u1ed3i v\u00e0 c\u1eadu \u1ea5y th\u00edch cu\u1ed9c s\u1ed1ng nh\u01b0 v\u1eady.<br \/>\nNh\u01b0ng khi c\u00f3 m\u1ed9t v\u1ecb kh\u00e1ch b\u1ea5t ng\u1edd xu\u1ea5t hi\u1ec7n v\u00e0o gi\u1edd \u0103n t\u1ed1i, li\u1ec7u c\u1eadu \u1ea5y c\u00f3 th\u1ec3 quay l\u1ea1i v\u1edbi n\u1ebfp s\u1ed1ng tr\u01b0\u1edbc \u0111\u00e2y c\u1ee7a m\u00ecnh?<\/p>\n<p>Hay c\u1eadu \u1ea5y s\u1ebd nh\u1eadn ra r\u1eb1ng c\u00f3 l\u1ebd, th\u1ec9nh tho\u1ea3ng v\u00e0o l\u00fac n\u00e0y l\u00fac kia, c\u00f3 m\u1ed9t ng\u01b0\u1eddi b\u1ea1n \u0111\u1ec3 \u0103n t\u1ed1i c\u00f9ng th\u00ec c\u0169ng t\u1ed1t \u0111\u1ea5y ch\u1ee9\u2026<\/p>\n","protected":false},"excerpt":{"rendered":"<p>Ch\u00fa chu\u1ed9t Julian \u0111\u00e3 s\u1ed1ng m\u1ed9t m\u00ecnh t\u1eeb r\u1ea5t l\u00e2u r\u1ed3i v\u00e0 c\u1eadu \u1ea5y th\u00edch cu\u1ed9c s\u1ed1ng nh\u01b0 v\u1eady.<br \/>\nNh\u01b0ng khi c\u00f3 m\u1ed9t v\u1ecb kh\u00e1ch b\u1ea5t ng\u1edd xu\u1ea5t hi\u1ec7n v\u00e0o gi\u1edd \u0103n t\u1ed1i, li\u1ec7u c\u1eadu \u1ea5y c\u00f3 th\u1ec3 quay l\u1ea1i v\u1edbi n\u1ebfp s\u1ed1ng tr\u01b0\u1edbc \u0111\u00e2y c\u1ee7a m\u00ecnh?<\/p>\n<p>Hay c\u1eadu \u1ea5y s\u1ebd nh\u1eadn ra r\u1eb1ng c\u00f3 l\u1ebd, th\u1ec9nh tho\u1ea3ng v\u00e0o l\u00fac n\u00e0y l\u00fac kia, c\u00f3 m\u1ed9t ng\u01b0\u1eddi b\u1ea1n \u0111\u1ec3 \u0103n t\u1ed1i c\u00f9ng th\u00ec c\u0169ng t\u1ed1t \u0111\u1ea5y ch\u1ee9\u2026<\/p>\n","protected":false},"featured_media":22597,"template":"","meta":{"_acf_changed":false},"product_brand":[],"product_cat":[25,17,39],"product_tag":[],"class_list":{"0":"post-22598","1":"product","2":"type-product","3":"status-publish","4":"has-post-thumbnail","6":"product_cat-nhi-dong-6-tuoi-12-tuoi","7":"product_cat-sach-danh-cho-cac-be","8":"product_cat-sach-song-ngu-anh-viet","10":"first","11":"outofstock","12":"taxable","13":"shipping-taxable","14":"purchasable","15":"product-type-simple"},"supplier_id":null,"supplier_sku":"","barcode":null,"atum_controlled":true,"out_stock_date":"2023-02-22 19:14:06","out_stock_threshold":null,"inheritable":false,"inbound_stock":0,"stock_on_hold":0,"sold_today":0,"sales_last_days":0,"reserved_stock":0,"customer_returns":0,"warehouse_damage":0,"lost_in_post":0,"other_logs":0,"out_stock_days":1071,"lost_sales":0,"has_location":false,"update_date":"2026-01-28T23:11:11","atum_locations":[],"atum_stock_status":"outofstock","restock_status":false,"low_stock_amount":"","sales_update_date":"2026-01-28T23:11:11","calc_backorders":null,"acf":{"publisher":{"ID":1544,"post_author":"1","post_date":"2021-02-17 01:24:05","post_date_gmt":"2021-02-16 23:24:05","post_content":"","post_title":"\u0110\u00f4ng A","post_excerpt":"","post_status":"publish","comment_status":"closed","ping_status":"closed","post_password":"","post_name":"dong-a","to_ping":"","pinged":"","post_modified":"2021-02-17 01:24:05","post_modified_gmt":"2021-02-16 23:24:05","post_content_filtered":"","post_parent":0,"guid":"https:\/\/sachviet.eu\/nha-phat-hanh\/dong-a\/","menu_order":0,"post_type":"publisher","post_mime_type":"","comment_count":"0","filter":"raw"}},"_links":{"self":[{"href":"https:\/\/sachviet.eu\/en\/wp-json\/wp\/v2\/product\/22598","targetHints":{"allow":["GET"]}}],"collection":[{"href":"https:\/\/sachviet.eu\/en\/wp-json\/wp\/v2\/product"}],"about":[{"href":"https:\/\/sachviet.eu\/en\/wp-json\/wp\/v2\/types\/product"}],"wp:featuredmedia":[{"embeddable":true,"href":"https:\/\/sachviet.eu\/en\/wp-json\/wp\/v2\/media\/22597"}],"wp:attachment":[{"href":"https:\/\/sachviet.eu\/en\/wp-json\/wp\/v2\/media?parent=22598"}],"wp:term":[{"taxonomy":"product_brand","embeddable":true,"href":"https:\/\/sachviet.eu\/en\/wp-json\/wp\/v2\/product_brand?post=22598"},{"taxonomy":"product_cat","embeddable":true,"href":"https:\/\/sachviet.eu\/en\/wp-json\/wp\/v2\/product_cat?post=22598"},{"taxonomy":"product_tag","embeddable":true,"href":"https:\/\/sachviet.eu\/en\/wp-json\/wp\/v2\/product_tag?post=22598"}],"curies":[{"name":"wp","href":"https:\/\/api.w.org\/{rel}","templated":true}]}}