{"id":22596,"date":"2023-01-21T21:59:22","date_gmt":"2023-01-21T19:59:22","guid":{"rendered":"https:\/\/sachviet.eu\/shop\/bi-mat-cua-hon-da-den\/"},"modified":"2023-05-20T18:11:21","modified_gmt":"2023-05-20T15:11:21","slug":"bi-mat-cua-hon-da-den","status":"publish","type":"product","link":"https:\/\/sachviet.eu\/en\/shop\/bi-mat-cua-hon-da-den\/","title":{"rendered":"B\u00ed m\u1eadt c\u1ee7a H\u00f2n \u0110\u00e1 \u0110en"},"content":{"rendered":"<p>C\u00f4 b\u00e9 Erin b\u1ecb h\u1ea5p d\u1eabn b\u1edfi huy\u1ec1n tho\u1ea1i v\u1ec1 H\u00d2N \u0110\u00c1 \u0110EN &#8211; m\u1ed9t v\u1eadt th\u1ec3 to l\u1edbn, \u0111en ng\u00f2m v\u00e0 g\u1ed3 gh\u1ec1, s\u1eafc nh\u1ecdn \u1edf t\u00edt ngo\u00e0i bi\u1ec3n xa. C\u00e1c ng\u01b0 d\u00e2n n\u00f3i r\u1eb1ng n\u00f3 s\u1ebd ph\u00e1 h\u1ee7y b\u1ea5t c\u1ee9 con t\u00e0u n\u00e0o d\u00e1m \u0111\u1ebfn g\u1ea7n! Nh\u01b0ng li\u1ec7u \u0111\u00f3 c\u00f3 ph\u1ea3i l\u00e0 s\u1ef1 th\u1eadt? M\u1ed9t ng\u00e0y n\u1ecd, Erin l\u1ebbn l\u00ean t\u00e0u \u0111\u00e1nh c\u00e1 c\u1ee7a m\u1eb9 v\u00e0 ph\u00e1t hi\u1ec7n\u2026<\/p>\n<p>\u0110\u00e2y l\u00e0 m\u1ed9t c\u00e2u chuy\u1ec7n c\u1ed5 t\u00edch hi\u1ec7n \u0111\u1ea1i, \u0111\u1ea7y t\u00ednh phi\u00eau l\u01b0u, kh\u00e1m ph\u00e1 m\u1ed1i quan h\u1ec7 \u0111\u1eb7c bi\u1ec7t m\u00e0 con ng\u01b0\u1eddi c\u00f3 th\u1ec3 g\u00e2y d\u1ef1ng n\u00ean v\u1edbi th\u1ebf gi\u1edbi t\u1ef1 nhi\u00ean xung quanh.<\/p>\n","protected":false},"excerpt":{"rendered":"<p>C\u00f4 b\u00e9 Erin b\u1ecb h\u1ea5p d\u1eabn b\u1edfi huy\u1ec1n tho\u1ea1i v\u1ec1 H\u00d2N \u0110\u00c1 \u0110EN &#8211; m\u1ed9t v\u1eadt th\u1ec3 to l\u1edbn, \u0111en ng\u00f2m v\u00e0 g\u1ed3 gh\u1ec1, s\u1eafc nh\u1ecdn \u1edf t\u00edt ngo\u00e0i bi\u1ec3n xa. C\u00e1c ng\u01b0 d\u00e2n n\u00f3i r\u1eb1ng n\u00f3 s\u1ebd ph\u00e1 h\u1ee7y b\u1ea5t c\u1ee9 con t\u00e0u n\u00e0o d\u00e1m \u0111\u1ebfn g\u1ea7n! Nh\u01b0ng li\u1ec7u \u0111\u00f3 c\u00f3 ph\u1ea3i l\u00e0 s\u1ef1 th\u1eadt? M\u1ed9t ng\u00e0y n\u1ecd, Erin l\u1ebbn l\u00ean t\u00e0u \u0111\u00e1nh c\u00e1 c\u1ee7a m\u1eb9 v\u00e0 ph\u00e1t hi\u1ec7n\u2026<\/p>\n<p>\u0110\u00e2y l\u00e0 m\u1ed9t c\u00e2u chuy\u1ec7n c\u1ed5 t\u00edch hi\u1ec7n \u0111\u1ea1i, \u0111\u1ea7y t\u00ednh phi\u00eau l\u01b0u, kh\u00e1m ph\u00e1 m\u1ed1i quan h\u1ec7 \u0111\u1eb7c bi\u1ec7t m\u00e0 con ng\u01b0\u1eddi c\u00f3 th\u1ec3 g\u00e2y d\u1ef1ng n\u00ean v\u1edbi th\u1ebf gi\u1edbi t\u1ef1 nhi\u00ean xung quanh.<\/p>\n","protected":false},"featured_media":22645,"template":"","meta":{"_acf_changed":false},"product_brand":[],"product_cat":[25,17],"product_tag":[83],"class_list":{"0":"post-22596","1":"product","2":"type-product","3":"status-publish","4":"has-post-thumbnail","6":"product_cat-nhi-dong-6-tuoi-12-tuoi","7":"product_cat-sach-danh-cho-cac-be","8":"product_tag-sach-moi-xuat-ban","10":"first","11":"outofstock","12":"taxable","13":"shipping-taxable","14":"purchasable","15":"product-type-simple"},"supplier_id":null,"supplier_sku":"","barcode":null,"atum_controlled":true,"out_stock_date":"2023-05-20 15:11:21","out_stock_threshold":null,"inheritable":false,"inbound_stock":0,"stock_on_hold":0,"sold_today":0,"sales_last_days":0,"reserved_stock":0,"customer_returns":0,"warehouse_damage":0,"lost_in_post":0,"other_logs":0,"out_stock_days":984,"lost_sales":701,"has_location":false,"update_date":"2026-01-28T23:11:11","atum_locations":[],"atum_stock_status":"outofstock","restock_status":false,"low_stock_amount":"","sales_update_date":"2026-01-28T23:11:11","calc_backorders":null,"acf":{"publisher":{"ID":1544,"post_author":"1","post_date":"2021-02-17 01:24:05","post_date_gmt":"2021-02-16 23:24:05","post_content":"","post_title":"\u0110\u00f4ng A","post_excerpt":"","post_status":"publish","comment_status":"closed","ping_status":"closed","post_password":"","post_name":"dong-a","to_ping":"","pinged":"","post_modified":"2021-02-17 01:24:05","post_modified_gmt":"2021-02-16 23:24:05","post_content_filtered":"","post_parent":0,"guid":"https:\/\/sachviet.eu\/nha-phat-hanh\/dong-a\/","menu_order":0,"post_type":"publisher","post_mime_type":"","comment_count":"0","filter":"raw"}},"_links":{"self":[{"href":"https:\/\/sachviet.eu\/en\/wp-json\/wp\/v2\/product\/22596","targetHints":{"allow":["GET"]}}],"collection":[{"href":"https:\/\/sachviet.eu\/en\/wp-json\/wp\/v2\/product"}],"about":[{"href":"https:\/\/sachviet.eu\/en\/wp-json\/wp\/v2\/types\/product"}],"wp:featuredmedia":[{"embeddable":true,"href":"https:\/\/sachviet.eu\/en\/wp-json\/wp\/v2\/media\/22645"}],"wp:attachment":[{"href":"https:\/\/sachviet.eu\/en\/wp-json\/wp\/v2\/media?parent=22596"}],"wp:term":[{"taxonomy":"product_brand","embeddable":true,"href":"https:\/\/sachviet.eu\/en\/wp-json\/wp\/v2\/product_brand?post=22596"},{"taxonomy":"product_cat","embeddable":true,"href":"https:\/\/sachviet.eu\/en\/wp-json\/wp\/v2\/product_cat?post=22596"},{"taxonomy":"product_tag","embeddable":true,"href":"https:\/\/sachviet.eu\/en\/wp-json\/wp\/v2\/product_tag?post=22596"}],"curies":[{"name":"wp","href":"https:\/\/api.w.org\/{rel}","templated":true}]}}