{"id":22595,"date":"2023-01-21T21:55:36","date_gmt":"2023-01-21T19:55:36","guid":{"rendered":"https:\/\/sachviet.eu\/shop\/the-little-gardener-nguoi-lam-vuon-ti-hon-song-ngu-anh-viet\/"},"modified":"2024-08-19T11:24:53","modified_gmt":"2024-08-19T08:24:53","slug":"the-little-gardener-nguoi-lam-vuon-ti-hon-song-ngu-anh-viet","status":"publish","type":"product","link":"https:\/\/sachviet.eu\/en\/shop\/the-little-gardener-nguoi-lam-vuon-ti-hon-song-ngu-anh-viet\/","title":{"rendered":"The Little Gardener &#8211; Ng\u01b0\u1eddi l\u00e0m v\u01b0\u1eddn t\u00ed hon (Song ng\u1eef Anh &#8211; Vi\u1ec7t)"},"content":{"rendered":"<p>Ng\u00e0y x\u01b0a c\u00f3 m\u1ed9t c\u1eadu b\u00e9 l\u00e0m v\u01b0\u1eddn v\u00e0 khu v\u01b0\u1eddn l\u00e0 t\u1ea5t c\u1ea3 \u0111\u1ed1i v\u1edbi c\u1eadu. C\u1eadu l\u00e0m vi\u1ec7c ch\u0103m ch\u1ec9, r\u1ea5t ch\u0103m ch\u1ec9, nh\u01b0ng c\u1eadu qu\u00e1 nh\u1ecf b\u00e9 (ho\u1eb7c \u00edt nh\u1ea5t l\u00e0 c\u1eadu \u1ea5y c\u1ea3m th\u1ea5y m\u00ecnh nh\u1ecf b\u00e9). Trong c\u00e2u chuy\u1ec7n v\u00f4 c\u00f9ng \u00eam \u0111\u1ec1m n\u00e0y, Emily Hughes, t\u00e1c gi\u1ea3 r\u1ea5t \u0111\u01b0\u1ee3c hoan ngh\u00eanh nh\u1edd t\u00e1c ph\u1ea9m Wild, m\u1ed9t l\u1ea7n n\u1eefa \u0111\u01b0a ch\u00fang ta \u0111\u1ebfn m\u1ed9t th\u1ebf gi\u1edbi kh\u00e1c, nh\u01b0ng v\u1eabn tr\u00e0n \u0111\u1ea7y s\u1ef1 di\u1ec7u k\u00ec v\u00e0 m\u1ed9ng t\u01b0\u1edfng.<\/p>\n","protected":false},"excerpt":{"rendered":"<p>Ng\u00e0y x\u01b0a c\u00f3 m\u1ed9t c\u1eadu b\u00e9 l\u00e0m v\u01b0\u1eddn v\u00e0 khu v\u01b0\u1eddn l\u00e0 t\u1ea5t c\u1ea3 \u0111\u1ed1i v\u1edbi c\u1eadu. C\u1eadu l\u00e0m vi\u1ec7c ch\u0103m ch\u1ec9, r\u1ea5t ch\u0103m ch\u1ec9, nh\u01b0ng c\u1eadu qu\u00e1 nh\u1ecf b\u00e9 (ho\u1eb7c \u00edt nh\u1ea5t l\u00e0 c\u1eadu \u1ea5y c\u1ea3m th\u1ea5y m\u00ecnh nh\u1ecf b\u00e9). Trong c\u00e2u chuy\u1ec7n v\u00f4 c\u00f9ng \u00eam \u0111\u1ec1m n\u00e0y, Emily Hughes, t\u00e1c gi\u1ea3 r\u1ea5t \u0111\u01b0\u1ee3c hoan ngh\u00eanh nh\u1edd t\u00e1c ph\u1ea9m Wild, m\u1ed9t l\u1ea7n n\u1eefa \u0111\u01b0a ch\u00fang ta \u0111\u1ebfn m\u1ed9t th\u1ebf gi\u1edbi kh\u00e1c, nh\u01b0ng v\u1eabn tr\u00e0n \u0111\u1ea7y s\u1ef1 di\u1ec7u k\u00ec v\u00e0 m\u1ed9ng t\u01b0\u1edfng.<\/p>\n","protected":false},"featured_media":22591,"template":"","meta":{"_acf_changed":false},"product_brand":[],"product_cat":[25,17,39],"product_tag":[83],"class_list":{"0":"post-22595","1":"product","2":"type-product","3":"status-publish","4":"has-post-thumbnail","6":"product_cat-nhi-dong-6-tuoi-12-tuoi","7":"product_cat-sach-danh-cho-cac-be","8":"product_cat-sach-song-ngu-anh-viet","9":"product_tag-sach-moi-xuat-ban","11":"first","12":"outofstock","13":"taxable","14":"shipping-taxable","15":"purchasable","16":"product-type-simple"},"supplier_id":null,"supplier_sku":"","barcode":null,"atum_controlled":true,"out_stock_date":"2024-08-19 08:24:53","out_stock_threshold":null,"inheritable":false,"inbound_stock":0,"stock_on_hold":0,"sold_today":0,"sales_last_days":0,"reserved_stock":0,"customer_returns":0,"warehouse_damage":0,"lost_in_post":0,"other_logs":0,"out_stock_days":527,"lost_sales":0,"has_location":false,"update_date":"2026-01-28T23:11:22","atum_locations":[],"atum_stock_status":"outofstock","restock_status":false,"low_stock_amount":"","sales_update_date":"2026-01-28T23:11:22","calc_backorders":null,"acf":{"publisher":{"ID":1544,"post_author":"1","post_date":"2021-02-17 01:24:05","post_date_gmt":"2021-02-16 23:24:05","post_content":"","post_title":"\u0110\u00f4ng A","post_excerpt":"","post_status":"publish","comment_status":"closed","ping_status":"closed","post_password":"","post_name":"dong-a","to_ping":"","pinged":"","post_modified":"2021-02-17 01:24:05","post_modified_gmt":"2021-02-16 23:24:05","post_content_filtered":"","post_parent":0,"guid":"https:\/\/sachviet.eu\/nha-phat-hanh\/dong-a\/","menu_order":0,"post_type":"publisher","post_mime_type":"","comment_count":"0","filter":"raw"}},"_links":{"self":[{"href":"https:\/\/sachviet.eu\/en\/wp-json\/wp\/v2\/product\/22595","targetHints":{"allow":["GET"]}}],"collection":[{"href":"https:\/\/sachviet.eu\/en\/wp-json\/wp\/v2\/product"}],"about":[{"href":"https:\/\/sachviet.eu\/en\/wp-json\/wp\/v2\/types\/product"}],"wp:featuredmedia":[{"embeddable":true,"href":"https:\/\/sachviet.eu\/en\/wp-json\/wp\/v2\/media\/22591"}],"wp:attachment":[{"href":"https:\/\/sachviet.eu\/en\/wp-json\/wp\/v2\/media?parent=22595"}],"wp:term":[{"taxonomy":"product_brand","embeddable":true,"href":"https:\/\/sachviet.eu\/en\/wp-json\/wp\/v2\/product_brand?post=22595"},{"taxonomy":"product_cat","embeddable":true,"href":"https:\/\/sachviet.eu\/en\/wp-json\/wp\/v2\/product_cat?post=22595"},{"taxonomy":"product_tag","embeddable":true,"href":"https:\/\/sachviet.eu\/en\/wp-json\/wp\/v2\/product_tag?post=22595"}],"curies":[{"name":"wp","href":"https:\/\/api.w.org\/{rel}","templated":true}]}}