{"id":22586,"date":"2023-01-21T21:55:12","date_gmt":"2023-01-21T19:55:12","guid":{"rendered":"https:\/\/sachviet.eu\/shop\/combo-6-cuon-gieo-nhung-mam-xanh\/"},"modified":"2023-01-27T15:16:39","modified_gmt":"2023-01-27T13:16:39","slug":"combo-6-cuon-gieo-nhung-mam-xanh","status":"publish","type":"product","link":"https:\/\/sachviet.eu\/en\/shop\/combo-6-cuon-gieo-nhung-mam-xanh\/","title":{"rendered":"Combo 6 Cu\u1ed1n Gieo Nh\u1eefng M\u1ea7m Xanh"},"content":{"rendered":"<p>S\u00e1ch vi\u1ebft cho tr\u1ebb con, \u0111\u00fang gi\u1ecdng c\u1ee7a tr\u1ebb con, \u0111\u00fang c\u00e1ch c\u1ee7a tr\u1ebb con, \u0111\u00fang \u0111i\u1ec7u c\u1ee7a tr\u1ebb con, nh\u01b0ng c\u0169ng kh\u00f4ng h\u1ec1 tr\u1ebb con ch\u00fat n\u00e0o. Ng\u01b0\u1eddi l\u1edbn v\u1edbi l\u00f2ng d\u1ea1 r\u1ed1i b\u1edfi ng\u1ed5n ngang tr\u0103m m\u1ed1i nh\u01b0 m\u00ecn \u0111\u00e2y m\u00e0 khi \u0111\u1ecdc c\u0169ng c\u1ea3m th\u1ea5y \u0111\u01b0\u1ee3c g\u1ee1 d\u1ea7n t\u1eebng m\u1ed1i m\u1ed9t<\/p>\n<p>Combo 6 cu\u1ed1n GIEO NH\u1eeeNG M\u1ea6M XANH<\/p>\n","protected":false},"excerpt":{"rendered":"<p>S\u00e1ch vi\u1ebft cho tr\u1ebb con, \u0111\u00fang gi\u1ecdng c\u1ee7a tr\u1ebb con, \u0111\u00fang c\u00e1ch c\u1ee7a tr\u1ebb con, \u0111\u00fang \u0111i\u1ec7u c\u1ee7a tr\u1ebb con, nh\u01b0ng c\u0169ng kh\u00f4ng h\u1ec1 tr\u1ebb con ch\u00fat n\u00e0o. Ng\u01b0\u1eddi l\u1edbn v\u1edbi l\u00f2ng d\u1ea1 r\u1ed1i b\u1edfi ng\u1ed5n ngang tr\u0103m m\u1ed1i nh\u01b0 m\u00ecn \u0111\u00e2y m\u00e0 khi \u0111\u1ecdc c\u0169ng c\u1ea3m th\u1ea5y \u0111\u01b0\u1ee3c g\u1ee1 d\u1ea7n t\u1eebng m\u1ed1i m\u1ed9t<\/p>\n<p>Combo 6 cu\u1ed1n GIEO NH\u1eeeNG M\u1ea6M XANH<\/p>\n","protected":false},"featured_media":22585,"template":"","meta":{"_acf_changed":false},"product_brand":[],"product_cat":[25,17],"product_tag":[83],"class_list":{"0":"post-22586","1":"product","2":"type-product","3":"status-publish","4":"has-post-thumbnail","6":"product_cat-nhi-dong-6-tuoi-12-tuoi","7":"product_cat-sach-danh-cho-cac-be","8":"product_tag-sach-moi-xuat-ban","10":"first","11":"outofstock","12":"taxable","13":"shipping-taxable","14":"purchasable","15":"product-type-simple"},"supplier_id":null,"supplier_sku":"","barcode":null,"atum_controlled":true,"out_stock_date":"2023-01-27 13:16:39","out_stock_threshold":null,"inheritable":false,"inbound_stock":0,"stock_on_hold":0,"sold_today":0,"sales_last_days":0,"reserved_stock":0,"customer_returns":0,"warehouse_damage":0,"lost_in_post":0,"other_logs":0,"out_stock_days":1097,"lost_sales":0,"has_location":false,"update_date":"2026-01-28T23:11:10","atum_locations":[],"atum_stock_status":"outofstock","restock_status":false,"low_stock_amount":"","sales_update_date":"2026-01-28T23:11:10","calc_backorders":null,"acf":{"publisher":{"ID":1544,"post_author":"1","post_date":"2021-02-17 01:24:05","post_date_gmt":"2021-02-16 23:24:05","post_content":"","post_title":"\u0110\u00f4ng A","post_excerpt":"","post_status":"publish","comment_status":"closed","ping_status":"closed","post_password":"","post_name":"dong-a","to_ping":"","pinged":"","post_modified":"2021-02-17 01:24:05","post_modified_gmt":"2021-02-16 23:24:05","post_content_filtered":"","post_parent":0,"guid":"https:\/\/sachviet.eu\/nha-phat-hanh\/dong-a\/","menu_order":0,"post_type":"publisher","post_mime_type":"","comment_count":"0","filter":"raw"}},"_links":{"self":[{"href":"https:\/\/sachviet.eu\/en\/wp-json\/wp\/v2\/product\/22586","targetHints":{"allow":["GET"]}}],"collection":[{"href":"https:\/\/sachviet.eu\/en\/wp-json\/wp\/v2\/product"}],"about":[{"href":"https:\/\/sachviet.eu\/en\/wp-json\/wp\/v2\/types\/product"}],"wp:featuredmedia":[{"embeddable":true,"href":"https:\/\/sachviet.eu\/en\/wp-json\/wp\/v2\/media\/22585"}],"wp:attachment":[{"href":"https:\/\/sachviet.eu\/en\/wp-json\/wp\/v2\/media?parent=22586"}],"wp:term":[{"taxonomy":"product_brand","embeddable":true,"href":"https:\/\/sachviet.eu\/en\/wp-json\/wp\/v2\/product_brand?post=22586"},{"taxonomy":"product_cat","embeddable":true,"href":"https:\/\/sachviet.eu\/en\/wp-json\/wp\/v2\/product_cat?post=22586"},{"taxonomy":"product_tag","embeddable":true,"href":"https:\/\/sachviet.eu\/en\/wp-json\/wp\/v2\/product_tag?post=22586"}],"curies":[{"name":"wp","href":"https:\/\/api.w.org\/{rel}","templated":true}]}}