{"id":22584,"date":"2023-01-21T21:55:06","date_gmt":"2023-01-21T19:55:06","guid":{"rendered":"https:\/\/sachviet.eu\/shop\/bo-sach-truyen-hay-ba-ke-hang-dem-8-cuon\/"},"modified":"2023-01-27T15:16:39","modified_gmt":"2023-01-27T13:16:39","slug":"bo-sach-truyen-hay-ba-ke-hang-dem-8-cuon","status":"publish","type":"product","link":"https:\/\/sachviet.eu\/en\/shop\/bo-sach-truyen-hay-ba-ke-hang-dem-8-cuon\/","title":{"rendered":"B\u1ed9 S\u00e1ch Truy\u1ec7n Hay B\u00e0 K\u1ec3 H\u1eb1ng \u0110\u00eam (8 Cu\u1ed1n)"},"content":{"rendered":"<p>B\u00e0 g\u00e0 m\u00e1i c\u00f3 m\u1ed9t \u0111\u00e0n ch\u00e1u nh\u1ecf. T\u1ed1i t\u1ed1i, tr\u01b0\u1edbc gi\u1edd \u0111i ng\u1ee7, b\u00e0 \u0111\u1ec1u ngh\u0129 ra nh\u1eefng c\u00e2u chuy\u1ec7n v\u00f4 c\u00f9ng th\u00fa v\u1ecb \u0111\u1ec3 k\u1ec3 cho c\u00e1c ch\u00e1u nghe. M\u1ed7i c\u00e2u chuy\u1ec7n c\u1ee7a b\u00e0 gi\u1ed1ng nh\u01b0 m\u1ed9t l\u1eddi ru \u00eam d\u1ecbu, \u0111\u01b0a \u0111\u00e0n ch\u00e1u v\u00e0o gi\u1ea5c ng\u1ee7 ngon l\u00e0nh. <\/p>\n<p>Truy\u1ec7n hay b\u00e0 k\u1ec3 h\u1eb1ng \u0111\u00eam ch\u00ednh l\u00e0 l\u1ef1a ch\u1ecdn tuy\u1ec7t v\u1eddi \u0111\u1ec3 b\u1ea1n \u0111\u1ecdc c\u00f9ng b\u00e9 y\u00eau m\u1ed7i t\u1ed1i. L\u1ed1i k\u1ec3 chuy\u1ec7n d\u00ed d\u1ecfm, \u0111\u00e1ng y\u00eau, c\u00e2u t\u1eeb gi\u1ea3n d\u1ecb, trong s\u00e1ng\u2026 b\u1ed9 s\u00e1ch s\u1ebd r\u1ea5t t\u1ed1t \u0111\u1ec3 tr\u1ebb t\u00edch lu\u1ef9 v\u00e0 ph\u00e1t tri\u1ec3n ng\u00f4n ng\u1eef. <\/p>\n<p>TR\u1eccN B\u1ed8 8 CU\u1ed0N:<\/p>\n<p>Cu\u1ed1n S\u01b0 t\u1eed ch\u1ec9 th\u00edch n\u00f3i \u201cKh\u00f4ng\u201d: T\u1ed1i nay, b\u00e0 g\u00e0 m\u00e1i k\u1ec3 cho c\u00e1c ch\u00e1u nghe chuy\u1ec7n v\u1ec1 ch\u00fa s\u01b0 t\u1eed nh\u1ecf ch\u1ec9 th\u00edch n\u00f3i \u201cKh\u00f4ng\u201d: kh\u00f4ng th\u1ebf n\u00e0y, kh\u00f4ng th\u1ebf kia\u2026 c\u1ef1c k\u00ec b\u01b0\u1edbng b\u1ec9nh. Th\u1ebf r\u1ed3i, khi c\u1eadu \u1ea5y su\u00fdt n\u1eefa ph\u1ea3i s\u1ed1ng v\u1edbi c\u00f4 b\u1ea1ch tu\u1ed9c tua d\u00e0i \u0111\u00e1ng s\u1ee3 th\u00ec c\u1eadu \u1ea5y \u0111\u00e3 ph\u1ea3i thay \u0111\u1ed5i \u0111\u1ea5y! B\u00e9 h\u00e3y nghe c\u00e2u chuy\u1ec7n v\u1ec1 c\u1eadu \u1ea5y nh\u00e9!<br \/>\nCu\u1ed1n G\u1ea5u nh\u1ecf \u0111\u00f2i g\u1ed1i \u00f4m: T\u1ed1i nay, b\u00e0 g\u00e0 m\u00e1i k\u1ec3 cho c\u00e1c ch\u00e1u nghe chuy\u1ec7n v\u1ec1 ch\u00fa g\u1ea5u nh\u1ecf s\u1ed1ng t\u1ea1i B\u1eafc C\u1ef1c xa x\u00f4i, nh\u1ea5t \u0111\u1ecbnh kh\u00f4ng ch\u1ecbu \u0111i ng\u1ee7 v\u00ec thi\u1ebfu g\u1ed1i \u00f4m. C\u1eadu c\u1ee9 la h\u00e9t m\u00e3i khi\u1ebfn c\u00e1c b\u1ea1n kh\u00e1c c\u1ef1c k\u00ec \u0111au \u0111\u1ea7u, n\u00ean ph\u1ea3i t\u00ecm c\u00e1ch t\u00ecm h\u1ebft g\u1ed1i \u00f4m n\u00e0y \u0111\u1ebfn g\u1ed1i \u00f4m kh\u00e1c m\u00e0 v\u1eabn kh\u00f4ng v\u1eeba \u00fd c\u1eadu. V\u1eady cu\u1ed1i c\u00f9ng, g\u1ea5u nh\u1ecf c\u00f3 t\u00ecm \u0111\u01b0\u1ee3c g\u1ed1i \u00f4m \u01b0ng \u00fd cho m\u00ecnh kh\u00f4ng nh\u1ec9?<br \/>\nCu\u1ed1n Chim con t\u00e8 \u01b0\u1edbt t\u1ed5: T\u1ed1i nay, b\u00e0 g\u00e0 m\u00e1i k\u1ec3 cho c\u00e1c ch\u00e1u nghe chuy\u1ec7n v\u1ec1 b\u1ea1n chim nh\u1ecf. Tr\u01b0\u1edbc khi \u0111i ng\u1ee7, c\u1eadu kh\u00f4ng ch\u1ecbu \u0111i t\u00e8 n\u00ean \u0111\u1ebfn n\u1eeda \u0111\u00eam c\u1eadu \u0111\u00e3 t\u00e8 d\u1ea7m l\u00eanh l\u00e1ng c\u1ea3 t\u1ed5. N\u01b0\u1edbc t\u00e8 c\u1ee7a c\u1eadu \u0111\u00e3 khi\u1ebfn c\u00e1c con v\u1eadt xung quanh ph\u1ea3i m\u1ed9t phen n\u00e1o lo\u1ea1n. T\u1eeb \u0111\u00f3, c\u1eadu lu\u00f4n nh\u1edb: Ph\u1ea3i \u0111i t\u00e8 tr\u01b0\u1edbc khi \u0111i ng\u1ee7.<br \/>\nCu\u1ed1n C\u00e1 s\u1ea5u s\u1ee3 n\u01b0\u1edbc: T\u1ed1i nay, b\u00e0 g\u00e0 m\u00e1i k\u1ec3 cho c\u00e1c ch\u00e1u nghe chuy\u1ec7n v\u1ec1 anh ch\u00e0ng c\u00e1 s\u1ea5u s\u1ee3 n\u01b0\u1edbc. C\u1ee9 m\u1ed7i l\u1ea7n xu\u1ed1ng n\u01b0\u1edbc, anh ch\u00e0ng c\u00e1 s\u1ea5u l\u1ea1i s\u1ee3 h\u00e3i v\u00e0 x\u00ec h\u01a1i khi\u1ebfn c\u00e1c b\u1ea1n xung quanh kh\u00f4ng th\u1ec3 ch\u1ecbu n\u1ed5i. H\u1ecd \u0111\u00e3 t\u00ecm c\u00e1ch \u0111\u1ec3 c\u00e1 s\u1ea5u t\u1eeb ch\u1ed7 s\u1ee3 n\u01b0\u1edbc tr\u1edf th\u00e0nh m\u1ed9t ng\u01b0\u1eddi h\u00f9ng d\u01b0\u1edbi n\u01b0\u1edbc \u0111\u1ea5y!<br \/>\n Cu\u1ed1n C\u1eebu con kh\u00f3 ng\u1ee7: T\u1ed1i nay, b\u00e0 g\u00e0 m\u00e1i k\u1ec3 cho c\u00e1c ch\u00e1u nghe chuy\u1ec7n v\u1ec1 m\u1ed9t b\u1ea1n c\u1eebu nh\u1ecf kh\u00f3 ng\u1ee7 n\u00ean \u0111\u00e3 ngh\u0129 ra c\u00e1ch \u0111\u1ebfm\u2026 voi \u0111\u1ec3 d\u1ec5 ng\u1ee7 h\u01a1n. V\u00e0 b\u1ea1n c\u1eebu nh\u1ecf \u0111\u00e3 nh\u00ecn th\u1ea5y nh\u1eefng ch\u00fa voi v\u00f4 c\u00f9ng k\u00ec l\u1ea1, ng\u1ed9 ngh\u0129nh. B\u00e9 h\u00e3y xem nh\u1eefng ch\u00fa voi \u0111\u00f3 nh\u01b0 th\u1ebf n\u00e0o nh\u00e9!<br \/>\nCu\u1ed1n G\u1ea5u t\u00fai \u01b0a n\u00f3i b\u1eady: T\u1ed1i nay, b\u00e0 g\u00e0 m\u00e1i k\u1ec3 cho c\u00e1c ch\u00e1u nghe chuy\u1ec7n v\u1ec1 anh ch\u00e0ng g\u1ea5u t\u00fai lu\u00f4n th\u00edch n\u00f3i nh\u1eefng \u0111i\u1ec1u b\u1eady b\u1ea1 khi\u1ebfn ai c\u0169ng s\u1eedng s\u1ed1t, b\u1ef1c m\u00ecnh. Th\u1ebf nh\u01b0ng, khi m\u1ed9t b\u1ea1n g\u1ea5u t\u00fai m\u00e0u s\u00f4-c\u00f4-la xu\u1ea5t hi\u1ec7n, anh ch\u00e0ng g\u1ea5u t\u00fai \u0111\u00e3 thay \u0111\u1ed5i \u0111\u1ea5y! B\u00e9 h\u00e3y xem b\u1ea1n g\u1ea5u t\u00fai thay \u0111\u1ed5i nh\u01b0 th\u1ebf n\u00e0o nh\u00e9!<br \/>\nCu\u1ed1n Ng\u1ef1a v\u1eb1n kh\u00f4ng ch\u1ecbu \u0111i h\u1ecdc: T\u1ed1i nay, b\u00e0 g\u00e0 m\u00e1i k\u1ec3 cho c\u00e1c ch\u00e1u nghe chuy\u1ec7n v\u1ec1 c\u1eadu b\u1ea1n ng\u1ef1a v\u1eb1n lu\u00f4n ngh\u0129 m\u00ecnh th\u00f4ng minh h\u01a1n t\u1ea5t th\u1ea3y m\u1ecdi ng\u01b0\u1eddi n\u00ean c\u1eadu kh\u00f4ng ch\u1ecbu \u0111i h\u1ecdc m\u00e0 su\u1ed1t ng\u00e0y nh\u1edfn nh\u01a1, rong ch\u01a1i. \u0110\u1ebfn khi g\u1eb7p n\u1ea1n, c\u1eadu m\u1edbi th\u1ea5y ho\u00e1 ra m\u00ecnh ch\u1eb3ng bi\u1ebft g\u00ec c\u1ea3 v\u00e0 t\u1ea5t nhi\u00ean t\u1eeb \u0111\u00f3 c\u1eadu \u0111\u00e3 \u0111\u1ebfn tr\u01b0\u1eddng!<br \/>\nCu\u1ed1n Ch\u00f3 s\u00f3i ham k\u1eb9o ng\u1ecdt: T\u1ed1i nay, b\u00e0 g\u00e0 m\u00e1i k\u1ec3 cho c\u00e1c ch\u00e1u nghe chuy\u1ec7n v\u1ec1 m\u1ed9t l\u00e3o ch\u00f3 s\u00f3i gi\u00e0 ch\u1ec9 th\u00edch \u0103n k\u1eb9o ng\u1ecdt.  L\u00e3o ch\u00f3 s\u00f3i \u0111i kh\u1eafp n\u01a1i, v\u00e0o nh\u00e0 l\u1ee3n con, tr\u00e0 tr\u1ed9n v\u00e0 \u0111\u00e0n c\u1eebu\u2026 \u0111\u1ec3 t\u00ecm k\u1eb9o. Cu\u1ed1i c\u00f9ng, l\u00e3o ta t\u00f3m \u0111\u01b0\u1ee3c m\u1ed9t b\u1ea1n c\u1eebu nh\u1ecf. Nh\u01b0ng khi ch\u00f3 s\u00f3i h\u00e1 to mi\u1ec7ng do\u1ea1 c\u1eebu th\u00ec r\u0103ng l\u00e3o ta b\u1eaft \u0111\u1ea7u r\u1ee5ng, r\u1ee5ng h\u1ebft s\u1ea1ch. V\u1eady l\u00e3o ch\u00f3 s\u00f3i c\u00f3 \u0103n th\u1ecbt \u0111\u01b0\u1ee3c b\u1ea1n c\u1eebu nh\u1ecf kh\u00f4ng nh\u1ec9?<br \/>\nH\u00c3Y MUA TR\u1eccN B\u1ed8 8 CU\u1ed0N S\u00c1CH \u0110\u1ec2 GI\u00daP TR\u1eba T\u00cdCH L\u0168Y V\u00c0 PH\u00c1T TRI\u1ec2N NG\u00d4N NG\u1eee QUA NH\u1eeeNG C\u00c2U CHUY\u1ec6N D\u00cd D\u1eceM, \u0110\u00c1NG Y\u00caU. <\/p>\n","protected":false},"excerpt":{"rendered":"<p>B\u00e0 g\u00e0 m\u00e1i c\u00f3 m\u1ed9t \u0111\u00e0n ch\u00e1u nh\u1ecf. T\u1ed1i t\u1ed1i, tr\u01b0\u1edbc gi\u1edd \u0111i ng\u1ee7, b\u00e0 \u0111\u1ec1u ngh\u0129 ra nh\u1eefng c\u00e2u chuy\u1ec7n v\u00f4 c\u00f9ng th\u00fa v\u1ecb \u0111\u1ec3 k\u1ec3 cho c\u00e1c ch\u00e1u nghe. M\u1ed7i c\u00e2u chuy\u1ec7n c\u1ee7a b\u00e0 gi\u1ed1ng nh\u01b0 m\u1ed9t l\u1eddi ru \u00eam d\u1ecbu, \u0111\u01b0a \u0111\u00e0n ch\u00e1u v\u00e0o gi\u1ea5c ng\u1ee7 ngon l\u00e0nh. <\/p>\n<p>Truy\u1ec7n hay b\u00e0 k\u1ec3 h\u1eb1ng \u0111\u00eam ch\u00ednh l\u00e0 l\u1ef1a ch\u1ecdn tuy\u1ec7t v\u1eddi \u0111\u1ec3 b\u1ea1n \u0111\u1ecdc c\u00f9ng b\u00e9 y\u00eau m\u1ed7i t\u1ed1i. L\u1ed1i k\u1ec3 chuy\u1ec7n d\u00ed d\u1ecfm, \u0111\u00e1ng y\u00eau, c\u00e2u t\u1eeb gi\u1ea3n d\u1ecb, trong s\u00e1ng\u2026 b\u1ed9 s\u00e1ch s\u1ebd r\u1ea5t t\u1ed1t \u0111\u1ec3 tr\u1ebb t\u00edch lu\u1ef9 v\u00e0 ph\u00e1t tri\u1ec3n ng\u00f4n ng\u1eef.<\/p>\n","protected":false},"featured_media":22644,"template":"","meta":{"_acf_changed":false},"product_brand":[],"product_cat":[24,25,17],"product_tag":[83],"class_list":{"0":"post-22584","1":"product","2":"type-product","3":"status-publish","4":"has-post-thumbnail","6":"product_cat-nha-tre-mau-giao-0-tuoi-6-tuoi","7":"product_cat-nhi-dong-6-tuoi-12-tuoi","8":"product_cat-sach-danh-cho-cac-be","9":"product_tag-sach-moi-xuat-ban","11":"first","12":"outofstock","13":"taxable","14":"shipping-taxable","15":"purchasable","16":"product-type-simple"},"supplier_id":null,"supplier_sku":"","barcode":null,"atum_controlled":true,"out_stock_date":"2023-01-27 13:16:39","out_stock_threshold":null,"inheritable":false,"inbound_stock":0,"stock_on_hold":0,"sold_today":0,"sales_last_days":0,"reserved_stock":0,"customer_returns":0,"warehouse_damage":0,"lost_in_post":0,"other_logs":0,"out_stock_days":1097,"lost_sales":2662,"has_location":false,"update_date":"2026-01-28T23:11:10","atum_locations":[],"atum_stock_status":"outofstock","restock_status":false,"low_stock_amount":"","sales_update_date":"2026-01-28T23:11:10","calc_backorders":null,"acf":{"publisher":{"ID":18717,"post_author":"1","post_date":"2022-04-20 22:19:43","post_date_gmt":"2022-04-20 19:19:43","post_content":"","post_title":"ADCBook","post_excerpt":"","post_status":"publish","comment_status":"closed","ping_status":"closed","post_password":"","post_name":"adcbook","to_ping":"","pinged":"","post_modified":"2022-04-20 22:19:43","post_modified_gmt":"2022-04-20 19:19:43","post_content_filtered":"","post_parent":0,"guid":"https:\/\/sachviet.eu\/nha-phat-hanh\/adcbook\/","menu_order":0,"post_type":"publisher","post_mime_type":"","comment_count":"0","filter":"raw"}},"_links":{"self":[{"href":"https:\/\/sachviet.eu\/en\/wp-json\/wp\/v2\/product\/22584","targetHints":{"allow":["GET"]}}],"collection":[{"href":"https:\/\/sachviet.eu\/en\/wp-json\/wp\/v2\/product"}],"about":[{"href":"https:\/\/sachviet.eu\/en\/wp-json\/wp\/v2\/types\/product"}],"wp:featuredmedia":[{"embeddable":true,"href":"https:\/\/sachviet.eu\/en\/wp-json\/wp\/v2\/media\/22644"}],"wp:attachment":[{"href":"https:\/\/sachviet.eu\/en\/wp-json\/wp\/v2\/media?parent=22584"}],"wp:term":[{"taxonomy":"product_brand","embeddable":true,"href":"https:\/\/sachviet.eu\/en\/wp-json\/wp\/v2\/product_brand?post=22584"},{"taxonomy":"product_cat","embeddable":true,"href":"https:\/\/sachviet.eu\/en\/wp-json\/wp\/v2\/product_cat?post=22584"},{"taxonomy":"product_tag","embeddable":true,"href":"https:\/\/sachviet.eu\/en\/wp-json\/wp\/v2\/product_tag?post=22584"}],"curies":[{"name":"wp","href":"https:\/\/api.w.org\/{rel}","templated":true}]}}