{"id":22583,"date":"2023-01-21T21:55:01","date_gmt":"2023-01-21T19:55:01","guid":{"rendered":"https:\/\/sachviet.eu\/shop\/bo-sach-cau-chuyen-khoa-hoc-4-cuon\/"},"modified":"2023-12-22T12:50:34","modified_gmt":"2023-12-22T10:50:34","slug":"bo-sach-cau-chuyen-khoa-hoc-4-cuon","status":"publish","type":"product","link":"https:\/\/sachviet.eu\/en\/shop\/bo-sach-cau-chuyen-khoa-hoc-4-cuon\/","title":{"rendered":"B\u1ed9 S\u00e1ch C\u00e2u Chuy\u1ec7n Khoa H\u1ecdc (4 Cu\u1ed1n)"},"content":{"rendered":"<p>Li\u1ec7u c\u00f3 qu\u00e1 s\u1ee9c kh\u00f4ng, khi \u0111\u1ec3 tr\u1ebb l\u00e0m quen v\u1edbi khoa h\u1ecdc? Kh\u00f4ng h\u1ec1 qu\u00e1 s\u1ee9c, b\u1edfi \u201ckhoa h\u1ecdc\u201d kh\u00f4ng ch\u1ec9 l\u00e0 nh\u1eefng g\u00ec cao si\u00eau ph\u1ea3i \u0111\u1ee3i khi n\u00e0o tr\u1ebb l\u1edbn l\u00ean m\u1edbi hi\u1ec3u \u0111\u01b0\u1ee3c m\u00e0 c\u00f2n l\u00e0 nh\u1eefng hi\u1ec7n t\u01b0\u1ee3ng gi\u1ea3n \u0111\u01a1n hi\u1ec3n hi\u1ec7n ngay tr\u01b0\u1edbc m\u1eaft tr\u1ebb m\u1ed7i ng\u00e0y.<\/p>\n<p>B\u1ed9 s\u00e1ch tranh C\u00c2U CHUY\u1ec6N KHOA H\u1eccC l\u00e0 nh\u1eefng chuy\u1ebfn ph\u01b0u l\u01b0u ki\u1ebfn th\u1ee9c d\u00e0nh cho b\u00e9, gi\u00fap b\u00e9 kh\u00e1m ph\u00e1 th\u1ebf gi\u1edbi k\u1ef3 di\u1ec7u c\u1ee7a c\u00e1c lo\u00e0i \u0111\u1ed9ng v\u1eadt, th\u1ef1c v\u1eadt, c\u00f4n tr\u00f9ng\u2026<\/p>\n<p>B\u1ed9 s\u00e1ch n\u1ed5i ti\u1ebfng \u0111\u01b0\u1ee3c mua b\u1ea3n quy\u1ec1n t\u1eeb NXB Walker s\u1ebd \u0111\u1ed3ng h\u00e0nh c\u00f9ng cha m\u1eb9, gi\u00fap c\u00e1c b\u00e9 d\u1ec5 d\u00e0ng ti\u1ebfp nh\u1eadn nh\u1eefng ki\u1ebfn th\u1ee9c khoa h\u1ecdc \u0111\u01a1n gi\u1ea3n m\u00e0 d\u1ec5 hi\u1ec3u nh\u1ea5t.<\/p>\n<p>Th\u00f4ng qua nh\u1eefng c\u00e2u chuy\u1ec7n v\u1ec1 cu\u1ed9c s\u1ed1ng c\u1ee7a b\u1ea1n Chim, b\u1ea1n C\u00e1o, b\u1ea1n S\u00f3c, hay v\u00f2ng \u0111\u1eddi c\u1ee7a S\u00e2u B\u01b0\u1edbm v\u00e0 H\u1ea1t \u0111\u1eadu\u2026c\u00e1c b\u00e9 s\u1ebd \u0111\u01b0\u1ee3c hi\u1ec3u m\u1ed9t c\u00e1ch chi ti\u1ebft v\u1ec1 l\u1ef1c k\u00e9o, l\u1ef1c \u0111\u1ea9y, v\u1ec1 quy lu\u1eadt c\u1ee7a 4 m\u00f9a, \u00e1nh s\u00e1ng, b\u00f3ng t\u1ed1i, nu\u00f4i d\u01b0\u1ee1ng t\u00ecnh y\u00eau thi\u00ean nhi\u00ean\u2026<\/p>\n<p>B\u1ed9 s\u00e1ch tuy\u1ec7t v\u1eddi cho c\u00e1c b\u1eadc cha m\u1eb9 \u0111ang t\u00ecm ki\u1ebfm nh\u1eefng cu\u1ed1n s\u00e1ch v\u1ec1 khoa h\u1ecdc nh\u01b0ng kh\u00f4ng h\u1ec1 kh\u00f4 khan cho con c\u1ee7a m\u00ecnh.<\/p>\n","protected":false},"excerpt":{"rendered":"<p>Li\u1ec7u c\u00f3 qu\u00e1 s\u1ee9c kh\u00f4ng, khi \u0111\u1ec3 tr\u1ebb l\u00e0m quen v\u1edbi khoa h\u1ecdc? Kh\u00f4ng h\u1ec1 qu\u00e1 s\u1ee9c, b\u1edfi \u201ckhoa h\u1ecdc\u201d kh\u00f4ng ch\u1ec9 l\u00e0 nh\u1eefng g\u00ec cao si\u00eau ph\u1ea3i \u0111\u1ee3i khi n\u00e0o tr\u1ebb l\u1edbn l\u00ean m\u1edbi hi\u1ec3u \u0111\u01b0\u1ee3c m\u00e0 c\u00f2n l\u00e0 nh\u1eefng hi\u1ec7n t\u01b0\u1ee3ng gi\u1ea3n \u0111\u01a1n hi\u1ec3n hi\u1ec7n ngay tr\u01b0\u1edbc m\u1eaft tr\u1ebb m\u1ed7i ng\u00e0y.<\/p>\n<p>B\u1ed9 s\u00e1ch tranh C\u00c2U CHUY\u1ec6N KHOA H\u1eccC l\u00e0 nh\u1eefng chuy\u1ebfn ph\u01b0u l\u01b0u ki\u1ebfn th\u1ee9c d\u00e0nh cho b\u00e9, gi\u00fap b\u00e9 kh\u00e1m ph\u00e1 th\u1ebf gi\u1edbi k\u1ef3 di\u1ec7u c\u1ee7a c\u00e1c lo\u00e0i \u0111\u1ed9ng v\u1eadt, th\u1ef1c v\u1eadt, c\u00f4n tr\u00f9ng\u2026<\/p>\n<p>B\u1ed9 s\u00e1ch n\u1ed5i ti\u1ebfng \u0111\u01b0\u1ee3c mua b\u1ea3n quy\u1ec1n t\u1eeb NXB Walker s\u1ebd \u0111\u1ed3ng h\u00e0nh c\u00f9ng cha m\u1eb9, gi\u00fap c\u00e1c b\u00e9 d\u1ec5 d\u00e0ng ti\u1ebfp nh\u1eadn nh\u1eefng ki\u1ebfn th\u1ee9c khoa h\u1ecdc \u0111\u01a1n gi\u1ea3n m\u00e0 d\u1ec5 hi\u1ec3u nh\u1ea5t.<\/p>\n<p>Th\u00f4ng qua nh\u1eefng c\u00e2u chuy\u1ec7n v\u1ec1 cu\u1ed9c s\u1ed1ng c\u1ee7a b\u1ea1n Chim, b\u1ea1n C\u00e1o, b\u1ea1n S\u00f3c, hay v\u00f2ng \u0111\u1eddi c\u1ee7a S\u00e2u B\u01b0\u1edbm v\u00e0 H\u1ea1t \u0111\u1eadu\u2026c\u00e1c b\u00e9 s\u1ebd \u0111\u01b0\u1ee3c hi\u1ec3u m\u1ed9t c\u00e1ch chi ti\u1ebft v\u1ec1 l\u1ef1c k\u00e9o, l\u1ef1c \u0111\u1ea9y, v\u1ec1 quy lu\u1eadt c\u1ee7a 4 m\u00f9a, \u00e1nh s\u00e1ng, b\u00f3ng t\u1ed1i, nu\u00f4i d\u01b0\u1ee1ng t\u00ecnh y\u00eau thi\u00ean nhi\u00ean\u2026<\/p>\n<p>B\u1ed9 s\u00e1ch tuy\u1ec7t v\u1eddi cho c\u00e1c b\u1eadc cha m\u1eb9 \u0111ang t\u00ecm ki\u1ebfm nh\u1eefng cu\u1ed1n s\u00e1ch v\u1ec1 khoa h\u1ecdc nh\u01b0ng kh\u00f4ng h\u1ec1 kh\u00f4 khan cho con c\u1ee7a m\u00ecnh.<\/p>\n","protected":false},"featured_media":22582,"template":"","meta":{"_acf_changed":false},"product_brand":[],"product_cat":[25,17,26],"product_tag":[83],"class_list":{"0":"post-22583","1":"product","2":"type-product","3":"status-publish","4":"has-post-thumbnail","6":"product_cat-nhi-dong-6-tuoi-12-tuoi","7":"product_cat-sach-danh-cho-cac-be","8":"product_cat-thieu-nien-11-tuoi-18-tuoi","9":"product_tag-sach-moi-xuat-ban","11":"first","12":"outofstock","13":"taxable","14":"shipping-taxable","15":"purchasable","16":"product-type-simple"},"supplier_id":null,"supplier_sku":"","barcode":null,"atum_controlled":true,"out_stock_date":"2023-12-22 10:50:34","out_stock_threshold":null,"inheritable":false,"inbound_stock":0,"stock_on_hold":0,"sold_today":0,"sales_last_days":0,"reserved_stock":0,"customer_returns":0,"warehouse_damage":0,"lost_in_post":0,"other_logs":0,"out_stock_days":768,"lost_sales":0,"has_location":false,"update_date":"2026-01-28T23:11:10","atum_locations":[],"atum_stock_status":"outofstock","restock_status":false,"low_stock_amount":"","sales_update_date":"2026-01-28T23:11:10","calc_backorders":null,"acf":{"publisher":{"ID":16394,"post_author":"1","post_date":"2021-12-26 17:28:32","post_date_gmt":"2021-12-26 15:28:32","post_content":"","post_title":"Pingbooks","post_excerpt":"","post_status":"publish","comment_status":"closed","ping_status":"closed","post_password":"","post_name":"pingbooks","to_ping":"","pinged":"","post_modified":"2021-12-26 17:28:32","post_modified_gmt":"2021-12-26 15:28:32","post_content_filtered":"","post_parent":0,"guid":"https:\/\/sachviet.eu\/nha-phat-hanh\/pingbooks\/","menu_order":0,"post_type":"publisher","post_mime_type":"","comment_count":"0","filter":"raw"}},"_links":{"self":[{"href":"https:\/\/sachviet.eu\/en\/wp-json\/wp\/v2\/product\/22583","targetHints":{"allow":["GET"]}}],"collection":[{"href":"https:\/\/sachviet.eu\/en\/wp-json\/wp\/v2\/product"}],"about":[{"href":"https:\/\/sachviet.eu\/en\/wp-json\/wp\/v2\/types\/product"}],"wp:featuredmedia":[{"embeddable":true,"href":"https:\/\/sachviet.eu\/en\/wp-json\/wp\/v2\/media\/22582"}],"wp:attachment":[{"href":"https:\/\/sachviet.eu\/en\/wp-json\/wp\/v2\/media?parent=22583"}],"wp:term":[{"taxonomy":"product_brand","embeddable":true,"href":"https:\/\/sachviet.eu\/en\/wp-json\/wp\/v2\/product_brand?post=22583"},{"taxonomy":"product_cat","embeddable":true,"href":"https:\/\/sachviet.eu\/en\/wp-json\/wp\/v2\/product_cat?post=22583"},{"taxonomy":"product_tag","embeddable":true,"href":"https:\/\/sachviet.eu\/en\/wp-json\/wp\/v2\/product_tag?post=22583"}],"curies":[{"name":"wp","href":"https:\/\/api.w.org\/{rel}","templated":true}]}}