{"id":22579,"date":"2023-01-21T21:54:51","date_gmt":"2023-01-21T19:54:51","guid":{"rendered":"https:\/\/sachviet.eu\/shop\/ky-nang-tu-hoc-cho-tre-tieu-hoc\/"},"modified":"2023-04-02T11:00:41","modified_gmt":"2023-04-02T08:00:41","slug":"ky-nang-tu-hoc-cho-tre-tieu-hoc","status":"publish","type":"product","link":"https:\/\/sachviet.eu\/en\/shop\/ky-nang-tu-hoc-cho-tre-tieu-hoc\/","title":{"rendered":"K\u1ef9 N\u0103ng T\u1ef1 H\u1ecdc Cho Tr\u1ebb Ti\u1ec3u H\u1ecdc"},"content":{"rendered":"<p>K\u1ef8 N\u0102NG T\u1ef0 H\u1eccC CHO TR\u1eba TI\u1ec2U H\u1eccC<\/p>\n<p>C\u00f3 \u0111i\u1ec1u g\u00ec h\u1ea5p d\u1eabn \u1edf cu\u1ed1n s\u00e1ch n\u00e0y?<\/p>\n<p>\u2618\ufe0f Cu\u1ed1n s\u00e1ch s\u1ebd cho b\u1ea1n t\u1ef1 m\u00ecnh t\u00ecm ra c\u00e2u tr\u1ea3 l\u1eddi cho vi\u1ec7c \u201cC\u00f3 n\u00ean h\u1ecdc tr\u01b0\u1edbc khi v\u00e0o l\u1edbp 1 hay kh\u00f4ng\u201d. B\u1edfi suy cho c\u00f9ng t\u1ef1 b\u1ea1n ph\u1ea3i l\u00e0 ng\u01b0\u1eddi \u0111i t\u00ecm ra c\u00e2u tr\u1ea3 l\u1eddi cho m\u00ecnh, b\u1eb1ng n\u0103ng l\u1ef1c t\u1ef1 \u0111\u01b0a ra c\u00e2u tr\u1ea3 l\u1eddi.<\/p>\n<p>C\u00e1c b\u1ed1 m\u1eb9 b\u0103n kho\u0103n c\u00f3 n\u00ean cho con h\u1ecdc tr\u01b0\u1edbc ti\u1ebfng Vi\u1ec7t, To\u00e1n khi v\u00e0o l\u1edbp 1 hay kh\u00f4ng th\u01b0\u1eddng s\u1ebd g\u1eb7p t\u00ecnh tr\u1ea1ng m\u00ecnh ch\u01b0a x\u00e1c \u0111\u1ecbnh \u0111\u01b0\u1ee3c t\u1ea7m nh\u00ecn v\u00e0 m\u1ee5c ti\u00eau m\u00ecnh mu\u1ed1n con c\u00f3 \u1edf giai \u0111o\u1ea1n ti\u1ec3u h\u1ecdc l\u00e0 g\u00ec. M\u1ecdi ng\u01b0\u1eddi th\u01b0\u1eddng lo s\u1ee3 con b\u1ecb \u0111u\u1ed1i so v\u1edbi c\u00e1c b\u1ea1n h\u1ecdc tr\u01b0\u1edbc.<\/p>\n<p>Nh\u01b0ng khi \u0111\u1ecdc cu\u1ed1n s\u00e1ch n\u00e0y c\u00e1c b\u1ea1n s\u1ebd th\u1ea5y \u0111\u01b0\u1ee3c \u0111i\u1ec3m \u0111\u01b0\u1ee3c v\u00e0 m\u1ea5t khi \u0111\u1ec3 tr\u1ebb \u01b0u ti\u00ean d\u00f9ng n\u00e3o tr\u00e1i nhi\u1ec1u qu\u00e1 v\u00e0 s\u1edbm qu\u00e1 cho vi\u1ec7c h\u1ecdc ch\u1eef tr\u01b0\u1edbc, m\u00e0 thi\u1ebfu \u0111i tr\u1ea3i nghi\u1ec7m.<\/p>\n<p>\u2618\ufe0f V\u1edbi b\u1ed1 m\u1eb9 c\u00f3 con \u0111ang h\u1ecdc ti\u1ec3u h\u1ecdc th\u00ec b\u0103n kho\u0103n l\u00e0m sao \u0111\u1ec3 tr\u1ebb t\u1ef1 gi\u00e1c v\u00e0 ham h\u1ecdc h\u1ecfi. N\u00f3 l\u00e0 qu\u00e1 tr\u00ecnh d\u00e0i h\u01a1i \u0111\u1ec3 x\u00e2y d\u1ef1ng N\u0102NG L\u1ef0C nh\u01b0 n\u0103ng l\u1ef1c t\u01b0 duy &#8211; gi\u1ea3i quy\u1ebft v\u1ea5n \u0111\u1ec1, t\u1ef1 \u0111\u01b0a ra l\u1ef1a ch\u1ecdn v\u00e0 c\u00e2u tr\u1ea3 l\u1eddi, TH\u00d3I QUEN t\u1ed1t nh\u01b0 n\u1ec1n n\u1ebfp sinh ho\u1ea1t, \u0111\u1ecdc s\u00e1ch, K\u1ef8 N\u0102NG nh\u01b0 l\u00ean m\u1ee5c ti\u00eau, qu\u1ea3n l\u00ed th\u1eddi gian, k\u1ef9 n\u0103ng vi\u1ebft, t\u00ednh to\u00e1n \u0111\u01a1n gi\u1ea3n, \u2026 Th\u1ebf n\u00ean cu\u1ed1n s\u00e1ch n\u00e0y r\u1ea5t c\u1ea7n cho b\u1ed1 m\u1eb9 n\u00e0o ch\u01b0a bi\u1ebft nh\u1eefng \u0111i\u1ec1u tr\u00ean \u0111\u1ec3 l\u00e0m coach cho con.<\/p>\n<p>N\u0102NG L\u1ef0C-TH\u00d3I QUEN-K\u1ef8 N\u0102NG-TR\u1ea2I NGHI\u1ec6M-\u0110\u1ea0O \u0110\u1ee8C ch\u00ednh l\u00e0 nh\u1eefng gi\u00e1 tr\u1ecb c\u1ed1t l\u00f5i ch\u00ednh trong cu\u1ed1n s\u00e1ch.<\/p>\n<p>\u2618\ufe0f \u0110\u00e2y s\u1ebd l\u00e0 cu\u1ed1n s\u00e1ch theo c\u00e1c b\u1ea1n su\u1ed1t h\u00e0nh tr\u00ecnh ti\u1ec3u h\u1ecdc, \u0111\u1ec3 l\u00e0m n\u1ec1n t\u1ea3ng cho giai \u0111o\u1ea1n ti\u1ebfp theo \u0111\u1ea5y. Cu\u1ed1n s\u00e1ch kh\u00f4ng d\u1ea1y b\u1ea1n l\u00e0m sao \u0111\u1ec3 con c\u00f3 \u0111i\u1ec3m s\u1ed1 cao ti\u1ebfng Anh, To\u00e1n hay Ti\u1ebfng Vi\u1ec7t. Nh\u01b0ng n\u00f3 chia s\u1ebb v\u1ec1 t\u1ea7m nh\u00ecn trong nu\u00f4i d\u1ea1y con.<\/p>\n<p>\u2618\ufe0f Cu\u1ed1n s\u00e1ch s\u1ebd cho b\u1ea1n c\u1ea3m th\u1ea5y b\u00ecnh an v\u00e0 t\u1ef1 tin v\u00e0o ch\u00ednh m\u00ecnh tr\u00ean h\u00e0nh tr\u00ecnh \u0111\u1ed3ng h\u00e0nh c\u00f9ng con.<\/p>\n","protected":false},"excerpt":{"rendered":"<p>K\u1ef8 N\u0102NG T\u1ef0 H\u1eccC CHO TR\u1eba TI\u1ec2U H\u1eccC<\/p>\n<p>C\u00f3 \u0111i\u1ec1u g\u00ec h\u1ea5p d\u1eabn \u1edf cu\u1ed1n s\u00e1ch n\u00e0y?<\/p>\n<p>\u2618\ufe0f Cu\u1ed1n s\u00e1ch s\u1ebd cho b\u1ea1n t\u1ef1 m\u00ecnh t\u00ecm ra c\u00e2u tr\u1ea3 l\u1eddi cho vi\u1ec7c \u201cC\u00f3 n\u00ean h\u1ecdc tr\u01b0\u1edbc khi v\u00e0o l\u1edbp 1 hay kh\u00f4ng\u201d. B\u1edfi suy cho c\u00f9ng t\u1ef1 b\u1ea1n ph\u1ea3i l\u00e0 ng\u01b0\u1eddi \u0111i t\u00ecm ra c\u00e2u tr\u1ea3 l\u1eddi cho m\u00ecnh, b\u1eb1ng n\u0103ng l\u1ef1c t\u1ef1 \u0111\u01b0a ra c\u00e2u tr\u1ea3 l\u1eddi.<\/p>\n<p>C\u00e1c b\u1ed1 m\u1eb9 b\u0103n kho\u0103n c\u00f3 n\u00ean cho con h\u1ecdc tr\u01b0\u1edbc ti\u1ebfng Vi\u1ec7t, To\u00e1n khi v\u00e0o l\u1edbp 1 hay kh\u00f4ng th\u01b0\u1eddng s\u1ebd g\u1eb7p t\u00ecnh tr\u1ea1ng m\u00ecnh ch\u01b0a x\u00e1c \u0111\u1ecbnh \u0111\u01b0\u1ee3c t\u1ea7m nh\u00ecn v\u00e0 m\u1ee5c ti\u00eau m\u00ecnh mu\u1ed1n con c\u00f3 \u1edf giai \u0111o\u1ea1n ti\u1ec3u h\u1ecdc l\u00e0 g\u00ec. M\u1ecdi ng\u01b0\u1eddi th\u01b0\u1eddng lo s\u1ee3 con b\u1ecb \u0111u\u1ed1i so v\u1edbi c\u00e1c b\u1ea1n h\u1ecdc tr\u01b0\u1edbc.<\/p>\n<p>Nh\u01b0ng khi \u0111\u1ecdc cu\u1ed1n s\u00e1ch n\u00e0y c\u00e1c b\u1ea1n s\u1ebd th\u1ea5y \u0111\u01b0\u1ee3c \u0111i\u1ec3m \u0111\u01b0\u1ee3c v\u00e0 m\u1ea5t khi \u0111\u1ec3 tr\u1ebb \u01b0u ti\u00ean d\u00f9ng n\u00e3o tr\u00e1i nhi\u1ec1u qu\u00e1 v\u00e0 s\u1edbm qu\u00e1 cho vi\u1ec7c h\u1ecdc ch\u1eef tr\u01b0\u1edbc, m\u00e0 thi\u1ebfu \u0111i tr\u1ea3i nghi\u1ec7m.<\/p>\n<p>\u2618\ufe0f V\u1edbi b\u1ed1 m\u1eb9 c\u00f3 con \u0111ang h\u1ecdc ti\u1ec3u h\u1ecdc th\u00ec b\u0103n kho\u0103n l\u00e0m sao \u0111\u1ec3 tr\u1ebb t\u1ef1 gi\u00e1c v\u00e0 ham h\u1ecdc h\u1ecfi. N\u00f3 l\u00e0 qu\u00e1 tr\u00ecnh d\u00e0i h\u01a1i \u0111\u1ec3 x\u00e2y d\u1ef1ng N\u0102NG L\u1ef0C nh\u01b0 n\u0103ng l\u1ef1c t\u01b0 duy &#8211; gi\u1ea3i quy\u1ebft v\u1ea5n \u0111\u1ec1, t\u1ef1 \u0111\u01b0a ra l\u1ef1a ch\u1ecdn v\u00e0 c\u00e2u tr\u1ea3 l\u1eddi, TH\u00d3I QUEN t\u1ed1t nh\u01b0 n\u1ec1n n\u1ebfp sinh ho\u1ea1t, \u0111\u1ecdc s\u00e1ch, K\u1ef8 N\u0102NG nh\u01b0 l\u00ean m\u1ee5c ti\u00eau, qu\u1ea3n l\u00ed th\u1eddi gian, k\u1ef9 n\u0103ng vi\u1ebft, t\u00ednh to\u00e1n \u0111\u01a1n gi\u1ea3n, \u2026 Th\u1ebf n\u00ean cu\u1ed1n s\u00e1ch n\u00e0y r\u1ea5t c\u1ea7n cho b\u1ed1 m\u1eb9 n\u00e0o ch\u01b0a bi\u1ebft nh\u1eefng \u0111i\u1ec1u tr\u00ean \u0111\u1ec3 l\u00e0m coach cho con.<\/p>\n<p>N\u0102NG L\u1ef0C-TH\u00d3I QUEN-K\u1ef8 N\u0102NG-TR\u1ea2I NGHI\u1ec6M-\u0110\u1ea0O \u0110\u1ee8C ch\u00ednh l\u00e0 nh\u1eefng gi\u00e1 tr\u1ecb c\u1ed1t l\u00f5i ch\u00ednh trong cu\u1ed1n s\u00e1ch.<\/p>\n<p>\u2618\ufe0f \u0110\u00e2y s\u1ebd l\u00e0 cu\u1ed1n s\u00e1ch theo c\u00e1c b\u1ea1n su\u1ed1t h\u00e0nh tr\u00ecnh ti\u1ec3u h\u1ecdc, \u0111\u1ec3 l\u00e0m n\u1ec1n t\u1ea3ng cho giai \u0111o\u1ea1n ti\u1ebfp theo \u0111\u1ea5y. Cu\u1ed1n s\u00e1ch kh\u00f4ng d\u1ea1y b\u1ea1n l\u00e0m sao \u0111\u1ec3 con c\u00f3 \u0111i\u1ec3m s\u1ed1 cao ti\u1ebfng Anh, To\u00e1n hay Ti\u1ebfng Vi\u1ec7t. Nh\u01b0ng n\u00f3 chia s\u1ebb v\u1ec1 t\u1ea7m nh\u00ecn trong nu\u00f4i d\u1ea1y con.<\/p>\n<p>\u2618\ufe0f Cu\u1ed1n s\u00e1ch s\u1ebd cho b\u1ea1n c\u1ea3m th\u1ea5y b\u00ecnh an v\u00e0 t\u1ef1 tin v\u00e0o ch\u00ednh m\u00ecnh tr\u00ean h\u00e0nh tr\u00ecnh \u0111\u1ed3ng h\u00e0nh c\u00f9ng con.<\/p>\n","protected":false},"featured_media":22578,"template":"","meta":{"_acf_changed":false},"product_brand":[],"product_cat":[19,17,26],"product_tag":[83],"class_list":{"0":"post-22579","1":"product","2":"type-product","3":"status-publish","4":"has-post-thumbnail","6":"product_cat-nuoi-day-con","7":"product_cat-sach-danh-cho-cac-be","8":"product_cat-thieu-nien-11-tuoi-18-tuoi","9":"product_tag-sach-moi-xuat-ban","11":"first","12":"instock","13":"taxable","14":"shipping-taxable","15":"purchasable","16":"product-type-simple"},"supplier_id":null,"supplier_sku":"","barcode":null,"atum_controlled":true,"out_stock_date":null,"out_stock_threshold":null,"inheritable":false,"inbound_stock":0,"stock_on_hold":0,"sold_today":0,"sales_last_days":0,"reserved_stock":0,"customer_returns":0,"warehouse_damage":0,"lost_in_post":0,"other_logs":0,"out_stock_days":0,"lost_sales":0,"has_location":false,"update_date":"2026-01-28T23:11:10","atum_locations":[],"atum_stock_status":"instock","restock_status":false,"low_stock_amount":"","sales_update_date":"2026-01-28T23:11:10","calc_backorders":null,"acf":{"publisher":{"ID":1474,"post_author":"1","post_date":"2021-02-17 01:12:51","post_date_gmt":"2021-02-16 23:12:51","post_content":"","post_title":"Th\u00e1i H\u00e0","post_excerpt":"","post_status":"publish","comment_status":"closed","ping_status":"closed","post_password":"","post_name":"thai-ha","to_ping":"","pinged":"","post_modified":"2021-02-17 01:12:51","post_modified_gmt":"2021-02-16 23:12:51","post_content_filtered":"","post_parent":0,"guid":"https:\/\/sachviet.eu\/nha-phat-hanh\/thai-ha\/","menu_order":0,"post_type":"publisher","post_mime_type":"","comment_count":"0","filter":"raw"}},"_links":{"self":[{"href":"https:\/\/sachviet.eu\/en\/wp-json\/wp\/v2\/product\/22579","targetHints":{"allow":["GET"]}}],"collection":[{"href":"https:\/\/sachviet.eu\/en\/wp-json\/wp\/v2\/product"}],"about":[{"href":"https:\/\/sachviet.eu\/en\/wp-json\/wp\/v2\/types\/product"}],"wp:featuredmedia":[{"embeddable":true,"href":"https:\/\/sachviet.eu\/en\/wp-json\/wp\/v2\/media\/22578"}],"wp:attachment":[{"href":"https:\/\/sachviet.eu\/en\/wp-json\/wp\/v2\/media?parent=22579"}],"wp:term":[{"taxonomy":"product_brand","embeddable":true,"href":"https:\/\/sachviet.eu\/en\/wp-json\/wp\/v2\/product_brand?post=22579"},{"taxonomy":"product_cat","embeddable":true,"href":"https:\/\/sachviet.eu\/en\/wp-json\/wp\/v2\/product_cat?post=22579"},{"taxonomy":"product_tag","embeddable":true,"href":"https:\/\/sachviet.eu\/en\/wp-json\/wp\/v2\/product_tag?post=22579"}],"curies":[{"name":"wp","href":"https:\/\/api.w.org\/{rel}","templated":true}]}}