{"id":22577,"date":"2023-01-21T21:54:45","date_gmt":"2023-01-21T19:54:45","guid":{"rendered":"https:\/\/sachviet.eu\/shop\/90-20-30-90-bai-hoc-vo-long-ve-y-tuong-va-cau-chu\/"},"modified":"2024-08-11T22:15:14","modified_gmt":"2024-08-11T19:15:14","slug":"90-20-30-90-bai-hoc-vo-long-ve-y-tuong-va-cau-chu","status":"publish","type":"product","link":"https:\/\/sachviet.eu\/en\/shop\/90-20-30-90-bai-hoc-vo-long-ve-y-tuong-va-cau-chu\/","title":{"rendered":"90-20-30 90 B\u00e0i H\u1ecdc V\u1ee1 L\u00f2ng V\u1ec1 \u00dd T\u01b0\u1edfng V\u00e0 C\u00e2u Ch\u1eef"},"content":{"rendered":"<p>\u0110\u00fac k\u1ebft nh\u1eefng kinh nghi\u1ec7m x\u01b0\u01a1ng m\u00e1u trong su\u1ed1t 9 n\u0103m h\u00e0nh ngh\u1ec1 Copywriter, &#8220;90 &#8211; 20 &#8211; 30 &#8211; 90 b\u00e0i h\u1ecdc v\u1ee1 l\u00f2ng v\u1ec1 \u00fd t\u01b0\u1edfng v\u00e0 c\u00e2u ch\u1eef&#8221; c\u1ee7a t\u00e1c gi\u1ea3 Hu\u1ef3nh V\u0129nh S\u01a1n s\u1ebd gi\u00fap b\u1ea1n b\u1eadt ra-\u0111a s\u00e1ng t\u1ea1o, n\u1eafm b\u1eaft cu\u1ed9c s\u1ed1ng m\u00e0u s\u1eafc v\u00e0 \u0111a chi\u1ec1u h\u01a1n, \u00fd th\u1ee9c h\u01a1n v\u1ec1 t\u1ed5 ch\u1ee9c c\u00e2u ch\u1eef, l\u00e0m ti\u1ec1n \u0111\u1ec1 cho vi\u1ec7c ch\u01a1i ch\u1eef, vi\u1ebft th\u00f4ng \u0111i\u1ec7p, s\u00e1ng t\u1ea1o slogan cho th\u01b0\u01a1ng hi\u1ec7u.<\/p>\n<p>&#8220;NG\u00c0NH QU\u1ea2NG C\u00c1O QU\u00c1 MAY M\u1eaeN. L\u00fac n\u00e0o c\u0169ng lung linh trong m\u1eaft c\u00e1c b\u1ea1n tr\u1ebb y\u00eau s\u00e1ng t\u1ea1o. Ai c\u0169ng mu\u1ed1n ra tr\u01b0\u1eddng s\u1ebd hi\u1ebfn b\u1ed9 n\u00e3o \u0111\u1ea7y \u1eafp \u00fd t\u01b0\u1edfng cho m\u1ed9t c\u00f4ng ty qu\u1ea3ng c\u00e1o ch\u1ea5t ch\u01a1i n\u00e0o \u0111\u00f3.<\/p>\n<p>Nh\u01b0ng d\u1eabu c\u00f3 \u0111\u01b0\u1ee3c chu\u1ea9n b\u1ecb k\u0129 c\u00e0ng, gi\u00e1o tr\u00ecnh qu\u1ed1c t\u1ebf 5 sao \u0111i n\u1eefa th\u00ec n\u00e0ng (Qu\u1ea3ng) C\u00e1o l\u00fac n\u00e0o c\u0169ng ki\u00eau k\u00ec. \u1ede tr\u01b0\u1eddng th\u00ec h\u1ecdc h\u00e0nh, v\u00e0o c\u00f4ng ty th\u00ec v\u1eeba h\u00e0nh v\u1eeba h\u1ecdc. \u0110\u1ec3 c\u00f3 \u00fd t\u01b0\u1edfng v\u00e0 c\u00e2u ch\u1eef x\u00e0i \u0111\u01b0\u1ee3c, c\u00e1c \u201cm\u1ea7m non s\u00e1ng t\u1ea1o\u201d ph\u1ea3i va ch\u1ea1m li\u00ean t\u1ee5c v\u00e0 t\u1ef1 m\u00ecnh v\u1ee1 l\u1ea5y nh\u1eefng b\u00e0i h\u1ecdc, c\u00e0ng nhanh c\u00e0ng t\u1ed1t, kh\u00f4ng \u0111\u01b0\u1ee3c \u0111\u1ec3 deadline qua m\u1eb7t.<\/p>\n<p>V\u00e0 ng\u01b0\u1eddi tr\u1ef1c ti\u1ebfp ch\u0103n d\u1eaft \u201cb\u1ecdn tr\u1ebb\u201d \u0111i qua nh\u1eefng ng\u00e0y ban s\u01a1 \u1ea5y l\u00e0 \u201csinh v\u1eadt\u201d mang t\u00ean \u201cmentor\/ supervisor\/ senior creative \u2013 \u201cS\u1ebfp\u201d tr\u1ef1c ti\u1ebfp, nh\u00e2n vi\u00ean s\u00e1ng t\u1ea1o l\u00e0m kha kh\u00e1 n\u0103m.<\/p>\n<p>M\u1eddi b\u1ea1n \u0111\u1ebfn v\u1edbi h\u00e0nh tr\u00ecnh 90 ng\u00e0y \u2013 t\u01b0\u01a1ng \u0111\u01b0\u01a1ng 3 th\u00e1ng th\u1ef1c t\u1eadp c\u1ee7a c\u00f4 n\u00e0ng Copywriter v\u1eeba tr\u00f2n 20, d\u01b0\u1edbi tr\u01b0\u1edbng m\u1ed9t l\u00e3o Senior Copywriter v\u1eeba ch\u1ea5m 30.<\/p>\n<p>20 v\u1eeba b\u01b0\u1edbc ch\u00e2n ra kh\u1ecfi gi\u1ea3ng \u0111\u01b0\u1eddng \u0111\u1ea1i h\u1ecdc, b\u1eaft \u0111\u1ea7u \u0111\u1ed1i m\u1eb7t v\u1edbi nh\u1eefng th\u1eed th\u00e1ch th\u1ef1c s\u1ef1.<\/p>\n<p>30 v\u1eeba b\u01b0\u1edbc sang n\u0103m h\u00e0nh ngh\u1ec1 th\u1ee9 9, b\u1eaft \u0111\u1ea7u \u0111\u1ed1i m\u1eb7t v\u1edbi \u00e1p l\u1ef1c d\u1eabn d\u1eaft \u0111\u00e0n em.<\/p>\n<p>Hai con ng\u01b0\u1eddi xa \u01a1i l\u00e0 xa nh\u01b0ng g\u1eb7p nhau n\u01a1i ni\u1ec1m vui s\u00e1ng t\u1ea1o, chi\u1ebfn \u0111\u1ea5u c\u00f9ng nhau t\u1ea1i m\u1ed9t Agency qu\u1ea3ng c\u00e1o.<\/p>\n<p>M\u1ed7i ng\u00e0y 20 v\u00e0 30 l\u1ea1i \u201cqu\u1ea7n nhau\u201d v\u00e0 mang v\u1ec1 nh\u1eefng b\u00e0i h\u1ecdc c\u1ee7a ri\u00eang m\u00ecnh.<\/p>\n<p>20 th\u00ec c\u1eb7m c\u1ee5i g\u00f5 l\u00ean tr\u00ean blog, 30 th\u00ec h\u00ed ho\u00e1y vi\u1ebft t\u1eebng trang.<\/p>\n<p>C\u00f2n b\u1ea1n th\u00ec ung dung c\u1ea7m tr\u1ecdn nh\u1eefng d\u00f2ng t\u00e2m t\u01b0 \u1ea5y tr\u00ean tay.<\/p>\n<p>\u0110\u00fac k\u1ebft nh\u1eefng kinh nghi\u1ec7m x\u01b0\u01a1ng m\u00e1u trong su\u1ed1t 9 n\u0103m h\u00e0nh ngh\u1ec1 Copywriter, 90 &#8211; 20 &#8211; 30 &#8211; 90 b\u00e0i h\u1ecdc v\u1ee1 l\u00f2ng v\u1ec1 \u00fd t\u01b0\u1edfng v\u00e0 c\u00e2u ch\u1eef c\u1ee7a t\u00e1c gi\u1ea3 Hu\u1ef3nh V\u0129nh S\u01a1n s\u1ebd gi\u00fap b\u1ea1n:<\/p>\n<p>&#8211; B\u1eadt ra-\u0111a s\u00e1ng t\u1ea1o, n\u1eafm b\u1eaft cu\u1ed9c s\u1ed1ng m\u00e0u s\u1eafc v\u00e0 \u0111a chi\u1ec1u h\u01a1n<\/p>\n<p>&#8211; \u00dd th\u1ee9c h\u01a1n v\u1ec1 t\u1ed5 ch\u1ee9c c\u00e2u ch\u1eef, l\u00e0m ti\u1ec1n \u0111\u1ec1 cho vi\u1ec7c ch\u01a1i ch\u1eef, vi\u1ebft th\u00f4ng \u0111i\u1ec7p, s\u00e1ng t\u1ea1o slogan cho th\u01b0\u01a1ng hi\u1ec7u<\/p>\n<p>&#8211; T\u01b0 duy h\u1ec7 th\u1ed1ng, vi\u1ebft logic v\u00e0 \u0111\u00fang \u0111\u1ec1 b\u00e0i<\/p>\n<p>V\u00e0 c\u00f2n r\u1ea5t nhi\u1ec1u nh\u1eefng b\u00e0i h\u1ecdc h\u1eefu \u00edch kh\u00e1c \u0111ang ch\u1edd b\u1ea1n kh\u00e1m ph\u00e1 trong h\u00e0nh tr\u00ecnh 90 &#8211; 20 &#8211; 30.&#8221;<\/p>\n","protected":false},"excerpt":{"rendered":"<p>\u0110\u00fac k\u1ebft nh\u1eefng kinh nghi\u1ec7m x\u01b0\u01a1ng m\u00e1u trong su\u1ed1t 9 n\u0103m h\u00e0nh ngh\u1ec1 Copywriter, &#8220;90 &#8211; 20 &#8211; 30 &#8211; 90 b\u00e0i h\u1ecdc v\u1ee1 l\u00f2ng v\u1ec1 \u00fd t\u01b0\u1edfng v\u00e0 c\u00e2u ch\u1eef&#8221; c\u1ee7a t\u00e1c gi\u1ea3 Hu\u1ef3nh V\u0129nh S\u01a1n s\u1ebd gi\u00fap b\u1ea1n b\u1eadt ra-\u0111a s\u00e1ng t\u1ea1o, n\u1eafm b\u1eaft cu\u1ed9c s\u1ed1ng m\u00e0u s\u1eafc v\u00e0 \u0111a chi\u1ec1u h\u01a1n, \u00fd th\u1ee9c h\u01a1n v\u1ec1 t\u1ed5 ch\u1ee9c c\u00e2u ch\u1eef, l\u00e0m ti\u1ec1n \u0111\u1ec1 cho vi\u1ec7c ch\u01a1i ch\u1eef, vi\u1ebft th\u00f4ng \u0111i\u1ec7p, s\u00e1ng t\u1ea1o slogan cho th\u01b0\u01a1ng hi\u1ec7u.<\/p>\n<p>&#8220;NG\u00c0NH QU\u1ea2NG C\u00c1O QU\u00c1 MAY M\u1eaeN. L\u00fac n\u00e0o c\u0169ng lung linh trong m\u1eaft c\u00e1c b\u1ea1n tr\u1ebb y\u00eau s\u00e1ng t\u1ea1o. Ai c\u0169ng mu\u1ed1n ra tr\u01b0\u1eddng s\u1ebd hi\u1ebfn b\u1ed9 n\u00e3o \u0111\u1ea7y \u1eafp \u00fd t\u01b0\u1edfng cho m\u1ed9t c\u00f4ng ty qu\u1ea3ng c\u00e1o ch\u1ea5t ch\u01a1i n\u00e0o \u0111\u00f3.<\/p>\n<p>Nh\u01b0ng d\u1eabu c\u00f3 \u0111\u01b0\u1ee3c chu\u1ea9n b\u1ecb k\u0129 c\u00e0ng, gi\u00e1o tr\u00ecnh qu\u1ed1c t\u1ebf 5 sao \u0111i n\u1eefa th\u00ec n\u00e0ng (Qu\u1ea3ng) C\u00e1o l\u00fac n\u00e0o c\u0169ng ki\u00eau k\u00ec. \u1ede tr\u01b0\u1eddng th\u00ec h\u1ecdc h\u00e0nh, v\u00e0o c\u00f4ng ty th\u00ec v\u1eeba h\u00e0nh v\u1eeba h\u1ecdc. \u0110\u1ec3 c\u00f3 \u00fd t\u01b0\u1edfng v\u00e0 c\u00e2u ch\u1eef x\u00e0i \u0111\u01b0\u1ee3c, c\u00e1c \u201cm\u1ea7m non s\u00e1ng t\u1ea1o\u201d ph\u1ea3i va ch\u1ea1m li\u00ean t\u1ee5c v\u00e0 t\u1ef1 m\u00ecnh v\u1ee1 l\u1ea5y nh\u1eefng b\u00e0i h\u1ecdc, c\u00e0ng nhanh c\u00e0ng t\u1ed1t, kh\u00f4ng \u0111\u01b0\u1ee3c \u0111\u1ec3 deadline qua m\u1eb7t.<\/p>\n<p>V\u00e0 ng\u01b0\u1eddi tr\u1ef1c ti\u1ebfp ch\u0103n d\u1eaft \u201cb\u1ecdn tr\u1ebb\u201d \u0111i qua nh\u1eefng ng\u00e0y ban s\u01a1 \u1ea5y l\u00e0 \u201csinh v\u1eadt\u201d mang t\u00ean \u201cmentor\/ supervisor\/ senior creative \u2013 \u201cS\u1ebfp\u201d tr\u1ef1c ti\u1ebfp, nh\u00e2n vi\u00ean s\u00e1ng t\u1ea1o l\u00e0m kha kh\u00e1 n\u0103m.<\/p>\n<p>M\u1eddi b\u1ea1n \u0111\u1ebfn v\u1edbi h\u00e0nh tr\u00ecnh 90 ng\u00e0y \u2013 t\u01b0\u01a1ng \u0111\u01b0\u01a1ng 3 th\u00e1ng th\u1ef1c t\u1eadp c\u1ee7a c\u00f4 n\u00e0ng Copywriter v\u1eeba tr\u00f2n 20, d\u01b0\u1edbi tr\u01b0\u1edbng m\u1ed9t l\u00e3o Senior Copywriter v\u1eeba ch\u1ea5m 30.<\/p>\n<p>20 v\u1eeba b\u01b0\u1edbc ch\u00e2n ra kh\u1ecfi gi\u1ea3ng \u0111\u01b0\u1eddng \u0111\u1ea1i h\u1ecdc, b\u1eaft \u0111\u1ea7u \u0111\u1ed1i m\u1eb7t v\u1edbi nh\u1eefng th\u1eed th\u00e1ch th\u1ef1c s\u1ef1.<\/p>\n<p>30 v\u1eeba b\u01b0\u1edbc sang n\u0103m h\u00e0nh ngh\u1ec1 th\u1ee9 9, b\u1eaft \u0111\u1ea7u \u0111\u1ed1i m\u1eb7t v\u1edbi \u00e1p l\u1ef1c d\u1eabn d\u1eaft \u0111\u00e0n em.<\/p>\n<p>Hai con ng\u01b0\u1eddi xa \u01a1i l\u00e0 xa nh\u01b0ng g\u1eb7p nhau n\u01a1i ni\u1ec1m vui s\u00e1ng t\u1ea1o, chi\u1ebfn \u0111\u1ea5u c\u00f9ng nhau t\u1ea1i m\u1ed9t Agency qu\u1ea3ng c\u00e1o.<\/p>\n<p>M\u1ed7i ng\u00e0y 20 v\u00e0 30 l\u1ea1i \u201cqu\u1ea7n nhau\u201d v\u00e0 mang v\u1ec1 nh\u1eefng b\u00e0i h\u1ecdc c\u1ee7a ri\u00eang m\u00ecnh.<\/p>\n<p>20 th\u00ec c\u1eb7m c\u1ee5i g\u00f5 l\u00ean tr\u00ean blog, 30 th\u00ec h\u00ed ho\u00e1y vi\u1ebft t\u1eebng trang.<\/p>\n<p>C\u00f2n b\u1ea1n th\u00ec ung dung c\u1ea7m tr\u1ecdn nh\u1eefng d\u00f2ng t\u00e2m t\u01b0 \u1ea5y tr\u00ean tay.<\/p>\n<p>\u0110\u00fac k\u1ebft nh\u1eefng kinh nghi\u1ec7m x\u01b0\u01a1ng m\u00e1u trong su\u1ed1t 9 n\u0103m h\u00e0nh ngh\u1ec1 Copywriter, 90 &#8211; 20 &#8211; 30 &#8211; 90 b\u00e0i h\u1ecdc v\u1ee1 l\u00f2ng v\u1ec1 \u00fd t\u01b0\u1edfng v\u00e0 c\u00e2u ch\u1eef c\u1ee7a t\u00e1c gi\u1ea3 Hu\u1ef3nh V\u0129nh S\u01a1n s\u1ebd gi\u00fap b\u1ea1n:<\/p>\n<p>&#8211; B\u1eadt ra-\u0111a s\u00e1ng t\u1ea1o, n\u1eafm b\u1eaft cu\u1ed9c s\u1ed1ng m\u00e0u s\u1eafc v\u00e0 \u0111a chi\u1ec1u h\u01a1n<\/p>\n<p>&#8211; \u00dd th\u1ee9c h\u01a1n v\u1ec1 t\u1ed5 ch\u1ee9c c\u00e2u ch\u1eef, l\u00e0m ti\u1ec1n \u0111\u1ec1 cho vi\u1ec7c ch\u01a1i ch\u1eef, vi\u1ebft th\u00f4ng \u0111i\u1ec7p, s\u00e1ng t\u1ea1o slogan cho th\u01b0\u01a1ng hi\u1ec7u<\/p>\n<p>&#8211; T\u01b0 duy h\u1ec7 th\u1ed1ng, vi\u1ebft logic v\u00e0 \u0111\u00fang \u0111\u1ec1 b\u00e0i<\/p>\n<p>V\u00e0 c\u00f2n r\u1ea5t nhi\u1ec1u nh\u1eefng b\u00e0i h\u1ecdc h\u1eefu \u00edch kh\u00e1c \u0111ang ch\u1edd b\u1ea1n kh\u00e1m ph\u00e1 trong h\u00e0nh tr\u00ecnh 90 &#8211; 20 &#8211; 30.&#8221;<\/p>\n","protected":false},"featured_media":22576,"template":"","meta":{"_acf_changed":false},"product_brand":[],"product_cat":[15,46],"product_tag":[83],"class_list":{"0":"post-22577","1":"product","2":"type-product","3":"status-publish","4":"has-post-thumbnail","6":"product_cat-sach-danh-cho-nguoi-lon","7":"product_cat-ky-nang-song","8":"product_tag-sach-moi-xuat-ban","10":"first","11":"outofstock","12":"taxable","13":"shipping-taxable","14":"purchasable","15":"product-type-simple"},"supplier_id":null,"supplier_sku":"","barcode":null,"atum_controlled":true,"out_stock_date":"2024-08-11 19:15:14","out_stock_threshold":null,"inheritable":false,"inbound_stock":0,"stock_on_hold":0,"sold_today":0,"sales_last_days":0,"reserved_stock":0,"customer_returns":0,"warehouse_damage":0,"lost_in_post":0,"other_logs":0,"out_stock_days":535,"lost_sales":0,"has_location":false,"update_date":"2026-01-28T23:11:19","atum_locations":[],"atum_stock_status":"outofstock","restock_status":false,"low_stock_amount":"","sales_update_date":"2026-01-28T23:11:19","calc_backorders":null,"acf":{"publisher":{"ID":12963,"post_author":"1","post_date":"2021-06-11 23:40:15","post_date_gmt":"2021-06-11 20:40:15","post_content":"","post_title":"Rio Book","post_excerpt":"","post_status":"publish","comment_status":"closed","ping_status":"closed","post_password":"","post_name":"rio-book","to_ping":"","pinged":"","post_modified":"2021-06-11 23:40:15","post_modified_gmt":"2021-06-11 20:40:15","post_content_filtered":"","post_parent":0,"guid":"https:\/\/sachviet.eu\/nha-phat-hanh\/rio-book\/","menu_order":0,"post_type":"publisher","post_mime_type":"","comment_count":"0","filter":"raw"}},"_links":{"self":[{"href":"https:\/\/sachviet.eu\/en\/wp-json\/wp\/v2\/product\/22577","targetHints":{"allow":["GET"]}}],"collection":[{"href":"https:\/\/sachviet.eu\/en\/wp-json\/wp\/v2\/product"}],"about":[{"href":"https:\/\/sachviet.eu\/en\/wp-json\/wp\/v2\/types\/product"}],"wp:featuredmedia":[{"embeddable":true,"href":"https:\/\/sachviet.eu\/en\/wp-json\/wp\/v2\/media\/22576"}],"wp:attachment":[{"href":"https:\/\/sachviet.eu\/en\/wp-json\/wp\/v2\/media?parent=22577"}],"wp:term":[{"taxonomy":"product_brand","embeddable":true,"href":"https:\/\/sachviet.eu\/en\/wp-json\/wp\/v2\/product_brand?post=22577"},{"taxonomy":"product_cat","embeddable":true,"href":"https:\/\/sachviet.eu\/en\/wp-json\/wp\/v2\/product_cat?post=22577"},{"taxonomy":"product_tag","embeddable":true,"href":"https:\/\/sachviet.eu\/en\/wp-json\/wp\/v2\/product_tag?post=22577"}],"curies":[{"name":"wp","href":"https:\/\/api.w.org\/{rel}","templated":true}]}}