{"id":22575,"date":"2023-01-21T21:54:38","date_gmt":"2023-01-21T19:54:38","guid":{"rendered":"https:\/\/sachviet.eu\/shop\/ban-phai-mang-theo-mu\/"},"modified":"2023-04-26T13:42:41","modified_gmt":"2023-04-26T10:42:41","slug":"ban-phai-mang-theo-mu","status":"publish","type":"product","link":"https:\/\/sachviet.eu\/en\/shop\/ban-phai-mang-theo-mu\/","title":{"rendered":"B\u1ea1n ph\u1ea3i mang theo m\u0169!"},"content":{"rendered":"<p>Th\u00e2n m\u1eddi b\u1ea1n \u0111\u1ebfn d\u1ef1 b\u1eefa ti\u1ec7c l\u1edbn nh\u1ea5t, tuy\u1ec7t nh\u1ea5t, nhi\u1ec1u m\u0169 nh\u1ea5t m\u1ecdi th\u1eddi \u0111\u1ea1i. B\u1ea1n c\u00f3 th\u1ec3 mang theo bao nhi\u00eau v\u1ecb kh\u00e1ch t\u00f9y \u00fd nh\u01b0ng b\u1ea1n PH\u1ea2I mang theo m\u1ed9t chi\u1ebfc m\u0169\u201d.<\/p>\n<p>L\u00e0m th\u1ebf n\u00e0o \u0111\u1ec3 \u0111\u1ebfn b\u1eefa ti\u1ec7c n\u00e0y khi b\u1ea1n kh\u00f4ng c\u00f3 c\u00e1i m\u0169 n\u00e0o c\u1ea3? V\u00e0 c\u00e2u b\u00e9 trong c\u00e2u chuy\u1ec7n n\u00e0y \u0111\u00e3 t\u00ecm ra m\u1ed9t chi\u1ebfc m\u0169, c\u00f3 \u0111i\u1ec1u n\u00f3 n\u1eb1m tr\u00ean \u0111\u1ea7u m\u1ed9t ch\u00fa kh\u1ec9 ki\u00ean quy\u1ebft kh\u00f4ng cho m\u01b0\u1ee3n. V\u00e0 r\u1ed3i c\u1eadu b\u00e9 \u1ea5y quy\u1ebft \u0111\u1ecbnh mang ch\u00fa kh\u1ec9 \u0111i c\u00f9ng \u0111\u1ebfn b\u1eefa ti\u1ec7c. Nh\u01b0ng m\u1ed9t lo\u1ea1t nh\u1eefng r\u1eafc r\u1ed1i x\u1ea3y ra ngay sau \u0111\u00f3, h\u00e0ng lo\u1ea1t nh\u1eefng quy \u0111\u1ecbnh k\u00ec qu\u1eb7c kh\u00f4ng h\u1ec1 \u0111\u01b0\u1ee3c vi\u1ebft trong gi\u1ea5y m\u1eddi ng\u0103n c\u1ea3n c\u1eadu v\u00e0 c\u00e1c b\u1ea1n tham gia b\u1eefa ti\u1ec7c. V\u1eady cu\u1ed1i c\u00f9ng b\u1eefa ti\u1ec7c \u0111\u00f3 c\u00f2n c\u00f3 nh\u1eefng quy \u0111\u1ecbnh n\u00e0o kh\u00e1c? C\u1eadu b\u00e9 c\u00f3 tham gia \u0111\u01b0\u1ee3c b\u1eefa ti\u1ec7c hay kh\u00f4ng? H\u00e3y c\u00f9ng \u0111\u1ecdc c\u00e2u chuy\u1ec7n ng\u1edb ng\u1ea9n nh\u01b0ng th\u00fa v\u1ecb m\u1ed9t c\u00e1ch k\u00ec qu\u1eb7c \u201cB\u1ea1n ph\u1ea3i mang theo m\u0169\u201d c\u1ee7a t\u00e1c gi\u1ea3 Simon Philip v\u00e0 Kate Hindley. V\u00e0 h\u00e3y ch\u1edd xem, b\u00e9 s\u1ebd kh\u00e1m ph\u00e1 ra \u0111i\u1ec1u b\u1ea5t ng\u1edd \u0111\u1ed9c \u0111\u00e1o n\u00e0o trong c\u00e2u chuy\u1ec7n n\u00e0y nh\u00e9!<\/p>\n<p>NH\u1eacN X\u00c9T C\u1ee6A \u0110\u1ed8C GI\u1ea2<\/p>\n<p>\u201cC\u00f3 r\u1ea5t nhi\u1ec1u th\u1ee9 \u0111\u00e1ng \u0111\u1ec3 quan s\u00e1t trong t\u1eebng trang s\u00e1ch v\u00e0 k\u1ebft th\u00fac b\u1ea5t ng\u1edd s\u1ebd khi\u1ebfn m\u1ecdi ng\u01b0\u1eddi ph\u1ea3i quay tr\u1edf l\u1ea1i t\u1eeb \u0111\u1ea7u \u0111\u1ec3 t\u00ecm ra nh\u1eefng chi ti\u1ebft m\u00e0 m\u00ecnh c\u00f3 th\u1ec3 \u0111\u00e3 b\u1ecf l\u1ee1. M\u1ed9t cu\u1ed1n s\u00e1ch v\u00f4 c\u00f9ng th\u00fa v\u1ecb!\u201d<br \/>\n&#8211; LoveReading4Kids<\/p>\n<p>GI\u1edaI THI\u1ec6U T\u00c1C GI\u1ea2<\/p>\n<p>Simon Philip t\u1ed1t nghi\u1ec7p c\u1eed nh\u00e2n ng\u00e0nh L\u1ecbch s\u1eed t\u1ea1i \u0110\u1ea1i h\u1ecdc Exeter. Anh t\u1eebng l\u00e0 ng\u01b0\u1eddi pha ch\u1ebf t\u1ea1i m\u1ed9t qu\u00e1n r\u01b0\u1ee3u \u1edf \u0111\u1ecba ph\u01b0\u01a1ng, sau \u0111\u00f3 l\u00e0 gi\u00e1o vi\u00ean ti\u1ec3u h\u1ecdc. C\u00f4ng vi\u1ec7c d\u1ea1y h\u1ecdc \u0111\u00e3 l\u00e0m s\u1ed1ng l\u1ea1i t\u00ecnh y\u00eau d\u00e0nh cho v\u0103n h\u1ecdc thi\u1ebfu nhi trong anh, \u0111\u1eb7c bi\u1ec7t l\u00e0 \u0111\u1ed1i v\u1edbi s\u00e1ch tranh v\u00e0 anh \u0111\u00e3 quy\u1ebft \u0111\u1ecbnh s\u1ebd theo \u0111u\u1ed5i s\u1ef1 nghi\u1ec7p s\u00e1ng t\u00e1c. Cu\u1ed1n s\u00e1ch B\u1ea1n ph\u1ea3i mang theo m\u0169 l\u00e0 cu\u1ed1n s\u00e1ch \u0111\u1ea7u tay c\u1ee7a anh v\u00e0 \u0111\u00e3 nh\u1eadn \u0111\u01b0\u1ee3c Gi\u1ea3i th\u01b0\u1edfng S\u00e1ch thi\u1ebfu nhi Sainsbury n\u0103m 2016.<br \/>\nKate Hindley l\u00e0 m\u1ed9t t\u00e1c gi\u1ea3 v\u00e0 h\u1ecda s\u0129 minh h\u1ecda s\u00e1ch thi\u1ebfu nhi \u0111\u01b0\u1ee3c y\u00eau th\u00edch hi\u1ec7n \u0111ang s\u1ed1ng v\u00e0 l\u00e0m vi\u1ec7c t\u1ea1i Bristol, V\u01b0\u01a1ng qu\u1ed1c Anh. C\u00f4 t\u1eebng l\u00e0 ng\u01b0\u1eddi thi\u1ebft k\u1ebf in \u1ea5n tr\u01b0\u1edbc khi tr\u1edf th\u00e0nh h\u1ecda s\u0129 minh h\u1ecda. N\u0103m 2011, c\u00f4 k\u00ed h\u1ee3p \u0111\u1ed3ng minh h\u1ecda \u0111\u1ea7u ti\u00ean cho cu\u1ed1n s\u00e1ch The Great Snortle Run c\u1ee7a t\u00e1c gi\u1ea3 Claire Freedman v\u00e0 cu\u1ed1n s\u00e1ch \u0111\u00e3 \u0111\u01b0\u1ee3c \u0111\u1ec1 c\u1eed gi\u1ea3i th\u01b0\u1edfng Kate Greenaway. K\u1ec3 t\u1eeb \u0111\u00f3 tr\u1edf \u0111i, c\u00f4 \u0111\u00e3 minh h\u1ecda cho r\u1ea5t nhi\u1ec1u cu\u1ed1n s\u00e1ch tranh b\u00e1n ch\u1ea1y, trong \u0111\u00f3 ph\u1ea3i k\u1ec3 \u0111\u1ebfn B\u1ea1n ph\u1ea3i mang theo m\u0169.<\/p>\n","protected":false},"excerpt":{"rendered":"<p>Th\u00e2n m\u1eddi b\u1ea1n \u0111\u1ebfn d\u1ef1 b\u1eefa ti\u1ec7c l\u1edbn nh\u1ea5t, tuy\u1ec7t nh\u1ea5t, nhi\u1ec1u m\u0169 nh\u1ea5t m\u1ecdi th\u1eddi \u0111\u1ea1i. B\u1ea1n c\u00f3 th\u1ec3 mang theo bao nhi\u00eau v\u1ecb kh\u00e1ch t\u00f9y \u00fd nh\u01b0ng b\u1ea1n PH\u1ea2I mang theo m\u1ed9t chi\u1ebfc m\u0169\u201d.<\/p>\n<p>L\u00e0m th\u1ebf n\u00e0o \u0111\u1ec3 \u0111\u1ebfn b\u1eefa ti\u1ec7c n\u00e0y khi b\u1ea1n kh\u00f4ng c\u00f3 c\u00e1i m\u0169 n\u00e0o c\u1ea3? V\u00e0 c\u00e2u b\u00e9 trong c\u00e2u chuy\u1ec7n n\u00e0y \u0111\u00e3 t\u00ecm ra m\u1ed9t chi\u1ebfc m\u0169, c\u00f3 \u0111i\u1ec1u n\u00f3 n\u1eb1m tr\u00ean \u0111\u1ea7u m\u1ed9t ch\u00fa kh\u1ec9 ki\u00ean quy\u1ebft kh\u00f4ng cho m\u01b0\u1ee3n. V\u00e0 r\u1ed3i c\u1eadu b\u00e9 \u1ea5y quy\u1ebft \u0111\u1ecbnh mang ch\u00fa kh\u1ec9 \u0111i c\u00f9ng \u0111\u1ebfn b\u1eefa ti\u1ec7c. Nh\u01b0ng m\u1ed9t lo\u1ea1t nh\u1eefng r\u1eafc r\u1ed1i x\u1ea3y ra ngay sau \u0111\u00f3, h\u00e0ng lo\u1ea1t nh\u1eefng quy \u0111\u1ecbnh k\u00ec qu\u1eb7c kh\u00f4ng h\u1ec1 \u0111\u01b0\u1ee3c vi\u1ebft trong gi\u1ea5y m\u1eddi ng\u0103n c\u1ea3n c\u1eadu v\u00e0 c\u00e1c b\u1ea1n tham gia b\u1eefa ti\u1ec7c. V\u1eady cu\u1ed1i c\u00f9ng b\u1eefa ti\u1ec7c \u0111\u00f3 c\u00f2n c\u00f3 nh\u1eefng quy \u0111\u1ecbnh n\u00e0o kh\u00e1c? C\u1eadu b\u00e9 c\u00f3 tham gia \u0111\u01b0\u1ee3c b\u1eefa ti\u1ec7c hay kh\u00f4ng? H\u00e3y c\u00f9ng \u0111\u1ecdc c\u00e2u chuy\u1ec7n ng\u1edb ng\u1ea9n nh\u01b0ng th\u00fa v\u1ecb m\u1ed9t c\u00e1ch k\u00ec qu\u1eb7c \u201cB\u1ea1n ph\u1ea3i mang theo m\u0169\u201d c\u1ee7a t\u00e1c gi\u1ea3 Simon Philip v\u00e0 Kate Hindley. V\u00e0 h\u00e3y ch\u1edd xem, b\u00e9 s\u1ebd kh\u00e1m ph\u00e1 ra \u0111i\u1ec1u b\u1ea5t ng\u1edd \u0111\u1ed9c \u0111\u00e1o n\u00e0o trong c\u00e2u chuy\u1ec7n n\u00e0y nh\u00e9!<\/p>\n","protected":false},"featured_media":22574,"template":"","meta":{"_acf_changed":false},"product_brand":[],"product_cat":[24,25,17],"product_tag":[83],"class_list":{"0":"post-22575","1":"product","2":"type-product","3":"status-publish","4":"has-post-thumbnail","6":"product_cat-nha-tre-mau-giao-0-tuoi-6-tuoi","7":"product_cat-nhi-dong-6-tuoi-12-tuoi","8":"product_cat-sach-danh-cho-cac-be","9":"product_tag-sach-moi-xuat-ban","11":"first","12":"outofstock","13":"taxable","14":"shipping-taxable","15":"purchasable","16":"product-type-simple"},"supplier_id":null,"supplier_sku":"","barcode":null,"atum_controlled":true,"out_stock_date":"2023-04-26 10:42:41","out_stock_threshold":null,"inheritable":false,"inbound_stock":0,"stock_on_hold":0,"sold_today":0,"sales_last_days":0,"reserved_stock":0,"customer_returns":0,"warehouse_damage":0,"lost_in_post":0,"other_logs":0,"out_stock_days":1008,"lost_sales":0,"has_location":false,"update_date":"2026-01-28T23:11:10","atum_locations":[],"atum_stock_status":"outofstock","restock_status":false,"low_stock_amount":"","sales_update_date":"2026-01-28T23:11:10","calc_backorders":null,"acf":{"publisher":{"ID":22321,"post_author":"1","post_date":"2023-01-21 02:36:04","post_date_gmt":"2023-01-21 00:36:04","post_content":"<!-- wp:html \/-->","post_title":"Ehomebooks","post_excerpt":"","post_status":"publish","comment_status":"closed","ping_status":"closed","post_password":"","post_name":"ehomebooks","to_ping":"","pinged":"","post_modified":"2023-01-21 02:36:07","post_modified_gmt":"2023-01-21 00:36:07","post_content_filtered":"","post_parent":0,"guid":"https:\/\/sachviet.eu\/?post_type=publisher&#038;p=22321","menu_order":0,"post_type":"publisher","post_mime_type":"","comment_count":"0","filter":"raw"}},"_links":{"self":[{"href":"https:\/\/sachviet.eu\/en\/wp-json\/wp\/v2\/product\/22575","targetHints":{"allow":["GET"]}}],"collection":[{"href":"https:\/\/sachviet.eu\/en\/wp-json\/wp\/v2\/product"}],"about":[{"href":"https:\/\/sachviet.eu\/en\/wp-json\/wp\/v2\/types\/product"}],"wp:featuredmedia":[{"embeddable":true,"href":"https:\/\/sachviet.eu\/en\/wp-json\/wp\/v2\/media\/22574"}],"wp:attachment":[{"href":"https:\/\/sachviet.eu\/en\/wp-json\/wp\/v2\/media?parent=22575"}],"wp:term":[{"taxonomy":"product_brand","embeddable":true,"href":"https:\/\/sachviet.eu\/en\/wp-json\/wp\/v2\/product_brand?post=22575"},{"taxonomy":"product_cat","embeddable":true,"href":"https:\/\/sachviet.eu\/en\/wp-json\/wp\/v2\/product_cat?post=22575"},{"taxonomy":"product_tag","embeddable":true,"href":"https:\/\/sachviet.eu\/en\/wp-json\/wp\/v2\/product_tag?post=22575"}],"curies":[{"name":"wp","href":"https:\/\/api.w.org\/{rel}","templated":true}]}}