{"id":22573,"date":"2023-01-21T21:54:18","date_gmt":"2023-01-21T19:54:18","guid":{"rendered":"https:\/\/sachviet.eu\/shop\/combo-2-cuon-ngay-me-lam-me-ngay-bo-lam-bo\/"},"modified":"2024-12-09T12:41:41","modified_gmt":"2024-12-09T10:41:41","slug":"combo-2-cuon-ngay-me-lam-me-ngay-bo-lam-bo","status":"publish","type":"product","link":"https:\/\/sachviet.eu\/en\/shop\/combo-2-cuon-ngay-me-lam-me-ngay-bo-lam-bo\/","title":{"rendered":"Combo 2 cu\u1ed1n: Ng\u00e0y m\u1eb9 l\u00e0m m\u1eb9 &#8211; Ng\u00e0y b\u1ed1 l\u00e0m b\u1ed1"},"content":{"rendered":"<p>1. Ng\u00e0y m\u1eb9 l\u00e0m m\u1eb9<\/p>\n<p>Cu\u1ed1n s\u00e1ch m\u00f4 t\u1ea3 nh\u1eefng mong \u0111\u1ee3i, lo l\u1eafng v\u00e0 ni\u1ec1m vui s\u01b0\u1edbng khi m\u1eb9 sinh em b\u00e9 \u0111\u1ea7u l\u00f2ng t\u1ea1i b\u1ec7nh vi\u1ec7n. <\/p>\n<p>Minh h\u1ecda: nh\u1eefng d\u00f2ng vi\u1ebft x\u00fac \u0111\u1ed9ng m\u00e0 c\u0169ng h\u00e0i h\u01b0\u1edbc n\u00e0y n\u00e9t v\u1ebd ngu\u1ec7ch ngo\u1ea1c t\u1ea1o h\u00ecnh nh\u00e2n v\u1eadt gi\u00e0u c\u1ea3m x\u00fac v\u00e0 c\u00f3 c\u00e1 t\u00ednh ri\u00eang, d\u1ec5 nh\u1eadn ra, b\u1ed1 c\u1ee5c kh\u00f4ng gian kh\u00f4ng \u0111\u1ea7y hay r\u1ed7ng m\u00e0 v\u1eeba \u0111\u1ee7.<\/p>\n<p>H\u00ecnh \u1ea3nh nh\u1eb9 nh\u00e0ng \u0111i theo tr\u00ecnh t\u1ef1, c\u00f3 m\u1ea1ch truy\u1ec7n, nh\u01b0 th\u01b0\u1edbc phim quay ch\u1eadm. T\u00ecnh y\u00eau c\u1ee7a m\u1eb9, m\u1eb9 v\u1edbi cu\u1ed9c s\u1ed1ng xung quanh \u0111\u1ea7y nh\u1ed9n nh\u1ecbp, t\u01b0\u01a1i vui v\u00e0 gi\u00e0u s\u1ee9c s\u1ed1ng.<\/p>\n<p>Th\u00f4ng \u0111i\u1ec7p: \u201cEm b\u00e9 \u00e0, ch\u00e0o con, m\u1eb9 \u0111\u00e2y. Nh\u1edd c\u00f3 con m\u00e0 m\u1eb9 \u0111\u00e3 tr\u1edf th\u00e0nh m\u1eb9 r\u1ed3i \u0111\u00f3. C\u1ea3m \u01a1n con nh\u00e9! Ng\u00e0y con sinh ra \u0111\u1eddi. L\u00e0 ng\u00e0y m\u1eb9 tr\u1edf th\u00e0nh m\u1eb9.\u201d<\/p>\n<p>2. Ng\u00e0y b\u1ed1 l\u00e0m b\u1ed1<\/p>\n<p>C\u1ea3 nh\u00e0 c\u00f9ng h\u1ed3i h\u1ed9p ch\u00e0o \u0111\u00f3n \u0111\u1ee9a con th\u1ee9 3 t\u1ea1i nh\u00e0, b\u1ed1 c\u1ee9 ngh\u0129 ng\u1ee3i khi m\u1ea5y \u0111\u1ee9a nh\u1ecf c\u1ee9 h\u1ecfi: \u201cL\u1ea7n \u0111\u1ea7u ti\u00ean b\u1ed1 l\u00e0m b\u1ed1 l\u00e0 khi n\u00e0o v\u1eady?\u201d. B\u1ed1 kh\u00f4ng bi\u1ebft l\u00e0m th\u1ebf n\u00e0o \u0111\u1ec3 c\u00f3 th\u1ec3 gi\u1ea3i th\u00edch cho con hi\u1ec3u v\u1ec1 c\u1ea3m x\u00fac m\u00e0 b\u1ed1 tr\u1ea3i qua trong l\u1ea7n \u0111\u1ea7u l\u00e0m b\u1ed1, \u0111\u1ebfn l\u1ea7n th\u1ee9 3 n\u00e0y b\u1ed1 kh\u00f4ng c\u00f2n b\u1ee1 ng\u1ee1 nh\u01b0ng v\u1eabn l\u00e0 ni\u1ec1m vui v\u00e0 h\u1ea1nh ph\u00fac r\u1ea5t kh\u00f3 t\u1ea3. <\/p>\n<p>Minh h\u1ecda: nh\u1eefng d\u00f2ng vi\u1ebft x\u00fac \u0111\u1ed9ng m\u00e0 c\u0169ng h\u00e0i h\u01b0\u1edbc n\u00e0y n\u00e9t v\u1ebd ngu\u1ec7ch ngo\u1ea1c t\u1ea1o h\u00ecnh nh\u00e2n v\u1eadt gi\u00e0u c\u1ea3m x\u00fac v\u00e0 c\u00f3 c\u00e1 t\u00ednh ri\u00eang, d\u1ec5 nh\u1eadn ra, b\u1ed1 c\u1ee5c kh\u00f4ng gian kh\u00f4ng \u0111\u1ea7y hay r\u1ed7ng m\u00e0 v\u1eeba \u0111\u1ee7.<\/p>\n<p>H\u00ecnh \u1ea3nh nh\u1eb9 nh\u00e0ng \u0111i theo tr\u00ecnh t\u1ef1, c\u00f3 m\u1ea1ch truy\u1ec7n, nh\u01b0 th\u01b0\u1edbc phim quay ch\u1eadm. T\u00ecnh y\u00eau c\u1ee7a m\u1eb9, m\u1eb9 v\u1edbi cu\u1ed9c s\u1ed1ng xung quanh \u0111\u1ea7y nh\u1ed9n nh\u1ecbp, t\u01b0\u01a1i vui v\u00e0 gi\u00e0u s\u1ee9c s\u1ed1ng.<\/p>\n<p>Th\u00f4ng \u0111i\u1ec7p: Ng\u00e0y b\u1ed1 tr\u1edf th\u00e0nh b\u1ed1 l\u00e0 ng\u00e0y ch\u00f3i chang. L\u00e0 m\u1ed9t ng\u00e0y run r\u1ea9y. Phong c\u1ea3nh h\u00e0ng ng\u00e0y b\u1ed7ng tr\u1edf n\u00ean r\u1ef1c r\u1ee1 h\u01a1n bao gi\u1edd h\u1ebft. Kh\u00f4ng hi\u1ec3u sao, b\u1ed1 c\u01b0\u1eddi nh\u01b0 n\u1eafc n\u1ebb. V\u00e0 kh\u00f4ng hi\u1ec3u sao, c\u00f3 m\u1ed9t s\u1ee9c m\u1ea1nh k\u1ef3 di\u1ec7u \u0111ang tr\u1ed7i d\u1eady trong b\u1ed1.<\/p>\n<p>\u0110\u1eb7c bi\u1ec7t: <\/p>\n<p>B\u1ed9 s\u00e1ch \u0111\u1ea1t gi\u1ea3i th\u01b0\u1edfng 41st Sankei Juvenile Literature Publishing Culture Award (1954 \u2013 cung c\u1ea5p nh\u1eefng cu\u1ed1n s\u00e1ch hay cho tr\u1ebb, nh\u1eefng ng\u01b0\u1eddi c\u00f3 tr\u00e1ch nhi\u1ec7m v\u1edbi th\u1ebf h\u1ec7 t\u01b0\u01a1ng lai, h\u01b0\u1edbng t\u1edbi t\u1ea5t c\u1ea3 c\u00e1c cu\u1ed1n s\u00e1ch xu\u1ea5t s\u1eafc nh\u1ea5t trong t\u1ea5t c\u1ea3 c\u00e1c th\u1ec3 lo\u1ea1i s\u00e1ch d\u00e0nh cho tr\u1ebb em, ngo\u1ea1i tr\u1eeb s\u00e1ch h\u01b0\u1edbng d\u1eabn h\u1ecdc t\u1eadp)<\/p>\n<p>4th Kembuchi Picture Book Village Grand Prize (1991 \u2013 T\u0103ng c\u01b0\u1eddng hi\u1ec3u bi\u1ebft v\u00e0 h\u1ee3p t\u00e1c x\u00e2y d\u1ef1ng L\u00e0ng S\u00e1ch tranh Kembuchi \u2013 Kembuchi Picture Book Village, qua \u0111\u00f3 g\u00f3p ph\u1ea7n ph\u00e1t tri\u1ec3n v\u0103n ho\u00e1 l\u00e0ng cho tr\u1ebb. M\u1ed9t l\u00e1 phi\u1ebfu b\u00ecnh ch\u1ecdn l\u00e0 \u0111\u1ebfn t\u1eeb c\u00e1c du kh\u00e1ch gh\u00e9 th\u0103m Th\u01b0 vi\u1ec7n v\u00e0 B\u1ea3o t\u00e0ng S\u00e1ch tranh Kembuchi \u2013 Kembuchi Picture Book Library and Museum).<\/p>\n","protected":false},"excerpt":{"rendered":"<p>Tr\u1edf th\u00e0nh b\u1ed1 m\u1eb9 lu\u00f4n l\u00e0 \u0111i\u1ec1u tuy\u1ec7t v\u1eddi \u0111\u1ed1i v\u1edbi m\u1ed7i ng\u01b0\u1eddi. H\u00e0nh tr\u00ecnh \u1ea5y tr\u1ea3i qua bi\u1ebft bao c\u1ea3m x\u00fac t\u1eeb b\u1ea5t ng\u1edd, h\u1ed3i h\u1ed9p, v\u1ee1 \u00f2a, h\u1ea1nh ph\u00fac c\u0169ng c\u00f3 c\u1ea3 n\u1ed7i bu\u1ed3n, lo l\u1eafng v\u00e0 b\u1ea5t an. Nh\u01b0ng \u0111\u1ec3 \u0111\u01b0\u1ee3c nh\u00ecn ng\u1eafm m\u1ed9t em b\u00e9 l\u1edbn l\u00ean th\u00ec nh\u1eefng cung b\u1eadc c\u1ea3m x\u00fac \u1ea5y \u0111\u1ec1u x\u1ee9ng \u0111\u00e1ng th\u00f4i ph\u1ea3i kh\u00f4ng? <\/p>\n<p>N\u1ebfu b\u1ea1n mu\u1ed1n bi\u1ebft th\u1eddi gian tr\u00f4i nhanh th\u1ebf n\u00e0o? H\u00e3y nh\u00ecn ng\u1eafm m\u1ed9t em b\u00e9 l\u1edbn l\u00ean t\u1eebng ng\u00e0y v\u00e0 nh\u00ecn ng\u1eafm v\u1ea1n v\u1eadt xung quanh b\u1ea1n chuy\u1ec3n m\u00ecnh m\u1ed7i ng\u00e0y. M\u1ed9t em b\u00e9 c\u0169ng v\u1eady, ch\u00fang l\u1edbn l\u00ean ngay c\u1ea3 trong gi\u1ea5c ng\u1ee7, ngay c\u1ea3 khi b\u1ea1n kh\u00f4ng h\u1ec1 \u0111\u1ec3 \u00fd, ch\u1ec9 \u0111\u1ebfn m\u1ed9t ng\u00e0y, khi b\u1ea1n gi\u1eadt m\u00ecnh h\u1ed1t ho\u1ea3ng th\u00ec ch\u00fang \u0111\u00e3 l\u1edbn l\u00ean m\u1ea5t r\u1ed3i, t\u1eeb bao gi\u1edd b\u1ea1n kh\u00f4ng bi\u1ebft n\u1eefa\u2026 L\u00e0m cha m\u1eb9, ch\u00fang ta c\u00f3 mong g\u00ec h\u01a1n ngo\u00e0i mong s\u1ebd kh\u00f4ng ph\u1ea3i ti\u1ebfc nu\u1ed1i v\u00e0 h\u1ee5t h\u1eabng v\u00ec b\u1ecf l\u1ee1 m\u1ea5t nh\u1eefng kho\u1ea3nh kh\u1eafc h\u1ea1nh ph\u00fac c\u1ee7a con m\u00ecnh, c\u00e1c b\u1ed1 m\u1eb9 nh\u1ec9 ?<\/p>\n<p>\u0110\u00f3 l\u00e0 l\u00fd do Th\u00e1i H\u00e0 Books ph\u00e1t h\u00e0nh b\u1ed9 s\u00e1ch Ng\u00e0y m\u1eb9 l\u00e0m m\u1eb9 \u2013 Ng\u00e0y b\u1ed1 l\u00e0m b\u1ed1 c\u1ee7a t\u00e1c gi\u1ea3 Nagano Hideko.<\/p>\n","protected":false},"featured_media":22572,"template":"","meta":{"_acf_changed":false},"product_brand":[],"product_cat":[24,25,17],"product_tag":[83],"class_list":{"0":"post-22573","1":"product","2":"type-product","3":"status-publish","4":"has-post-thumbnail","6":"product_cat-nha-tre-mau-giao-0-tuoi-6-tuoi","7":"product_cat-nhi-dong-6-tuoi-12-tuoi","8":"product_cat-sach-danh-cho-cac-be","9":"product_tag-sach-moi-xuat-ban","11":"first","12":"outofstock","13":"taxable","14":"shipping-taxable","15":"purchasable","16":"product-type-simple"},"supplier_id":null,"supplier_sku":"","barcode":null,"atum_controlled":true,"out_stock_date":"2024-12-09 10:41:41","out_stock_threshold":null,"inheritable":false,"inbound_stock":0,"stock_on_hold":0,"sold_today":0,"sales_last_days":0,"reserved_stock":0,"customer_returns":0,"warehouse_damage":0,"lost_in_post":0,"other_logs":0,"out_stock_days":415,"lost_sales":0,"has_location":false,"update_date":"2026-01-28T23:11:27","atum_locations":[],"atum_stock_status":"outofstock","restock_status":false,"low_stock_amount":"","sales_update_date":"2026-01-28T23:11:27","calc_backorders":null,"acf":{"publisher":{"ID":1474,"post_author":"1","post_date":"2021-02-17 01:12:51","post_date_gmt":"2021-02-16 23:12:51","post_content":"","post_title":"Th\u00e1i H\u00e0","post_excerpt":"","post_status":"publish","comment_status":"closed","ping_status":"closed","post_password":"","post_name":"thai-ha","to_ping":"","pinged":"","post_modified":"2021-02-17 01:12:51","post_modified_gmt":"2021-02-16 23:12:51","post_content_filtered":"","post_parent":0,"guid":"https:\/\/sachviet.eu\/nha-phat-hanh\/thai-ha\/","menu_order":0,"post_type":"publisher","post_mime_type":"","comment_count":"0","filter":"raw"}},"_links":{"self":[{"href":"https:\/\/sachviet.eu\/en\/wp-json\/wp\/v2\/product\/22573","targetHints":{"allow":["GET"]}}],"collection":[{"href":"https:\/\/sachviet.eu\/en\/wp-json\/wp\/v2\/product"}],"about":[{"href":"https:\/\/sachviet.eu\/en\/wp-json\/wp\/v2\/types\/product"}],"wp:featuredmedia":[{"embeddable":true,"href":"https:\/\/sachviet.eu\/en\/wp-json\/wp\/v2\/media\/22572"}],"wp:attachment":[{"href":"https:\/\/sachviet.eu\/en\/wp-json\/wp\/v2\/media?parent=22573"}],"wp:term":[{"taxonomy":"product_brand","embeddable":true,"href":"https:\/\/sachviet.eu\/en\/wp-json\/wp\/v2\/product_brand?post=22573"},{"taxonomy":"product_cat","embeddable":true,"href":"https:\/\/sachviet.eu\/en\/wp-json\/wp\/v2\/product_cat?post=22573"},{"taxonomy":"product_tag","embeddable":true,"href":"https:\/\/sachviet.eu\/en\/wp-json\/wp\/v2\/product_tag?post=22573"}],"curies":[{"name":"wp","href":"https:\/\/api.w.org\/{rel}","templated":true}]}}