{"id":22571,"date":"2023-01-21T21:54:12","date_gmt":"2023-01-21T19:54:12","guid":{"rendered":"https:\/\/sachviet.eu\/shop\/ton-giao-khai-luoc-nhung-tu-tuong-lon\/"},"modified":"2023-01-25T23:11:29","modified_gmt":"2023-01-25T21:11:29","slug":"ton-giao-khai-luoc-nhung-tu-tuong-lon","status":"publish","type":"product","link":"https:\/\/sachviet.eu\/en\/shop\/ton-giao-khai-luoc-nhung-tu-tuong-lon\/","title":{"rendered":"T\u00f4n Gi\u00e1o &#8211; Kh\u00e1i L\u01b0\u1ee3c Nh\u1eefng T\u01b0 T\u01b0\u1edfng L\u1edbn"},"content":{"rendered":"<p>Ch\u1ec9 c\u00f3 m\u1ed9t Th\u01b0\u1ee3ng \u0111\u1ebf? V\u00ec sao con ng\u01b0\u1eddi ch\u1ecbu kh\u1ed5? \u0110i\u1ec1u g\u00ec ch\u1edd ta sau c\u00e1i ch\u1ebft? H\u00e0ng t\u1ec9 ng\u01b0\u1eddi tr\u00ean th\u1ebf gi\u1edbi t\u00ecm th\u1ea5y \u00fd ngh\u0129a s\u1ed1ng trong t\u00f4n gi\u00e1o, nh\u01b0ng nh\u1eefng t\u01b0 t\u01b0\u1edfng n\u00e0o \u0111\u00e3 n\u00e2ng \u0111\u1ee1 nh\u1eefng \u0111\u1ee9c tin \u0111\u00f3 v\u00e0 ch\u00fang \u0111\u00e3 ph\u00e1t tri\u1ec3n nh\u01b0 th\u1ebf n\u00e0o?<\/p>\n<p>Bao qu\u00e1t nh\u1eefng t\u00f4n gi\u00e1o t\u00edn ng\u01b0\u1ee1ng l\u1edbn c\u1ee7a th\u1ebf gi\u1edbi b\u1eb1ng m\u1ed9t v\u0103n phong d\u1ec5 hi\u1ec3u v\u00e0 s\u00e1ng s\u1ee7a, T\u00f4n gi\u00e1o &#8211; Kh\u00e1i L\u01b0\u1ee3c Nh\u1eefng T\u01b0 T\u01b0\u1edfng L\u1edbn l\u00e0 t\u1eadp h\u1ee3p nh\u1eefng b\u00e0i vi\u1ebft ng\u1eafn g\u1ecdn h\u00e0m s\u00fac gi\u1ea3i th\u00edch r\u00f5 nh\u1eefng \u0111i\u1ec1u kh\u00f3 hi\u1ec3u, nh\u1eefng s\u01a1 \u0111\u1ed3 t\u1eebng b\u01b0\u1edbc m\u1ed9t gi\u00fap l\u00e0m s\u00e1ng t\u1ecf nh\u1eefng gi\u00e1o l\u00ed tr\u1ecdng t\u00e2m v\u00e0 nh\u1eefng h\u00ecnh \u1ea3nh minh h\u1ecda d\u00ed d\u1ecfm gi\u00fap ch\u00fang ta suy t\u01b0 v\u1edbi nh\u1eadn th\u1ee9c v\u1ec1 t\u00f4n gi\u00e1o c\u1ee7a m\u00ecnh.<\/p>\n","protected":false},"excerpt":{"rendered":"<p>Ch\u1ec9 c\u00f3 m\u1ed9t Th\u01b0\u1ee3ng \u0111\u1ebf? V\u00ec sao con ng\u01b0\u1eddi ch\u1ecbu kh\u1ed5? \u0110i\u1ec1u g\u00ec ch\u1edd ta sau c\u00e1i ch\u1ebft? H\u00e0ng t\u1ec9 ng\u01b0\u1eddi tr\u00ean th\u1ebf gi\u1edbi t\u00ecm th\u1ea5y \u00fd ngh\u0129a s\u1ed1ng trong t\u00f4n gi\u00e1o, nh\u01b0ng nh\u1eefng t\u01b0 t\u01b0\u1edfng n\u00e0o \u0111\u00e3 n\u00e2ng \u0111\u1ee1 nh\u1eefng \u0111\u1ee9c tin \u0111\u00f3 v\u00e0 ch\u00fang \u0111\u00e3 ph\u00e1t tri\u1ec3n nh\u01b0 th\u1ebf n\u00e0o?<\/p>\n<p>Bao qu\u00e1t nh\u1eefng t\u00f4n gi\u00e1o t\u00edn ng\u01b0\u1ee1ng l\u1edbn c\u1ee7a th\u1ebf gi\u1edbi b\u1eb1ng m\u1ed9t v\u0103n phong d\u1ec5 hi\u1ec3u v\u00e0 s\u00e1ng s\u1ee7a, T\u00f4n gi\u00e1o &#8211; Kh\u00e1i L\u01b0\u1ee3c Nh\u1eefng T\u01b0 T\u01b0\u1edfng L\u1edbn l\u00e0 t\u1eadp h\u1ee3p nh\u1eefng b\u00e0i vi\u1ebft ng\u1eafn g\u1ecdn h\u00e0m s\u00fac gi\u1ea3i th\u00edch r\u00f5 nh\u1eefng \u0111i\u1ec1u kh\u00f3 hi\u1ec3u, nh\u1eefng s\u01a1 \u0111\u1ed3 t\u1eebng b\u01b0\u1edbc m\u1ed9t gi\u00fap l\u00e0m s\u00e1ng t\u1ecf nh\u1eefng gi\u00e1o l\u00ed tr\u1ecdng t\u00e2m v\u00e0 nh\u1eefng h\u00ecnh \u1ea3nh minh h\u1ecda d\u00ed d\u1ecfm gi\u00fap ch\u00fang ta suy t\u01b0 v\u1edbi nh\u1eadn th\u1ee9c v\u1ec1 t\u00f4n gi\u00e1o c\u1ee7a m\u00ecnh.<\/p>\n","protected":false},"featured_media":22570,"template":"","meta":{"_acf_changed":false},"product_brand":[],"product_cat":[18,15,46],"product_tag":[83],"class_list":{"0":"post-22571","1":"product","2":"type-product","3":"status-publish","4":"has-post-thumbnail","6":"product_cat-kinh-te","7":"product_cat-sach-danh-cho-nguoi-lon","8":"product_cat-ky-nang-song","9":"product_tag-sach-moi-xuat-ban","11":"first","12":"outofstock","13":"taxable","14":"shipping-taxable","15":"purchasable","16":"product-type-simple"},"supplier_id":null,"supplier_sku":"","barcode":null,"atum_controlled":true,"out_stock_date":"2023-01-25 21:11:29","out_stock_threshold":null,"inheritable":false,"inbound_stock":0,"stock_on_hold":0,"sold_today":0,"sales_last_days":0,"reserved_stock":0,"customer_returns":0,"warehouse_damage":0,"lost_in_post":0,"other_logs":0,"out_stock_days":1099,"lost_sales":0,"has_location":false,"update_date":"2026-01-28T23:11:10","atum_locations":[],"atum_stock_status":"outofstock","restock_status":false,"low_stock_amount":"","sales_update_date":"2026-01-28T23:11:10","calc_backorders":null,"acf":{"publisher":{"ID":1544,"post_author":"1","post_date":"2021-02-17 01:24:05","post_date_gmt":"2021-02-16 23:24:05","post_content":"","post_title":"\u0110\u00f4ng A","post_excerpt":"","post_status":"publish","comment_status":"closed","ping_status":"closed","post_password":"","post_name":"dong-a","to_ping":"","pinged":"","post_modified":"2021-02-17 01:24:05","post_modified_gmt":"2021-02-16 23:24:05","post_content_filtered":"","post_parent":0,"guid":"https:\/\/sachviet.eu\/nha-phat-hanh\/dong-a\/","menu_order":0,"post_type":"publisher","post_mime_type":"","comment_count":"0","filter":"raw"}},"_links":{"self":[{"href":"https:\/\/sachviet.eu\/en\/wp-json\/wp\/v2\/product\/22571","targetHints":{"allow":["GET"]}}],"collection":[{"href":"https:\/\/sachviet.eu\/en\/wp-json\/wp\/v2\/product"}],"about":[{"href":"https:\/\/sachviet.eu\/en\/wp-json\/wp\/v2\/types\/product"}],"wp:featuredmedia":[{"embeddable":true,"href":"https:\/\/sachviet.eu\/en\/wp-json\/wp\/v2\/media\/22570"}],"wp:attachment":[{"href":"https:\/\/sachviet.eu\/en\/wp-json\/wp\/v2\/media?parent=22571"}],"wp:term":[{"taxonomy":"product_brand","embeddable":true,"href":"https:\/\/sachviet.eu\/en\/wp-json\/wp\/v2\/product_brand?post=22571"},{"taxonomy":"product_cat","embeddable":true,"href":"https:\/\/sachviet.eu\/en\/wp-json\/wp\/v2\/product_cat?post=22571"},{"taxonomy":"product_tag","embeddable":true,"href":"https:\/\/sachviet.eu\/en\/wp-json\/wp\/v2\/product_tag?post=22571"}],"curies":[{"name":"wp","href":"https:\/\/api.w.org\/{rel}","templated":true}]}}