{"id":22567,"date":"2023-01-21T21:53:56","date_gmt":"2023-01-21T19:53:56","guid":{"rendered":"https:\/\/sachviet.eu\/shop\/ehon-nhat-ban-ban-tay-ky-dieu-cua-sachi\/"},"modified":"2024-12-16T13:42:13","modified_gmt":"2024-12-16T11:42:13","slug":"ehon-nhat-ban-ban-tay-ky-dieu-cua-sachi","status":"publish","type":"product","link":"https:\/\/sachviet.eu\/en\/shop\/ehon-nhat-ban-ban-tay-ky-dieu-cua-sachi\/","title":{"rendered":"Ehon Nh\u1eadt B\u1ea3n: B\u00e0n Tay K\u1ef3 Di\u1ec7u C\u1ee7a Sachi"},"content":{"rendered":"<p>B\u00e0n tay k\u1ef3 di\u1ec7u c\u1ee7a Sachi l\u00e0 m\u1ed9t c\u00e2u chuy\u1ec7n c\u1ea3m \u0111\u1ed9ng c\u1ee7a c\u00e1c b\u1eadc cha m\u1eb9 c\u00f3 c\u00f3 con khuy\u1ebft t\u1eadt b\u1ea9m sinh \u1edf Nh\u1eadt B\u1ea3n. Truy\u1ec7n k\u1ec3 v\u1ec1 c\u00f4 b\u00e9 Sachi ng\u00e2y th\u01a1, \u0111\u00e1ng y\u00eau v\u00e0 lu\u00f4n tr\u00e0n ng\u1eadp y\u00eau th\u01b0\u01a1ng. Nh\u01b0ng th\u1eadt kh\u00f4ng may, t\u1eeb khi sinh ra Sachi \u0111\u00e3 b\u1ecb khuy\u1ebft t\u1eadt \u1edf b\u00e0n tay ph\u1ea3i.  B\u00e0n tay ph\u1ea3i c\u1ee7a b\u00e9 kh\u00f4ng c\u00f3 ng\u00f3n. Khi tham gia ch\u01a1i tr\u00f2 ch\u01a1i \u1edf tr\u01b0\u1eddng m\u1eabu gi\u00e1o, Sachi mu\u1ed1n \u0111\u01b0\u1ee3c m\u1ed9t l\u1ea7n \u0111\u00f3ng vai m\u1eb9. Nh\u01b0ng c\u00e1c b\u1ea1n c\u00f9ng l\u1edbp \u0111\u1ec1u kh\u00f4ng \u0111\u1ed3ng \u00fd \u0111\u1ec3 b\u00e9 l\u00e0m m\u1eb9, v\u1edbi l\u00fd do l\u00e0 tay ph\u1ea3i c\u1ee7a em kh\u00f4ng c\u00f3 ng\u00f3n. Nh\u1eefng l\u1eddi n\u00f3i v\u00f4 t\u00ecnh c\u1ee7a c\u00e1c b\u1ea1n \u0111\u00e3 l\u00e0m t\u1ed5n th\u01b0\u01a1ng Sachi v\u00e0 khi\u1ebfn c\u00f4 b\u00e9 r\u1ea5t bu\u1ed3n. Nh\u01b0ng sau \u0111\u00f3, nh\u1edd c\u00f3 s\u1ef1 \u0111\u1ed9ng vi\u00ean, gi\u1ea3i th\u00edch c\u1ee7a b\u1ed1 m\u1eb9 c\u00f9ng t\u00ecnh y\u00eau th\u01b0\u01a1ng c\u1ee7a c\u00f4 gi\u00e1o ch\u1ee7 nhi\u1ec7m v\u00e0 c\u00e1c b\u1ea1n trong l\u1edbp, Sachi \u0111\u00e3 d\u1ea7n l\u1ea5y l\u1ea1i \u0111\u01b0\u1ee3c t\u1ef1 tin v\u00e0 ni\u1ec1m vui v\u1ed1n c\u00f3. K\u1ebft th\u00fac c\u00e2u chuy\u1ec7n l\u00e0 h\u00ecnh \u1ea3nh Sachi v\u00e0 c\u00e1c b\u1ea1n c\u00f9ng l\u1edbp \u0111ang vui v\u1ebb n\u00f4 \u0111\u00f9a \u1edf tr\u01b0\u1eddng m\u1eabu gi\u00e1o.<\/p>\n<p>B\u00e0n tay k\u1ef3 di\u1ec7u c\u1ee7a Sachi l\u00e0 c\u00e2u chuy\u1ec7n \u0111\u1ea7y t\u00ednh nh\u00e2n v\u0103n d\u00e0nh cho tr\u1ebb em. T\u00e1c ph\u1ea9m \u0111\u00e3 m\u1ea5t \u0111\u1ebfn 5 n\u0103m \u0111\u1ec3 ho\u00e0n thi\u1ec7n v\u00e0 ra \u0111\u1eddi v\u00e0o n\u0103m 1985. \u0110\u1ebfn n\u0103m 2010,   B\u00e0n tay k\u1ef3 di\u1ec7u c\u1ee7a Sachi \u0111\u00e3 \u0111\u1ea1t m\u1ee9c 650 ngh\u00ecn b\u1ea3n v\u00e0o d\u1ecbp k\u1ec9 ni\u1ec7m 25 n\u0103m ng\u00e0y xu\u1ea5t b\u1ea3n v\u00e0 \u0111\u01b0\u1ee3c li\u1ec7t v\u00e0o \u201clongtime seller\u201d \u1edf Nh\u1eadt.<\/p>\n","protected":false},"excerpt":{"rendered":"<p>B\u00e0n tay k\u1ef3 di\u1ec7u c\u1ee7a Sachi l\u00e0 m\u1ed9t c\u00e2u chuy\u1ec7n c\u1ea3m \u0111\u1ed9ng c\u1ee7a c\u00e1c b\u1eadc cha m\u1eb9 c\u00f3 c\u00f3 con khuy\u1ebft t\u1eadt b\u1ea9m sinh \u1edf Nh\u1eadt B\u1ea3n. Truy\u1ec7n k\u1ec3 v\u1ec1 c\u00f4 b\u00e9 Sachi ng\u00e2y th\u01a1, \u0111\u00e1ng y\u00eau v\u00e0 lu\u00f4n tr\u00e0n ng\u1eadp y\u00eau th\u01b0\u01a1ng. Nh\u01b0ng th\u1eadt kh\u00f4ng may, t\u1eeb khi sinh ra Sachi \u0111\u00e3 b\u1ecb khuy\u1ebft t\u1eadt \u1edf b\u00e0n tay ph\u1ea3i.  B\u00e0n tay ph\u1ea3i c\u1ee7a b\u00e9 kh\u00f4ng c\u00f3 ng\u00f3n. Khi tham gia ch\u01a1i tr\u00f2 ch\u01a1i \u1edf tr\u01b0\u1eddng m\u1eabu gi\u00e1o, Sachi mu\u1ed1n \u0111\u01b0\u1ee3c m\u1ed9t l\u1ea7n \u0111\u00f3ng vai m\u1eb9. Nh\u01b0ng c\u00e1c b\u1ea1n c\u00f9ng l\u1edbp \u0111\u1ec1u kh\u00f4ng \u0111\u1ed3ng \u00fd \u0111\u1ec3 b\u00e9 l\u00e0m m\u1eb9, v\u1edbi l\u00fd do l\u00e0 tay ph\u1ea3i c\u1ee7a em kh\u00f4ng c\u00f3 ng\u00f3n. Nh\u1eefng l\u1eddi n\u00f3i v\u00f4 t\u00ecnh c\u1ee7a c\u00e1c b\u1ea1n \u0111\u00e3 l\u00e0m t\u1ed5n th\u01b0\u01a1ng Sachi v\u00e0 khi\u1ebfn c\u00f4 b\u00e9 r\u1ea5t bu\u1ed3n. Nh\u01b0ng sau \u0111\u00f3, nh\u1edd c\u00f3 s\u1ef1 \u0111\u1ed9ng vi\u00ean, gi\u1ea3i th\u00edch c\u1ee7a b\u1ed1 m\u1eb9 c\u00f9ng t\u00ecnh y\u00eau th\u01b0\u01a1ng c\u1ee7a c\u00f4 gi\u00e1o ch\u1ee7 nhi\u1ec7m v\u00e0 c\u00e1c b\u1ea1n trong l\u1edbp, Sachi \u0111\u00e3 d\u1ea7n l\u1ea5y l\u1ea1i \u0111\u01b0\u1ee3c t\u1ef1 tin v\u00e0 ni\u1ec1m vui v\u1ed1n c\u00f3. K\u1ebft th\u00fac c\u00e2u chuy\u1ec7n l\u00e0 h\u00ecnh \u1ea3nh Sachi v\u00e0 c\u00e1c b\u1ea1n c\u00f9ng l\u1edbp \u0111ang vui v\u1ebb n\u00f4 \u0111\u00f9a \u1edf tr\u01b0\u1eddng m\u1eabu gi\u00e1o.<\/p>\n<p>B\u00e0n tay k\u1ef3 di\u1ec7u c\u1ee7a Sachi l\u00e0 c\u00e2u chuy\u1ec7n \u0111\u1ea7y t\u00ednh nh\u00e2n v\u0103n d\u00e0nh cho tr\u1ebb em. T\u00e1c ph\u1ea9m \u0111\u00e3 m\u1ea5t \u0111\u1ebfn 5 n\u0103m \u0111\u1ec3 ho\u00e0n thi\u1ec7n v\u00e0 ra \u0111\u1eddi v\u00e0o n\u0103m 1985. \u0110\u1ebfn n\u0103m 2010,   B\u00e0n tay k\u1ef3 di\u1ec7u c\u1ee7a Sachi \u0111\u00e3 \u0111\u1ea1t m\u1ee9c 650 ngh\u00ecn b\u1ea3n v\u00e0o d\u1ecbp k\u1ec9 ni\u1ec7m 25 n\u0103m ng\u00e0y xu\u1ea5t b\u1ea3n v\u00e0 \u0111\u01b0\u1ee3c li\u1ec7t v\u00e0o \u201clongtime seller\u201d \u1edf Nh\u1eadt.<\/p>\n","protected":false},"featured_media":22566,"template":"","meta":{"_acf_changed":false},"product_brand":[],"product_cat":[24,25,17],"product_tag":[83],"class_list":{"0":"post-22567","1":"product","2":"type-product","3":"status-publish","4":"has-post-thumbnail","6":"product_cat-nha-tre-mau-giao-0-tuoi-6-tuoi","7":"product_cat-nhi-dong-6-tuoi-12-tuoi","8":"product_cat-sach-danh-cho-cac-be","9":"product_tag-sach-moi-xuat-ban","11":"first","12":"outofstock","13":"taxable","14":"shipping-taxable","15":"purchasable","16":"product-type-simple"},"supplier_id":null,"supplier_sku":"","barcode":null,"atum_controlled":true,"out_stock_date":"2024-12-16 11:42:13","out_stock_threshold":null,"inheritable":false,"inbound_stock":0,"stock_on_hold":0,"sold_today":0,"sales_last_days":0,"reserved_stock":0,"customer_returns":0,"warehouse_damage":0,"lost_in_post":0,"other_logs":0,"out_stock_days":408,"lost_sales":0,"has_location":false,"update_date":"2026-01-28T23:11:27","atum_locations":[],"atum_stock_status":"outofstock","restock_status":false,"low_stock_amount":"","sales_update_date":"2026-01-28T23:11:27","calc_backorders":null,"acf":{"publisher":{"ID":1453,"post_author":"1","post_date":"2021-02-17 01:11:32","post_date_gmt":"2021-02-16 23:11:32","post_content":"<!-- wp:flatsome\/uxbuilder -->\n<h1 style=\"text-align: center;\"><strong>Qu\u1ea3ng V\u0103n<\/strong><\/h1>\n[row]\n\n[col span=\"6\" span__sm=\"12\"]\n\n[ux_image id=\"1552\" image_size=\"medium\"]\n\n\n[\/col]\n[col span=\"6\" span__sm=\"12\"]\n\n<p><strong>Quangvanbooks<\/strong><br \/>Qu\u1ea3ng V\u0103n l\u00e0 t\u1ed5 h\u1ee3p xu\u1ea5t b\u1ea3n, gi\u00e1o d\u1ee5c v\u00e0 nh\u01b0\u1ee3ng quy\u1ec1n h\u00e0ng \u0111\u1ea7u trong ng\u00e0nh c\u00f4ng nghi\u1ec7p s\u00e1ng t\u1ea1o v\u1edbi c\u00e1c th\u01b0\u01a1ng hi\u1ec7u nh\u00e1nh:<\/p>\n<p>Quangvanbooks - Th\u01b0\u01a1ng hi\u1ec7u s\u00e1ch v\u0103n h\u00f3a gi\u00e1o d\u1ee5c v\u00e0 v\u0103n h\u00f3a gi\u1ea3i tr\u00ed<br \/>Ehomebooks - Th\u01b0\u01a1ng hi\u1ec7u s\u00e1ch gi\u00e1o d\u1ee5c gia \u0111\u00ecnh<br \/>Sakurabooks - Th\u01b0\u01a1ng hi\u1ec7u s\u00e1ch Nh\u1eadt B\u1ea3n<br \/>IPERbooks - Th\u01b0\u01a1ng hi\u1ec7u s\u00e1ch gi\u00e1o d\u1ee5c nh\u00e0 tr\u01b0\u1eddng<br \/>IPER - Vi\u1ec7n nghi\u00ean c\u1ee9u xu\u1ea5t b\u1ea3n v\u00e0 gi\u00e1o d\u1ee5c IPER<\/p>\n<p><strong>T\u1ea7m nh\u00ecn<\/strong><br \/>Tr\u1edf th\u00e0nh th\u01b0\u01a1ng hi\u1ec7u s\u00e1ch v\u0103n h\u00f3a gi\u00e1o d\u1ee5c v\u00e0 v\u0103n h\u00f3a gi\u1ea3i tr\u00ed t\u1ed1t nh\u1ea5t v\u00e0 \u0111a d\u1ea1ng nh\u1ea5t Vi\u1ec7t Nam.<\/p>\n<p><br \/><strong>S\u1ee9 m\u1ec7nh<\/strong><br \/>Mang \u0111\u1ebfn nh\u1eefng cu\u1ed1n s\u00e1ch v\u0103n h\u00f3a gi\u00e1o d\u1ee5c v\u00e0 v\u0103n h\u00f3a gi\u1ea3i tr\u00ed \u0111\u1ebfn v\u1edbi \u0111\u1ed9c gi\u1ea3 Vi\u1ec7t Nam v\u00e0 th\u1ebf gi\u1edbi nh\u1eb1m gi\u00fap \u0111\u1ed9c gi\u1ea3 ph\u00e1t tri\u1ec3n b\u1ea3n th\u00e2n, gi\u00e1o d\u1ee5c, gi\u1ea3i tr\u00ed v\u00e0 khai s\u00e1ng nh\u1eb1m x\u00e2y d\u1ef1ng x\u00e3 h\u1ed9i th\u1ecbnh v\u01b0\u1ee3ng, h\u1ea1nh ph\u00fac.<\/p>\n<p><strong>Gi\u00e1 tr\u1ecb c\u1ed1t l\u00f5i<\/strong><\/p>\n<p>S\u00e1ng t\u1ea1o - Linh ho\u1ea1t - H\u1ee3p t\u00e1c - Ch\u00ednh tr\u1ef1c - Nhi\u1ec7t huy\u1ebft - C\u00e2n b\u1eb1ng - H\u1ea1nh ph\u00fac<\/p>\n\n[\/col]\n\n[\/row]\n\n<!-- \/wp:flatsome\/uxbuilder -->","post_title":"Qu\u1ea3ng V\u0103n","post_excerpt":"","post_status":"publish","comment_status":"closed","ping_status":"closed","post_password":"","post_name":"quang-van","to_ping":"","pinged":"","post_modified":"2021-02-17 01:26:44","post_modified_gmt":"2021-02-16 23:26:44","post_content_filtered":"","post_parent":0,"guid":"https:\/\/sachviet.eu\/nha-phat-hanh\/quang-van\/","menu_order":0,"post_type":"publisher","post_mime_type":"","comment_count":"0","filter":"raw"}},"_links":{"self":[{"href":"https:\/\/sachviet.eu\/en\/wp-json\/wp\/v2\/product\/22567","targetHints":{"allow":["GET"]}}],"collection":[{"href":"https:\/\/sachviet.eu\/en\/wp-json\/wp\/v2\/product"}],"about":[{"href":"https:\/\/sachviet.eu\/en\/wp-json\/wp\/v2\/types\/product"}],"wp:featuredmedia":[{"embeddable":true,"href":"https:\/\/sachviet.eu\/en\/wp-json\/wp\/v2\/media\/22566"}],"wp:attachment":[{"href":"https:\/\/sachviet.eu\/en\/wp-json\/wp\/v2\/media?parent=22567"}],"wp:term":[{"taxonomy":"product_brand","embeddable":true,"href":"https:\/\/sachviet.eu\/en\/wp-json\/wp\/v2\/product_brand?post=22567"},{"taxonomy":"product_cat","embeddable":true,"href":"https:\/\/sachviet.eu\/en\/wp-json\/wp\/v2\/product_cat?post=22567"},{"taxonomy":"product_tag","embeddable":true,"href":"https:\/\/sachviet.eu\/en\/wp-json\/wp\/v2\/product_tag?post=22567"}],"curies":[{"name":"wp","href":"https:\/\/api.w.org\/{rel}","templated":true}]}}