{"id":22548,"date":"2023-01-21T21:52:43","date_gmt":"2023-01-21T19:52:43","guid":{"rendered":"https:\/\/sachviet.eu\/shop\/combo-3-quyen-ehon-nhat-ban-to-thac-mac-to-to-mo-to-ghen-ti-yoshitake-shinsuke\/"},"modified":"2023-05-16T23:31:10","modified_gmt":"2023-05-16T20:31:10","slug":"combo-3-quyen-ehon-nhat-ban-to-thac-mac-to-to-mo-to-ghen-ti-yoshitake-shinsuke","status":"publish","type":"product","link":"https:\/\/sachviet.eu\/en\/shop\/combo-3-quyen-ehon-nhat-ban-to-thac-mac-to-to-mo-to-ghen-ti-yoshitake-shinsuke\/","title":{"rendered":"Combo 3 quy\u1ec3n EHON Nh\u1eadt B\u1ea3n &#8211; T\u1edb th\u1eafc m\u1eafc &#8211; T\u1edb t\u00f2 m\u00f2 &#8211; T\u1edb ghen t\u1ecb &#8211; Yoshitake Shinsuke"},"content":{"rendered":"<p>Gi\u1eefa v\u00f4 v\u00e0n nh\u1eefng cu\u1ed1n s\u00e1ch thi\u1ebfu nhi, Ehon lu\u00f4n c\u00f3 \u201cs\u1ee9c s\u1ed1ng\u201d ri\u00eang nh\u1edd g\u00f3c nh\u00ecn r\u1ea5t \u0111\u1ed9c \u0111\u00e1o, kh\u1ebd kh\u00e0ng, t\u1ec9 m\u1ec9 soi chi\u1ebfu t\u1eebng chi ti\u1ebft nh\u1ecf, d\u1ec5 b\u1ecb b\u1ecf qua song l\u1ea1i mang \u00fd ngh\u0129a \u0111\u1ed1i v\u1edbi tr\u1ebb em. Nh\u00e0 xu\u1ea5t b\u1ea3n Ph\u1ee5 n\u1eef Vi\u1ec7t Nam gi\u1edbi thi\u1ec7u c\u00f9ng b\u1ea1n \u0111\u1ecdc b\u1ed9 s\u00e1ch Ehon g\u1ed3m 4 cu\u1ed1n: T\u1edb t\u00f2 m\u00f2: Ch\u00e1n \u00f2m l\u00e0 g\u00ec nh\u1ec9?, T\u1edb th\u1eafc m\u1eafc: Sao t\u01b0\u01a1ng lai c\u1ee9 sai sai?, T\u1edb ghen t\u1ecb: V\u00ec sao th\u1ebf nh\u1ec9? v\u00e0 T\u1edb t\u00f4n tr\u1ecdng s\u1ef1 kh\u00e1c bi\u1ec7t.<br \/>\nM\u1ed7i cu\u1ed1n s\u00e1ch m\u1edf ra m\u1ed9t t\u00ecnh hu\u1ed1ng ch\u00ednh, h\u1ebft s\u1ee9c c\u1ee5 th\u1ec3, g\u1ea7n g\u0169i, ch\u00e2n th\u1ef1c \u2013 ch\u1ee7 y\u1ebfu \u0111\u01b0\u1ee3c l\u1ed3ng v\u00e0o nh\u1eefng c\u00e2u h\u1ecfi t\u1eeb g\u00f3c nh\u00ecn c\u1ee7a tr\u1ebb em m\u00e0 d\u01b0\u1eddng nh\u01b0 gia \u0111\u00ecnh n\u00e0o c\u0169ng g\u1eb7p: V\u00ec sao (tr\u1ebb) l\u1ea1i ghen t\u1ecb? V\u00ec sao (tr\u1ebb) l\u1ea1i ch\u00e1n ch\u01b0\u1eddng? V\u00ec sao l\u1ea1i kh\u00e1c bi\u1ec7t? T\u01b0\u01a1ng lai s\u1ebd th\u1ebf n\u00e0o \u0111\u00e2y? v.v. Nh\u1eefng th\u1eafc m\u1eafc, t\u00f2 m\u00f2 kh\u00f4ng h\u1ec1 c\u00f3 gi\u1edbi h\u1ea1n \u1ea5y \u0111\u01b0\u1ee3c c\u00e1c t\u00e1c gi\u1ea3 \u2013 chuy\u00ean gia ng\u01b0\u1eddi Nh\u1eadt \u0111\u00f3n nh\u1eadn v\u00e0 x\u00e2u chu\u1ed7i th\u00e0nh c\u00e2u chuy\u1ec7n r\u1ea5t \u0111\u1eddi th\u01b0\u1eddng, d\u00ed d\u1ecfm, song c\u0169ng g\u1ee3i m\u1edf kh\u00e1 nhi\u1ec1u suy ng\u1eabm x\u00fac \u0111\u1ed9ng.<\/p>\n","protected":false},"excerpt":{"rendered":"<p>Gi\u1eefa v\u00f4 v\u00e0n nh\u1eefng cu\u1ed1n s\u00e1ch thi\u1ebfu nhi, Ehon lu\u00f4n c\u00f3 \u201cs\u1ee9c s\u1ed1ng\u201d ri\u00eang nh\u1edd g\u00f3c nh\u00ecn r\u1ea5t \u0111\u1ed9c \u0111\u00e1o, kh\u1ebd kh\u00e0ng, t\u1ec9 m\u1ec9 soi chi\u1ebfu t\u1eebng chi ti\u1ebft nh\u1ecf, d\u1ec5 b\u1ecb b\u1ecf qua song l\u1ea1i mang \u00fd ngh\u0129a \u0111\u1ed1i v\u1edbi tr\u1ebb em. Nh\u00e0 xu\u1ea5t b\u1ea3n Ph\u1ee5 n\u1eef Vi\u1ec7t Nam gi\u1edbi thi\u1ec7u c\u00f9ng b\u1ea1n \u0111\u1ecdc b\u1ed9 s\u00e1ch Ehon g\u1ed3m 4 cu\u1ed1n: T\u1edb t\u00f2 m\u00f2: Ch\u00e1n \u00f2m l\u00e0 g\u00ec nh\u1ec9?, T\u1edb th\u1eafc m\u1eafc: Sao t\u01b0\u01a1ng lai c\u1ee9 sai sai?, T\u1edb ghen t\u1ecb: V\u00ec sao th\u1ebf nh\u1ec9? v\u00e0 T\u1edb t\u00f4n tr\u1ecdng s\u1ef1 kh\u00e1c bi\u1ec7t.<br \/>\nM\u1ed7i cu\u1ed1n s\u00e1ch m\u1edf ra m\u1ed9t t\u00ecnh hu\u1ed1ng ch\u00ednh, h\u1ebft s\u1ee9c c\u1ee5 th\u1ec3, g\u1ea7n g\u0169i, ch\u00e2n th\u1ef1c \u2013 ch\u1ee7 y\u1ebfu \u0111\u01b0\u1ee3c l\u1ed3ng v\u00e0o nh\u1eefng c\u00e2u h\u1ecfi t\u1eeb g\u00f3c nh\u00ecn c\u1ee7a tr\u1ebb em m\u00e0 d\u01b0\u1eddng nh\u01b0 gia \u0111\u00ecnh n\u00e0o c\u0169ng g\u1eb7p: V\u00ec sao (tr\u1ebb) l\u1ea1i ghen t\u1ecb? V\u00ec sao (tr\u1ebb) l\u1ea1i ch\u00e1n ch\u01b0\u1eddng? V\u00ec sao l\u1ea1i kh\u00e1c bi\u1ec7t? T\u01b0\u01a1ng lai s\u1ebd th\u1ebf n\u00e0o \u0111\u00e2y? v.v. Nh\u1eefng th\u1eafc m\u1eafc, t\u00f2 m\u00f2 kh\u00f4ng h\u1ec1 c\u00f3 gi\u1edbi h\u1ea1n \u1ea5y \u0111\u01b0\u1ee3c c\u00e1c t\u00e1c gi\u1ea3 \u2013 chuy\u00ean gia ng\u01b0\u1eddi Nh\u1eadt \u0111\u00f3n nh\u1eadn v\u00e0 x\u00e2u chu\u1ed7i th\u00e0nh c\u00e2u chuy\u1ec7n r\u1ea5t \u0111\u1eddi th\u01b0\u1eddng, d\u00ed d\u1ecfm, song c\u0169ng g\u1ee3i m\u1edf kh\u00e1 nhi\u1ec1u suy ng\u1eabm x\u00fac \u0111\u1ed9ng.<\/p>\n","protected":false},"featured_media":22544,"template":"","meta":{"_acf_changed":false},"product_brand":[],"product_cat":[24,25,17],"product_tag":[83],"class_list":{"0":"post-22548","1":"product","2":"type-product","3":"status-publish","4":"has-post-thumbnail","6":"product_cat-nha-tre-mau-giao-0-tuoi-6-tuoi","7":"product_cat-nhi-dong-6-tuoi-12-tuoi","8":"product_cat-sach-danh-cho-cac-be","9":"product_tag-sach-moi-xuat-ban","11":"first","12":"outofstock","13":"taxable","14":"shipping-taxable","15":"purchasable","16":"product-type-simple"},"supplier_id":null,"supplier_sku":"","barcode":null,"atum_controlled":true,"out_stock_date":"2023-05-16 20:31:10","out_stock_threshold":null,"inheritable":false,"inbound_stock":0,"stock_on_hold":0,"sold_today":0,"sales_last_days":0,"reserved_stock":0,"customer_returns":0,"warehouse_damage":0,"lost_in_post":0,"other_logs":0,"out_stock_days":988,"lost_sales":0,"has_location":false,"update_date":"2026-01-28T23:11:10","atum_locations":[],"atum_stock_status":"outofstock","restock_status":false,"low_stock_amount":"","sales_update_date":"2026-01-28T23:11:10","calc_backorders":null,"acf":{"publisher":{"ID":8682,"post_author":"1","post_date":"2021-04-28 14:30:43","post_date_gmt":"2021-04-28 11:30:43","post_content":"","post_title":"NXB Ph\u1ee5 N\u1eef","post_excerpt":"","post_status":"publish","comment_status":"closed","ping_status":"closed","post_password":"","post_name":"nxb-phu-nu","to_ping":"","pinged":"","post_modified":"2021-04-28 14:30:43","post_modified_gmt":"2021-04-28 11:30:43","post_content_filtered":"","post_parent":0,"guid":"https:\/\/sachviet.eu\/nha-phat-hanh\/nxb-phu-nu\/","menu_order":0,"post_type":"publisher","post_mime_type":"","comment_count":"0","filter":"raw"}},"_links":{"self":[{"href":"https:\/\/sachviet.eu\/en\/wp-json\/wp\/v2\/product\/22548","targetHints":{"allow":["GET"]}}],"collection":[{"href":"https:\/\/sachviet.eu\/en\/wp-json\/wp\/v2\/product"}],"about":[{"href":"https:\/\/sachviet.eu\/en\/wp-json\/wp\/v2\/types\/product"}],"wp:featuredmedia":[{"embeddable":true,"href":"https:\/\/sachviet.eu\/en\/wp-json\/wp\/v2\/media\/22544"}],"wp:attachment":[{"href":"https:\/\/sachviet.eu\/en\/wp-json\/wp\/v2\/media?parent=22548"}],"wp:term":[{"taxonomy":"product_brand","embeddable":true,"href":"https:\/\/sachviet.eu\/en\/wp-json\/wp\/v2\/product_brand?post=22548"},{"taxonomy":"product_cat","embeddable":true,"href":"https:\/\/sachviet.eu\/en\/wp-json\/wp\/v2\/product_cat?post=22548"},{"taxonomy":"product_tag","embeddable":true,"href":"https:\/\/sachviet.eu\/en\/wp-json\/wp\/v2\/product_tag?post=22548"}],"curies":[{"name":"wp","href":"https:\/\/api.w.org\/{rel}","templated":true}]}}