{"id":22543,"date":"2023-01-21T21:52:32","date_gmt":"2023-01-21T19:52:32","guid":{"rendered":"https:\/\/sachviet.eu\/shop\/nam-hai-di-nhan-liet-truyen-an-pham-ky-niem\/"},"modified":"2023-05-22T13:42:20","modified_gmt":"2023-05-22T10:42:20","slug":"nam-hai-di-nhan-liet-truyen-an-pham-ky-niem","status":"publish","type":"product","link":"https:\/\/sachviet.eu\/en\/shop\/nam-hai-di-nhan-liet-truyen-an-pham-ky-niem\/","title":{"rendered":"Nam H\u1ea3i D\u1ecb Nh\u00e2n Li\u1ec7t Truy\u1ec7n &#8211;  \u1ea4n ph\u1ea9m k\u1ef7 ni\u1ec7m"},"content":{"rendered":"<p>\u201cH\u00e0o ki\u1ec7t anh t\u00e0i l\u00e0 kh\u00ed tinh anh c\u1ee7a m\u1ed9t n\u01b0\u1edbc; cho n\u00ean n\u01b0\u1edbc n\u00e0o c\u0169ng c\u00f3, m\u00e0 th\u1eddi n\u00e0o c\u0169ng c\u00f3. L\u1edbn th\u00ec g\u00e2y d\u1ef1ng n\u00ean th\u1eddi th\u1ebf, t\u00f4 \u0111i\u1ec3m cho non s\u00f4ng; nh\u1ecf th\u00ec l\u1eadp n\u00ean c\u00f4ng nghi\u1ec7p, \u0111\u1ec3 danh ti\u1ebfng v\u1ec1 sau; c\u0169ng l\u00e0 l\u00e0m g\u01b0\u01a1ng cho ng\u01b0\u1eddi \u0111\u1eddi c\u1ea3.\u201d \u2013 Phan K\u1ebf B\u00ednh, tr\u00edch L\u1eddi t\u1ef1a cho cu\u1ed1n Nam H\u1ea3i D\u1ecb Nh\u00e2n Li\u1ec7t Truy\u1ec7n.<\/p>\n<p>Xuy\u00ean su\u1ed1t chi\u1ec1u d\u00e0i 4.000 n\u0103m l\u1ecbch s\u1eed, n\u01b0\u1edbc Vi\u1ec7t Nam n\u1ed5i l\u00ean bi\u1ebft bao ng\u01b0\u1eddi t\u00e0i \u0111\u1ee9c, danh ti\u1ebfng; nh\u01b0ng b\u1edfi v\u00ec s\u1ef1 t\u00edch xa x\u00f4i m\u00e0 kh\u00f4ng r\u00f5, ho\u1eb7c v\u00ec s\u1eed s\u00e1ch bi\u00ean s\u00f3t m\u00e0 kh\u00f4ng t\u01b0\u1eddng. Trong \u0111\u00f3, ch\u1ec9 c\u00f3 nh\u1eefng t\u1ea5m g\u01b0\u01a1ng n\u1ed5i b\u1eadt \u0111\u01b0\u1ee3c ghi v\u00e0o s\u1eed, ho\u1eb7c ch\u00e9p v\u00e0o k\u00ed t\u00e1i c\u1ee7a c\u00e1c t\u01b0 gia m\u1edbi \u0111\u01b0\u1ee3c l\u01b0u truy\u1ec1n l\u1ea1i cho \u0111\u1eddi sau.<\/p>\n<p>Nam H\u1ea3i D\u1ecb Nh\u00e2n Li\u1ec7t Truy\u1ec7n t\u1eadp h\u1ee3p nh\u1eefng c\u00e2u chuy\u1ec7n k\u1ec3 v\u1ec1 c\u00e1c \u201cd\u1ecb nh\u00e2n\u201d n\u01b0\u1edbc Nam, nh\u1eefng ng\u01b0\u1eddi m\u00e0 t\u00ean tu\u1ed5i c\u1ee7a h\u1ecd g\u1eafn li\u1ec1n v\u1edbi \u0111i\u1ec1u kh\u00e1c th\u01b0\u1eddng (c\u00f3 h\u00ecnh d\u00e1ng b\u1ea5t th\u01b0\u1eddng, c\u00f3 t\u00e0i l\u1ea1, c\u00f3 s\u1ef1 t\u00edch huy\u1ec1n b\u00ed, k\u00ec qu\u00e1). D\u01b0\u1edbi ng\u00f2i b\u00fat c\u1ee7a Phan K\u1ebf B\u00ednh, c\u00e1c c\u00e2u chuy\u1ec7n v\u1ec1 h\u1ecd ho\u00e0 quy\u1ec7n gi\u1eefa nh\u1eefng chi ti\u1ebft ch\u00ednh s\u1eed l\u1eabn nh\u1eefng y\u1ebfu t\u1ed1 d\u00e3 s\u1eed, t\u1ea1o cho cu\u1ed1n s\u00e1ch m\u1ed9t kh\u00f4ng kh\u00ed v\u1eeba ch\u00e2n th\u1ef1c, v\u1eeba li k\u00ec, h\u1ea5p d\u1eabn nh\u01b0ng c\u0169ng kh\u00f4ng thi\u1ebfu chuy\u1ec7n hoang \u0111\u01b0\u1eddng, m\u00ea t\u00edn, v\u1ed1n l\u00e0 m\u1ed9t trong nh\u1eefng \u0111\u1eb7c th\u00f9 c\u1ee7a v\u0103n ho\u00e1 d\u00e2n gian.<\/p>\n<p>\u0110\u1eb7c bi\u1ec7t, \u1ea5n b\u1ea3n Nam H\u1ea3i D\u1ecb Nh\u00e2n Li\u1ec7t Truy\u1ec7n c\u1ee7a Nh\u00e0 xu\u1ea5t b\u1ea3n Kim \u0110\u1ed3ng l\u00e0 \u1ea5n b\u1ea3n \u0111\u1ea7u ti\u00ean c\u00f3 minh h\u1ecda m\u00e0u \u0111\u1eb7c s\u1eafc. Cu\u1ed1n s\u00e1ch h\u1ee9a h\u1eb9n mang \u0111\u1ebfn m\u1ed9t tr\u1ea3i nghi\u1ec7m th\u1ecb gi\u00e1c \u1ea5n t\u01b0\u1ee3ng cho ng\u01b0\u1eddi \u0111\u1ecdc v\u1edbi g\u1ea7n 200 tranh minh h\u1ecda k\u00ec c\u00f4ng v\u00e0 t\u1ec9 m\u1ec9 c\u1ee7a h\u1ecda s\u0129 T\u1ea1 Huy Long, th\u1ed5i m\u1ed9t l\u00e0n gi\u00f3 m\u1edbi cho nh\u1eefng t\u00e1c ph\u1ea9m gi\u00e1 tr\u1ecb t\u01b0\u1edfng ch\u1eebng \u0111\u00e3 b\u1ecb tro b\u1ee5i th\u1eddi gian l\u00e0m khu\u1ea5t l\u1ea5p.<\/p>\n","protected":false},"excerpt":{"rendered":"<p>\u1ea4n ph\u1ea9m k\u1ec9 ni\u1ec7m 65 n\u0103m th\u00e0nh l\u1eadp NXB Kim \u0110\u1ed3ng (1957-2022)<br \/>\n\u201cH\u00e0o ki\u1ec7t anh t\u00e0i l\u00e0 kh\u00ed tinh anh c\u1ee7a m\u1ed9t n\u01b0\u1edbc; cho n\u00ean n\u01b0\u1edbc n\u00e0o c\u0169ng c\u00f3, m\u00e0 th\u1eddi n\u00e0o c\u0169ng c\u00f3. L\u1edbn th\u00ec g\u00e2y d\u1ef1ng n\u00ean th\u1eddi th\u1ebf, t\u00f4 \u0111i\u1ec3m cho non s\u00f4ng; nh\u1ecf th\u00ec l\u1eadp n\u00ean c\u00f4ng nghi\u1ec7p, \u0111\u1ec3 danh ti\u1ebfng v\u1ec1 sau; c\u0169ng l\u00e0 l\u00e0m g\u01b0\u01a1ng cho ng\u01b0\u1eddi \u0111\u1eddi c\u1ea3.\u201d \u2013 Phan K\u1ebf B\u00ednh, tr\u00edch L\u1eddi t\u1ef1a cho cu\u1ed1n Nam H\u1ea3i D\u1ecb Nh\u00e2n Li\u1ec7t Truy\u1ec7n.<\/p>\n<p>Xuy\u00ean su\u1ed1t chi\u1ec1u d\u00e0i 4.000 n\u0103m l\u1ecbch s\u1eed, n\u01b0\u1edbc Vi\u1ec7t Nam n\u1ed5i l\u00ean bi\u1ebft bao ng\u01b0\u1eddi t\u00e0i \u0111\u1ee9c, danh ti\u1ebfng; nh\u01b0ng b\u1edfi v\u00ec s\u1ef1 t\u00edch xa x\u00f4i m\u00e0 kh\u00f4ng r\u00f5, ho\u1eb7c v\u00ec s\u1eed s\u00e1ch bi\u00ean s\u00f3t m\u00e0 kh\u00f4ng t\u01b0\u1eddng. Trong \u0111\u00f3, ch\u1ec9 c\u00f3 nh\u1eefng t\u1ea5m g\u01b0\u01a1ng n\u1ed5i b\u1eadt \u0111\u01b0\u1ee3c ghi v\u00e0o s\u1eed, ho\u1eb7c ch\u00e9p v\u00e0o k\u00ed t\u00e1i c\u1ee7a c\u00e1c t\u01b0 gia m\u1edbi \u0111\u01b0\u1ee3c l\u01b0u truy\u1ec1n l\u1ea1i cho \u0111\u1eddi sau.<\/p>\n<p>Nam H\u1ea3i D\u1ecb Nh\u00e2n Li\u1ec7t Truy\u1ec7n t\u1eadp h\u1ee3p nh\u1eefng c\u00e2u chuy\u1ec7n k\u1ec3 v\u1ec1 c\u00e1c \u201cd\u1ecb nh\u00e2n\u201d n\u01b0\u1edbc Nam, nh\u1eefng ng\u01b0\u1eddi m\u00e0 t\u00ean tu\u1ed5i c\u1ee7a h\u1ecd g\u1eafn li\u1ec1n v\u1edbi \u0111i\u1ec1u kh\u00e1c th\u01b0\u1eddng (c\u00f3 h\u00ecnh d\u00e1ng b\u1ea5t th\u01b0\u1eddng, c\u00f3 t\u00e0i l\u1ea1, c\u00f3 s\u1ef1 t\u00edch huy\u1ec1n b\u00ed, k\u00ec qu\u00e1). D\u01b0\u1edbi ng\u00f2i b\u00fat c\u1ee7a Phan K\u1ebf B\u00ednh, c\u00e1c c\u00e2u chuy\u1ec7n v\u1ec1 h\u1ecd ho\u00e0 quy\u1ec7n gi\u1eefa nh\u1eefng chi ti\u1ebft ch\u00ednh s\u1eed l\u1eabn nh\u1eefng y\u1ebfu t\u1ed1 d\u00e3 s\u1eed, t\u1ea1o cho cu\u1ed1n s\u00e1ch m\u1ed9t kh\u00f4ng kh\u00ed v\u1eeba ch\u00e2n th\u1ef1c, v\u1eeba li k\u00ec, h\u1ea5p d\u1eabn nh\u01b0ng c\u0169ng kh\u00f4ng thi\u1ebfu chuy\u1ec7n hoang \u0111\u01b0\u1eddng, m\u00ea t\u00edn, v\u1ed1n l\u00e0 m\u1ed9t trong nh\u1eefng \u0111\u1eb7c th\u00f9 c\u1ee7a v\u0103n ho\u00e1 d\u00e2n gian.<\/p>\n<p>\u0110\u1eb7c bi\u1ec7t, \u1ea5n b\u1ea3n Nam H\u1ea3i D\u1ecb Nh\u00e2n Li\u1ec7t Truy\u1ec7n c\u1ee7a Nh\u00e0 xu\u1ea5t b\u1ea3n Kim \u0110\u1ed3ng l\u00e0 \u1ea5n b\u1ea3n \u0111\u1ea7u ti\u00ean c\u00f3 minh h\u1ecda m\u00e0u \u0111\u1eb7c s\u1eafc. Cu\u1ed1n s\u00e1ch h\u1ee9a h\u1eb9n mang \u0111\u1ebfn m\u1ed9t tr\u1ea3i nghi\u1ec7m th\u1ecb gi\u00e1c \u1ea5n t\u01b0\u1ee3ng cho ng\u01b0\u1eddi \u0111\u1ecdc v\u1edbi g\u1ea7n 200 tranh minh h\u1ecda k\u00ec c\u00f4ng v\u00e0 t\u1ec9 m\u1ec9 c\u1ee7a h\u1ecda s\u0129 T\u1ea1 Huy Long, th\u1ed5i m\u1ed9t l\u00e0n gi\u00f3 m\u1edbi cho nh\u1eefng t\u00e1c ph\u1ea9m gi\u00e1 tr\u1ecb t\u01b0\u1edfng ch\u1eebng \u0111\u00e3 b\u1ecb tro b\u1ee5i th\u1eddi gian l\u00e0m khu\u1ea5t l\u1ea5p.<\/p>\n","protected":false},"featured_media":22542,"template":"","meta":{"_acf_changed":false},"product_brand":[],"product_cat":[17,15,71,26,47],"product_tag":[83],"class_list":{"0":"post-22543","1":"product","2":"type-product","3":"status-publish","4":"has-post-thumbnail","6":"product_cat-sach-danh-cho-cac-be","7":"product_cat-sach-danh-cho-nguoi-lon","8":"product_cat-sach-tre-em-thuan-viet","9":"product_cat-thieu-nien-11-tuoi-18-tuoi","10":"product_cat-truyen-ngan-tan-van","11":"product_tag-sach-moi-xuat-ban","13":"first","14":"outofstock","15":"taxable","16":"shipping-taxable","17":"purchasable","18":"product-type-simple"},"supplier_id":null,"supplier_sku":"","barcode":null,"atum_controlled":true,"out_stock_date":"2023-05-22 10:42:20","out_stock_threshold":null,"inheritable":false,"inbound_stock":0,"stock_on_hold":0,"sold_today":0,"sales_last_days":0,"reserved_stock":0,"customer_returns":0,"warehouse_damage":0,"lost_in_post":0,"other_logs":0,"out_stock_days":982,"lost_sales":0,"has_location":false,"update_date":"2026-01-28T23:11:10","atum_locations":[],"atum_stock_status":"outofstock","restock_status":false,"low_stock_amount":"","sales_update_date":"2026-01-28T23:11:10","calc_backorders":null,"acf":{"publisher":{"ID":1454,"post_author":"1","post_date":"2021-02-17 01:11:34","post_date_gmt":"2021-02-16 23:11:34","post_content":"<!-- wp:flatsome\/uxbuilder -->\n<h1 style=\"text-align: center;\"><strong>Kim \u0110\u1ed3ng<\/strong><\/h1>\n[row]\n\n[col span=\"3\" span__sm=\"12\"]\n\n[ux_image id=\"1534\" image_size=\"medium\"]\n\n\n[\/col]\n[col span=\"9\" span__sm=\"12\"]\n\n<p>Nh\u00e0 xu\u1ea5t b\u1ea3n Kim \u0110\u1ed3ng tr\u1ef1c thu\u1ed9c Trung \u01b0\u01a1ng \u0110o\u00e0n TNCS H\u1ed3 Ch\u00ed Minh l\u00e0 Nh\u00e0 xu\u1ea5t b\u1ea3n t\u1ed5ng h\u1ee3p c\u00f3 ch\u1ee9c n\u0103ng xu\u1ea5t b\u1ea3n s\u00e1ch v\u00e0 v\u0103n h\u00f3a ph\u1ea9m ph\u1ee5c v\u1ee5 thi\u1ebfu nhi v\u00e0 c\u00e1c b\u1eadc ph\u1ee5 huynh trong c\u1ea3 n\u01b0\u1edbc, qu\u1ea3ng b\u00e1 v\u00e0 gi\u1edbi thi\u1ec7u v\u0103n h\u00f3a Vi\u1ec7t Nam ra th\u1ebf gi\u1edbi.<br \/>Nh\u00e0 xu\u1ea5t b\u1ea3n c\u00f3 nhi\u1ec7m v\u1ee5 t\u1ed5 ch\u1ee9c b\u1ea3n th\u1ea3o, bi\u00ean so\u1ea1n, bi\u00ean d\u1ecbch, xu\u1ea5t b\u1ea3n v\u00e0 ph\u00e1t h\u00e0nh c\u00e1c xu\u1ea5t b\u1ea3n ph\u1ea9m c\u00f3 n\u1ed9i dung: gi\u00e1o d\u1ee5c truy\u1ec1n th\u1ed1ng d\u00e2n t\u1ed9c, gi\u00e1o d\u1ee5c v\u1ec1 tri th\u1ee9c, ki\u1ebfn th\u1ee9c\u2026 tr\u00ean c\u00e1c l\u0129nh v\u1ef1c v\u0103n h\u1ecdc, ngh\u1ec7 thu\u1eadt, khoa h\u1ecdc k\u1ef9 thu\u1eadt nh\u1eb1m cung c\u1ea5p cho c\u00e1c em thi\u1ebfu nhi c\u0169ng nh\u01b0 c\u00e1c b\u1eadc ph\u1ee5 huynh c\u00e1c ki\u1ebfn th\u1ee9c c\u1ea7n thi\u1ebft trong cu\u1ed9c s\u1ed1ng, nh\u1eefng tinh hoa c\u1ee7a tri th\u1ee9c nh\u00e2n lo\u1ea1i nh\u1eb1m g\u00f3p ph\u1ea7n gi\u00e1o d\u1ee5c v\u00e0 h\u00ecnh th\u00e0nh nh\u00e2n c\u00e1ch th\u1ebf h\u1ec7 tr\u1ebb.<br \/>\u0110\u1ed1i t\u01b0\u1ee3ng ph\u1ee5c v\u1ee5 c\u1ee7a Nh\u00e0 xu\u1ea5t b\u1ea3n l\u00e0 c\u00e1c em t\u1eeb tu\u1ed5i nh\u00e0 tr\u1ebb m\u1eabu gi\u00e1o (1 \u0111\u1ebfn 5 tu\u1ed5i), nhi \u0111\u1ed3ng (6 \u0111\u1ebfn 9 tu\u1ed5i), thi\u1ebfu ni\u00ean (10 \u0111\u1ebfn 15 tu\u1ed5i) \u0111\u1ebfn c\u00e1c em tu\u1ed5i m\u1edbi l\u1edbn (16 \u0111\u1ebfn 18 tu\u1ed5i) v\u00e0 c\u00e1c b\u1eadc ph\u1ee5 huynh.<\/p>\n\n[\/col]\n\n[\/row]\n\n<!-- \/wp:flatsome\/uxbuilder -->","post_title":"Kim \u0110\u1ed3ng","post_excerpt":"","post_status":"publish","comment_status":"closed","ping_status":"closed","post_password":"","post_name":"kim-dong","to_ping":"","pinged":"","post_modified":"2021-02-17 01:31:56","post_modified_gmt":"2021-02-16 23:31:56","post_content_filtered":"","post_parent":0,"guid":"https:\/\/sachviet.eu\/nha-phat-hanh\/kim-dong\/","menu_order":0,"post_type":"publisher","post_mime_type":"","comment_count":"0","filter":"raw"}},"_links":{"self":[{"href":"https:\/\/sachviet.eu\/en\/wp-json\/wp\/v2\/product\/22543","targetHints":{"allow":["GET"]}}],"collection":[{"href":"https:\/\/sachviet.eu\/en\/wp-json\/wp\/v2\/product"}],"about":[{"href":"https:\/\/sachviet.eu\/en\/wp-json\/wp\/v2\/types\/product"}],"wp:featuredmedia":[{"embeddable":true,"href":"https:\/\/sachviet.eu\/en\/wp-json\/wp\/v2\/media\/22542"}],"wp:attachment":[{"href":"https:\/\/sachviet.eu\/en\/wp-json\/wp\/v2\/media?parent=22543"}],"wp:term":[{"taxonomy":"product_brand","embeddable":true,"href":"https:\/\/sachviet.eu\/en\/wp-json\/wp\/v2\/product_brand?post=22543"},{"taxonomy":"product_cat","embeddable":true,"href":"https:\/\/sachviet.eu\/en\/wp-json\/wp\/v2\/product_cat?post=22543"},{"taxonomy":"product_tag","embeddable":true,"href":"https:\/\/sachviet.eu\/en\/wp-json\/wp\/v2\/product_tag?post=22543"}],"curies":[{"name":"wp","href":"https:\/\/api.w.org\/{rel}","templated":true}]}}