{"id":22541,"date":"2023-01-21T21:52:24","date_gmt":"2023-01-21T19:52:24","guid":{"rendered":"https:\/\/sachviet.eu\/shop\/canh-sac-da-lat-xu-ngan-hoa-tranh-va-ky-hoa\/"},"modified":"2023-02-15T21:20:32","modified_gmt":"2023-02-15T19:20:32","slug":"canh-sac-da-lat-xu-ngan-hoa-tranh-va-ky-hoa","status":"publish","type":"product","link":"https:\/\/sachviet.eu\/en\/shop\/canh-sac-da-lat-xu-ngan-hoa-tranh-va-ky-hoa\/","title":{"rendered":"C\u1ea3nh S\u1eafc \u0110\u00e0 L\u1ea1t &#8211; X\u1ee9 Ng\u00e0n Hoa: Tranh V\u00e0 K\u00fd H\u1ecda"},"content":{"rendered":"<p>Kh\u00f4ng mang g\u00f3c nh\u00ecn chuy\u00ean s\u00e2u nh\u01b0 nh\u1eefng c\u00f4ng tr\u00ecnh nghi\u00ean c\u1ee9u hay du kh\u1ea3o v\u1ec1 \u0110\u00e0 L\u1ea1t, C\u1ea3nh S\u1eafc \u0110\u00e0 L\u1ea1t &#8211; X\u1ee9 Ng\u00e0n Hoa \u0111\u01a1n thu\u1ea7n l\u00e0 ch\u00fat t\u00e2m t\u00ecnh qua tranh v\u1ebd c\u1ee7a m\u1ed9t l\u1eef kh\u00e1ch t\u1eeb nh\u1eefng l\u1ea7n b\u01b0\u1edbc ch\u00e2n theo \u0111\u01b0\u1eddng hoa ngo\u1ea1n c\u1ea3nh r\u1ed3i kh\u00f4ng bi\u1ebft t\u1ef1 bao gi\u1edd l\u00f2ng tr\u00f3t l\u01b0u luy\u1ebfn, g\u1eafn b\u00f3 v\u1edbi th\u00e0nh ph\u1ed1 xinh \u0111\u1eb9p n\u00e0y nh\u01b0 qu\u00ea h\u01b0\u01a1ng th\u1ee9 hai.<\/p>\n<p>Qua h\u01a1n m\u1ed9t tr\u0103m b\u1ee9c tranh m\u00e0u n\u01b0\u1edbc c\u00f4ng phu, \u0110\u00e0 L\u1ea1t hi\u1ec7n l\u00ean lung linh m\u1edd \u1ea3o trong m\u00e0n s\u01b0\u01a1ng v\u1edbi nh\u1eefng c\u0103n nh\u00e0 c\u1ed5, nh\u1eefng con d\u1ed1c hoang s\u01a1, d\u0103m c\u1ea3nh sinh ho\u1ea1t c\u1ee7a c\u01b0 d\u00e2n ph\u1ed1 n\u00fai c\u00f9ng v\u00f4 s\u1ed1 lo\u00e0i hoa th\u01a1m c\u1ecf l\u1ea1&#8230; Ghi nh\u1eadn l\u1ea1i v\u1ebb \u0111\u1eb9p c\u1ee7a m\u1ed9t th\u00e0nh ph\u1ed1 th\u01a1 m\u1ed9ng kh\u00f4ng ch\u1ec9 l\u00e0 c\u00e1ch b\u00e0y t\u1ecf t\u00ecnh y\u00eau c\u1ee7a h\u1ecda s\u0129 Ph\u1ea1m C\u00f4ng T\u00e2m m\u00e0 c\u00f2n l\u00e0 t\u1ea5m l\u00f2ng tha thi\u1ebft mu\u1ed1n l\u01b0u gi\u1eef nh\u1eefng gi\u00e1 tr\u1ecb x\u01b0a c\u00f9ng n\u1ed7i \u0111au \u0111\u00e1u tr\u01b0\u1edbc kh\u00f4ng gian c\u1ea3nh s\u1eafc \u0111ang c\u00f3 nguy c\u01a1 b\u1ecb mai m\u1ed9t d\u1ea7n tr\u01b0\u1edbc \u0111\u1ed5i thay c\u1ee7a s\u1ef1 ph\u00e1t tri\u1ec3n.<\/p>\n<p>&#8212;&#8212;<\/p>\n<p>&#8220;C\u1ea3nh S\u1eafc \u0110\u00e0 L\u1ea1t &#8211; X\u1ee9 Ng\u00e0n Hoa l\u00e0 t\u1eadp tranh &amp; k\u00fd h\u1ecda th\u01b0\u0301 hai c\u1ee7a t\u00f4i sau cu\u1ed1n Ca\u0309nh s\u0103\u0301c ph\u00f4\u0301 thi\u0323 Sa\u0300i G\u00f2n \u2013 Ch\u01a1\u0323 L\u01a1\u0301n. \u0110\u00e0 La\u0323t, d\u00f9 kh\u00f4ng ph\u1ea3i l\u00e0 qu\u00ea h\u01b0\u01a1ng nh\u01b0 S\u00e0i G\u00f2n, nh\u01b0ng la\u0323i l\u00e0 ch\u1ee7 \u0111\u1ec1 s\u00e1ng t\u00e1c y\u00eau th\u00edch c\u1ee7a t\u00f4i. Gia \u0111\u00ecnh t\u00f4i y\u00eau qu\u00fd th\u00e0nh ph\u1ed1 n\u00e0y, h\u00e2\u0300u nh\u01b0 n\u0103m n\u00e0o ch\u00fang t\u00f4i cu\u0303ng l\u00ean \u0111\u00e2y v\u00e0i chuy\u1ebfn \u0111\u00ea\u0309 nghi\u0309 d\u01b0\u01a1\u0303ng. \u0110\u00e0 La\u0323t lu\u00f4n mang \u0111\u1ebfn cho ch\u00fang t\u00f4i s\u1ef1 b\u00ecnh an trong t\u00e2m h\u1ed3n.<\/p>\n<p>S\u00e0i G\u00f2n c\u00e0ng \u0111\u00f4ng \u0111\u00fac, n\u00e1o nhi\u00ea\u0323t th\u00ec l\u00f2ng t\u00f4i c\u00e0ng h\u01b0\u01a1\u0301ng v\u1ec1 \u0110\u00e0 La\u0323t. Trong g\u00e2\u0300n hai n\u0103m quanh qu\u1ea9n \u1edf nh\u00e0 do di\u0323ch Covid, t\u00f4i say s\u01b0a ve\u0303 v\u1ec1 c\u1ea3nh s\u0103\u0301c \u0110\u00e0 La\u0323t trong t\u00e2m t\u01b0\u1edfng. C\u00e0ng ve\u0303, t\u00f4i c\u00e0ng th\u1ea5y trong m\u1ea5y ch\u1ee5c n\u0103m qua, v\u01a1\u0301i x\u01b0\u0301 s\u01b0\u01a1ng m\u00f9 n\u00e0y, t\u00f4i v\u1eabn chi\u0309 l\u00e0 m\u00f4\u0323t l\u1eef kh\u00e1ch l\u01b0\u01a1\u0301t qua th\u00e0nh ph\u1ed1. Nh\u1eefng l\u00e2\u0300n ngoa\u0323n c\u1ea3nh d\u1ed1c \u0111e\u0300o, nh\u00e2m nhi ly c\u00e0 ph\u00ea qu\u00e1n nho\u0309, \u0103n tr\u00e1i b\u0103\u0301p n\u00f3ng \u1edf d\u1ed1c H\u00f2a B\u00ecnh, hay m\u00f4\u0323t m\u00ecnh l\u0103\u0323ng ng\u0103\u0301m s\u01b0\u01a1ng m\u00f9 gi\u0103ng kh\u0103\u0301p th\u00e0nh ph\u1ed1 khi v\u1ee3 con c\u00f2n say ng\u1ee7&#8230; v\u1eabn l\u00e0 ch\u01b0a \u0111\u1ee7 \u0111\u00ea\u0309 t\u00f4i c\u1ea3m nh\u1eadn h\u1ebft m\u1ecdi \u0111i\u1ec1u v\u1ec1 th\u00e0nh ph\u1ed1 tuy\u00ea\u0323t v\u01a1\u0300i n\u00e0y.<\/p>\n<p>S\u1ef1 ph\u00e1t tri\u00ea\u0309n c\u1ee7a th\u00e0nh ph\u1ed1 \u0110\u00e0 La\u0323t nh\u1eefng n\u0103m g\u00e2\u0300n \u0111\u00e2y khi\u1ebfn nhi\u1ec1u ng\u01b0\u01a1\u0300i b\u0103n kho\u0103n v\u00ec nh\u1eefng thay \u0111\u00f4\u0309i v\u1ec1 di\u00ea\u0323n ma\u0323o, x\u00e2y c\u1ea5t, quy hoa\u0323ch&#8230; Ch\u00fang ta ph\u1ea3i l\u00e0m g\u00ec v\u01a1\u0301i nh\u1eefng s\u1ef1 thay \u0111\u00f4\u0309i kh\u00f4ng th\u00ea\u0309 n\u00e0o tr\u00e1nh kho\u0309i \u0111\u00f3? V\u00e0 vi\u00ea\u0323c c\u00f3 th\u00ea\u0309 l\u00e0m v\u01a1\u0301i t\u00f4i l\u00e0 ghi nh\u1eadn nh\u1eefng ve\u0309 \u0111e\u0323p c\u1ee7a ng\u00e0y h\u00f4m nay, \u0111\u00ea\u0309 c\u00f3 th\u00ea\u0309 g\u00f3p ch\u00fat n\u00e0o \u0111\u00f3 cho \u0110\u00e0 La\u0323t sau n\u00e0y v\u1ec1 t\u01b0 li\u00ea\u0323u, v\u1ec1 h\u00ecnh \u1ea3nh nh\u1eefng c\u0103n nh\u00e0 c\u00f4\u0309 tuy\u00ea\u0323t \u0111e\u0323p, nh\u1eefng con d\u1ed1c c\u00f2n hoang s\u01a1 v\u00e0 d\u0103m h\u00ecnh b\u00f3ng c\u01b0 d\u00e2n gi\u1eefa ph\u1ed1 thi\u0323 hay v\u00f9ng n\u00fai r\u01b0\u0300ng v\u0103\u0301ng ve\u0309.<\/p>\n<p>\u0110\u00f3 l\u00e0 c\u00e1ch b\u00e0y to\u0309 t\u00ecnh y\u00eau c\u1ee7a t\u00f4i v\u1ec1 \u0110\u00e0 La\u0323t, t\u00ecnh y\u00eau nho\u0309 nhoi c\u1ee7a m\u00f4\u0323t c\u01b0 d\u00e2n x\u01b0\u0301 n\u00f3ng qua nh\u1eefng b\u01b0\u0301c tranh m\u00e0u n\u01b0\u01a1\u0301c v\u00e0 k\u00fd h\u1ecda trong cu\u1ed1n s\u00e1ch n\u00e0y.&#8221;<\/p>\n","protected":false},"excerpt":{"rendered":"<p>Kh\u00f4ng mang g\u00f3c nh\u00ecn chuy\u00ean s\u00e2u nh\u01b0 nh\u1eefng c\u00f4ng tr\u00ecnh nghi\u00ean c\u1ee9u hay du kh\u1ea3o v\u1ec1 \u0110\u00e0 L\u1ea1t, C\u1ea3nh S\u1eafc \u0110\u00e0 L\u1ea1t &#8211; X\u1ee9 Ng\u00e0n Hoa \u0111\u01a1n thu\u1ea7n l\u00e0 ch\u00fat t\u00e2m t\u00ecnh qua tranh v\u1ebd c\u1ee7a m\u1ed9t l\u1eef kh\u00e1ch t\u1eeb nh\u1eefng l\u1ea7n b\u01b0\u1edbc ch\u00e2n theo \u0111\u01b0\u1eddng hoa ngo\u1ea1n c\u1ea3nh r\u1ed3i kh\u00f4ng bi\u1ebft t\u1ef1 bao gi\u1edd l\u00f2ng tr\u00f3t l\u01b0u luy\u1ebfn, g\u1eafn b\u00f3 v\u1edbi th\u00e0nh ph\u1ed1 xinh \u0111\u1eb9p n\u00e0y nh\u01b0 qu\u00ea h\u01b0\u01a1ng th\u1ee9 hai.<\/p>\n<p>Qua h\u01a1n m\u1ed9t tr\u0103m b\u1ee9c tranh m\u00e0u n\u01b0\u1edbc c\u00f4ng phu, \u0110\u00e0 L\u1ea1t hi\u1ec7n l\u00ean lung linh m\u1edd \u1ea3o trong m\u00e0n s\u01b0\u01a1ng v\u1edbi nh\u1eefng c\u0103n nh\u00e0 c\u1ed5, nh\u1eefng con d\u1ed1c hoang s\u01a1, d\u0103m c\u1ea3nh sinh ho\u1ea1t c\u1ee7a c\u01b0 d\u00e2n ph\u1ed1 n\u00fai c\u00f9ng v\u00f4 s\u1ed1 lo\u00e0i hoa th\u01a1m c\u1ecf l\u1ea1&#8230; Ghi nh\u1eadn l\u1ea1i v\u1ebb \u0111\u1eb9p c\u1ee7a m\u1ed9t th\u00e0nh ph\u1ed1 th\u01a1 m\u1ed9ng kh\u00f4ng ch\u1ec9 l\u00e0 c\u00e1ch b\u00e0y t\u1ecf t\u00ecnh y\u00eau c\u1ee7a h\u1ecda s\u0129 Ph\u1ea1m C\u00f4ng T\u00e2m m\u00e0 c\u00f2n l\u00e0 t\u1ea5m l\u00f2ng tha thi\u1ebft mu\u1ed1n l\u01b0u gi\u1eef nh\u1eefng gi\u00e1 tr\u1ecb x\u01b0a c\u00f9ng n\u1ed7i \u0111au \u0111\u00e1u tr\u01b0\u1edbc kh\u00f4ng gian c\u1ea3nh s\u1eafc \u0111ang c\u00f3 nguy c\u01a1 b\u1ecb mai m\u1ed9t d\u1ea7n tr\u01b0\u1edbc \u0111\u1ed5i thay c\u1ee7a s\u1ef1 ph\u00e1t tri\u1ec3n.<\/p>\n","protected":false},"featured_media":22540,"template":"","meta":{"_acf_changed":false},"product_brand":[],"product_cat":[18,17,71],"product_tag":[83],"class_list":{"0":"post-22541","1":"product","2":"type-product","3":"status-publish","4":"has-post-thumbnail","6":"product_cat-kinh-te","7":"product_cat-sach-danh-cho-cac-be","8":"product_cat-sach-tre-em-thuan-viet","9":"product_tag-sach-moi-xuat-ban","11":"first","12":"outofstock","13":"taxable","14":"shipping-taxable","15":"purchasable","16":"product-type-simple"},"supplier_id":null,"supplier_sku":"","barcode":null,"atum_controlled":true,"out_stock_date":"2023-02-15 19:20:32","out_stock_threshold":null,"inheritable":false,"inbound_stock":0,"stock_on_hold":0,"sold_today":0,"sales_last_days":0,"reserved_stock":0,"customer_returns":0,"warehouse_damage":0,"lost_in_post":0,"other_logs":0,"out_stock_days":1078,"lost_sales":0,"has_location":false,"update_date":"2026-01-28T23:11:10","atum_locations":[],"atum_stock_status":"outofstock","restock_status":false,"low_stock_amount":"","sales_update_date":"2026-01-28T23:11:10","calc_backorders":null,"acf":{"publisher":{"ID":5800,"post_author":"1","post_date":"2021-03-14 02:27:19","post_date_gmt":"2021-03-14 00:27:19","post_content":"","post_title":"Ph\u01b0\u01a1ng Nam Book","post_excerpt":"","post_status":"publish","comment_status":"closed","ping_status":"closed","post_password":"","post_name":"phuong-nam-book","to_ping":"","pinged":"","post_modified":"2021-03-14 02:27:19","post_modified_gmt":"2021-03-14 00:27:19","post_content_filtered":"","post_parent":0,"guid":"https:\/\/sachviet.eu\/blog\/nha-phat-hanh\/phuong-nam-book\/","menu_order":0,"post_type":"publisher","post_mime_type":"","comment_count":"0","filter":"raw"}},"_links":{"self":[{"href":"https:\/\/sachviet.eu\/en\/wp-json\/wp\/v2\/product\/22541","targetHints":{"allow":["GET"]}}],"collection":[{"href":"https:\/\/sachviet.eu\/en\/wp-json\/wp\/v2\/product"}],"about":[{"href":"https:\/\/sachviet.eu\/en\/wp-json\/wp\/v2\/types\/product"}],"wp:featuredmedia":[{"embeddable":true,"href":"https:\/\/sachviet.eu\/en\/wp-json\/wp\/v2\/media\/22540"}],"wp:attachment":[{"href":"https:\/\/sachviet.eu\/en\/wp-json\/wp\/v2\/media?parent=22541"}],"wp:term":[{"taxonomy":"product_brand","embeddable":true,"href":"https:\/\/sachviet.eu\/en\/wp-json\/wp\/v2\/product_brand?post=22541"},{"taxonomy":"product_cat","embeddable":true,"href":"https:\/\/sachviet.eu\/en\/wp-json\/wp\/v2\/product_cat?post=22541"},{"taxonomy":"product_tag","embeddable":true,"href":"https:\/\/sachviet.eu\/en\/wp-json\/wp\/v2\/product_tag?post=22541"}],"curies":[{"name":"wp","href":"https:\/\/api.w.org\/{rel}","templated":true}]}}