{"id":22539,"date":"2023-01-21T21:49:22","date_gmt":"2023-01-21T19:49:22","guid":{"rendered":"https:\/\/sachviet.eu\/shop\/nguon-goc-cac-loai\/"},"modified":"2023-01-27T15:16:38","modified_gmt":"2023-01-27T13:16:38","slug":"nguon-goc-cac-loai","status":"publish","type":"product","link":"https:\/\/sachviet.eu\/en\/shop\/nguon-goc-cac-loai\/","title":{"rendered":"Ngu\u1ed3n G\u1ed1c C\u00e1c Lo\u00e0i"},"content":{"rendered":"<p>\u201cNgu\u1ed3n g\u1ed1c c\u00e1c lo\u00e0i\u201d \u2013 T\u00e1c ph\u1ea9m c\u1ee7a Charles Darwin do Sabina Radeva thu\u1eadt l\u1ea1i v\u00e0 minh h\u1ecda.<br \/>\n\u201cM\u1ed9t d\u1ef1 \u00e1n c\u1ef1c k\u00ec quan tr\u1ecdng, \u0111\u01b0\u1ee3c th\u1ef1c hi\u1ec7n theo c\u00e1ch \u0111\u1eb9p \u0111\u1ebd nh\u1ea5t\u201d (Emma Darwin)<br \/>\nT\u1eeb bi\u1ebfn ch\u1ee7ng l\u1ea1 l\u00f9ng \u0111\u1ebfn \u0111\u1ea5u tranh sinh t\u1ed3n, t\u1eeb vi khu\u1ea9n nh\u1ecf nh\u1ea5t \u0111\u1ebfn C\u00e2y S\u1ef1 S\u1ed1ng v\u0129 \u0111\u1ea1i: trong phi\u00ean b\u1ea3n chuy\u1ec3n th\u1ec3 tuy\u1ec7t \u0111\u1eb9p t\u1eeb t\u00e1c ph\u1ea9m tr\u1ee9 danh c\u1ee7a Darwin n\u00e0y, b\u1ea1n s\u1ebd kh\u00e1m ph\u00e1 m\u1ed9t h\u1ecdc thuy\u1ebft mang t\u00ednh \u0111\u1ed9t ph\u00e1, \u0111\u00e3 bi\u1ebfn \u0111\u1ed5i th\u1ebf gi\u1edbi m\u00e3i m\u00e3i: THUY\u1ebeT TI\u1ebeN H\u00d3A<br \/>\nM\u1ed9t t\u00e1c ph\u1ea9m ngh\u1ec7 thu\u1eadt sinh \u0111\u1ed9ng, \u0111\u1eb9p \u0111\u1ebd, v\u00e0 c\u1ef1c k\u00ec quan tr\u1ecdng v\u1edbi t\u1ea5t c\u1ea3 ch\u00fang ta khi b\u1eaft \u0111\u1ea7u t\u00ecm hi\u1ec3u th\u1ebf gi\u1edbi chung quanh.<\/p>\n","protected":false},"excerpt":{"rendered":"<p>\u201cNgu\u1ed3n g\u1ed1c c\u00e1c lo\u00e0i\u201d \u2013 T\u00e1c ph\u1ea9m c\u1ee7a Charles Darwin do Sabina Radeva thu\u1eadt l\u1ea1i v\u00e0 minh h\u1ecda.<br \/>\n\u201cM\u1ed9t d\u1ef1 \u00e1n c\u1ef1c k\u00ec quan tr\u1ecdng, \u0111\u01b0\u1ee3c th\u1ef1c hi\u1ec7n theo c\u00e1ch \u0111\u1eb9p \u0111\u1ebd nh\u1ea5t\u201d (Emma Darwin)<br \/>\nT\u1eeb bi\u1ebfn ch\u1ee7ng l\u1ea1 l\u00f9ng \u0111\u1ebfn \u0111\u1ea5u tranh sinh t\u1ed3n, t\u1eeb vi khu\u1ea9n nh\u1ecf nh\u1ea5t \u0111\u1ebfn C\u00e2y S\u1ef1 S\u1ed1ng v\u0129 \u0111\u1ea1i: trong phi\u00ean b\u1ea3n chuy\u1ec3n th\u1ec3 tuy\u1ec7t \u0111\u1eb9p t\u1eeb t\u00e1c ph\u1ea9m tr\u1ee9 danh c\u1ee7a Darwin n\u00e0y, b\u1ea1n s\u1ebd kh\u00e1m ph\u00e1 m\u1ed9t h\u1ecdc thuy\u1ebft mang t\u00ednh \u0111\u1ed9t ph\u00e1, \u0111\u00e3 bi\u1ebfn \u0111\u1ed5i th\u1ebf gi\u1edbi m\u00e3i m\u00e3i: THUY\u1ebeT TI\u1ebeN H\u00d3A<br \/>\nM\u1ed9t t\u00e1c ph\u1ea9m ngh\u1ec7 thu\u1eadt sinh \u0111\u1ed9ng, \u0111\u1eb9p \u0111\u1ebd, v\u00e0 c\u1ef1c k\u00ec quan tr\u1ecdng v\u1edbi t\u1ea5t c\u1ea3 ch\u00fang ta khi b\u1eaft \u0111\u1ea7u t\u00ecm hi\u1ec3u th\u1ebf gi\u1edbi chung quanh.<\/p>\n","protected":false},"featured_media":22538,"template":"","meta":{"_acf_changed":false},"product_brand":[],"product_cat":[25,17,26],"product_tag":[83],"class_list":{"0":"post-22539","1":"product","2":"type-product","3":"status-publish","4":"has-post-thumbnail","6":"product_cat-nhi-dong-6-tuoi-12-tuoi","7":"product_cat-sach-danh-cho-cac-be","8":"product_cat-thieu-nien-11-tuoi-18-tuoi","9":"product_tag-sach-moi-xuat-ban","11":"first","12":"outofstock","13":"taxable","14":"shipping-taxable","15":"purchasable","16":"product-type-simple"},"supplier_id":null,"supplier_sku":"","barcode":null,"atum_controlled":true,"out_stock_date":"2023-01-27 13:16:38","out_stock_threshold":null,"inheritable":false,"inbound_stock":0,"stock_on_hold":0,"sold_today":0,"sales_last_days":0,"reserved_stock":0,"customer_returns":0,"warehouse_damage":0,"lost_in_post":0,"other_logs":0,"out_stock_days":1097,"lost_sales":0,"has_location":false,"update_date":"2026-01-28T23:11:10","atum_locations":[],"atum_stock_status":"outofstock","restock_status":false,"low_stock_amount":"","sales_update_date":"2026-01-28T23:11:10","calc_backorders":null,"acf":{"publisher":{"ID":1454,"post_author":"1","post_date":"2021-02-17 01:11:34","post_date_gmt":"2021-02-16 23:11:34","post_content":"<!-- wp:flatsome\/uxbuilder -->\n<h1 style=\"text-align: center;\"><strong>Kim \u0110\u1ed3ng<\/strong><\/h1>\n[row]\n\n[col span=\"3\" span__sm=\"12\"]\n\n[ux_image id=\"1534\" image_size=\"medium\"]\n\n\n[\/col]\n[col span=\"9\" span__sm=\"12\"]\n\n<p>Nh\u00e0 xu\u1ea5t b\u1ea3n Kim \u0110\u1ed3ng tr\u1ef1c thu\u1ed9c Trung \u01b0\u01a1ng \u0110o\u00e0n TNCS H\u1ed3 Ch\u00ed Minh l\u00e0 Nh\u00e0 xu\u1ea5t b\u1ea3n t\u1ed5ng h\u1ee3p c\u00f3 ch\u1ee9c n\u0103ng xu\u1ea5t b\u1ea3n s\u00e1ch v\u00e0 v\u0103n h\u00f3a ph\u1ea9m ph\u1ee5c v\u1ee5 thi\u1ebfu nhi v\u00e0 c\u00e1c b\u1eadc ph\u1ee5 huynh trong c\u1ea3 n\u01b0\u1edbc, qu\u1ea3ng b\u00e1 v\u00e0 gi\u1edbi thi\u1ec7u v\u0103n h\u00f3a Vi\u1ec7t Nam ra th\u1ebf gi\u1edbi.<br \/>Nh\u00e0 xu\u1ea5t b\u1ea3n c\u00f3 nhi\u1ec7m v\u1ee5 t\u1ed5 ch\u1ee9c b\u1ea3n th\u1ea3o, bi\u00ean so\u1ea1n, bi\u00ean d\u1ecbch, xu\u1ea5t b\u1ea3n v\u00e0 ph\u00e1t h\u00e0nh c\u00e1c xu\u1ea5t b\u1ea3n ph\u1ea9m c\u00f3 n\u1ed9i dung: gi\u00e1o d\u1ee5c truy\u1ec1n th\u1ed1ng d\u00e2n t\u1ed9c, gi\u00e1o d\u1ee5c v\u1ec1 tri th\u1ee9c, ki\u1ebfn th\u1ee9c\u2026 tr\u00ean c\u00e1c l\u0129nh v\u1ef1c v\u0103n h\u1ecdc, ngh\u1ec7 thu\u1eadt, khoa h\u1ecdc k\u1ef9 thu\u1eadt nh\u1eb1m cung c\u1ea5p cho c\u00e1c em thi\u1ebfu nhi c\u0169ng nh\u01b0 c\u00e1c b\u1eadc ph\u1ee5 huynh c\u00e1c ki\u1ebfn th\u1ee9c c\u1ea7n thi\u1ebft trong cu\u1ed9c s\u1ed1ng, nh\u1eefng tinh hoa c\u1ee7a tri th\u1ee9c nh\u00e2n lo\u1ea1i nh\u1eb1m g\u00f3p ph\u1ea7n gi\u00e1o d\u1ee5c v\u00e0 h\u00ecnh th\u00e0nh nh\u00e2n c\u00e1ch th\u1ebf h\u1ec7 tr\u1ebb.<br \/>\u0110\u1ed1i t\u01b0\u1ee3ng ph\u1ee5c v\u1ee5 c\u1ee7a Nh\u00e0 xu\u1ea5t b\u1ea3n l\u00e0 c\u00e1c em t\u1eeb tu\u1ed5i nh\u00e0 tr\u1ebb m\u1eabu gi\u00e1o (1 \u0111\u1ebfn 5 tu\u1ed5i), nhi \u0111\u1ed3ng (6 \u0111\u1ebfn 9 tu\u1ed5i), thi\u1ebfu ni\u00ean (10 \u0111\u1ebfn 15 tu\u1ed5i) \u0111\u1ebfn c\u00e1c em tu\u1ed5i m\u1edbi l\u1edbn (16 \u0111\u1ebfn 18 tu\u1ed5i) v\u00e0 c\u00e1c b\u1eadc ph\u1ee5 huynh.<\/p>\n\n[\/col]\n\n[\/row]\n\n<!-- \/wp:flatsome\/uxbuilder -->","post_title":"Kim \u0110\u1ed3ng","post_excerpt":"","post_status":"publish","comment_status":"closed","ping_status":"closed","post_password":"","post_name":"kim-dong","to_ping":"","pinged":"","post_modified":"2021-02-17 01:31:56","post_modified_gmt":"2021-02-16 23:31:56","post_content_filtered":"","post_parent":0,"guid":"https:\/\/sachviet.eu\/nha-phat-hanh\/kim-dong\/","menu_order":0,"post_type":"publisher","post_mime_type":"","comment_count":"0","filter":"raw"}},"_links":{"self":[{"href":"https:\/\/sachviet.eu\/en\/wp-json\/wp\/v2\/product\/22539","targetHints":{"allow":["GET"]}}],"collection":[{"href":"https:\/\/sachviet.eu\/en\/wp-json\/wp\/v2\/product"}],"about":[{"href":"https:\/\/sachviet.eu\/en\/wp-json\/wp\/v2\/types\/product"}],"wp:featuredmedia":[{"embeddable":true,"href":"https:\/\/sachviet.eu\/en\/wp-json\/wp\/v2\/media\/22538"}],"wp:attachment":[{"href":"https:\/\/sachviet.eu\/en\/wp-json\/wp\/v2\/media?parent=22539"}],"wp:term":[{"taxonomy":"product_brand","embeddable":true,"href":"https:\/\/sachviet.eu\/en\/wp-json\/wp\/v2\/product_brand?post=22539"},{"taxonomy":"product_cat","embeddable":true,"href":"https:\/\/sachviet.eu\/en\/wp-json\/wp\/v2\/product_cat?post=22539"},{"taxonomy":"product_tag","embeddable":true,"href":"https:\/\/sachviet.eu\/en\/wp-json\/wp\/v2\/product_tag?post=22539"}],"curies":[{"name":"wp","href":"https:\/\/api.w.org\/{rel}","templated":true}]}}