{"id":22531,"date":"2023-01-21T21:48:57","date_gmt":"2023-01-21T19:48:57","guid":{"rendered":"https:\/\/sachviet.eu\/shop\/em-gai-bi-om\/"},"modified":"2023-01-22T00:28:29","modified_gmt":"2023-01-21T22:28:29","slug":"em-gai-bi-om","status":"publish","type":"product","link":"https:\/\/sachviet.eu\/en\/shop\/em-gai-bi-om\/","title":{"rendered":"Em g\u00e1i b\u1ecb \u1ed1m"},"content":{"rendered":"<p>Asae r\u1ea5t th\u00edch b\u00fap b\u00ea Hoppeko, m\u1ed7i l\u1ea7n tr\u01b0\u1edbc khi \u0111i h\u1ecdc, Asae l\u1ea1i c\u1ea9n th\u1eadn \u0111\u1eb7t b\u00fap b\u00ea v\u00e0o xe n\u00f4i. M\u1ed9t h\u00f4m, khi t\u1eeb tr\u01b0\u1eddng m\u1eabu gi\u00e1o tr\u1edf v\u1ec1, Asae th\u1ea5y m\u1eb9 c\u00f5ng em g\u00e1i Aya tr\u00ean l\u01b0ng \u0111\u1ec3 \u0111i t\u1edbi b\u1ec7nh vi\u00ean. \u1ede nh\u00e0 ch\u1ec9 c\u00f2n m\u1ed9t m\u00ecnh<\/p>\n<p>Asae, b\u1ed7ng d\u01b0ng tr\u1eddi t\u1ed1i s\u1ea7m l\u1ea1i, b\u00ean ngo\u00e0i \u0111\u1ed5 m\u01b0a l\u1edbn. Asae \u00f4m b\u00fap b\u00ea Hoppeko th\u1eadt ch\u1eb7t, trong l\u00f2ng v\u00f4 c\u00f9ng lo l\u1eafng cho em Aya \u0111ang \u1edf b\u1ec7nh vi\u1ec7n. Ng\u00e0y h\u00f4m sau, Asae \u0111\u01b0\u1ee3c c\u00f9ng b\u1ed1 v\u00e0o b\u1ec7nh vi\u1ec7n th\u0103m em. C\u00f4 b\u00e9 \u0111\u00e3 chu\u1ea9n b\u1ecb cho Aya r\u1ea5t nhi\u1ec1u m\u00f3n qu\u00e0, nh\u01b0ng \u0111\u1ec3 em th\u1eadt vui v\u00e0 mau kh\u1ecfi b\u1ec7nh th\u00ec n\u00ean t\u1eb7ng g\u00ec nh\u1ec9? \u201cA, \u0111\u00fang r\u1ed3i!\u201d \u2013 Asae b\u00e8n l\u1ea5y ra m\u1ed9t t\u1edd gi\u1ea5y th\u1eadt \u0111\u1eb9p v\u00e0 b\u1eaft \u0111\u1ea7u g\u00f3i m\u1ed9t g\u00f3i g\u00ec \u0111\u00f3 r\u1ea5t to.<\/p>\n<p>Nh\u1eefng c\u00e2u chuy\u1ec7n xoay quanh Asae v\u00e0 em g\u00e1i nh\u1ecf ch\u1eafc ch\u1eafn s\u1ebd nh\u1eadn \u0111\u01b0\u1ee3c s\u1ef1 y\u00eau th\u00edch c\u1ee7a c\u00e1c em nh\u1ecf v\u1ec1 n\u1ed9i dung g\u1ea7n g\u0169i v\u00e0 h\u00ecnh v\u1ebd sinh \u0111\u1ed9ng.<\/p>\n","protected":false},"excerpt":{"rendered":"<p>Asae r\u1ea5t th\u00edch b\u00fap b\u00ea Hoppeko, m\u1ed7i l\u1ea7n tr\u01b0\u1edbc khi \u0111i h\u1ecdc, Asae l\u1ea1i c\u1ea9n th\u1eadn \u0111\u1eb7t b\u00fap b\u00ea v\u00e0o xe n\u00f4i. M\u1ed9t h\u00f4m, khi t\u1eeb tr\u01b0\u1eddng m\u1eabu gi\u00e1o tr\u1edf v\u1ec1, Asae th\u1ea5y m\u1eb9 c\u00f5ng em g\u00e1i Aya tr\u00ean l\u01b0ng \u0111\u1ec3 \u0111i t\u1edbi b\u1ec7nh vi\u00ean. \u1ede nh\u00e0 ch\u1ec9 c\u00f2n m\u1ed9t m\u00ecnh<\/p>\n<p>Asae, b\u1ed7ng d\u01b0ng tr\u1eddi t\u1ed1i s\u1ea7m l\u1ea1i, b\u00ean ngo\u00e0i \u0111\u1ed5 m\u01b0a l\u1edbn. Asae \u00f4m b\u00fap b\u00ea Hoppeko th\u1eadt ch\u1eb7t, trong l\u00f2ng v\u00f4 c\u00f9ng lo l\u1eafng cho em Aya \u0111ang \u1edf b\u1ec7nh vi\u1ec7n. Ng\u00e0y h\u00f4m sau, Asae \u0111\u01b0\u1ee3c c\u00f9ng b\u1ed1 v\u00e0o b\u1ec7nh vi\u1ec7n th\u0103m em. C\u00f4 b\u00e9 \u0111\u00e3 chu\u1ea9n b\u1ecb cho Aya r\u1ea5t nhi\u1ec1u m\u00f3n qu\u00e0, nh\u01b0ng \u0111\u1ec3 em th\u1eadt vui v\u00e0 mau kh\u1ecfi b\u1ec7nh th\u00ec n\u00ean t\u1eb7ng g\u00ec nh\u1ec9? \u201cA, \u0111\u00fang r\u1ed3i!\u201d \u2013 Asae b\u00e8n l\u1ea5y ra m\u1ed9t t\u1edd gi\u1ea5y th\u1eadt \u0111\u1eb9p v\u00e0 b\u1eaft \u0111\u1ea7u g\u00f3i m\u1ed9t g\u00f3i g\u00ec \u0111\u00f3 r\u1ea5t to.<\/p>\n<p>Nh\u1eefng c\u00e2u chuy\u1ec7n xoay quanh Asae v\u00e0 em g\u00e1i nh\u1ecf ch\u1eafc ch\u1eafn s\u1ebd nh\u1eadn \u0111\u01b0\u1ee3c s\u1ef1 y\u00eau th\u00edch c\u1ee7a c\u00e1c em nh\u1ecf v\u1ec1 n\u1ed9i dung g\u1ea7n g\u0169i v\u00e0 h\u00ecnh v\u1ebd sinh \u0111\u1ed9ng.<\/p>\n","protected":false},"featured_media":22530,"template":"","meta":{"_acf_changed":false},"product_brand":[],"product_cat":[24,25,17],"product_tag":[83],"class_list":{"0":"post-22531","1":"product","2":"type-product","3":"status-publish","4":"has-post-thumbnail","6":"product_cat-nha-tre-mau-giao-0-tuoi-6-tuoi","7":"product_cat-nhi-dong-6-tuoi-12-tuoi","8":"product_cat-sach-danh-cho-cac-be","9":"product_tag-sach-moi-xuat-ban","11":"first","12":"instock","13":"taxable","14":"shipping-taxable","15":"purchasable","16":"product-type-simple"},"supplier_id":null,"supplier_sku":"","barcode":null,"atum_controlled":true,"out_stock_date":null,"out_stock_threshold":null,"inheritable":false,"inbound_stock":0,"stock_on_hold":0,"sold_today":0,"sales_last_days":0,"reserved_stock":0,"customer_returns":0,"warehouse_damage":0,"lost_in_post":0,"other_logs":0,"out_stock_days":0,"lost_sales":0,"has_location":false,"update_date":"2026-01-28T23:11:10","atum_locations":[],"atum_stock_status":"instock","restock_status":false,"low_stock_amount":"","sales_update_date":"2026-01-28T23:11:10","calc_backorders":null,"acf":{"publisher":{"ID":22321,"post_author":"1","post_date":"2023-01-21 02:36:04","post_date_gmt":"2023-01-21 00:36:04","post_content":"<!-- wp:html \/-->","post_title":"Ehomebooks","post_excerpt":"","post_status":"publish","comment_status":"closed","ping_status":"closed","post_password":"","post_name":"ehomebooks","to_ping":"","pinged":"","post_modified":"2023-01-21 02:36:07","post_modified_gmt":"2023-01-21 00:36:07","post_content_filtered":"","post_parent":0,"guid":"https:\/\/sachviet.eu\/?post_type=publisher&#038;p=22321","menu_order":0,"post_type":"publisher","post_mime_type":"","comment_count":"0","filter":"raw"}},"_links":{"self":[{"href":"https:\/\/sachviet.eu\/en\/wp-json\/wp\/v2\/product\/22531","targetHints":{"allow":["GET"]}}],"collection":[{"href":"https:\/\/sachviet.eu\/en\/wp-json\/wp\/v2\/product"}],"about":[{"href":"https:\/\/sachviet.eu\/en\/wp-json\/wp\/v2\/types\/product"}],"wp:featuredmedia":[{"embeddable":true,"href":"https:\/\/sachviet.eu\/en\/wp-json\/wp\/v2\/media\/22530"}],"wp:attachment":[{"href":"https:\/\/sachviet.eu\/en\/wp-json\/wp\/v2\/media?parent=22531"}],"wp:term":[{"taxonomy":"product_brand","embeddable":true,"href":"https:\/\/sachviet.eu\/en\/wp-json\/wp\/v2\/product_brand?post=22531"},{"taxonomy":"product_cat","embeddable":true,"href":"https:\/\/sachviet.eu\/en\/wp-json\/wp\/v2\/product_cat?post=22531"},{"taxonomy":"product_tag","embeddable":true,"href":"https:\/\/sachviet.eu\/en\/wp-json\/wp\/v2\/product_tag?post=22531"}],"curies":[{"name":"wp","href":"https:\/\/api.w.org\/{rel}","templated":true}]}}