{"id":22527,"date":"2023-01-21T21:48:41","date_gmt":"2023-01-21T19:48:41","guid":{"rendered":"https:\/\/sachviet.eu\/shop\/chiem-tinh-hoc-van-dung-tri-tue-ve-cac-vi-sao-vao-doi-song\/"},"modified":"2023-04-02T01:04:11","modified_gmt":"2023-04-01T22:04:11","slug":"chiem-tinh-hoc-van-dung-tri-tue-ve-cac-vi-sao-vao-doi-song","status":"publish","type":"product","link":"https:\/\/sachviet.eu\/en\/shop\/chiem-tinh-hoc-van-dung-tri-tue-ve-cac-vi-sao-vao-doi-song\/","title":{"rendered":"Chi\u00eam Tinh H\u1ecdc &#8211; V\u1eadn D\u1ee5ng Tr\u00ed Tu\u1ec7 V\u1ec1 C\u00e1c V\u00ec Sao V\u00e0o \u0110\u1eddi S\u1ed1ng"},"content":{"rendered":"<p>Chi\u00eam tinh h\u1ecdc &#8211; V\u1eadn d\u1ee5ng tr\u00ed tu\u1ec7 v\u1ec1 c\u00e1c v\u00ec sao v\u00e0o \u0111\u1eddi s\u1ed1ng l\u00e0 cu\u1ed1n s\u00e1ch gi\u1edbi thi\u1ec7u t\u1edbi b\u1ea1n \u0111\u1ecdc chi\u00eam tinh l\u00e0 g\u00ec th\u00f4ng qua c\u00e1c \u0111\u1ecbnh ngh\u0129a, m\u00f4 t\u1ea3 l\u1ecbch s\u1eed chi\u00eam tinh v\u00e0 gi\u1ea3i th\u00edch nh\u1eefng ng\u1ed9 nh\u1eadn nhi\u1ec1u ng\u01b0\u1eddi m\u1eafc ph\u1ea3i khi n\u00f3i v\u1ec1 ch\u1ee7 \u0111\u1ec1 n\u00e0y&#8230; Quan tr\u1ecdng h\u01a1n, cu\u1ed1n s\u00e1ch h\u01b0\u1edbng d\u1eabn b\u1ea1n \u0111\u1ecdc \u1ee9ng d\u1ee5ng chi\u00eam tinh v\u00e0o m\u1ecdi kh\u00eda c\u1ea1nh c\u1ee7a \u0111\u1eddi s\u1ed1ng.<\/p>\n<p>Lo\u1ea1i chi\u00eam tinh \u0111\u01b0\u1ee3c th\u1ef1c h\u00e0nh ng\u00e0y nay, d\u1ef1a tr\u00ean kh\u00e1i ni\u1ec7m v\u1ec1 b\u1ea3n \u0111\u1ed3 sao, b\u1eaft ngu\u1ed3n t\u1eeb Hy L\u1ea1p v\u00e0 Babylon c\u1ed5 \u0111\u1ea1i. B\u1ea3n \u0111\u1ed3 sao l\u00e0 h\u00ecnh \u1ea3nh c\u00e1ch \u0111i\u1ec7u c\u1ee7a b\u1ea7u tr\u1eddi, \u0111\u01b0\u1ee3c v\u1ebd cho m\u1ed9t th\u1eddi gian v\u00e0 \u0111\u1ecba \u0111i\u1ec3m c\u1ee5 th\u1ec3. \u0110\u00f3 l\u00e0 h\u00ecnh \u1ea3nh t\u1ed5ng th\u1ec3 v\u1ec1 b\u1ea1n. Nh\u1eefng bi\u1ec3u t\u01b0\u1ee3ng tr\u00ean \u0111\u00f3 m\u00f4 t\u1ea3 c\u1ea3 tr\u1ea1ng th\u00e1i b\u00ean trong n\u1ed9i t\u00e2m l\u1eabn t\u00ecnh hu\u1ed1ng b\u00ean ngo\u00e0i cu\u1ed9c s\u1ed1ng, l\u1ecbch s\u1eed v\u00e0 kinh nghi\u1ec7m c\u00e1 nh\u00e2n c\u1ee7a b\u1ea1n tr\u00ean m\u1ecdi c\u1ea5p \u0111\u1ed9, t\u1eeb th\u1ec3 ch\u1ea5t t\u1edbi t\u00e2m l\u00fd. B\u1eb1ng c\u00e1ch n\u00e0y hay c\u00e1ch kh\u00e1c, m\u1ecdi th\u1ee9 v\u1ec1 con ng\u01b0\u1eddi b\u1ea1n, nh\u1eefng g\u00ec b\u1ea1n l\u00e0m \u0111\u1ec1u \u0111\u01b0\u1ee3c ch\u1ee9a \u0111\u1ef1ng trong b\u1ee9c tranh s\u1ed1ng \u0111\u1ed9ng n\u00e0y.<\/p>\n<p>Cu\u1ed1n s\u00e1ch n\u00e0y h\u01b0\u1edbng d\u1eabn b\u1ea1n m\u1edf kh\u00f3a b\u1ea3n \u0111\u1ed3 sao b\u1eb1ng c\u00e1ch t\u00ecm hi\u1ec3u t\u00e1c \u0111\u1ed9ng c\u00e1c v\u00ec sao l\u00ean v\u1ea1n v\u1eadt, n\u1eafm b\u1eaft nh\u1eefng quy t\u1eafc c\u1ed1t l\u00f5i v\u00e0 c\u00e1ch \u1ee9ng d\u1ee5ng chi\u00eam tinh v\u00e0o \u0111\u1eddi s\u1ed1ng, t\u1eeb nh\u1eefng v\u1ea5n \u0111\u1ec1 b\u00ecnh th\u01b0\u1eddng nh\u1ea5t t\u1edbi nh\u1eefng g\u00ec mang \u00fd ngh\u0129a s\u00e2u s\u1eafc nh\u1ea5t v\u00e0 \u0111\u1ecbnh h\u00ecnh ti\u1ebfn tr\u00ecnh cu\u1ed9c \u0111\u1eddi b\u1ea1n. V\u00e0o nh\u1eefng l\u00fac quan tr\u1ecdng c\u1ee7a cu\u1ed9c \u0111\u1eddi nh\u01b0 thay \u0111\u1ed5i ch\u1ed7 l\u00e0m, l\u1eadp gia \u0111\u00ecnh, g\u1eb7p kh\u00f3 kh\u0103n t\u00e0i ch\u00ednh\u2026 b\u1ea1n c\u00f3 th\u1ec3 coi n\u00f3 nh\u01b0 m\u1ed9t ch\u1ec9 d\u1eabn h\u1eefu \u00edch. T\u1eeb b\u1ea3n \u0111\u1ed3 sao, b\u1ea1n \u0111\u1ecdc s\u1ebd \u0111\u01b0\u1ee3c h\u1ecdc c\u00e1ch di\u1ec5n gi\u1ea3i c\u00e1c cung Ho\u00e0ng \u0111\u1ea1o, c\u00e1c h\u00e0nh tinh v\u00e0 c\u00e1c nh\u00e0 trong chi\u00eam tinh \u0111\u1ec3 hi\u1ec3u b\u1ea3n th\u00e2n h\u01a1n. Qua nh\u1eefng l\u1eddi khuy\u00ean thi\u1ebft th\u1ef1c v\u00e0 c\u00e1c tr\u01b0\u1eddng h\u1ee3p tham kh\u1ea3o, b\u1ea1n s\u1ebd kh\u00e1m ph\u00e1 c\u00e1ch nu\u00f4i d\u01b0\u1ee1ng nh\u1eefng m\u1ed1i quan h\u1ec7, \u0111\u01b0\u01a1ng \u0111\u1ea7u v\u1edbi nh\u1eefng kh\u00f3 kh\u0103n v\u00e0 nhi\u1ec1u h\u01a1n th\u1ebf n\u1eefa.<\/p>\n<p>V\u1edbi l\u1eddi v\u0103n s\u00fac t\u00edch, d\u1ec5 hi\u1ec3u, khoa h\u1ecdc v\u00e0 ph\u1ea7n minh h\u1ecda s\u1ed1ng \u0111\u1ed9ng, thu h\u00fat, Chi\u00eam tinh h\u1ecdc &#8211; V\u1eadn d\u1ee5ng tr\u00ed tu\u1ec7 v\u1ec1 c\u00e1c v\u00ec sao v\u00e0o \u0111\u1eddi s\u1ed1ng cung c\u1ea5p c\u00e1c ki\u1ebfn th\u1ee9c c\u01a1 b\u1ea3n v\u00e0 n\u1ec1n t\u1ea3ng, s\u1ebd khi\u1ebfn \u0111\u1ed9c gi\u1ea3 ho\u00e0n to\u00e0n ch\u00ecm \u0111\u1eafm v\u00e0 h\u1ee9ng th\u00fa \u0111\u00e0o s\u00e2u v\u00e0o chi\u00eam tinh h\u1ecdc. Cu\u1ed1n s\u00e1ch \u0111\u01b0\u1ee3c vi\u1ebft b\u1edfi Carole Taylor, hi\u1ec7n l\u00e0 Gi\u00e1m \u0111\u1ed1c Nghi\u00ean c\u1ee9u t\u1ea1i Khoa Nghi\u00ean c\u1ee9u Chi\u00eam tinh h\u1ecdc v\u00e0 l\u00e0 c\u00e2y b\u00fat uy t\u00edn trong c\u1ed9ng \u0111\u1ed3ng chi\u00eam tinh.<\/p>\n","protected":false},"excerpt":{"rendered":"<p>Chi\u00eam tinh h\u1ecdc &#8211; V\u1eadn d\u1ee5ng tr\u00ed tu\u1ec7 v\u1ec1 c\u00e1c v\u00ec sao v\u00e0o \u0111\u1eddi s\u1ed1ng l\u00e0 cu\u1ed1n s\u00e1ch gi\u1edbi thi\u1ec7u t\u1edbi b\u1ea1n \u0111\u1ecdc chi\u00eam tinh l\u00e0 g\u00ec th\u00f4ng qua c\u00e1c \u0111\u1ecbnh ngh\u0129a, m\u00f4 t\u1ea3 l\u1ecbch s\u1eed chi\u00eam tinh v\u00e0 gi\u1ea3i th\u00edch nh\u1eefng ng\u1ed9 nh\u1eadn nhi\u1ec1u ng\u01b0\u1eddi m\u1eafc ph\u1ea3i khi n\u00f3i v\u1ec1 ch\u1ee7 \u0111\u1ec1 n\u00e0y&#8230; Quan tr\u1ecdng h\u01a1n, cu\u1ed1n s\u00e1ch h\u01b0\u1edbng d\u1eabn b\u1ea1n \u0111\u1ecdc \u1ee9ng d\u1ee5ng chi\u00eam tinh v\u00e0o m\u1ecdi kh\u00eda c\u1ea1nh c\u1ee7a \u0111\u1eddi s\u1ed1ng.<\/p>\n<p>Lo\u1ea1i chi\u00eam tinh \u0111\u01b0\u1ee3c th\u1ef1c h\u00e0nh ng\u00e0y nay, d\u1ef1a tr\u00ean kh\u00e1i ni\u1ec7m v\u1ec1 b\u1ea3n \u0111\u1ed3 sao, b\u1eaft ngu\u1ed3n t\u1eeb Hy L\u1ea1p v\u00e0 Babylon c\u1ed5 \u0111\u1ea1i. B\u1ea3n \u0111\u1ed3 sao l\u00e0 h\u00ecnh \u1ea3nh c\u00e1ch \u0111i\u1ec7u c\u1ee7a b\u1ea7u tr\u1eddi, \u0111\u01b0\u1ee3c v\u1ebd cho m\u1ed9t th\u1eddi gian v\u00e0 \u0111\u1ecba \u0111i\u1ec3m c\u1ee5 th\u1ec3. \u0110\u00f3 l\u00e0 h\u00ecnh \u1ea3nh t\u1ed5ng th\u1ec3 v\u1ec1 b\u1ea1n. Nh\u1eefng bi\u1ec3u t\u01b0\u1ee3ng tr\u00ean \u0111\u00f3 m\u00f4 t\u1ea3 c\u1ea3 tr\u1ea1ng th\u00e1i b\u00ean trong n\u1ed9i t\u00e2m l\u1eabn t\u00ecnh hu\u1ed1ng b\u00ean ngo\u00e0i cu\u1ed9c s\u1ed1ng, l\u1ecbch s\u1eed v\u00e0 kinh nghi\u1ec7m c\u00e1 nh\u00e2n c\u1ee7a b\u1ea1n tr\u00ean m\u1ecdi c\u1ea5p \u0111\u1ed9, t\u1eeb th\u1ec3 ch\u1ea5t t\u1edbi t\u00e2m l\u00fd. B\u1eb1ng c\u00e1ch n\u00e0y hay c\u00e1ch kh\u00e1c, m\u1ecdi th\u1ee9 v\u1ec1 con ng\u01b0\u1eddi b\u1ea1n, nh\u1eefng g\u00ec b\u1ea1n l\u00e0m \u0111\u1ec1u \u0111\u01b0\u1ee3c ch\u1ee9a \u0111\u1ef1ng trong b\u1ee9c tranh s\u1ed1ng \u0111\u1ed9ng n\u00e0y.<\/p>\n<p>Cu\u1ed1n s\u00e1ch n\u00e0y h\u01b0\u1edbng d\u1eabn b\u1ea1n m\u1edf kh\u00f3a b\u1ea3n \u0111\u1ed3 sao b\u1eb1ng c\u00e1ch t\u00ecm hi\u1ec3u t\u00e1c \u0111\u1ed9ng c\u00e1c v\u00ec sao l\u00ean v\u1ea1n v\u1eadt, n\u1eafm b\u1eaft nh\u1eefng quy t\u1eafc c\u1ed1t l\u00f5i v\u00e0 c\u00e1ch \u1ee9ng d\u1ee5ng chi\u00eam tinh v\u00e0o \u0111\u1eddi s\u1ed1ng, t\u1eeb nh\u1eefng v\u1ea5n \u0111\u1ec1 b\u00ecnh th\u01b0\u1eddng nh\u1ea5t t\u1edbi nh\u1eefng g\u00ec mang \u00fd ngh\u0129a s\u00e2u s\u1eafc nh\u1ea5t v\u00e0 \u0111\u1ecbnh h\u00ecnh ti\u1ebfn tr\u00ecnh cu\u1ed9c \u0111\u1eddi b\u1ea1n. V\u00e0o nh\u1eefng l\u00fac quan tr\u1ecdng c\u1ee7a cu\u1ed9c \u0111\u1eddi nh\u01b0 thay \u0111\u1ed5i ch\u1ed7 l\u00e0m, l\u1eadp gia \u0111\u00ecnh, g\u1eb7p kh\u00f3 kh\u0103n t\u00e0i ch\u00ednh\u2026 b\u1ea1n c\u00f3 th\u1ec3 coi n\u00f3 nh\u01b0 m\u1ed9t ch\u1ec9 d\u1eabn h\u1eefu \u00edch. T\u1eeb b\u1ea3n \u0111\u1ed3 sao, b\u1ea1n \u0111\u1ecdc s\u1ebd \u0111\u01b0\u1ee3c h\u1ecdc c\u00e1ch di\u1ec5n gi\u1ea3i c\u00e1c cung Ho\u00e0ng \u0111\u1ea1o, c\u00e1c h\u00e0nh tinh v\u00e0 c\u00e1c nh\u00e0 trong chi\u00eam tinh \u0111\u1ec3 hi\u1ec3u b\u1ea3n th\u00e2n h\u01a1n. Qua nh\u1eefng l\u1eddi khuy\u00ean thi\u1ebft th\u1ef1c v\u00e0 c\u00e1c tr\u01b0\u1eddng h\u1ee3p tham kh\u1ea3o, b\u1ea1n s\u1ebd kh\u00e1m ph\u00e1 c\u00e1ch nu\u00f4i d\u01b0\u1ee1ng nh\u1eefng m\u1ed1i quan h\u1ec7, \u0111\u01b0\u01a1ng \u0111\u1ea7u v\u1edbi nh\u1eefng kh\u00f3 kh\u0103n v\u00e0 nhi\u1ec1u h\u01a1n th\u1ebf n\u1eefa.<\/p>\n<p>V\u1edbi l\u1eddi v\u0103n s\u00fac t\u00edch, d\u1ec5 hi\u1ec3u, khoa h\u1ecdc v\u00e0 ph\u1ea7n minh h\u1ecda s\u1ed1ng \u0111\u1ed9ng, thu h\u00fat, Chi\u00eam tinh h\u1ecdc &#8211; V\u1eadn d\u1ee5ng tr\u00ed tu\u1ec7 v\u1ec1 c\u00e1c v\u00ec sao v\u00e0o \u0111\u1eddi s\u1ed1ng cung c\u1ea5p c\u00e1c ki\u1ebfn th\u1ee9c c\u01a1 b\u1ea3n v\u00e0 n\u1ec1n t\u1ea3ng, s\u1ebd khi\u1ebfn \u0111\u1ed9c gi\u1ea3 ho\u00e0n to\u00e0n ch\u00ecm \u0111\u1eafm v\u00e0 h\u1ee9ng th\u00fa \u0111\u00e0o s\u00e2u v\u00e0o chi\u00eam tinh h\u1ecdc. Cu\u1ed1n s\u00e1ch \u0111\u01b0\u1ee3c vi\u1ebft b\u1edfi Carole Taylor, hi\u1ec7n l\u00e0 Gi\u00e1m \u0111\u1ed1c Nghi\u00ean c\u1ee9u t\u1ea1i Khoa Nghi\u00ean c\u1ee9u Chi\u00eam tinh h\u1ecdc v\u00e0 l\u00e0 c\u00e2y b\u00fat uy t\u00edn trong c\u1ed9ng \u0111\u1ed3ng chi\u00eam tinh.<\/p>\n","protected":false},"featured_media":22522,"template":"","meta":{"_acf_changed":false},"product_brand":[],"product_cat":[18,15,76],"product_tag":[83],"class_list":{"0":"post-22527","1":"product","2":"type-product","3":"status-publish","4":"has-post-thumbnail","6":"product_cat-kinh-te","7":"product_cat-sach-danh-cho-nguoi-lon","8":"product_cat-ton-giao-tam-linh","9":"product_tag-sach-moi-xuat-ban","11":"first","12":"outofstock","13":"taxable","14":"shipping-taxable","15":"purchasable","16":"product-type-simple"},"supplier_id":null,"supplier_sku":"","barcode":null,"atum_controlled":true,"out_stock_date":"2023-04-01 22:04:11","out_stock_threshold":null,"inheritable":false,"inbound_stock":0,"stock_on_hold":0,"sold_today":0,"sales_last_days":0,"reserved_stock":0,"customer_returns":0,"warehouse_damage":0,"lost_in_post":0,"other_logs":0,"out_stock_days":1033,"lost_sales":0,"has_location":false,"update_date":"2026-01-28T23:11:10","atum_locations":[],"atum_stock_status":"outofstock","restock_status":false,"low_stock_amount":"","sales_update_date":"2026-01-28T23:11:10","calc_backorders":null,"acf":{"publisher":{"ID":1544,"post_author":"1","post_date":"2021-02-17 01:24:05","post_date_gmt":"2021-02-16 23:24:05","post_content":"","post_title":"\u0110\u00f4ng A","post_excerpt":"","post_status":"publish","comment_status":"closed","ping_status":"closed","post_password":"","post_name":"dong-a","to_ping":"","pinged":"","post_modified":"2021-02-17 01:24:05","post_modified_gmt":"2021-02-16 23:24:05","post_content_filtered":"","post_parent":0,"guid":"https:\/\/sachviet.eu\/nha-phat-hanh\/dong-a\/","menu_order":0,"post_type":"publisher","post_mime_type":"","comment_count":"0","filter":"raw"}},"_links":{"self":[{"href":"https:\/\/sachviet.eu\/en\/wp-json\/wp\/v2\/product\/22527","targetHints":{"allow":["GET"]}}],"collection":[{"href":"https:\/\/sachviet.eu\/en\/wp-json\/wp\/v2\/product"}],"about":[{"href":"https:\/\/sachviet.eu\/en\/wp-json\/wp\/v2\/types\/product"}],"wp:featuredmedia":[{"embeddable":true,"href":"https:\/\/sachviet.eu\/en\/wp-json\/wp\/v2\/media\/22522"}],"wp:attachment":[{"href":"https:\/\/sachviet.eu\/en\/wp-json\/wp\/v2\/media?parent=22527"}],"wp:term":[{"taxonomy":"product_brand","embeddable":true,"href":"https:\/\/sachviet.eu\/en\/wp-json\/wp\/v2\/product_brand?post=22527"},{"taxonomy":"product_cat","embeddable":true,"href":"https:\/\/sachviet.eu\/en\/wp-json\/wp\/v2\/product_cat?post=22527"},{"taxonomy":"product_tag","embeddable":true,"href":"https:\/\/sachviet.eu\/en\/wp-json\/wp\/v2\/product_tag?post=22527"}],"curies":[{"name":"wp","href":"https:\/\/api.w.org\/{rel}","templated":true}]}}