{"id":22521,"date":"2023-01-21T21:48:32","date_gmt":"2023-01-21T19:48:32","guid":{"rendered":"https:\/\/sachviet.eu\/shop\/ky-luat-tich-cuc-2\/"},"modified":"2023-02-23T13:57:02","modified_gmt":"2023-02-23T11:57:02","slug":"ky-luat-tich-cuc-2","status":"publish","type":"product","link":"https:\/\/sachviet.eu\/en\/shop\/ky-luat-tich-cuc-2\/","title":{"rendered":"K\u1ef7 Lu\u1eadt T\u00edch C\u1ef1c"},"content":{"rendered":"<p>K\u1ef7 Lu\u1eadt T\u00edch C\u1ef1c<\/p>\n<p>H\u1ea7u h\u1ebft m\u1ecdi ng\u01b0\u1eddi \u0111\u1ec1u ngh\u0129 k\u1ef7 lu\u1eadt \u0111\u1ed3ng ngh\u0129a v\u1edbi tr\u1eebng ph\u1ea1t.Th\u1ef1c t\u1ebf kh\u00f4ng ph\u1ea3i v\u1eady. T\u1eeb \u201ck\u1ef7 lu\u1eadt\u201d (discipline) xu\u1ea5t ph\u00e1t t\u1eeb t\u1eeb g\u1ed1c Latin disciplina c\u00f3 ngh\u0129a l\u00e0 \u201cgi\u1ea3ng d\u1ea1y, \u0111\u00e0o t\u1ea1o, gi\u00e1o d\u1ee5c\u201d v\u00e0 t\u1eeb discipulus c\u00f3 ngh\u0129a l\u00e0 \u201c\u0111\u1ed3 \u0111\u1ec7 ho\u1eb7c h\u1ecdc tr\u00f2\u201d. V\u00e0 K\u1ef7 lu\u1eadt t\u00edch c\u1ef1c (Positive Discipline) l\u00e0 s\u1ef1 d\u1ea1y d\u1ed7 v\u00e0 h\u1ecdc h\u1ecfi &#8211; kh\u00f4ng ph\u1ea3i s\u1ef1 tr\u1eebng ph\u1ea1t. \u00c1p d\u1ee5ng nh\u1eefng ph\u01b0\u01a1ng ph\u00e1p K\u1ef7 lu\u1eadt t\u00edch c\u1ef1c trong gia \u0111\u00ecnh, trong nh\u00e0 tr\u01b0\u1eddng v\u00e0 trong l\u1edbp h\u1ecdc c\u00f3 ngh\u0129a l\u00e0 t\u1ea5t c\u1ea3 c\u00e1c ph\u1ee5 huynh, gi\u00e1o vi\u00ean v\u00e0 h\u1ecdc sinh c\u00f9ng \u0111\u1ed3ng l\u00f2ng tham gia x\u00e2y d\u1ef1ng m\u1ed9t c\u1ed9ng \u0111\u1ed3ng \u0111\u1ec3 cao s\u1ef1 t\u00f4n tr\u1ecdng l\u1eabn nhau, x\u00e2y d\u1ef1ng s\u1ef1 t\u1ef1 t\u00f4n v\u00e0 tinh th\u1ea7n tr\u00e1ch nhi\u1ec7m \u0111\u1ed3ng th\u1eddi nu\u00f4i d\u01b0\u1ee1ng t\u00e0i n\u0103ng h\u1ecdc thu\u1eadt c\u1ee7a c\u00e1c em.<\/p>\n<p>Nh\u01b0ng K\u1ef7 lu\u1eadt T\u00edch c\u1ef1c c\u0169ng kh\u00f4ng c\u00f3 ngh\u0129a l\u00e0 x\u00f3a b\u1ecf h\u1ebft c\u00e1c c\u00e1ch x\u1eed l\u00fd \u0111\u1ed1i v\u1edbi nh\u1eefng h\u00e0nh vi nguy hi\u1ec3m v\u00e0 nghi\u00eam tr\u1ecdng. Nh\u1eefng c\u00e1ch x\u1eed l\u00fd \u0111\u00f3 r\u1ea5t quan tr\u1ecdng trong x\u00e3 h\u1ed9i d\u00e2n s\u1ef1.N\u00f3i \u0111\u00fang h\u01a1n, s\u1ef1 \u0111\u1ed3ng thu\u1eadn \u0111\u00f3 c\u00f3 ngh\u0129a l\u00e0 ch\u00fang ta s\u1ebd xem l\u1ea1i to\u00e0n b\u1ed9 m\u1ecdi chuy\u1ec7n tr\u01b0\u1edbc khi \u0111\u1ec3 h\u00e0nh \u0111\u1ed9ng g\u00e2y h\u1eadu qu\u1ea3 nghi\u00eam tr\u1ecdng x\u1ea3y ra. N\u00f3 c\u0169ng \u0111\u1ed3ng ngh\u0129a v\u1edbi vi\u1ec7c ch\u00fang ta s\u1ebd \u00e1p d\u1ee5ng c\u00e1ch gi\u1ea3i quy\u1ebft nh\u01b0 th\u1ebf n\u00e0o \u0111\u1ed1i v\u1edbi c\u00e1c h\u00e0nh vi nghi\u00eam tr\u1ecdng v\u00e0 nguy hi\u1ec3m, v\u00e0 nh\u1eefng k\u1ebft qu\u1ea3 theo sau c\u1ee7a c\u00e1c c\u00e1ch gi\u1ea3i quy\u1ebft \u0111\u00f3, \u0111\u1ec3 tr\u1ebb h\u00ecnh th\u00e0nh \u0111\u01b0\u1ee3c s\u1ef1 k\u1ebft n\u1ed1i b\u1ec1n ch\u1eb7t h\u01a1n v\u1edbi c\u1ed9ng \u0111\u1ed3ng c\u1ee7a m\u00ecnh, thay v\u00ec b\u1ecb c\u00f4 l\u1eadp v\u00e0 \u0111\u1ea9y ra xa.<\/p>\n<p>B\u1ea1n c\u1ee9 \u0111\u1ec3 \u00fd m\u00e0 xem, b\u00ean c\u1ea1nh c\u00e1c b\u1eadc ph\u1ee5 huynh v\u00e0 c\u00e1c th\u1ea7y c\u00f4 \u201csi\u00eau nh\u00e2n\u201d l\u00e0 c\u00e1c b\u1eadc cha m\u1eb9 v\u00e0 th\u1ea7y c\u00f4 n\u00f3i r\u1eb1ng m\u00ecnh qu\u00e1 b\u1eadn r\u1ed9n \u0111\u1ec3 d\u00e0nh th\u1eddi gian d\u1ea1y tr\u1ebb c\u00e1c k\u1ef9 n\u0103ng x\u00e3 h\u1ed9i v\u00e0 cu\u1ed9c s\u1ed1ng. Nh\u01b0ng ch\u00ednh h\u1ecd l\u1ea1i t\u1ee9c gi\u1eadn khi tr\u1ebb \u201ckh\u00f4ng t\u1ef1 h\u1ecdc \u0111\u01b0\u1ee3c c\u00e1ch c\u01b0 x\u1eed\u201d.Kh\u00f4ng bi\u1ebft h\u1ecd ngh\u0129 tr\u1ebb s\u1ebd h\u1ecdc \u0111\u01b0\u1ee3c nh\u1eefng h\u00e0nh \u0111\u1ed9ng m\u1eabu m\u1ef1c \u1edf \u0111\u00e2u.Qu\u00e1 nhi\u1ec1u ng\u01b0\u1eddi l\u1edbn \u0111ang \u201c\u0111\u1ed5 l\u1ed7i\u201d cho tr\u1ebb thay v\u00ec t\u1ef1 nh\u1eadn ph\u1ea7n tr\u00e1ch nhi\u1ec7m c\u1ee7a m\u00ecnh trong vi\u1ec7c \u0111\u1ec3 tr\u1ebb c\u01b0 x\u1eed ch\u01b0a hay.<\/p>\n<p>K\u1ef7 lu\u1eadt T\u00edch c\u1ef1c gi\u00fap tr\u1ebb v\u00e0 ng\u01b0\u1eddi l\u1edbn ch\u1ea5m d\u1ee9t c\u00e1i v\u00f2ng lu\u1ea9n qu\u1ea9n n\u00e0y b\u1eb1ng c\u00e1ch khuy\u1ebfn kh\u00edch tr\u00e1ch nhi\u1ec7m x\u00e3 h\u1ed9i.Cha m\u1eb9 v\u00e0 th\u1ea7y c\u00f4 th\u01b0\u1eddng kh\u00f4ng nh\u1eadn ra r\u1eb1ng m\u00ecnh \u0111\u00e3 l\u00e0m cho tr\u1ebb qu\u00e1 nhi\u1ec1u vi\u1ec7c m\u00e0 tr\u1ebb c\u00f3 th\u1ec3 t\u1ef1 l\u00e0m.H\u1ecd kh\u00f4ng d\u00e0nh th\u1eddi gian \u0111\u1ec3 d\u1ea1y tr\u1ebb c\u00e1ch \u0111\u00f3ng g\u00f3p\/g\u00f3p ph\u1ea7n v\u00e0o c\u00f4ng vi\u1ec7c \u1edf nh\u00e0 ho\u1eb7c \u1edf l\u1edbp h\u1ecdc.H\u00e3y l\u1eadp m\u1ed9t danh s\u00e1ch.C\u00e1c th\u1ea7y c\u00f4, c\u00f3 bao nhi\u00eau vi\u1ec7c trong l\u1edbp h\u1ecdc c\u00e1c th\u1ea7y c\u00f4 \u0111ang l\u00e0m m\u00e0 tr\u1ebb c\u00f3 th\u1ec3 l\u00e0m thay?C\u00e1c v\u1ecb ph\u1ee5 huynh, b\u1ea1n \u0111ang l\u00e0m bao nhi\u00eau vi\u1ec7c cho tr\u1ebb ch\u1ec9 \u0111\u1ec3 \u201cti\u1ec7n v\u00e0 nhanh\u201d thay v\u00ec \u0111\u1ec3 con l\u00e0m v\u00e0 gi\u00fap tr\u1ea3i nghi\u1ec7m c\u1ea3m gi\u00e1c \u0111\u01b0\u1ee3c \u0111\u00f3ng g\u00f3p?<\/p>\n<p>K\u1ef7 lu\u1eadt T\u00edch c\u1ef1c quy t\u1ee5 v\u1ed1n tri th\u1ee9c c\u1ee7a nhi\u1ec1u t\u00e1c gi\u1ea3 \u0111i tr\u01b0\u1edbc, t\u1ea1o ra m\u1ed9t di\u1ec5n \u0111\u00e0n \u1ea5m c\u00fang d\u00e0nh cho cha m\u1eb9 v\u00e0 gi\u00e1o vi\u00ean \u2013 nh\u1eefng ng\u01b0\u1eddi k\u1ef3 v\u1ecdng v\u00e0o c\u00e1c nguy\u00ean t\u1eafc v\u0129nh c\u1eedu mang t\u00ednh th\u1ef1c ti\u1ec5n ch\u1ee9 kh\u00f4ng ph\u1ea3i l\u00fd thuy\u1ebft su\u00f4ng. Ti\u1ebfn s\u0129 Jane Nelsen \u0111\u01b0a ra m\u1ed9t b\u1ed9 h\u01b0\u1edbng d\u1eabn mang t\u00ednh th\u1ef1c ti\u1ec5n cao d\u00e0nh cho c\u00e1c b\u1eadc cha m\u1eb9 v\u00e0 gi\u00e1o vi\u00ean mong mu\u1ed1n gi\u00fap con em m\u00ecnh x\u00e2y d\u1ef1ng tinh th\u1ea7n t\u1ef1 gi\u00e1c, \u00fd th\u1ee9c tr\u00e1ch nhi\u1ec7m, n\u0103ng l\u1ef1c v\u00e0 th\u00e1i \u0111\u1ed9 t\u00edch c\u1ef1c.Cu\u1ed1n s\u00e1ch \u0111\u00e3 \u0111\u01b0\u1ee3c \u00e1p d\u1ee5ng nh\u01b0 m\u1ed9t t\u00e0i li\u1ec7u trong ch\u01b0\u01a1ng tr\u00ecnh \u0111\u00e0o t\u1ea1o \u0111\u01b0\u1ee3c qu\u1ed1c t\u1ebf c\u00f4ng nh\u1eadn \u2013 Ch\u01b0\u01a1ng tr\u00ecnh Ph\u00e1t tri\u1ec3n N\u0103ng l\u1ef1c<\/p>\n<p>Con ng\u01b0\u1eddi \u0111\u01b0\u1ee3c t\u1ed5 ch\u1ee9c tr\u00ean to\u00e0n B\u1eafc M\u1ef9, Trung M\u1ef9 v\u00e0 Ch\u00e2u Phi. C\u00e1c nguy\u00ean t\u1eafc \u0111\u01b0\u1ee3c n\u00eau trong cu\u1ed1n s\u00e1ch c\u00f3 gi\u00e1 tr\u1ecb th\u1ef1c ti\u1ec5n v\u00e0 cung c\u1ea5p m\u1ed9t n\u1ec1n t\u1ea3ng v\u1eefng ch\u1eafc \u0111\u1ec3 l\u00e0m gi\u00e0u cho kinh nghi\u1ec7m c\u1ee7a m\u1ed7i gia \u0111\u00ecnh.<\/p>\n<p>Trong su\u1ed1t 25 n\u0103m qua, K\u1ef7 lu\u1eadt T\u00edch c\u1ef1c \u0111\u00e3 lu\u00f4n l\u00e0 chu\u1ea9n m\u1ef1c v\u00e0ng cho nh\u1eefng ai l\u00e0m vi\u1ec7c v\u1edbi tr\u1ebb em.V\u00e0 b\u00e2y gi\u1edd, Jane Nelsen, nh\u00e0 gi\u00e1o d\u1ee5c, nh\u00e0 t\u00e2m l\u00fd h\u1ecdc uy t\u00edn v\u00e0 \u0111\u1ed3ng th\u1eddi l\u00e0 m\u1eb9 c\u1ee7a b\u1ea3y \u0111\u1ee9a con, \u0111\u00e3 \u0111em \u0111\u1ebfn cho ch\u00fang ta m\u1ed9t phi\u00ean b\u1ea3n m\u1edbi, c\u1eadp nh\u1eadt v\u00e0 m\u1edf r\u1ed9ng h\u01a1n.Chi\u1ebfc ch\u00eca kh\u00f3a then ch\u1ed1t trong K\u1ef7 lu\u1eadt T\u00edch c\u1ef1c kh\u00f4ng ph\u1ea3i l\u00e0 s\u1ef1 tr\u1eebng ph\u1ea1t, m\u00e0 l\u00e0 s\u1ef1 t\u00f4n tr\u1ecdng. Nelsen \u0111\u00e3 \u0111\u00e0o t\u1ea1o nhi\u1ec1u ph\u1ee5 huynh v\u00e0 gi\u00e1o vi\u00ean c\u00e1ch c\u01b0 x\u1eed v\u1eeba m\u1ec1m m\u1ecfng v\u1eeba ki\u00ean quy\u1ebft, \u0111\u1ec3 b\u1ea5t k\u1ef3 \u0111\u1ee9a tr\u1ebb n\u00e0o \u2013 t\u1eeb em b\u00e9 3 tu\u1ed5i ch\u1eadp ch\u1eefng t\u1eadp \u0111i \u0111\u1ebfn m\u1ed9t b\u1ea1n tu\u1ed5i teen n\u1ed5i lo\u1ea1n \u2013 c\u0169ng c\u00f3 th\u1ec3 h\u1ecdc \u0111\u01b0\u1ee3c c\u00e1ch h\u1ee3p t\u00e1c th\u1eadt linh ho\u1ea1t v\u00e0 tinh th\u1ea7n k\u1ef7 lu\u1eadt t\u00edch c\u1ef1c m\u00e0 kh\u00f4ng b\u1ecb t\u1ed5n th\u01b0\u01a1ng t\u1edbi l\u00f2ng t\u1ef1 tr\u1ecdng.<\/p>\n","protected":false},"excerpt":{"rendered":"<p>TRONG CU\u1ed0N S\u00c1CH N\u00c0Y, B\u1ea0N S\u1ebc KH\u00c1M PH\u00c1 \u0110\u01af\u1ee2C C\u00c1CH:<\/p>\n<p>\u2022 X\u00f3a b\u1ecf nh\u1eefng kho\u1ea3ng c\u00e1ch trong giao ti\u1ebfp v\u1edbi tr\u1ebb<\/p>\n<p>Gi\u1ea3i t\u1ecfa nh\u1eefng xung \u0111\u1ed9t<\/p>\n<p>\u2022 Tr\u00e1nh \u0111\u01b0\u1ee3c nh\u1eefng nguy hi\u1ec3m ti\u1ec1m t\u00e0ng c\u1ee7a l\u1eddi khen<\/p>\n<p>\u2022 C\u1ee7ng c\u1ed1 th\u00f4ng \u0111i\u1ec7p y\u00eau th\u01b0\u01a1ng th\u1ef1c s\u1ef1 b\u1ea1n mu\u1ed1n d\u00e0nh cho tr\u1ebb<\/p>\n<p>\u2022 X\u00e2y d\u1ef1ng n\u1ec1n t\u1ea3ng v\u00e0 ph\u00e1t tri\u1ec3n cho tr\u1ebb d\u1ef1a tr\u00ean \u0111i\u1ec3m m\u1ea1nh, ch\u1ee9 kh\u00f4ng ph\u1ea3i \u0111i\u1ec3m y\u1ebfu<\/p>\n<p>\u2022 D\u1ea1y tr\u1ebb bi\u1ebft c\u00e1ch ch\u1ecbu tr\u00e1ch nhi\u1ec7m m\u00e0 kh\u00f4ng l\u00e0m t\u1ed5n th\u01b0\u01a1ng \u0111\u1ebfn l\u00f2ng t\u1ef1 tr\u1ecdng c\u1ee7a con<\/p>\n<p>\u2022 D\u1ea1y tr\u1ebb c\u00e1ch suy ngh\u0129, ch\u1ee9 kh\u00f4ng ph\u1ea3i n\u00ean ngh\u0129 \u0111i\u1ec1u g\u00ec<\/p>\n<p>\u2022 C\u00f3 \u0111\u01b0\u1ee3c s\u1ef1 h\u1ee3p t\u00e1c c\u1ee7a tr\u1ebb c\u1ea3 \u1edf nh\u00e0 v\u00e0 \u1edf tr\u01b0\u1eddng<\/p>\n<p>\u2022 V\u01b0\u1ee3t qua nh\u1eefng th\u1eed th\u00e1ch \u0111\u1eb7c bi\u1ec7t v\u1edbi h\u00e0nh vi c\u1ee7a tr\u1ebb v\u1ecb th\u00e0nh ni\u00ean.<\/p>\n<p>Nh\u1eefng l\u1eddi khuy\u00ean th\u1ef1c t\u1ebf t\u1eeb cu\u1ed1n s\u00e1ch \u0111\u1ea7y s\u1ef1 th\u00f4ng th\u00e1i v\u00e0 nh\u00e2n v\u0103n n\u00e0y, c\u00f9ng v\u1edbi h\u00e0ng tr\u0103m c\u00e2u chuy\u1ec7n v\u1ec1 K\u1ef7 lu\u1eadt T\u00edch c\u1ef1c trong th\u1ef1c ti\u1ec5n \u0111\u00e3 \u0111em l\u1ea1i l\u1ee3i \u00edch cho h\u00e0ng tri\u1ec7u tr\u1ebb em. H\u00e3y d\u00e0nh t\u1eb7ng cho con b\u1ea1n nh\u1eefng c\u00f4ng c\u1ee5 m\u00e0 con c\u1ea7n \u0111\u1ec3 c\u00f3 m\u1ed9t cu\u1ed9c \u0111\u1eddi an nhi\u00ean, h\u1ea1nh ph\u00fac khi tr\u01b0\u1edfng th\u00e0nh.<\/p>\n","protected":false},"featured_media":22520,"template":"","meta":{"_acf_changed":false},"product_brand":[],"product_cat":[19],"product_tag":[83],"class_list":{"0":"post-22521","1":"product","2":"type-product","3":"status-publish","4":"has-post-thumbnail","6":"product_cat-nuoi-day-con","7":"product_tag-sach-moi-xuat-ban","9":"first","10":"outofstock","11":"taxable","12":"shipping-taxable","13":"purchasable","14":"product-type-simple"},"supplier_id":null,"supplier_sku":"","barcode":null,"atum_controlled":true,"out_stock_date":"2023-02-23 11:57:02","out_stock_threshold":null,"inheritable":false,"inbound_stock":0,"stock_on_hold":0,"sold_today":0,"sales_last_days":0,"reserved_stock":0,"customer_returns":0,"warehouse_damage":0,"lost_in_post":0,"other_logs":0,"out_stock_days":1070,"lost_sales":0,"has_location":false,"update_date":"2026-01-28T23:11:10","atum_locations":[],"atum_stock_status":"outofstock","restock_status":false,"low_stock_amount":"","sales_update_date":"2026-01-28T23:11:10","calc_backorders":null,"acf":{"publisher":{"ID":8682,"post_author":"1","post_date":"2021-04-28 14:30:43","post_date_gmt":"2021-04-28 11:30:43","post_content":"","post_title":"NXB Ph\u1ee5 N\u1eef","post_excerpt":"","post_status":"publish","comment_status":"closed","ping_status":"closed","post_password":"","post_name":"nxb-phu-nu","to_ping":"","pinged":"","post_modified":"2021-04-28 14:30:43","post_modified_gmt":"2021-04-28 11:30:43","post_content_filtered":"","post_parent":0,"guid":"https:\/\/sachviet.eu\/nha-phat-hanh\/nxb-phu-nu\/","menu_order":0,"post_type":"publisher","post_mime_type":"","comment_count":"0","filter":"raw"}},"_links":{"self":[{"href":"https:\/\/sachviet.eu\/en\/wp-json\/wp\/v2\/product\/22521","targetHints":{"allow":["GET"]}}],"collection":[{"href":"https:\/\/sachviet.eu\/en\/wp-json\/wp\/v2\/product"}],"about":[{"href":"https:\/\/sachviet.eu\/en\/wp-json\/wp\/v2\/types\/product"}],"wp:featuredmedia":[{"embeddable":true,"href":"https:\/\/sachviet.eu\/en\/wp-json\/wp\/v2\/media\/22520"}],"wp:attachment":[{"href":"https:\/\/sachviet.eu\/en\/wp-json\/wp\/v2\/media?parent=22521"}],"wp:term":[{"taxonomy":"product_brand","embeddable":true,"href":"https:\/\/sachviet.eu\/en\/wp-json\/wp\/v2\/product_brand?post=22521"},{"taxonomy":"product_cat","embeddable":true,"href":"https:\/\/sachviet.eu\/en\/wp-json\/wp\/v2\/product_cat?post=22521"},{"taxonomy":"product_tag","embeddable":true,"href":"https:\/\/sachviet.eu\/en\/wp-json\/wp\/v2\/product_tag?post=22521"}],"curies":[{"name":"wp","href":"https:\/\/api.w.org\/{rel}","templated":true}]}}