{"id":22512,"date":"2023-01-21T21:40:59","date_gmt":"2023-01-21T19:40:59","guid":{"rendered":"https:\/\/sachviet.eu\/shop\/thay-doi-cuoc-song-cua-ban\/"},"modified":"2023-02-01T15:48:41","modified_gmt":"2023-02-01T13:48:41","slug":"thay-doi-cuoc-song-cua-ban","status":"publish","type":"product","link":"https:\/\/sachviet.eu\/en\/shop\/thay-doi-cuoc-song-cua-ban\/","title":{"rendered":"Thay \u0110\u1ed5i Cu\u1ed9c S\u1ed1ng C\u1ee7a B\u1ea1n"},"content":{"rendered":"<p>B\u1ea1n c\u00f3 li\u00ean t\u1ee5c b\u1ecb cu\u1ed1n v\u00e0o c\u00e1c m\u1ed1i quan h\u1ec7 v\u1edbi nh\u1eefng ng\u01b0\u1eddi l\u1ea1nh nh\u1ea1t v\u1edbi m\u00ecnh? B\u1ea1n c\u00f3 c\u1ea3m th\u1ea5y ngay c\u1ea3 nh\u1eefng ng\u01b0\u1eddi g\u1ea7n g\u0169i nh\u1ea5t v\u1edbi m\u00ecnh c\u0169ng kh\u00f4ng quan t\u00e2m hay \u0111\u1ee7 hi\u1ec3u b\u1ea1n?<\/p>\n<p>B\u1ea1n c\u00f3 c\u1ea3m th\u1ea5y r\u1eb1ng t\u1eeb trong s\u00e2u th\u1eb3m, b\u1ea1n c\u00f3 nh\u1eefng thi\u1ebfu s\u00f3t, r\u1eb1ng kh\u00f4ng ai bi\u1ebft r\u00f5 b\u1ea1n c\u00f3 th\u1ec3 y\u00eau th\u01b0\u01a1ng v\u00e0 ch\u1ea5p nh\u1eadn b\u1ea1n?<\/p>\n<p>B\u1ea1n c\u00f3 \u0111\u1eb7t nhu c\u1ea7u c\u1ee7a ng\u01b0\u1eddi kh\u00e1c l\u00ean tr\u00ean b\u1ea3n th\u00e2n m\u00ecnh, \u0111\u1ec3 r\u1ed3i nhu c\u1ea7u c\u1ee7a b\u1ea1n kh\u00f4ng bao gi\u1edd \u0111\u01b0\u1ee3c \u0111\u00e1p \u1ee9ng \u2013 v\u00e0 th\u1ebf l\u00e0 b\u1ea1n th\u1eadm ch\u00ed kh\u00f4ng c\u00f2n bi\u1ebft nhu c\u1ea7u th\u1ef1c s\u1ef1 c\u1ee7a m\u00ecnh l\u00e0 g\u00ec?<\/p>\n<p>B\u1ea1n c\u00f3 s\u1ee3 r\u1eb1ng \u0111i\u1ec1u t\u1ed3i t\u1ec7 s\u1ebd x\u1ea3y ra v\u1edbi m\u00ecnh, \u0111\u1ebfn n\u1ed7i ngay c\u1ea3 m\u1ed9t c\u01a1n \u0111au h\u1ecdng nh\u1eb9 c\u0169ng d\u1ea5n \u0111\u1ebfn n\u1ed7i h\u1ed1t ho\u1ea3ng v\u1ec1 m\u1ed9t c\u0103n b\u1ec7nh nghi\u00eam tr\u1ecdng h\u01a1n?<\/p>\n<p>B\u1ea1n c\u00f3 th\u1ea5y r\u1eb1ng cho d\u00f9 m\u00ecnh nh\u1eadn \u0111\u01b0\u1ee3c bao nhi\u00eau l\u1eddi t\u00e1n d\u01b0\u01a1ng, \u1ee7ng h\u1ed9 t\u1eeb c\u00f4ng ch\u00fang, b\u1ea1n v\u1eabn c\u1ea3m th\u1ea5y kh\u00f4ng h\u1ea1nh ph\u00fac, kh\u00f4ng th\u1ecfa m\u00e3n hay kh\u00f4ng x\u1ee9ng \u0111\u00e1ng kh\u00f4ng?<\/p>\n<p>Ch\u00fang t\u00f4i g\u1ecdi nh\u1eefng h\u00ecnh m\u1eabu nh\u01b0 th\u1ebf l\u00e0 c\u1ea1m b\u1eaby cu\u1ed9c \u0111\u1eddi. Trong cu\u1ed1n s\u00e1ch n\u00e0y, ch\u00fang t\u00f4i s\u1ebd m\u00f4 t\u1ea3 11 c\u1ea1m b\u1eaby cu\u1ed9c \u0111\u1eddi ph\u1ed5 bi\u1ebfn nh\u1ea5t v\u00e0 s\u1ebd ch\u1ec9 cho b\u1ea1n c\u00e1ch \u0111\u1ec3 nh\u1eadn di\u1ec7n ch\u00fang, l\u00e0m sao \u0111\u1ec3 hi\u1ec3u \u0111\u01b0\u1ee3c ngu\u1ed3n g\u1ed1c c\u1ee7a ch\u00fang v\u00e0 l\u00e0m sao \u0111\u1ec3 thay \u0111\u1ed5i ch\u00fang. <\/p>\n","protected":false},"excerpt":{"rendered":"<p>B\u1ea1n c\u00f3 li\u00ean t\u1ee5c b\u1ecb cu\u1ed1n v\u00e0o c\u00e1c m\u1ed1i quan h\u1ec7 v\u1edbi nh\u1eefng ng\u01b0\u1eddi l\u1ea1nh nh\u1ea1t v\u1edbi m\u00ecnh? B\u1ea1n c\u00f3 c\u1ea3m th\u1ea5y ngay c\u1ea3 nh\u1eefng ng\u01b0\u1eddi g\u1ea7n g\u0169i nh\u1ea5t v\u1edbi m\u00ecnh c\u0169ng kh\u00f4ng quan t\u00e2m hay \u0111\u1ee7 hi\u1ec3u b\u1ea1n?<\/p>\n<p>B\u1ea1n c\u00f3 c\u1ea3m th\u1ea5y r\u1eb1ng t\u1eeb trong s\u00e2u th\u1eb3m, b\u1ea1n c\u00f3 nh\u1eefng thi\u1ebfu s\u00f3t, r\u1eb1ng kh\u00f4ng ai bi\u1ebft r\u00f5 b\u1ea1n c\u00f3 th\u1ec3 y\u00eau th\u01b0\u01a1ng v\u00e0 ch\u1ea5p nh\u1eadn b\u1ea1n?<\/p>\n<p>B\u1ea1n c\u00f3 \u0111\u1eb7t nhu c\u1ea7u c\u1ee7a ng\u01b0\u1eddi kh\u00e1c l\u00ean tr\u00ean b\u1ea3n th\u00e2n m\u00ecnh, \u0111\u1ec3 r\u1ed3i nhu c\u1ea7u c\u1ee7a b\u1ea1n kh\u00f4ng bao gi\u1edd \u0111\u01b0\u1ee3c \u0111\u00e1p \u1ee9ng \u2013 v\u00e0 th\u1ebf l\u00e0 b\u1ea1n th\u1eadm ch\u00ed kh\u00f4ng c\u00f2n bi\u1ebft nhu c\u1ea7u th\u1ef1c s\u1ef1 c\u1ee7a m\u00ecnh l\u00e0 g\u00ec?<\/p>\n<p>B\u1ea1n c\u00f3 s\u1ee3 r\u1eb1ng \u0111i\u1ec1u t\u1ed3i t\u1ec7 s\u1ebd x\u1ea3y ra v\u1edbi m\u00ecnh, \u0111\u1ebfn n\u1ed7i ngay c\u1ea3 m\u1ed9t c\u01a1n \u0111au h\u1ecdng nh\u1eb9 c\u0169ng d\u1ea5n \u0111\u1ebfn n\u1ed7i h\u1ed1t ho\u1ea3ng v\u1ec1 m\u1ed9t c\u0103n b\u1ec7nh nghi\u00eam tr\u1ecdng h\u01a1n?<\/p>\n<p>B\u1ea1n c\u00f3 th\u1ea5y r\u1eb1ng cho d\u00f9 m\u00ecnh nh\u1eadn \u0111\u01b0\u1ee3c bao nhi\u00eau l\u1eddi t\u00e1n d\u01b0\u01a1ng, \u1ee7ng h\u1ed9 t\u1eeb c\u00f4ng ch\u00fang, b\u1ea1n v\u1eabn c\u1ea3m th\u1ea5y kh\u00f4ng h\u1ea1nh ph\u00fac, kh\u00f4ng th\u1ecfa m\u00e3n hay kh\u00f4ng x\u1ee9ng \u0111\u00e1ng kh\u00f4ng?<\/p>\n<p>Ch\u00fang t\u00f4i g\u1ecdi nh\u1eefng h\u00ecnh m\u1eabu nh\u01b0 th\u1ebf l\u00e0 c\u1ea1m b\u1eaby cu\u1ed9c \u0111\u1eddi. Trong cu\u1ed1n s\u00e1ch n\u00e0y, ch\u00fang t\u00f4i s\u1ebd m\u00f4 t\u1ea3 11 c\u1ea1m b\u1eaby cu\u1ed9c \u0111\u1eddi ph\u1ed5 bi\u1ebfn nh\u1ea5t v\u00e0 s\u1ebd ch\u1ec9 cho b\u1ea1n c\u00e1ch \u0111\u1ec3 nh\u1eadn di\u1ec7n ch\u00fang, l\u00e0m sao \u0111\u1ec3 hi\u1ec3u \u0111\u01b0\u1ee3c ngu\u1ed3n g\u1ed1c c\u1ee7a ch\u00fang v\u00e0 l\u00e0m sao \u0111\u1ec3 thay \u0111\u1ed5i ch\u00fang.<\/p>\n","protected":false},"featured_media":22511,"template":"","meta":{"_acf_changed":false},"product_brand":[],"product_cat":[15,46],"product_tag":[83],"class_list":{"0":"post-22512","1":"product","2":"type-product","3":"status-publish","4":"has-post-thumbnail","6":"product_cat-sach-danh-cho-nguoi-lon","7":"product_cat-ky-nang-song","8":"product_tag-sach-moi-xuat-ban","10":"first","11":"outofstock","12":"taxable","13":"shipping-taxable","14":"purchasable","15":"product-type-simple"},"supplier_id":null,"supplier_sku":"","barcode":null,"atum_controlled":true,"out_stock_date":"2023-02-01 13:48:41","out_stock_threshold":null,"inheritable":false,"inbound_stock":0,"stock_on_hold":0,"sold_today":0,"sales_last_days":0,"reserved_stock":0,"customer_returns":0,"warehouse_damage":0,"lost_in_post":0,"other_logs":0,"out_stock_days":1092,"lost_sales":0,"has_location":false,"update_date":"2026-01-28T23:11:10","atum_locations":[],"atum_stock_status":"outofstock","restock_status":false,"low_stock_amount":"","sales_update_date":"2026-01-28T23:11:10","calc_backorders":null,"acf":{"publisher":{"ID":22510,"post_author":"1","post_date":"2023-01-21 21:40:56","post_date_gmt":"2023-01-21 19:40:56","post_content":"","post_title":"Mintbooks","post_excerpt":"","post_status":"publish","comment_status":"closed","ping_status":"closed","post_password":"","post_name":"mintbooks","to_ping":"","pinged":"","post_modified":"2023-01-21 21:40:56","post_modified_gmt":"2023-01-21 19:40:56","post_content_filtered":"","post_parent":0,"guid":"https:\/\/sachviet.eu\/nha-phat-hanh\/mintbooks\/","menu_order":0,"post_type":"publisher","post_mime_type":"","comment_count":"0","filter":"raw"}},"_links":{"self":[{"href":"https:\/\/sachviet.eu\/en\/wp-json\/wp\/v2\/product\/22512","targetHints":{"allow":["GET"]}}],"collection":[{"href":"https:\/\/sachviet.eu\/en\/wp-json\/wp\/v2\/product"}],"about":[{"href":"https:\/\/sachviet.eu\/en\/wp-json\/wp\/v2\/types\/product"}],"wp:featuredmedia":[{"embeddable":true,"href":"https:\/\/sachviet.eu\/en\/wp-json\/wp\/v2\/media\/22511"}],"wp:attachment":[{"href":"https:\/\/sachviet.eu\/en\/wp-json\/wp\/v2\/media?parent=22512"}],"wp:term":[{"taxonomy":"product_brand","embeddable":true,"href":"https:\/\/sachviet.eu\/en\/wp-json\/wp\/v2\/product_brand?post=22512"},{"taxonomy":"product_cat","embeddable":true,"href":"https:\/\/sachviet.eu\/en\/wp-json\/wp\/v2\/product_cat?post=22512"},{"taxonomy":"product_tag","embeddable":true,"href":"https:\/\/sachviet.eu\/en\/wp-json\/wp\/v2\/product_tag?post=22512"}],"curies":[{"name":"wp","href":"https:\/\/api.w.org\/{rel}","templated":true}]}}