{"id":22509,"date":"2023-01-21T21:40:51","date_gmt":"2023-01-21T19:40:51","guid":{"rendered":"https:\/\/sachviet.eu\/shop\/hanh-tinh-cua-mot-ke-nghi-nhieu\/"},"modified":"2023-06-06T14:03:52","modified_gmt":"2023-06-06T11:03:52","slug":"hanh-tinh-cua-mot-ke-nghi-nhieu","status":"publish","type":"product","link":"https:\/\/sachviet.eu\/en\/shop\/hanh-tinh-cua-mot-ke-nghi-nhieu\/","title":{"rendered":"H\u00e0nh Tinh C\u1ee7a M\u1ed9t K\u1ebb Ngh\u0129 Nhi\u1ec1u"},"content":{"rendered":"<p>\u201c\u0110\u00f3 l\u00e0 m\u00f9a h\u00e8 n\u0103m 2020, m\u00f9a h\u00e8 c\u1ee7a COVID-19 v\u00e0 m\u1ed9t ng\u00e0n v\u1ea1n kh\u1ee7ng ho\u1ea3ng tu\u1ed5i \u0111\u00f4i m\u01b0\u01a1i. \u0110\u00f3 l\u00e0 m\u00f9a h\u00e8 m\u00ecnh b\u1eaft chuy\u1ebfn bay s\u1edbm nh\u1ea5t c\u00f3 th\u1ec3 v\u00e0o ng\u00e0y 20 th\u00e1ng 3 \u0111\u1ec3 ch\u1ea1y kh\u1ecfi n\u01b0\u1edbc Anh \u0111ang b\u00f9ng d\u1ecbch, b\u1ecb k\u1eb9t l\u1ea1i s\u00e2n bay Bangkok trong 24 gi\u1edd \u0111\u1ed3ng h\u1ed3 v\u00ec chuy\u1ebfn bay qu\u00e1 c\u1ea3nh v\u1ec1 S\u00e0i G\u00f2n b\u1ecb hu\u1ef7<br \/>\n\u0110\u00f3 l\u00e0 m\u1ed7i \u0111\u00eam m\u00f9a h\u00e8 n\u1eb1m tr\u00ean gi\u01b0\u1eddng stress chuy\u1ec7n deadline lu\u1eadn v\u0103n, stress chuy\u1ec7n th\u1ea5t nghi\u1ec7p kh\u00f4ng ki\u1ebfm ra ti\u1ec1n, stress chuy\u1ec7n b\u1ecf l\u1ee1 c\u01a1 h\u1ed9i th\u1ef1c t\u1eadp gi\u00fap \u00edch cho s\u1ef1 nghi\u1ec7p c\u1ee7a m\u00ecnh, stress chuy\u1ec7n h\u1ecdc h\u00e0nh d\u1edf dang &#8211; kh\u00f4ng bi\u1ebft bao gi\u1edd m\u1edbi c\u00f3 th\u1ec3 quay l\u1ea1i Anh v\u00e0 ho\u00e0n th\u00e0nh t\u1ea5m b\u1eb1ng \u0111\u1ea1i h\u1ecdc, stress chuy\u1ec7n t\u1ed3n t\u1ea1i m\u1ed9t c\u00e1ch m\u01a1 h\u1ed3, kh\u00f4ng bi\u1ebft m\u00ecnh l\u00e0 ai.\u201d<\/p>\n<p>H\u00e0nh tinh c\u1ee7a m\u1ed9t k\u1ebb ngh\u0129 nhi\u1ec1u l\u00e0 h\u00e0nh tr\u00ecnh kh\u00e1m ph\u00e1 th\u1ebf gi\u1edbi n\u1ed9i t\u00e2m c\u1ee7a m\u1ed9t ng\u01b0\u1eddi tr\u1ebb. \u0110\u00f3 l\u00e0 m\u1ed9t h\u00e0nh tinh \u0111\u1ea7y h\u1ed7n lo\u1ea1n c\u1ee7a nh\u1eefng suy ngh\u0129 tr\u0103n tr\u1edf, nh\u1eefng d\u1eb1n v\u1eb7t, nh\u1eefng cu\u1ed9c chi\u1ebfn n\u1ed9i t\u00e2m, nh\u1eefng c\u1ea3m x\u00fac v\u1eeba ph\u1ee9c t\u1ea1p c\u0169ng v\u1eeba r\u1ea5t \u0111\u1ed7i con ng\u01b0\u1eddi. M\u1ed9t th\u1ebf gi\u1edbi quen thu\u1ed9c v\u1edbi t\u1ea5t c\u1ea3 ch\u00fang ta.<\/p>\n<p>Ch\u1ee9a \u0111\u1ef1ng nh\u1eefng l\u1eddi chia s\u1ebb v\u00e0 ki\u1ebfn th\u1ee9c t\u1eeb podcast c\u1ee7a Amateur Psychology &#8211; Tay m\u01a1 h\u1ecdc \u0111\u1eddi b\u1eb1ng T\u00e2m l\u00fd h\u1ecdc, t\u00e1c gi\u1ea3 s\u1ebd d\u1eabn l\u1ed1i v\u00e0 \u0111\u01b0a b\u1ea1n t\u1edbi t\u1eebng ng\u00f3c ng\u00e1ch th\u1ea7m k\u00edn nh\u1ea5t c\u1ee7a h\u00e0nh tinh \u1ea5y d\u01b0\u1edbi m\u1ed9t g\u00f3c nh\u00ecn chuy\u00ean s\u00e2u h\u01a1n.<\/p>\n<p>V\u00e0 n\u1ebfu b\u1ea1n c\u0169ng l\u00e0 m\u1ed9t k\u1ebb ngh\u0129 nhi\u1ec1u, ch\u00e0o m\u1eebng b\u1ea1n \u0111\u1ebfn v\u1edbi h\u00e0nh tinh n\u00e0y.<\/p>\n<p>\u201cS\u1ef1 c\u00f4 \u0111\u01a1n kh\u00f4ng n\u1eb1m \u1edf vi\u1ec7c kh\u00f4ng c\u00f3 b\u1ea1n b\u00e8 hay ng\u01b0\u1eddi th\u00e2n m\u00e0 ngay c\u1ea3 trong s\u1ef1 sum v\u1ea7y ta v\u1eabn c\u1ea3m th\u1ea5y kh\u00f4ng c\u00f3 ai c\u00f3 th\u1ec3 hi\u1ec3u m\u00ecnh t\u01b0\u1eddng t\u1eadn t\u1eeb s\u00e2u t\u00e2m h\u1ed3n. L\u00e0 s\u1ef1 c\u00f4 \u0111\u01a1n nh\u01b0 th\u1ec3 ch\u1ec9 c\u00f3 m\u1ed9t m\u00ecnh m\u00ecnh tr\u00ean m\u1ed9t h\u00e0nh tinh \u0111\u01a1n \u0111\u1ed9c trong \u0111\u1ea7u, m\u1ed9t h\u00e0nh tinh kh\u00f4ng bao gi\u1edd c\u00f3 kh\u00e1ch vi\u1ebfng th\u0103m\u201d.<\/p>\n","protected":false},"excerpt":{"rendered":"<p>\u201c\u0110\u00f3 l\u00e0 m\u00f9a h\u00e8 n\u0103m 2020, m\u00f9a h\u00e8 c\u1ee7a COVID-19 v\u00e0 m\u1ed9t ng\u00e0n v\u1ea1n kh\u1ee7ng ho\u1ea3ng tu\u1ed5i \u0111\u00f4i m\u01b0\u01a1i. \u0110\u00f3 l\u00e0 m\u00f9a h\u00e8 m\u00ecnh b\u1eaft chuy\u1ebfn bay s\u1edbm nh\u1ea5t c\u00f3 th\u1ec3 v\u00e0o ng\u00e0y 20 th\u00e1ng 3 \u0111\u1ec3 ch\u1ea1y kh\u1ecfi n\u01b0\u1edbc Anh \u0111ang b\u00f9ng d\u1ecbch, b\u1ecb k\u1eb9t l\u1ea1i s\u00e2n bay Bangkok trong 24 gi\u1edd \u0111\u1ed3ng h\u1ed3 v\u00ec chuy\u1ebfn bay qu\u00e1 c\u1ea3nh v\u1ec1 S\u00e0i G\u00f2n b\u1ecb hu\u1ef7<br \/>\n\u0110\u00f3 l\u00e0 m\u1ed7i \u0111\u00eam m\u00f9a h\u00e8 n\u1eb1m tr\u00ean gi\u01b0\u1eddng stress chuy\u1ec7n deadline lu\u1eadn v\u0103n, stress chuy\u1ec7n th\u1ea5t nghi\u1ec7p kh\u00f4ng ki\u1ebfm ra ti\u1ec1n, stress chuy\u1ec7n b\u1ecf l\u1ee1 c\u01a1 h\u1ed9i th\u1ef1c t\u1eadp gi\u00fap \u00edch cho s\u1ef1 nghi\u1ec7p c\u1ee7a m\u00ecnh, stress chuy\u1ec7n h\u1ecdc h\u00e0nh d\u1edf dang &#8211; kh\u00f4ng bi\u1ebft bao gi\u1edd m\u1edbi c\u00f3 th\u1ec3 quay l\u1ea1i Anh v\u00e0 ho\u00e0n th\u00e0nh t\u1ea5m b\u1eb1ng \u0111\u1ea1i h\u1ecdc, stress chuy\u1ec7n t\u1ed3n t\u1ea1i m\u1ed9t c\u00e1ch m\u01a1 h\u1ed3, kh\u00f4ng bi\u1ebft m\u00ecnh l\u00e0 ai.\u201d<\/p>\n<p>H\u00e0nh tinh c\u1ee7a m\u1ed9t k\u1ebb ngh\u0129 nhi\u1ec1u l\u00e0 h\u00e0nh tr\u00ecnh kh\u00e1m ph\u00e1 th\u1ebf gi\u1edbi n\u1ed9i t\u00e2m c\u1ee7a m\u1ed9t ng\u01b0\u1eddi tr\u1ebb. \u0110\u00f3 l\u00e0 m\u1ed9t h\u00e0nh tinh \u0111\u1ea7y h\u1ed7n lo\u1ea1n c\u1ee7a nh\u1eefng suy ngh\u0129 tr\u0103n tr\u1edf, nh\u1eefng d\u1eb1n v\u1eb7t, nh\u1eefng cu\u1ed9c chi\u1ebfn n\u1ed9i t\u00e2m, nh\u1eefng c\u1ea3m x\u00fac v\u1eeba ph\u1ee9c t\u1ea1p c\u0169ng v\u1eeba r\u1ea5t \u0111\u1ed7i con ng\u01b0\u1eddi. M\u1ed9t th\u1ebf gi\u1edbi quen thu\u1ed9c v\u1edbi t\u1ea5t c\u1ea3 ch\u00fang ta.<\/p>\n<p>Ch\u1ee9a \u0111\u1ef1ng nh\u1eefng l\u1eddi chia s\u1ebb v\u00e0 ki\u1ebfn th\u1ee9c t\u1eeb podcast c\u1ee7a Amateur Psychology &#8211; Tay m\u01a1 h\u1ecdc \u0111\u1eddi b\u1eb1ng T\u00e2m l\u00fd h\u1ecdc, t\u00e1c gi\u1ea3 s\u1ebd d\u1eabn l\u1ed1i v\u00e0 \u0111\u01b0a b\u1ea1n t\u1edbi t\u1eebng ng\u00f3c ng\u00e1ch th\u1ea7m k\u00edn nh\u1ea5t c\u1ee7a h\u00e0nh tinh \u1ea5y d\u01b0\u1edbi m\u1ed9t g\u00f3c nh\u00ecn chuy\u00ean s\u00e2u h\u01a1n.<\/p>\n<p>V\u00e0 n\u1ebfu b\u1ea1n c\u0169ng l\u00e0 m\u1ed9t k\u1ebb ngh\u0129 nhi\u1ec1u, ch\u00e0o m\u1eebng b\u1ea1n \u0111\u1ebfn v\u1edbi h\u00e0nh tinh n\u00e0y.<\/p>\n<p>\u201cS\u1ef1 c\u00f4 \u0111\u01a1n kh\u00f4ng n\u1eb1m \u1edf vi\u1ec7c kh\u00f4ng c\u00f3 b\u1ea1n b\u00e8 hay ng\u01b0\u1eddi th\u00e2n m\u00e0 ngay c\u1ea3 trong s\u1ef1 sum v\u1ea7y ta v\u1eabn c\u1ea3m th\u1ea5y kh\u00f4ng c\u00f3 ai c\u00f3 th\u1ec3 hi\u1ec3u m\u00ecnh t\u01b0\u1eddng t\u1eadn t\u1eeb s\u00e2u t\u00e2m h\u1ed3n. L\u00e0 s\u1ef1 c\u00f4 \u0111\u01a1n nh\u01b0 th\u1ec3 ch\u1ec9 c\u00f3 m\u1ed9t m\u00ecnh m\u00ecnh tr\u00ean m\u1ed9t h\u00e0nh tinh \u0111\u01a1n \u0111\u1ed9c trong \u0111\u1ea7u, m\u1ed9t h\u00e0nh tinh kh\u00f4ng bao gi\u1edd c\u00f3 kh\u00e1ch vi\u1ebfng th\u0103m\u201d.<\/p>\n","protected":false},"featured_media":22507,"template":"","meta":{"_acf_changed":false},"product_brand":[],"product_cat":[15,47],"product_tag":[83],"class_list":{"0":"post-22509","1":"product","2":"type-product","3":"status-publish","4":"has-post-thumbnail","6":"product_cat-sach-danh-cho-nguoi-lon","7":"product_cat-truyen-ngan-tan-van","8":"product_tag-sach-moi-xuat-ban","10":"first","11":"outofstock","12":"taxable","13":"shipping-taxable","14":"purchasable","15":"product-type-simple"},"supplier_id":null,"supplier_sku":"","barcode":null,"atum_controlled":true,"out_stock_date":"2023-06-06 11:03:52","out_stock_threshold":null,"inheritable":false,"inbound_stock":0,"stock_on_hold":0,"sold_today":0,"sales_last_days":0,"reserved_stock":0,"customer_returns":0,"warehouse_damage":0,"lost_in_post":0,"other_logs":0,"out_stock_days":967,"lost_sales":0,"has_location":false,"update_date":"2026-01-28T23:11:10","atum_locations":[],"atum_stock_status":"outofstock","restock_status":false,"low_stock_amount":"","sales_update_date":"2026-01-28T23:11:10","calc_backorders":null,"acf":{"publisher":{"ID":1456,"post_author":"1","post_date":"2021-02-17 01:12:21","post_date_gmt":"2021-02-16 23:12:21","post_content":"<!-- wp:flatsome\/uxbuilder -->\n<h1 style=\"text-align: center;\"><strong>Bloom Books<\/strong><\/h1>\n[row]\n\n[col span=\"2\" span__sm=\"12\"]\n\n[ux_image id=\"1691\" image_size=\"medium\"]\n\n\n[\/col]\n[col span=\"10\" span__sm=\"12\"]\n\n<p>Bloom Books - Th\u01b0\u01a1ng hi\u1ec7u s\u00e1ch Truy\u1ec1n c\u1ea3m h\u1ee9ng \u0111\u1ea7u ti\u00ean d\u00e0nh cho gi\u1edbi tr\u1ebb Vi\u1ec7t, \u0111\u01b0\u1ee3c th\u00e0nh l\u1eadp t\u1eeb th\u00e1ng 5\/2015.<br \/>\"Khi ngh\u0129 \u0111\u1ebfn m\u1ed9t t\u1eeb \u0111\u1ec3 \u0111\u1eb7t t\u00ean cho th\u01b0\u01a1ng hi\u1ec7u, t\u00f4i \u0111\u00e3 r\u1ea5t ph\u00e2n v\u00e2n. T\u00f4i mu\u1ed1n n\u00f3 l\u00e0 m\u1ed9t \u0111i\u1ec1u g\u00ec \u0111\u00f3 xinh \u0111\u1eb9p, nh\u01b0 m\u1ed9t \u0111\u00f3a hoa, nh\u01b0 m\u00f9a xu\u00e2n v\u00e0 tr\u00e0n \u0111\u1ea7y c\u1ea3m h\u1ee9ng.<br \/>C\u00e1i t\u00ean Bloom Books ra \u0111\u1eddi gi\u1ea3n \u0111\u01a1n nh\u01b0 th\u1ebf. Bloom - l\u00e0 m\u1ed9t \u0111\u00f3a hoa \u0111ang n\u1edf r\u1ed9, v\u00e0 c\u0169ng nh\u01b0 m\u1ed9t n\u1ee5 c\u01b0\u1eddi. T\u00f4i th\u1eadt mong nh\u1eefng cu\u1ed1n s\u00e1ch c\u1ee7a Bloom Books s\u1ebd m\u00e3i mang \u0111\u1ebfn ni\u1ec1m vui, s\u1ef1 t\u01b0\u01a1i m\u1edbi v\u00e0 h\u1ee9ng kh\u1edfi D\u00c1M \u0111\u1ed5i thay cho b\u1ea5t c\u1ee9 ai \u0111\u1ecdc n\u00f3.\"<\/p>\n\n[\/col]\n\n[\/row]\n\n<!-- \/wp:flatsome\/uxbuilder -->","post_title":"Bloom Books","post_excerpt":"","post_status":"publish","comment_status":"closed","ping_status":"closed","post_password":"","post_name":"bloom-books","to_ping":"","pinged":"","post_modified":"2021-02-17 01:42:43","post_modified_gmt":"2021-02-16 23:42:43","post_content_filtered":"","post_parent":0,"guid":"https:\/\/sachviet.eu\/nha-phat-hanh\/bloom-books\/","menu_order":0,"post_type":"publisher","post_mime_type":"","comment_count":"0","filter":"raw"}},"_links":{"self":[{"href":"https:\/\/sachviet.eu\/en\/wp-json\/wp\/v2\/product\/22509","targetHints":{"allow":["GET"]}}],"collection":[{"href":"https:\/\/sachviet.eu\/en\/wp-json\/wp\/v2\/product"}],"about":[{"href":"https:\/\/sachviet.eu\/en\/wp-json\/wp\/v2\/types\/product"}],"wp:featuredmedia":[{"embeddable":true,"href":"https:\/\/sachviet.eu\/en\/wp-json\/wp\/v2\/media\/22507"}],"wp:attachment":[{"href":"https:\/\/sachviet.eu\/en\/wp-json\/wp\/v2\/media?parent=22509"}],"wp:term":[{"taxonomy":"product_brand","embeddable":true,"href":"https:\/\/sachviet.eu\/en\/wp-json\/wp\/v2\/product_brand?post=22509"},{"taxonomy":"product_cat","embeddable":true,"href":"https:\/\/sachviet.eu\/en\/wp-json\/wp\/v2\/product_cat?post=22509"},{"taxonomy":"product_tag","embeddable":true,"href":"https:\/\/sachviet.eu\/en\/wp-json\/wp\/v2\/product_tag?post=22509"}],"curies":[{"name":"wp","href":"https:\/\/api.w.org\/{rel}","templated":true}]}}