{"id":22506,"date":"2023-01-21T21:40:42","date_gmt":"2023-01-21T19:40:42","guid":{"rendered":"https:\/\/sachviet.eu\/shop\/sach-ky-nang-bo-3-cuon-ban-rong-hoc-cach-ung-xu-den-choi-nha-den-truong-choi-cung-em-be\/"},"modified":"2024-10-21T11:12:43","modified_gmt":"2024-10-21T08:12:43","slug":"sach-ky-nang-bo-3-cuon-ban-rong-hoc-cach-ung-xu-den-choi-nha-den-truong-choi-cung-em-be","status":"publish","type":"product","link":"https:\/\/sachviet.eu\/en\/shop\/sach-ky-nang-bo-3-cuon-ban-rong-hoc-cach-ung-xu-den-choi-nha-den-truong-choi-cung-em-be\/","title":{"rendered":"S\u00e1ch k\u1ef9 n\u0103ng &#8211; B\u1ed9 3 Cu\u1ed1n B\u1ea1n R\u1ed3ng H\u1ecdc C\u00e1ch \u1ee8ng X\u1eed (\u0111\u1ebfn ch\u01a1i nh\u00e0, \u0111\u1ebfn tr\u01b0\u1eddng, ch\u01a1i c\u00f9ng em b\u00e9)"},"content":{"rendered":"<p>Caryl Hard l\u00e0 m\u1ed9t nh\u00e0 v\u0103n vi\u1ebft truy\u1ec7n thi\u1ebfu nhi, b\u00e0 \u0111\u00e3 nh\u1eadn \u0111\u01b0\u1ee3c nhi\u1ec1u \u0111\u1ec1 c\u1eed v\u00e0 \u0111\u1ea1t \u0111\u01b0\u1ee3c nhi\u1ec1u gi\u1ea3i th\u01b0\u1edfng nh\u01b0 gi\u1ea3i Magnolia Award, Geoffrey Trease Prize\u2026 B\u00e0 b\u1eaft \u0111\u1ea7u s\u1ef1 nghi\u1ec7p vi\u1ebft v\u0103n mu\u1ed9n, sau khi c\u00f3 con g\u00e1i \u0111\u1ea7u l\u00f2ng v\u00e0o n\u0103m 32 tu\u1ed5i. T\u1eeb \u0111\u00f3 \u0111\u1ebfn nay b\u00e0 \u0111\u00e3 vi\u1ebft \u0111\u01b0\u1ee3c h\u01a1n 50 t\u00e1c ph\u1ea9m.<\/p>\n<p>Sau khi Caryl Hard vi\u1ebft cu\u1ed1n \u0111\u1ea7u ti\u00ean \u201cKhi b\u1ea1n R\u1ed3ng \u0111\u1ebfn ch\u01a1i nh\u00e0\u201d, cu\u1ed1n s\u00e1ch \u0111\u01b0\u1ee3c \u0111\u00f3n nh\u1eadn n\u1ed3ng nhi\u1ec7t \u0111\u1ebfn m\u1ee9c Nh\u00e0 xu\u1ea5t b\u1ea3n Nosy Crow \u0111\u00e3 \u0111\u1ec1 ngh\u1ecb b\u00e0 vi\u1ebft cu\u1ed1n ti\u1ebfp theo: \u201cKhi b\u1ea1n R\u1ed3ng \u0111\u1ebfn tr\u01b0\u1eddng\u201d; v\u00e0 sau \u0111\u00f3 l\u00e0 \u201cKhi b\u1ea1n R\u1ed3ng ch\u01a1i c\u00f9ng em b\u00e9\u201d.<\/p>\n<p>C\u1ea3 ba cu\u1ed1n s\u00e1ch \u0111\u1ec1u k\u1ec3 v\u1ec1 nh\u1eefng tr\u1ea3i nghi\u1ec7m m\u1edbi, nh\u1eefng b\u1ee1 ng\u1ee1 c\u1ee7a b\u1ea1n R\u1ed3ng nh\u1ecf khi ph\u1ea3i th\u00edch nghi v\u1edbi ho\u00e0n c\u1ea3nh m\u1edbi: ng\u00e0y \u0111\u1ea7u \u0111i h\u1ecdc, \u0111\u1ebfn ch\u01a1i nh\u00e0 b\u1ea1n, tr\u1edf th\u00e0nh anh ch\u1ecb l\u1edbn\u2026 \u2013 \u0111\u00e2y l\u00e0 c\u00e1c t\u00ecnh hu\u1ed1ng quen thu\u1ed9c m\u00e0 ch\u00ednh c\u00e1c b\u00e9 s\u1ebd c\u00f3 l\u00fac ph\u1ea3i tr\u1ea3i qua. Qua h\u00ecnh t\u01b0\u1ee3ng b\u1ea1n R\u1ed3ng ng\u1ed9 ngh\u0129nh v\u00e0 nh\u1eefng l\u1eddi k\u1ec3 d\u1ec5 th\u01b0\u01a1ng, t\u00e1c gi\u1ea3 \u0111\u00e3 kh\u00e9o l\u00e9o d\u1ea1y c\u00e1c em nh\u1ecf nh\u1eefng b\u00e0i h\u1ecdc v\u1ec1 c\u00e1ch \u1ee9ng x\u1eed, ph\u00e9p l\u1ecbch s\u1ef1, k\u1ebft giao b\u1ea1n b\u00e8, h\u1ecdc th\u00f3i ki\u00ean nh\u1eabn c\u0169ng nh\u01b0 nh\u01b0\u1eddng nh\u1ecbn, s\u1ebb chia\u2026B\u1ed9 s\u00e1ch c\u0169ng s\u1ebd gi\u00fap b\u1ed1 m\u1eb9 hi\u1ec3u t\u00e2m l\u00fd tr\u1ebb h\u01a1n \u0111\u1ec3 bi\u1ebft c\u00e1ch gi\u00fap c\u00e1c em v\u01b0\u1ee3t qua kho\u1ea3ng th\u1eddi gian kh\u00f3 kh\u0103n khi c\u1ea7n ti\u1ebfp nh\u1eadn ho\u00e0n c\u1ea3nh m\u1edbi, tr\u1ea3i nghi\u1ec7m m\u1edbi. Gi\u00fap c\u00e1c em lu\u00f4n th\u1ea5y vui v\u1ebb v\u00e0 an t\u00e2m.<\/p>\n<p>+ Th\u00eam m\u1ed9t \u0111i\u1ec3m c\u1ed9ng n\u1eefa, cu\u1ed1n s\u00e1ch \u0111\u01b0\u1ee3c minh h\u1ecda b\u1eb1ng nh\u1eefng b\u1ee9c tranh ng\u1ed9 ngh\u0129nh, \u0111\u1ea7y m\u00e0u s\u1eafc, nh\u1eefng nh\u00e2n v\u1eadt s\u1ed1ng \u0111\u1ed9ng c\u1ee7a Rosalind Beardshaw \u2013 m\u1ed9t h\u1ecda s\u0129 \u0111\u00e3 minh h\u1ecda cho r\u1ea5t nhi\u1ec1u c\u00e1c t\u00e1c ph\u1ea9m v\u0103n h\u1ecdc thi\u1ebfu nhi kh\u00e1c.<\/p>\n<p>+ S\u1eed d\u1ee5ng nh\u1eefng c\u00e2u chuy\u1ec7n \u0111\u01a1n gi\u1ea3n, g\u1ea7n g\u0169i, k\u1ebft h\u1ee3p v\u1edbi nh\u1eefng h\u00ecnh \u1ea3nh minh h\u1ecda tr\u1ef1c quan \u0111\u1ec3 d\u1ea1y tr\u1ebb l\u00e0 m\u1ed9t ph\u01b0\u01a1ng ph\u00e1p gi\u00e1o d\u1ee5c d\u1ec5 ti\u1ebfp thu, v\u1eeba nh\u1eb9 nh\u00e0ng v\u1eeba hi\u1ec7u qu\u1ea3. B\u1ed9 ba cu\u1ed1n s\u00e1ch n\u00e0y x\u1ee9ng \u0111\u00e1ng c\u00f3 m\u1ed9t v\u1ecb tr\u00ed tr\u00ean t\u1ee7 s\u00e1ch \u0111\u1ea7u \u0111\u1eddi c\u1ee7a c\u00e1c b\u00e9.<\/p>\n","protected":false},"excerpt":{"rendered":"<p>Nh\u1eefng n\u0103m th\u00e1ng \u0111\u1ea7u \u0111\u1eddi, tr\u1ebb \u0111ang trong giai \u0111o\u1ea1n h\u1ecdc h\u1ecfi v\u00e0 ti\u1ebfp nh\u1eadn th\u1ebf gi\u1edbi; \u0111\u1ed3ng th\u1eddi l\u1ea1i ch\u01b0a ho\u00e0n to\u00e0n h\u1ecdc \u0111\u01b0\u1ee3c t\u00ednh k\u1ef7 lu\u1eadt v\u00e0 bi\u1ebft c\u00e1ch ki\u1ec3m so\u00e1t c\u1ea3m x\u00fac. V\u00ec v\u1eady, d\u1ea1y \u1ee9ng x\u1eed cho tr\u1ebb l\u00e0 m\u1ed9t vi\u1ec7c kh\u00f3 kh\u0103n, \u0111\u1ed3ng th\u1eddi l\u00e0 vi\u1ec7c c\u1ea7n thi\u1ebft ph\u1ea3i th\u1ef1c hi\u1ec7n ngay t\u1eeb giai \u0111o\u1ea1n n\u00e0y, khi tr\u1ebb c\u00f2n l\u00e0 m\u1ed9t m\u1ea7m non d\u1ec5 u\u1ed1n. Nh\u01b0ng d\u1ea1y nh\u01b0 th\u1ebf n\u00e0o \u0111\u1ec3 t\u00e2m tr\u00ed non n\u1edbt v\u00e0 \u0111\u1ea7y s\u00e1ng t\u1ea1o c\u1ee7a tr\u1ebb ch\u1ecbu ti\u1ebfp thu c\u0169ng l\u00e0 m\u1ed9t c\u00e2u h\u1ecfi kh\u00f3. C\u00e2u tr\u1ea3 l\u1eddi n\u1eb1m \u1edf ch\u00ednh trong series v\u1ec1 B\u1ea1n R\u1ed3ng nh\u1ecf n\u00e0y c\u1ee7a Caryl Hard.<\/p>\n<p>B\u1ed9 g\u1ed3m 3 cu\u1ed1n:<br \/>\n&#8211; Khi b\u1ea1n R\u1ed3ng \u0111\u1ebfn tr\u01b0\u1eddng<br \/>\n&#8211; Khi b\u1ea1n R\u1ed3ng ch\u01a1i c\u00f9ng em b\u00e9<br \/>\n&#8211; Khi b\u1ea1n R\u1ed3ng \u0111\u1ebfn ch\u01a1i nh\u00e0<\/p>\n","protected":false},"featured_media":22505,"template":"","meta":{"_acf_changed":false},"product_brand":[],"product_cat":[24,25,17],"product_tag":[83],"class_list":{"0":"post-22506","1":"product","2":"type-product","3":"status-publish","4":"has-post-thumbnail","6":"product_cat-nha-tre-mau-giao-0-tuoi-6-tuoi","7":"product_cat-nhi-dong-6-tuoi-12-tuoi","8":"product_cat-sach-danh-cho-cac-be","9":"product_tag-sach-moi-xuat-ban","11":"first","12":"instock","13":"taxable","14":"shipping-taxable","15":"purchasable","16":"product-type-simple"},"supplier_id":null,"supplier_sku":"","barcode":null,"atum_controlled":true,"out_stock_date":null,"out_stock_threshold":null,"inheritable":false,"inbound_stock":0,"stock_on_hold":0,"sold_today":0,"sales_last_days":0,"reserved_stock":0,"customer_returns":0,"warehouse_damage":0,"lost_in_post":0,"other_logs":0,"out_stock_days":0,"lost_sales":0,"has_location":false,"update_date":"2026-01-28T23:11:26","atum_locations":[],"atum_stock_status":"instock","restock_status":false,"low_stock_amount":"","sales_update_date":"2026-01-28T23:11:26","calc_backorders":null,"acf":{"publisher":{"ID":22504,"post_author":"1","post_date":"2023-01-21 21:40:33","post_date_gmt":"2023-01-21 19:40:33","post_content":"","post_title":"TN BOOKS","post_excerpt":"","post_status":"publish","comment_status":"closed","ping_status":"closed","post_password":"","post_name":"tn-books","to_ping":"","pinged":"","post_modified":"2023-01-21 21:40:33","post_modified_gmt":"2023-01-21 19:40:33","post_content_filtered":"","post_parent":0,"guid":"https:\/\/sachviet.eu\/nha-phat-hanh\/tn-books\/","menu_order":0,"post_type":"publisher","post_mime_type":"","comment_count":"0","filter":"raw"}},"_links":{"self":[{"href":"https:\/\/sachviet.eu\/en\/wp-json\/wp\/v2\/product\/22506","targetHints":{"allow":["GET"]}}],"collection":[{"href":"https:\/\/sachviet.eu\/en\/wp-json\/wp\/v2\/product"}],"about":[{"href":"https:\/\/sachviet.eu\/en\/wp-json\/wp\/v2\/types\/product"}],"wp:featuredmedia":[{"embeddable":true,"href":"https:\/\/sachviet.eu\/en\/wp-json\/wp\/v2\/media\/22505"}],"wp:attachment":[{"href":"https:\/\/sachviet.eu\/en\/wp-json\/wp\/v2\/media?parent=22506"}],"wp:term":[{"taxonomy":"product_brand","embeddable":true,"href":"https:\/\/sachviet.eu\/en\/wp-json\/wp\/v2\/product_brand?post=22506"},{"taxonomy":"product_cat","embeddable":true,"href":"https:\/\/sachviet.eu\/en\/wp-json\/wp\/v2\/product_cat?post=22506"},{"taxonomy":"product_tag","embeddable":true,"href":"https:\/\/sachviet.eu\/en\/wp-json\/wp\/v2\/product_tag?post=22506"}],"curies":[{"name":"wp","href":"https:\/\/api.w.org\/{rel}","templated":true}]}}