{"id":22501,"date":"2023-01-21T21:40:20","date_gmt":"2023-01-21T19:40:20","guid":{"rendered":"https:\/\/sachviet.eu\/shop\/nhat-ki-dau-doi-cung-hoang-tu-be\/"},"modified":"2023-02-05T18:36:19","modified_gmt":"2023-02-05T16:36:19","slug":"nhat-ki-dau-doi-cung-hoang-tu-be","status":"publish","type":"product","link":"https:\/\/sachviet.eu\/en\/shop\/nhat-ki-dau-doi-cung-hoang-tu-be\/","title":{"rendered":"Nh\u1eadt K\u00ed \u0110\u1ea7u \u0110\u1eddi C\u00f9ng Ho\u00e0ng T\u1eed B\u00e9"},"content":{"rendered":"<p>Nh\u1eadt K\u00ed \u0110\u1ea7u \u0110\u1eddi C\u1ee7a Ho\u00e0ng T\u1eed B\u00e9<\/p>\n<p>\u0110\u00e2y l\u00e0 cu\u1ed1n nh\u1eadt k\u00ed d\u1ec5 th\u01b0\u01a1ng ghi l\u1ea1i nh\u1eefng k\u1ec9 ni\u1ec7m \u0111\u1ea7u \u0111\u1eddi c\u1ee7a b\u00e9, b\u1edfi &#8220;C\u00e1c k\u1ec9 ni\u1ec7m c\u1ee7a em th\u1eadt l\u00e0 \u0111\u1eb9p&#8221; &#8211;  Antoine de Saint-Exup\u00e9ry.<\/p>\n<p>Trong cu\u1ed1n s\u1ed5 c\u00f2n c\u00f3:<\/p>\n<p>&#8211; Bao th\u01b0 \u0111\u1ec3 c\u1ea5t gi\u1eef nh\u1eefng k\u1ec9 ni\u1ec7m c\u1ee7a b\u00e9<\/p>\n<p>&#8211; 40 t\u1ea5m thi\u1ec7p \u0111\u1ec3 b\u00e9 g\u1eedi cho nh\u1eefng ng\u01b0\u1eddi th\u00e2n y\u00eau<\/p>\n<p>&#8211; Nhi\u1ec1u h\u00ecnh d\u00e1n \u0111\u1eb7c tr\u01b0ng c\u1ee7a Ho\u00e0ng t\u1eed b\u00e9.<\/p>\n","protected":false},"excerpt":{"rendered":"<p>Nh\u1eadt K\u00ed \u0110\u1ea7u \u0110\u1eddi C\u1ee7a Ho\u00e0ng T\u1eed B\u00e9<\/p>\n<p>\u0110\u00e2y l\u00e0 cu\u1ed1n nh\u1eadt k\u00ed d\u1ec5 th\u01b0\u01a1ng ghi l\u1ea1i nh\u1eefng k\u1ec9 ni\u1ec7m \u0111\u1ea7u \u0111\u1eddi c\u1ee7a b\u00e9, b\u1edfi &#8220;C\u00e1c k\u1ec9 ni\u1ec7m c\u1ee7a em th\u1eadt l\u00e0 \u0111\u1eb9p&#8221; &#8211;  Antoine de Saint-Exup\u00e9ry.<\/p>\n<p>Trong cu\u1ed1n s\u1ed5 c\u00f2n c\u00f3:<\/p>\n<p>&#8211; Bao th\u01b0 \u0111\u1ec3 c\u1ea5t gi\u1eef nh\u1eefng k\u1ec9 ni\u1ec7m c\u1ee7a b\u00e9<\/p>\n<p>&#8211; 40 t\u1ea5m thi\u1ec7p \u0111\u1ec3 b\u00e9 g\u1eedi cho nh\u1eefng ng\u01b0\u1eddi th\u00e2n y\u00eau<\/p>\n<p>&#8211; Nhi\u1ec1u h\u00ecnh d\u00e1n \u0111\u1eb7c tr\u01b0ng c\u1ee7a Ho\u00e0ng t\u1eed b\u00e9.<\/p>\n","protected":false},"featured_media":22500,"template":"","meta":{"_acf_changed":false},"product_brand":[],"product_cat":[70],"product_tag":[83],"class_list":{"0":"post-22501","1":"product","2":"type-product","3":"status-publish","4":"has-post-thumbnail","6":"product_cat-qua-tang","7":"product_tag-sach-moi-xuat-ban","9":"first","10":"outofstock","11":"taxable","12":"shipping-taxable","13":"purchasable","14":"product-type-simple"},"supplier_id":null,"supplier_sku":"","barcode":null,"atum_controlled":true,"out_stock_date":"2023-02-05 16:36:19","out_stock_threshold":null,"inheritable":false,"inbound_stock":0,"stock_on_hold":0,"sold_today":0,"sales_last_days":0,"reserved_stock":0,"customer_returns":0,"warehouse_damage":0,"lost_in_post":0,"other_logs":0,"out_stock_days":1088,"lost_sales":0,"has_location":false,"update_date":"2026-01-28T23:11:09","atum_locations":[],"atum_stock_status":"outofstock","restock_status":false,"low_stock_amount":"","sales_update_date":"2026-01-28T23:11:09","calc_backorders":null,"acf":{"publisher":{"ID":1544,"post_author":"1","post_date":"2021-02-17 01:24:05","post_date_gmt":"2021-02-16 23:24:05","post_content":"","post_title":"\u0110\u00f4ng A","post_excerpt":"","post_status":"publish","comment_status":"closed","ping_status":"closed","post_password":"","post_name":"dong-a","to_ping":"","pinged":"","post_modified":"2021-02-17 01:24:05","post_modified_gmt":"2021-02-16 23:24:05","post_content_filtered":"","post_parent":0,"guid":"https:\/\/sachviet.eu\/nha-phat-hanh\/dong-a\/","menu_order":0,"post_type":"publisher","post_mime_type":"","comment_count":"0","filter":"raw"}},"_links":{"self":[{"href":"https:\/\/sachviet.eu\/en\/wp-json\/wp\/v2\/product\/22501","targetHints":{"allow":["GET"]}}],"collection":[{"href":"https:\/\/sachviet.eu\/en\/wp-json\/wp\/v2\/product"}],"about":[{"href":"https:\/\/sachviet.eu\/en\/wp-json\/wp\/v2\/types\/product"}],"wp:featuredmedia":[{"embeddable":true,"href":"https:\/\/sachviet.eu\/en\/wp-json\/wp\/v2\/media\/22500"}],"wp:attachment":[{"href":"https:\/\/sachviet.eu\/en\/wp-json\/wp\/v2\/media?parent=22501"}],"wp:term":[{"taxonomy":"product_brand","embeddable":true,"href":"https:\/\/sachviet.eu\/en\/wp-json\/wp\/v2\/product_brand?post=22501"},{"taxonomy":"product_cat","embeddable":true,"href":"https:\/\/sachviet.eu\/en\/wp-json\/wp\/v2\/product_cat?post=22501"},{"taxonomy":"product_tag","embeddable":true,"href":"https:\/\/sachviet.eu\/en\/wp-json\/wp\/v2\/product_tag?post=22501"}],"curies":[{"name":"wp","href":"https:\/\/api.w.org\/{rel}","templated":true}]}}