{"id":22499,"date":"2023-01-21T21:40:13","date_gmt":"2023-01-21T19:40:13","guid":{"rendered":"https:\/\/sachviet.eu\/shop\/but-sap-mau-den-bo-3-cuon\/"},"modified":"2023-05-05T21:16:48","modified_gmt":"2023-05-05T18:16:48","slug":"but-sap-mau-den-bo-3-cuon","status":"publish","type":"product","link":"https:\/\/sachviet.eu\/en\/shop\/but-sap-mau-den-bo-3-cuon\/","title":{"rendered":"B\u00fat S\u00e1p M\u00e0u \u0110en (B\u1ed9 3 cu\u1ed1n)"},"content":{"rendered":"<p>B\u1ed9 Ehon Nh\u1eadt B\u1ea3n &#8220;B\u00fat s\u00e1p m\u00e0u \u0111en&#8221; g\u1ed3m 3 t\u1eadp:<br \/>\n\ufe0fT\u1eadp 1: B\u00fat s\u00e1p m\u00e0u \u0111en<\/p>\n<p>\ufe0f\ufe0f T\u1eadp 2: B\u00fat s\u00e1p m\u00e0u \u0111en &#8211; Nh\u1eefng ng\u01b0\u1eddi b\u1ea1n k\u00ec l\u1ea1<\/p>\n<p>\ufe0f\ufe0f\ufe0f T\u1eadp 3: B\u00fat s\u00e1p m\u00e0u \u0111en &#8211; Con ma b\u00ed \u1ea9n<\/p>\n<p>C\u00e2u chuy\u1ec7n v\u1ec1 nh\u1eefng c\u00e2y s\u00e1p m\u00e0u m\u00e0 nh\u00e2n v\u1eadt ch\u00ednh l\u00e0 b\u00fat s\u00e1p m\u00e0u \u0111en &#8211; c\u00e2y s\u00e1p m\u00e0u kh\u00e1c bi\u1ec7t v\u1edbi t\u1ea5t c\u1ea3 m\u00e0u s\u1eafc c\u00f2n l\u1ea1i \u0111\u00e3 c\u00f3 nh\u1eefng h\u00e0nh tr\u00ecnh th\u00fa v\u1ecb \u0111\u1ec3 t\u00ecm ra nh\u1eefng \u0111i\u1ec1u \u00fd ngh\u0129a trong cu\u1ed9c s\u1ed1ng. V\u1edbi b\u1ed9 s\u00e1ch n\u00e0y c\u00e1c b\u00e9 s\u1ebd \u0111\u01b0\u1ee3c h\u1ecdc m\u00e0u s\u1eafc, v\u1ebd c\u1ecf c\u00e2y hoa l\u00e1, v\u00e0 quan tr\u1ecdng h\u01a1n h\u1ebft l\u00e0 b\u00e0i h\u1ecdc s\u1ebb chia, tinh th\u1ea7n \u0111o\u00e0n k\u1ebft, s\u1ef1 g\u1eafn k\u1ebft gia \u0111\u00ecnh v\u00e0 r\u1ea5t nhi\u1ec1u gi\u00e1 tr\u1ecb nh\u00e2n v\u0103n \u0111\u01b0\u1ee3c th\u1ec3 hi\u1ec7n trong t\u00e1c ph\u1ea9m c\u1ee7a Miwa Nakaya.<br \/>\nB\u1eb1ng tranh minh h\u1ecda sinh \u0111\u1ed9ng, m\u00e0u s\u1eafc t\u01b0\u01a1i s\u00e1ng v\u00e0 t\u1ef1 nhi\u00ean, t\u00e1c gi\u1ea3 \u0111\u00e3 mang s\u1ee9c s\u1ed1ng \u0111\u1ebfn cho nh\u1eefng c\u00e2y s\u00e1p m\u00e0u, hay n\u00f3i c\u00e1ch kh\u00e1c t\u00e1c gi\u1ea3 \u0111\u00e3 th\u1ec3 hi\u1ec7n l\u1ea1i nh\u1eefng g\u00ec m\u00e0 c\u00e1c em nh\u1ecf t\u01b0\u1edfng t\u01b0\u1ee3ng v\u1ec1 nh\u1eefng m\u00f3n \u0111\u1ed3 ch\u01a1i xung quanh m\u00ecnh.<\/p>\n","protected":false},"excerpt":{"rendered":"<p>B\u1ed9 Ehon Nh\u1eadt B\u1ea3n &#8220;B\u00fat s\u00e1p m\u00e0u \u0111en&#8221; g\u1ed3m 3 t\u1eadp:<br \/>\n\ufe0fT\u1eadp 1: B\u00fat s\u00e1p m\u00e0u \u0111en<\/p>\n<p>\ufe0f\ufe0f T\u1eadp 2: B\u00fat s\u00e1p m\u00e0u \u0111en &#8211; Nh\u1eefng ng\u01b0\u1eddi b\u1ea1n k\u00ec l\u1ea1<\/p>\n<p>\ufe0f\ufe0f\ufe0f T\u1eadp 3: B\u00fat s\u00e1p m\u00e0u \u0111en &#8211; Con ma b\u00ed \u1ea9n<\/p>\n<p>C\u00e2u chuy\u1ec7n v\u1ec1 nh\u1eefng c\u00e2y s\u00e1p m\u00e0u m\u00e0 nh\u00e2n v\u1eadt ch\u00ednh l\u00e0 b\u00fat s\u00e1p m\u00e0u \u0111en &#8211; c\u00e2y s\u00e1p m\u00e0u kh\u00e1c bi\u1ec7t v\u1edbi t\u1ea5t c\u1ea3 m\u00e0u s\u1eafc c\u00f2n l\u1ea1i \u0111\u00e3 c\u00f3 nh\u1eefng h\u00e0nh tr\u00ecnh th\u00fa v\u1ecb \u0111\u1ec3 t\u00ecm ra nh\u1eefng \u0111i\u1ec1u \u00fd ngh\u0129a trong cu\u1ed9c s\u1ed1ng. V\u1edbi b\u1ed9 s\u00e1ch n\u00e0y c\u00e1c b\u00e9 s\u1ebd \u0111\u01b0\u1ee3c h\u1ecdc m\u00e0u s\u1eafc, v\u1ebd c\u1ecf c\u00e2y hoa l\u00e1, v\u00e0 quan tr\u1ecdng h\u01a1n h\u1ebft l\u00e0 b\u00e0i h\u1ecdc s\u1ebb chia, tinh th\u1ea7n \u0111o\u00e0n k\u1ebft, s\u1ef1 g\u1eafn k\u1ebft gia \u0111\u00ecnh v\u00e0 r\u1ea5t nhi\u1ec1u gi\u00e1 tr\u1ecb nh\u00e2n v\u0103n \u0111\u01b0\u1ee3c th\u1ec3 hi\u1ec7n trong t\u00e1c ph\u1ea9m c\u1ee7a Miwa Nakaya.<br \/>\nB\u1eb1ng tranh minh h\u1ecda sinh \u0111\u1ed9ng, m\u00e0u s\u1eafc t\u01b0\u01a1i s\u00e1ng v\u00e0 t\u1ef1 nhi\u00ean, t\u00e1c gi\u1ea3 \u0111\u00e3 mang s\u1ee9c s\u1ed1ng \u0111\u1ebfn cho nh\u1eefng c\u00e2y s\u00e1p m\u00e0u, hay n\u00f3i c\u00e1ch kh\u00e1c t\u00e1c gi\u1ea3 \u0111\u00e3 th\u1ec3 hi\u1ec7n l\u1ea1i nh\u1eefng g\u00ec m\u00e0 c\u00e1c em nh\u1ecf t\u01b0\u1edfng t\u01b0\u1ee3ng v\u1ec1 nh\u1eefng m\u00f3n \u0111\u1ed3 ch\u01a1i xung quanh m\u00ecnh.<\/p>\n","protected":false},"featured_media":22498,"template":"","meta":{"_acf_changed":false},"product_brand":[],"product_cat":[24,25,17],"product_tag":[83],"class_list":{"0":"post-22499","1":"product","2":"type-product","3":"status-publish","4":"has-post-thumbnail","6":"product_cat-nha-tre-mau-giao-0-tuoi-6-tuoi","7":"product_cat-nhi-dong-6-tuoi-12-tuoi","8":"product_cat-sach-danh-cho-cac-be","9":"product_tag-sach-moi-xuat-ban","11":"first","12":"outofstock","13":"taxable","14":"shipping-taxable","15":"purchasable","16":"product-type-simple"},"supplier_id":null,"supplier_sku":"","barcode":null,"atum_controlled":true,"out_stock_date":"2023-05-05 18:16:48","out_stock_threshold":null,"inheritable":false,"inbound_stock":0,"stock_on_hold":0,"sold_today":0,"sales_last_days":0,"reserved_stock":0,"customer_returns":0,"warehouse_damage":0,"lost_in_post":0,"other_logs":0,"out_stock_days":999,"lost_sales":0,"has_location":false,"update_date":"2026-01-28T23:11:09","atum_locations":[],"atum_stock_status":"outofstock","restock_status":false,"low_stock_amount":"","sales_update_date":"2026-01-28T23:11:09","calc_backorders":null,"acf":{"publisher":{"ID":1453,"post_author":"1","post_date":"2021-02-17 01:11:32","post_date_gmt":"2021-02-16 23:11:32","post_content":"<!-- wp:flatsome\/uxbuilder -->\n<h1 style=\"text-align: center;\"><strong>Qu\u1ea3ng V\u0103n<\/strong><\/h1>\n[row]\n\n[col span=\"6\" span__sm=\"12\"]\n\n[ux_image id=\"1552\" image_size=\"medium\"]\n\n\n[\/col]\n[col span=\"6\" span__sm=\"12\"]\n\n<p><strong>Quangvanbooks<\/strong><br \/>Qu\u1ea3ng V\u0103n l\u00e0 t\u1ed5 h\u1ee3p xu\u1ea5t b\u1ea3n, gi\u00e1o d\u1ee5c v\u00e0 nh\u01b0\u1ee3ng quy\u1ec1n h\u00e0ng \u0111\u1ea7u trong ng\u00e0nh c\u00f4ng nghi\u1ec7p s\u00e1ng t\u1ea1o v\u1edbi c\u00e1c th\u01b0\u01a1ng hi\u1ec7u nh\u00e1nh:<\/p>\n<p>Quangvanbooks - Th\u01b0\u01a1ng hi\u1ec7u s\u00e1ch v\u0103n h\u00f3a gi\u00e1o d\u1ee5c v\u00e0 v\u0103n h\u00f3a gi\u1ea3i tr\u00ed<br \/>Ehomebooks - Th\u01b0\u01a1ng hi\u1ec7u s\u00e1ch gi\u00e1o d\u1ee5c gia \u0111\u00ecnh<br \/>Sakurabooks - Th\u01b0\u01a1ng hi\u1ec7u s\u00e1ch Nh\u1eadt B\u1ea3n<br \/>IPERbooks - Th\u01b0\u01a1ng hi\u1ec7u s\u00e1ch gi\u00e1o d\u1ee5c nh\u00e0 tr\u01b0\u1eddng<br \/>IPER - Vi\u1ec7n nghi\u00ean c\u1ee9u xu\u1ea5t b\u1ea3n v\u00e0 gi\u00e1o d\u1ee5c IPER<\/p>\n<p><strong>T\u1ea7m nh\u00ecn<\/strong><br \/>Tr\u1edf th\u00e0nh th\u01b0\u01a1ng hi\u1ec7u s\u00e1ch v\u0103n h\u00f3a gi\u00e1o d\u1ee5c v\u00e0 v\u0103n h\u00f3a gi\u1ea3i tr\u00ed t\u1ed1t nh\u1ea5t v\u00e0 \u0111a d\u1ea1ng nh\u1ea5t Vi\u1ec7t Nam.<\/p>\n<p><br \/><strong>S\u1ee9 m\u1ec7nh<\/strong><br \/>Mang \u0111\u1ebfn nh\u1eefng cu\u1ed1n s\u00e1ch v\u0103n h\u00f3a gi\u00e1o d\u1ee5c v\u00e0 v\u0103n h\u00f3a gi\u1ea3i tr\u00ed \u0111\u1ebfn v\u1edbi \u0111\u1ed9c gi\u1ea3 Vi\u1ec7t Nam v\u00e0 th\u1ebf gi\u1edbi nh\u1eb1m gi\u00fap \u0111\u1ed9c gi\u1ea3 ph\u00e1t tri\u1ec3n b\u1ea3n th\u00e2n, gi\u00e1o d\u1ee5c, gi\u1ea3i tr\u00ed v\u00e0 khai s\u00e1ng nh\u1eb1m x\u00e2y d\u1ef1ng x\u00e3 h\u1ed9i th\u1ecbnh v\u01b0\u1ee3ng, h\u1ea1nh ph\u00fac.<\/p>\n<p><strong>Gi\u00e1 tr\u1ecb c\u1ed1t l\u00f5i<\/strong><\/p>\n<p>S\u00e1ng t\u1ea1o - Linh ho\u1ea1t - H\u1ee3p t\u00e1c - Ch\u00ednh tr\u1ef1c - Nhi\u1ec7t huy\u1ebft - C\u00e2n b\u1eb1ng - H\u1ea1nh ph\u00fac<\/p>\n\n[\/col]\n\n[\/row]\n\n<!-- \/wp:flatsome\/uxbuilder -->","post_title":"Qu\u1ea3ng V\u0103n","post_excerpt":"","post_status":"publish","comment_status":"closed","ping_status":"closed","post_password":"","post_name":"quang-van","to_ping":"","pinged":"","post_modified":"2021-02-17 01:26:44","post_modified_gmt":"2021-02-16 23:26:44","post_content_filtered":"","post_parent":0,"guid":"https:\/\/sachviet.eu\/nha-phat-hanh\/quang-van\/","menu_order":0,"post_type":"publisher","post_mime_type":"","comment_count":"0","filter":"raw"}},"_links":{"self":[{"href":"https:\/\/sachviet.eu\/en\/wp-json\/wp\/v2\/product\/22499","targetHints":{"allow":["GET"]}}],"collection":[{"href":"https:\/\/sachviet.eu\/en\/wp-json\/wp\/v2\/product"}],"about":[{"href":"https:\/\/sachviet.eu\/en\/wp-json\/wp\/v2\/types\/product"}],"wp:featuredmedia":[{"embeddable":true,"href":"https:\/\/sachviet.eu\/en\/wp-json\/wp\/v2\/media\/22498"}],"wp:attachment":[{"href":"https:\/\/sachviet.eu\/en\/wp-json\/wp\/v2\/media?parent=22499"}],"wp:term":[{"taxonomy":"product_brand","embeddable":true,"href":"https:\/\/sachviet.eu\/en\/wp-json\/wp\/v2\/product_brand?post=22499"},{"taxonomy":"product_cat","embeddable":true,"href":"https:\/\/sachviet.eu\/en\/wp-json\/wp\/v2\/product_cat?post=22499"},{"taxonomy":"product_tag","embeddable":true,"href":"https:\/\/sachviet.eu\/en\/wp-json\/wp\/v2\/product_tag?post=22499"}],"curies":[{"name":"wp","href":"https:\/\/api.w.org\/{rel}","templated":true}]}}