{"id":22497,"date":"2023-01-21T21:40:06","date_gmt":"2023-01-21T19:40:06","guid":{"rendered":"https:\/\/sachviet.eu\/shop\/combo-2-quyen-gerda-cau-chuyen-ca-voi-gerda-cau-chuyen-ve-long-dung-cam\/"},"modified":"2023-05-22T13:42:20","modified_gmt":"2023-05-22T10:42:20","slug":"combo-2-quyen-gerda-cau-chuyen-ca-voi-gerda-cau-chuyen-ve-long-dung-cam","status":"publish","type":"product","link":"https:\/\/sachviet.eu\/en\/shop\/combo-2-quyen-gerda-cau-chuyen-ca-voi-gerda-cau-chuyen-ve-long-dung-cam\/","title":{"rendered":"COMBO 2 QUY\u1ec2N &#8211; GERDA C\u00c2U CHUY\u1ec6N C\u00c1 VOI \u2013 GERDA C\u00c2U CHUY\u1ec6N V\u1ec0 L\u00d2NG D\u0168NG C\u1ea2M"},"content":{"rendered":"<p>Gerda: C\u00e2u Chuy\u1ec7n C\u00e1 Voi<br \/>\nC\u00c2U CHUY\u1ec6N \u0110\u1ea6Y C\u1ea2M \u0110\u1ed8NG V\u1ec0 \u01af\u1edaC M\u01a0, NI\u1ec0M TIN V\u00c0 KH\u00c1T V\u1eccNG<\/p>\n<p>Tu\u1ed5i th\u01a1 h\u1ea1nh ph\u00fac c\u1ee7a c\u00e1 voi nh\u1ecf Gerda \u0111\u1ed9t nhi\u00ean k\u1ebft th\u00fac b\u1edfi m\u1ed9t bi\u1ebfn c\u1ed1 b\u1ea5t ng\u1edd. B\u1ecb b\u1ecf l\u1ea1i m\u1ed9t m\u00ecnh, kh\u00f4ng gia \u0111\u00ecnh \u1edf b\u00ean, c\u00f4 lang thang kh\u1eafp \u0111\u1ea1i d\u01b0\u01a1ng v\u00e0 tr\u1ea3i qua nhi\u1ec1u ng\u1ecdt b\u00f9i cay \u0111\u1eafng, \u0111\u1ec3 r\u1ed3i \u0111\u1ebfn cu\u1ed1i h\u00e0nh tr\u00ecnh c\u00f4 t\u00ecm \u0111\u01b0\u1ee3c m\u1ed9t ch\u1ed1n \u0111\u1ea7y y\u00eau th\u01b0\u01a1ng g\u1ecdi l\u00e0 nh\u00e0.<\/p>\n<p>Minh ho\u1ea1 b\u1edfi Adri\u00e1n Macho \u2013 t\u00e1c gi\u1ea3 s\u00e1ch thi\u1ebfu nhi b\u00e1n ch\u1ea1y hang \u0111\u1ea7u \u1edf Slovakia (\u0110\u00f4ng \u00c2u), Gerda \u2013 C\u00e2u chuy\u1ec7n C\u00e1 voi kh\u00f4ng ch\u1ec9 mang b\u00e0i h\u1ecdc v\u1ec1 s\u1ee9c m\u1ea1nh ni\u1ec1m tin v\u00e0 kh\u00e1t v\u1ecdng m\u00e0 c\u00f2n g\u1eedi g\u1eafm th\u00f4ng \u0111i\u1ec7p b\u1ea3o v\u1ec7 m\u00f4i tr\u01b0\u1eddng.<\/p>\n<p>Gerda: C\u00e2u Chuy\u1ec7n V\u1ec1 L\u00f2ng D\u0169ng C\u1ea3m<br \/>\nH\u00c0NH TR\u00ccNH \u0110\u01af\u01a0NG \u0110\u1ea6U V\u00c0 V\u01af\u1ee2T QUA N\u1ed6I S\u1ee2<\/p>\n<p>K\u1ec3 t\u1eeb khi \u0111o\u00e0n t\u1ee5, hai anh em c\u00e1 voi Gerda v\u00e0 Lars \u0111\u00e3 c\u00f9ng ng\u00e2n nga kh\u00fac h\u00e1t m\u1eb9 ru thu\u1edf b\u00e9. M\u1ed9t ng\u00e0y n\u1ecd, t\u00ecnh c\u1edd ph\u00e1t hi\u1ec7n ra b\u00e0i ca ch\u01b0a tr\u1ecdn v\u1eb9n, hai anh em quy\u1ebft t\u00e2m l\u00ean \u0111\u01b0\u1eddng \u0111i t\u00ecm ph\u1ea7n c\u00f2n l\u1ea1i. H\u00e0nh tr\u00ecnh m\u1edbi \u0111\u1ea7y gian nan n\u00e0y s\u1ebd d\u1ea1y Gerda v\u00e0 Lars m\u1ed9t b\u00e0i h\u1ecdc \u0111\u01b0\u1eddng \u0111\u1eddi quan tr\u1ecdng: b\u00e0i h\u1ecdc v\u1ec1 l\u00f2ng d\u0169ng c\u1ea3m.<\/p>\n<p>Adri\u00e1n Macho l\u00e0 t\u00e1c gi\u1ea3 s\u00e1ch thi\u1ebfu nhi b\u00e1n ch\u1ea1y h\u00e0ng \u0111\u1ea7u \u1edf Slovakia (\u0110\u00f4ng \u00c2u). Gerda \u2013 C\u00e2u chuy\u1ec7n v\u1ec1 l\u00f2ng d\u0169ng c\u1ea3m s\u1ebd \u0111\u01b0a c\u00e1c \u0111\u1ed9c gi\u1ea3 nh\u00ed \u201ctheo v\u00e2y\u201d hai anh em c\u00e1 voi b\u01a1i v\u00f2ng quanh th\u1ebf gi\u1edbi, r\u00e8n luy\u1ec7n b\u1ea3n l\u0129nh, s\u1ef1 t\u1ef1 tin v\u00e0 tinh th\u1ea7n c\u1edfi m\u1edf.<\/p>\n<p>\u201cAi trong \u0111\u1eddi c\u0169ng \u0111\u00f4i l\u1ea7n ho\u1ea3ng s\u1ee3<br \/>\nC\u00e1, h\u1ea3i m\u00e3, c\u00e1 voi hay con ng\u01b0\u1eddi<br \/>\nNh\u01b0ng s\u1ee3 h\u00e3i n\u1ebfu con d\u00e1m \u0111\u1ed1i m\u1eb7t<br \/>\nPhi\u00eau l\u01b0u n\u00e0o c\u0169ng m\u00e3i c\u1ee7a con th\u00f4i.\u201d<\/p>\n","protected":false},"excerpt":{"rendered":"<p>T\u1eebng trang s\u00e1ch m\u1edf ra th\u1ebf gi\u1edbi \u0111\u1ea1i d\u01b0\u01a1ng k\u00ec th\u00fa, tranh minh ho\u1ea1 trau chu\u1ed1t chi ti\u1ebft, ph\u1ed1i m\u00e0u \u1ea5n t\u01b0\u1ee3ng khi\u1ebfn b\u1ea1n \u0111\u1ecdc kh\u00f3 l\u00f2ng r\u1eddi m\u1eaft. T\u1eeb 2019 \u0111\u1ebfn nay, Gerda \u2013 C\u00e2u chuy\u1ec7n v\u1ec1 l\u00f2ng d\u0169ng c\u1ea3m \u0111\u00e3 \u0111\u01b0\u1ee3c d\u1ecbch ra 12 th\u1ee9 ti\u1ebfng, \u0111\u01b0\u1ee3c tr\u1ebb em tr\u00ean to\u00e0n th\u1ebf gi\u1edbi y\u00eau th\u00edch.<\/p>\n<p>Quy c\u00e1ch: b\u00eca c\u1ee9ng b\u1ed3i c\u00e1c t\u00f4ng ch\u1eafc ch\u1eafn, c\u00e1n m\u1edd, ph\u1ee7 spot UV, gi\u1ea5y offset150 d\u00e0y d\u1eb7n, ch\u1ed1ng lo\u00e1, th\u00e2n thi\u1ec7n v\u1edbi m\u1eaft tr\u1ebb.<\/p>\n","protected":false},"featured_media":22496,"template":"","meta":{"_acf_changed":false},"product_brand":[],"product_cat":[25,17,26],"product_tag":[83],"class_list":{"0":"post-22497","1":"product","2":"type-product","3":"status-publish","4":"has-post-thumbnail","6":"product_cat-nhi-dong-6-tuoi-12-tuoi","7":"product_cat-sach-danh-cho-cac-be","8":"product_cat-thieu-nien-11-tuoi-18-tuoi","9":"product_tag-sach-moi-xuat-ban","11":"first","12":"outofstock","13":"taxable","14":"shipping-taxable","15":"purchasable","16":"product-type-simple"},"supplier_id":null,"supplier_sku":"","barcode":null,"atum_controlled":true,"out_stock_date":"2023-05-22 10:42:20","out_stock_threshold":null,"inheritable":false,"inbound_stock":0,"stock_on_hold":0,"sold_today":0,"sales_last_days":0,"reserved_stock":0,"customer_returns":0,"warehouse_damage":0,"lost_in_post":0,"other_logs":0,"out_stock_days":982,"lost_sales":0,"has_location":false,"update_date":"2026-01-28T23:11:09","atum_locations":[],"atum_stock_status":"outofstock","restock_status":false,"low_stock_amount":"","sales_update_date":"2026-01-28T23:11:09","calc_backorders":null,"acf":{"publisher":{"ID":17607,"post_author":"1","post_date":"2022-04-04 17:25:58","post_date_gmt":"2022-04-04 14:25:58","post_content":"","post_title":"Sanhobooks","post_excerpt":"","post_status":"publish","comment_status":"closed","ping_status":"closed","post_password":"","post_name":"sanhobooks","to_ping":"","pinged":"","post_modified":"2022-04-04 17:25:58","post_modified_gmt":"2022-04-04 14:25:58","post_content_filtered":"","post_parent":0,"guid":"https:\/\/sachviet.eu\/nha-phat-hanh\/sanhobooks\/","menu_order":0,"post_type":"publisher","post_mime_type":"","comment_count":"0","filter":"raw"}},"_links":{"self":[{"href":"https:\/\/sachviet.eu\/en\/wp-json\/wp\/v2\/product\/22497","targetHints":{"allow":["GET"]}}],"collection":[{"href":"https:\/\/sachviet.eu\/en\/wp-json\/wp\/v2\/product"}],"about":[{"href":"https:\/\/sachviet.eu\/en\/wp-json\/wp\/v2\/types\/product"}],"wp:featuredmedia":[{"embeddable":true,"href":"https:\/\/sachviet.eu\/en\/wp-json\/wp\/v2\/media\/22496"}],"wp:attachment":[{"href":"https:\/\/sachviet.eu\/en\/wp-json\/wp\/v2\/media?parent=22497"}],"wp:term":[{"taxonomy":"product_brand","embeddable":true,"href":"https:\/\/sachviet.eu\/en\/wp-json\/wp\/v2\/product_brand?post=22497"},{"taxonomy":"product_cat","embeddable":true,"href":"https:\/\/sachviet.eu\/en\/wp-json\/wp\/v2\/product_cat?post=22497"},{"taxonomy":"product_tag","embeddable":true,"href":"https:\/\/sachviet.eu\/en\/wp-json\/wp\/v2\/product_tag?post=22497"}],"curies":[{"name":"wp","href":"https:\/\/api.w.org\/{rel}","templated":true}]}}