{"id":22495,"date":"2023-01-21T21:39:59","date_gmt":"2023-01-21T19:39:59","guid":{"rendered":"https:\/\/sachviet.eu\/shop\/monets-cat-nang-meo-cua-monet\/"},"modified":"2023-01-22T00:28:27","modified_gmt":"2023-01-21T22:28:27","slug":"monets-cat-nang-meo-cua-monet","status":"publish","type":"product","link":"https:\/\/sachviet.eu\/en\/shop\/monets-cat-nang-meo-cua-monet\/","title":{"rendered":"Monet\u2019s Cat \u2013 N\u00e0ng m\u00e8o c\u1ee7a Monet"},"content":{"rendered":"<p>Danh ho\u1ea1 ng\u01b0\u1eddi Ph\u00e1p Claude Monet c\u00f3 m\u1ed9t n\u00e0ng m\u00e8o g\u1ed1m k\u00ec di\u1ec7u t\u00ean l\u00e0 Chika. N\u00e0ng n\u1eb1m ng\u1ee7 im l\u00ecm, cho t\u1edbi khi\u2026<\/p>\n<p>Monet g\u00f5 nh\u1eb9 c\u00e2y c\u1ecd v\u1ebd ba l\u1ea7n. Chika \u201cth\u1ee9c gi\u1ea5c\u201d v\u00e0 c\u1ea3 hai b\u1eaft \u0111\u1ea7u chuy\u1ebfn phi\u00eau l\u01b0u v\u00e0o th\u1ebf gi\u1edbi tranh v\u1ebd \u0111\u1ea7y m\u00e0u s\u1eafc. Cu\u1ed1n s\u00e1ch song ng\u1eef n\u00e0y s\u1ebd c\u00f9ng c\u00e1c b\u1ea1n nh\u1ecf kh\u00e1m ph\u00e1 nh\u1eefng b\u1ee9c ho\u1ea1 n\u1ed5i ti\u1ebfng c\u1ee7a tr\u01b0\u1eddng ph\u00e1i \u1ea4n t\u01b0\u1ee3ng.<\/p>\n<p>Minh ho\u1ea1 tuy\u1ec7t \u0111\u1eb9p l\u1ea5y c\u1ea3m h\u1ee9ng t\u1eeb t\u00e1c ph\u1ea9m c\u1ee7a Monet, cu\u1ed1n s\u00e1ch gi\u1ed1ng nh\u01b0 m\u1ed9t th\u01b0 vi\u1ec7n ngh\u1ec7 thu\u1eadt thu nh\u1ecf. C\u00e2u chuy\u1ec7n \u0111\u00e1ng y\u00eau, h\u1ea5p d\u1eabn c\u1ee7a ch\u00fa m\u00e8o Chika h\u1eb3n s\u1ebd kh\u01a1i d\u1eady c\u1ea3m h\u1ee9ng s\u00e1ng t\u1ea1o v\u00e0 l\u00f2ng y\u00eau th\u00edch ngh\u1ec7 thu\u1eadt cho c\u00e1c b\u1ea1n nh\u1ecf.<\/p>\n","protected":false},"excerpt":{"rendered":"<p>Danh ho\u1ea1 ng\u01b0\u1eddi Ph\u00e1p Claude Monet c\u00f3 m\u1ed9t n\u00e0ng m\u00e8o g\u1ed1m k\u00ec di\u1ec7u t\u00ean l\u00e0 Chika. N\u00e0ng n\u1eb1m ng\u1ee7 im l\u00ecm, cho t\u1edbi khi\u2026<\/p>\n<p>Monet g\u00f5 nh\u1eb9 c\u00e2y c\u1ecd v\u1ebd ba l\u1ea7n. Chika \u201cth\u1ee9c gi\u1ea5c\u201d v\u00e0 c\u1ea3 hai b\u1eaft \u0111\u1ea7u chuy\u1ebfn phi\u00eau l\u01b0u v\u00e0o th\u1ebf gi\u1edbi tranh v\u1ebd \u0111\u1ea7y m\u00e0u s\u1eafc. Cu\u1ed1n s\u00e1ch song ng\u1eef n\u00e0y s\u1ebd c\u00f9ng c\u00e1c b\u1ea1n nh\u1ecf kh\u00e1m ph\u00e1 nh\u1eefng b\u1ee9c ho\u1ea1 n\u1ed5i ti\u1ebfng c\u1ee7a tr\u01b0\u1eddng ph\u00e1i \u1ea4n t\u01b0\u1ee3ng.<\/p>\n<p>Minh ho\u1ea1 tuy\u1ec7t \u0111\u1eb9p l\u1ea5y c\u1ea3m h\u1ee9ng t\u1eeb t\u00e1c ph\u1ea9m c\u1ee7a Monet, cu\u1ed1n s\u00e1ch gi\u1ed1ng nh\u01b0 m\u1ed9t th\u01b0 vi\u1ec7n ngh\u1ec7 thu\u1eadt thu nh\u1ecf. C\u00e2u chuy\u1ec7n \u0111\u00e1ng y\u00eau, h\u1ea5p d\u1eabn c\u1ee7a ch\u00fa m\u00e8o Chika h\u1eb3n s\u1ebd kh\u01a1i d\u1eady c\u1ea3m h\u1ee9ng s\u00e1ng t\u1ea1o v\u00e0 l\u00f2ng y\u00eau th\u00edch ngh\u1ec7 thu\u1eadt cho c\u00e1c b\u1ea1n nh\u1ecf.<\/p>\n","protected":false},"featured_media":22492,"template":"","meta":{"_acf_changed":false},"product_brand":[],"product_cat":[25,17,26],"product_tag":[83],"class_list":{"0":"post-22495","1":"product","2":"type-product","3":"status-publish","4":"has-post-thumbnail","6":"product_cat-nhi-dong-6-tuoi-12-tuoi","7":"product_cat-sach-danh-cho-cac-be","8":"product_cat-thieu-nien-11-tuoi-18-tuoi","9":"product_tag-sach-moi-xuat-ban","11":"first","12":"instock","13":"taxable","14":"shipping-taxable","15":"purchasable","16":"product-type-simple"},"supplier_id":null,"supplier_sku":"","barcode":null,"atum_controlled":true,"out_stock_date":null,"out_stock_threshold":null,"inheritable":false,"inbound_stock":0,"stock_on_hold":0,"sold_today":0,"sales_last_days":0,"reserved_stock":0,"customer_returns":0,"warehouse_damage":0,"lost_in_post":0,"other_logs":0,"out_stock_days":0,"lost_sales":0,"has_location":false,"update_date":"2026-01-28T23:11:09","atum_locations":[],"atum_stock_status":"instock","restock_status":false,"low_stock_amount":"","sales_update_date":"2026-01-28T23:11:09","calc_backorders":null,"acf":{"publisher":{"ID":17607,"post_author":"1","post_date":"2022-04-04 17:25:58","post_date_gmt":"2022-04-04 14:25:58","post_content":"","post_title":"Sanhobooks","post_excerpt":"","post_status":"publish","comment_status":"closed","ping_status":"closed","post_password":"","post_name":"sanhobooks","to_ping":"","pinged":"","post_modified":"2022-04-04 17:25:58","post_modified_gmt":"2022-04-04 14:25:58","post_content_filtered":"","post_parent":0,"guid":"https:\/\/sachviet.eu\/nha-phat-hanh\/sanhobooks\/","menu_order":0,"post_type":"publisher","post_mime_type":"","comment_count":"0","filter":"raw"}},"_links":{"self":[{"href":"https:\/\/sachviet.eu\/en\/wp-json\/wp\/v2\/product\/22495","targetHints":{"allow":["GET"]}}],"collection":[{"href":"https:\/\/sachviet.eu\/en\/wp-json\/wp\/v2\/product"}],"about":[{"href":"https:\/\/sachviet.eu\/en\/wp-json\/wp\/v2\/types\/product"}],"wp:featuredmedia":[{"embeddable":true,"href":"https:\/\/sachviet.eu\/en\/wp-json\/wp\/v2\/media\/22492"}],"wp:attachment":[{"href":"https:\/\/sachviet.eu\/en\/wp-json\/wp\/v2\/media?parent=22495"}],"wp:term":[{"taxonomy":"product_brand","embeddable":true,"href":"https:\/\/sachviet.eu\/en\/wp-json\/wp\/v2\/product_brand?post=22495"},{"taxonomy":"product_cat","embeddable":true,"href":"https:\/\/sachviet.eu\/en\/wp-json\/wp\/v2\/product_cat?post=22495"},{"taxonomy":"product_tag","embeddable":true,"href":"https:\/\/sachviet.eu\/en\/wp-json\/wp\/v2\/product_tag?post=22495"}],"curies":[{"name":"wp","href":"https:\/\/api.w.org\/{rel}","templated":true}]}}