{"id":22491,"date":"2023-01-21T21:39:50","date_gmt":"2023-01-21T19:39:50","guid":{"rendered":"https:\/\/sachviet.eu\/shop\/lai-bi-gian-roi\/"},"modified":"2023-01-22T00:28:27","modified_gmt":"2023-01-21T22:28:27","slug":"lai-bi-gian-roi","status":"publish","type":"product","link":"https:\/\/sachviet.eu\/en\/shop\/lai-bi-gian-roi\/","title":{"rendered":"L\u1ea1i B\u1ecb Gi\u1eadn R\u1ed3i"},"content":{"rendered":"<p>Tr\u1edf th\u00e0nh b\u1ed1 m\u1eb9 lu\u00f4n l\u00e0 \u0111i\u1ec1u tuy\u1ec7t v\u1eddi \u0111\u1ed1i v\u1edbi m\u1ed7i ng\u01b0\u1eddi. H\u00e0nh tr\u00ecnh \u1ea5y tr\u1ea3i qua bi\u1ebft bao c\u1ea3m x\u00fac t\u1eeb b\u1ea5t ng\u1edd, h\u1ed3i h\u1ed9p, v\u1ee1 \u00f2a, h\u1ea1nh ph\u00fac c\u0169ng c\u00f3 c\u1ea3 n\u1ed7i bu\u1ed3n, lo l\u1eafng v\u00e0 b\u1ea5t an. Nh\u01b0ng \u0111\u1ec3 \u0111\u01b0\u1ee3c nh\u00ecn ng\u1eafm m\u1ed9t em b\u00e9 l\u1edbn l\u00ean th\u00ec nh\u1eefng cung b\u1eadc c\u1ea3m x\u00fac \u1ea5y \u0111\u1ec1u x\u1ee9ng \u0111\u00e1ng th\u00f4i ph\u1ea3i kh\u00f4ng? <\/p>\n<p>N\u1ebfu b\u1ea1n mu\u1ed1n bi\u1ebft th\u1eddi gian tr\u00f4i nhanh th\u1ebf n\u00e0o? H\u00e3y nh\u00ecn ng\u1eafm m\u1ed9t em b\u00e9 l\u1edbn l\u00ean t\u1eebng ng\u00e0y v\u00e0 nh\u00ecn ng\u1eafm v\u1ea1n v\u1eadt xung quanh b\u1ea1n chuy\u1ec3n m\u00ecnh m\u1ed7i ng\u00e0y. M\u1ed9t em b\u00e9 c\u0169ng v\u1eady, ch\u00fang l\u1edbn l\u00ean ngay c\u1ea3 trong gi\u1ea5c ng\u1ee7, ngay c\u1ea3 khi b\u1ea1n kh\u00f4ng h\u1ec1 \u0111\u1ec3 \u00fd, ch\u1ec9 \u0111\u1ebfn m\u1ed9t ng\u00e0y, khi b\u1ea1n gi\u1eadt m\u00ecnh h\u1ed1t ho\u1ea3ng th\u00ec ch\u00fang \u0111\u00e3 l\u1edbn l\u00ean m\u1ea5t r\u1ed3i, t\u1eeb bao gi\u1edd b\u1ea1n kh\u00f4ng bi\u1ebft n\u1eefa&#8230; L\u00e0m cha m\u1eb9, ch\u00fang ta c\u00f3 mong g\u00ec h\u01a1n ngo\u00e0i mong s\u1ebd kh\u00f4ng ph\u1ea3i ti\u1ebfc nu\u1ed1i v\u00e0 h\u1ee5t h\u1eabng v\u00ec b\u1ecf l\u1ee1 m\u1ea5t nh\u1eefng kho\u1ea3nh kh\u1eafc h\u1ea1nh ph\u00fac c\u1ee7a con m\u00ecnh, c\u00e1c b\u1ed1 m\u1eb9 nh\u1ec9 ?<\/p>\n","protected":false},"excerpt":{"rendered":"<p>Tr\u1edf th\u00e0nh b\u1ed1 m\u1eb9 lu\u00f4n l\u00e0 \u0111i\u1ec1u tuy\u1ec7t v\u1eddi \u0111\u1ed1i v\u1edbi m\u1ed7i ng\u01b0\u1eddi. H\u00e0nh tr\u00ecnh \u1ea5y tr\u1ea3i qua bi\u1ebft bao c\u1ea3m x\u00fac t\u1eeb b\u1ea5t ng\u1edd, h\u1ed3i h\u1ed9p, v\u1ee1 \u00f2a, h\u1ea1nh ph\u00fac c\u0169ng c\u00f3 c\u1ea3 n\u1ed7i bu\u1ed3n, lo l\u1eafng v\u00e0 b\u1ea5t an. Nh\u01b0ng \u0111\u1ec3 \u0111\u01b0\u1ee3c nh\u00ecn ng\u1eafm m\u1ed9t em b\u00e9 l\u1edbn l\u00ean th\u00ec nh\u1eefng cung b\u1eadc c\u1ea3m x\u00fac \u1ea5y \u0111\u1ec1u x\u1ee9ng \u0111\u00e1ng th\u00f4i ph\u1ea3i kh\u00f4ng? <\/p>\n<p>N\u1ebfu b\u1ea1n mu\u1ed1n bi\u1ebft th\u1eddi gian tr\u00f4i nhanh th\u1ebf n\u00e0o? H\u00e3y nh\u00ecn ng\u1eafm m\u1ed9t em b\u00e9 l\u1edbn l\u00ean t\u1eebng ng\u00e0y v\u00e0 nh\u00ecn ng\u1eafm v\u1ea1n v\u1eadt xung quanh b\u1ea1n chuy\u1ec3n m\u00ecnh m\u1ed7i ng\u00e0y. M\u1ed9t em b\u00e9 c\u0169ng v\u1eady, ch\u00fang l\u1edbn l\u00ean ngay c\u1ea3 trong gi\u1ea5c ng\u1ee7, ngay c\u1ea3 khi b\u1ea1n kh\u00f4ng h\u1ec1 \u0111\u1ec3 \u00fd, ch\u1ec9 \u0111\u1ebfn m\u1ed9t ng\u00e0y, khi b\u1ea1n gi\u1eadt m\u00ecnh h\u1ed1t ho\u1ea3ng th\u00ec ch\u00fang \u0111\u00e3 l\u1edbn l\u00ean m\u1ea5t r\u1ed3i, t\u1eeb bao gi\u1edd b\u1ea1n kh\u00f4ng bi\u1ebft n\u1eefa&#8230; L\u00e0m cha m\u1eb9, ch\u00fang ta c\u00f3 mong g\u00ec h\u01a1n ngo\u00e0i mong s\u1ebd kh\u00f4ng ph\u1ea3i ti\u1ebfc nu\u1ed1i v\u00e0 h\u1ee5t h\u1eabng v\u00ec b\u1ecf l\u1ee1 m\u1ea5t nh\u1eefng kho\u1ea3nh kh\u1eafc h\u1ea1nh ph\u00fac c\u1ee7a con m\u00ecnh, c\u00e1c b\u1ed1 m\u1eb9 nh\u1ec9 ?<\/p>\n","protected":false},"featured_media":22490,"template":"","meta":{"_acf_changed":false},"product_brand":[],"product_cat":[24,25,17],"product_tag":[83],"class_list":{"0":"post-22491","1":"product","2":"type-product","3":"status-publish","4":"has-post-thumbnail","6":"product_cat-nha-tre-mau-giao-0-tuoi-6-tuoi","7":"product_cat-nhi-dong-6-tuoi-12-tuoi","8":"product_cat-sach-danh-cho-cac-be","9":"product_tag-sach-moi-xuat-ban","11":"first","12":"instock","13":"taxable","14":"shipping-taxable","15":"purchasable","16":"product-type-simple"},"supplier_id":null,"supplier_sku":"","barcode":null,"atum_controlled":true,"out_stock_date":null,"out_stock_threshold":null,"inheritable":false,"inbound_stock":0,"stock_on_hold":0,"sold_today":0,"sales_last_days":0,"reserved_stock":0,"customer_returns":0,"warehouse_damage":0,"lost_in_post":0,"other_logs":0,"out_stock_days":0,"lost_sales":0,"has_location":false,"update_date":"2026-01-28T23:11:09","atum_locations":[],"atum_stock_status":"instock","restock_status":false,"low_stock_amount":"","sales_update_date":"2026-01-28T23:11:09","calc_backorders":null,"acf":{"publisher":{"ID":1474,"post_author":"1","post_date":"2021-02-17 01:12:51","post_date_gmt":"2021-02-16 23:12:51","post_content":"","post_title":"Th\u00e1i H\u00e0","post_excerpt":"","post_status":"publish","comment_status":"closed","ping_status":"closed","post_password":"","post_name":"thai-ha","to_ping":"","pinged":"","post_modified":"2021-02-17 01:12:51","post_modified_gmt":"2021-02-16 23:12:51","post_content_filtered":"","post_parent":0,"guid":"https:\/\/sachviet.eu\/nha-phat-hanh\/thai-ha\/","menu_order":0,"post_type":"publisher","post_mime_type":"","comment_count":"0","filter":"raw"}},"_links":{"self":[{"href":"https:\/\/sachviet.eu\/en\/wp-json\/wp\/v2\/product\/22491","targetHints":{"allow":["GET"]}}],"collection":[{"href":"https:\/\/sachviet.eu\/en\/wp-json\/wp\/v2\/product"}],"about":[{"href":"https:\/\/sachviet.eu\/en\/wp-json\/wp\/v2\/types\/product"}],"wp:featuredmedia":[{"embeddable":true,"href":"https:\/\/sachviet.eu\/en\/wp-json\/wp\/v2\/media\/22490"}],"wp:attachment":[{"href":"https:\/\/sachviet.eu\/en\/wp-json\/wp\/v2\/media?parent=22491"}],"wp:term":[{"taxonomy":"product_brand","embeddable":true,"href":"https:\/\/sachviet.eu\/en\/wp-json\/wp\/v2\/product_brand?post=22491"},{"taxonomy":"product_cat","embeddable":true,"href":"https:\/\/sachviet.eu\/en\/wp-json\/wp\/v2\/product_cat?post=22491"},{"taxonomy":"product_tag","embeddable":true,"href":"https:\/\/sachviet.eu\/en\/wp-json\/wp\/v2\/product_tag?post=22491"}],"curies":[{"name":"wp","href":"https:\/\/api.w.org\/{rel}","templated":true}]}}