{"id":22485,"date":"2023-01-21T21:39:31","date_gmt":"2023-01-21T19:39:31","guid":{"rendered":"https:\/\/sachviet.eu\/shop\/chiec-chia-khoa-vang-hay-chuyen-li-ki-cua-buratino-bia-cung-in-mau-an-ban-ky-niem-65-nam-thanh-lap-nxb-kim-dong\/"},"modified":"2023-01-22T00:28:26","modified_gmt":"2023-01-21T22:28:26","slug":"chiec-chia-khoa-vang-hay-chuyen-li-ki-cua-buratino-bia-cung-in-mau-an-ban-ky-niem-65-nam-thanh-lap-nxb-kim-dong","status":"publish","type":"product","link":"https:\/\/sachviet.eu\/en\/shop\/chiec-chia-khoa-vang-hay-chuyen-li-ki-cua-buratino-bia-cung-in-mau-an-ban-ky-niem-65-nam-thanh-lap-nxb-kim-dong\/","title":{"rendered":"Chi\u1ebfc ch\u00eca kho\u00e1 v\u00e0ng hay chuy\u1ec7n li k\u00ec c\u1ee7a BURATINO \u2013 b\u00eca c\u1ee9ng in m\u00e0u \u2013 \u1ea5n b\u1ea3n k\u1ef7 ni\u1ec7m 65 n\u0103m th\u00e0nh l\u1eadp NXB Kim \u0110\u1ed3ng"},"content":{"rendered":"<p>\u1ea4n b\u1ea3n nhi\u1ec1u b\u1ea1n ch\u1edd mong. In \u0111\u1eb9p, b\u00eca c\u1ee9ng v\u00e0 \u0111\u01b0a ta v\u1ec1 tu\u1ed5i th\u01a1. Thu\u1ed9c \u0111\u1ee3t in 65 n\u0103m th\u00e0nh l\u1eadp NXB Kim \u0110\u1ed3ng.<br \/>\n***<br \/>\nBURATINO!!<br \/>\nChi\u1ebfc ch\u00eca kho\u00e1 v\u00e0ng hay chuy\u1ec7n li k\u00ec c\u1ee7a BURATINO \u2013 \u1ea5n b\u1ea3n k\u1ef7 ni\u1ec7m 65 n\u0103m th\u00e0nh l\u1eadp NXB Kim \u0110\u1ed3ng<br \/>\nA. Tolstoy<br \/>\nMinh ho\u1ea1: Olga Zobina<br \/>\nD\u1ecbch: \u0110\u1ed7 \u0110\u1ee9c Hi\u1ec3u<br \/>\nB\u00eca c\u1ee9ng kh\u1ed5 l\u1edbn a4<br \/>\nIn m\u00e0u to\u00e0n b\u1ed9<br \/>\n***<br \/>\nT\u1eeb m\u1ed9t thanh g\u1ed7 bi\u1ebft n\u00f3i do ng\u01b0\u1eddi b\u1ea1n nh\u1eb7t \u0111\u01b0\u1ee3c, b\u00e1c Carlo \u0111\u1ebdo th\u00e0nh c\u1eadu b\u00e9 ng\u01b0\u1eddi g\u1ed7 v\u00e0 \u0111\u1eb7t t\u00ean l\u00e0 Buratino.<br \/>\nC\u1eadu b\u00e9 ng\u01b0\u1eddi g\u1ed7 \u0111\u00e3 v\u00f4 t\u00ecnh d\u1ea5n th\u00e2n v\u00e0o nh\u1eefng cu\u1ed9c phi\u00eau l\u01b0u m\u1ea1o hi\u1ec3m. Qua nh\u1eefng th\u1eed th\u00e1ch, t\u1eeb m\u1ed9t c\u1eadu b\u00e9 ham ch\u01a1i, l\u01b0\u1eddi h\u1ecdc, Buratino \u0111\u00e3 tr\u1edf n\u00ean d\u0169ng c\u1ea3m v\u00e0 nh\u00e2n \u00e1i.<br \/>\nCu\u1ed9c h\u00e0nh tr\u00ecnh k\u1ebft th\u00fac \u1edf m\u1ed9t th\u1ebf gi\u1edbi b\u00ed m\u1eadt v\u00f4 c\u00f9ng k\u00ec \u1ea3o m\u00e0 Buratino d\u1eabn c\u00e1c b\u1ea1n b\u01b0\u1edbc v\u00e0o.<br \/>\nALEKSEY TOLSTOY (1883-1945)<br \/>\nNh\u00e0 v\u0103n, nh\u00e0 ho\u1ea1t \u0111\u1ed9ng v\u0103n h\u00f3a x\u00e3 h\u1ed9i n\u1ed5i ti\u1ebfng ng\u01b0\u1eddi Nga.<br \/>\nNh\u1eefng t\u00e1c ph\u1ea9m n\u1ed5i ti\u1ebfng c\u1ee7a A.TOLSTOY nh\u01b0 \u201cNh\u1eefng k\u1ebb k\u00ec qu\u1eb7c\u201d, \u201cV\u1ecb qu\u00fd t\u1ed9c th\u1ecdt ch\u00e2n\u201d, \u201cCon \u0111\u01b0\u1eddng \u0111au kh\u1ed5\u201d, \u201cPie \u0111\u1ec7 nh\u1ea5t\u201d \u0111\u00e3 x\u1ebfp A.TOLSTOYv\u00e0o h\u00e0ng ng\u0169 nh\u1eefng nh\u00e0 v\u0103n Nga v\u0129 \u0111\u1ea1i c\u1ee7a th\u1ebf k\u1ec9 XX.<\/p>\n","protected":false},"excerpt":{"rendered":"<p>\u1ea4n b\u1ea3n nhi\u1ec1u b\u1ea1n ch\u1edd mong. In \u0111\u1eb9p, b\u00eca c\u1ee9ng v\u00e0 \u0111\u01b0a ta v\u1ec1 tu\u1ed5i th\u01a1. Thu\u1ed9c \u0111\u1ee3t in 65 n\u0103m th\u00e0nh l\u1eadp NXB Kim \u0110\u1ed3ng.<br \/>\n***<br \/>\nBURATINO!!<br \/>\nChi\u1ebfc ch\u00eca kho\u00e1 v\u00e0ng hay chuy\u1ec7n li k\u00ec c\u1ee7a BURATINO \u2013 \u1ea5n b\u1ea3n k\u1ef7 ni\u1ec7m 65 n\u0103m th\u00e0nh l\u1eadp NXB Kim \u0110\u1ed3ng<br \/>\nA. Tolstoy<br \/>\nMinh ho\u1ea1: Olga Zobina<br \/>\nD\u1ecbch: \u0110\u1ed7 \u0110\u1ee9c Hi\u1ec3u<br \/>\nB\u00eca c\u1ee9ng kh\u1ed5 l\u1edbn a4<br \/>\nIn m\u00e0u to\u00e0n b\u1ed9<br \/>\n***<br \/>\nT\u1eeb m\u1ed9t thanh g\u1ed7 bi\u1ebft n\u00f3i do ng\u01b0\u1eddi b\u1ea1n nh\u1eb7t \u0111\u01b0\u1ee3c, b\u00e1c Carlo \u0111\u1ebdo th\u00e0nh c\u1eadu b\u00e9 ng\u01b0\u1eddi g\u1ed7 v\u00e0 \u0111\u1eb7t t\u00ean l\u00e0 Buratino.<br \/>\nC\u1eadu b\u00e9 ng\u01b0\u1eddi g\u1ed7 \u0111\u00e3 v\u00f4 t\u00ecnh d\u1ea5n th\u00e2n v\u00e0o nh\u1eefng cu\u1ed9c phi\u00eau l\u01b0u m\u1ea1o hi\u1ec3m. Qua nh\u1eefng th\u1eed th\u00e1ch, t\u1eeb m\u1ed9t c\u1eadu b\u00e9 ham ch\u01a1i, l\u01b0\u1eddi h\u1ecdc, Buratino \u0111\u00e3 tr\u1edf n\u00ean d\u0169ng c\u1ea3m v\u00e0 nh\u00e2n \u00e1i.<br \/>\nCu\u1ed9c h\u00e0nh tr\u00ecnh k\u1ebft th\u00fac \u1edf m\u1ed9t th\u1ebf gi\u1edbi b\u00ed m\u1eadt v\u00f4 c\u00f9ng k\u00ec \u1ea3o m\u00e0 Buratino d\u1eabn c\u00e1c b\u1ea1n b\u01b0\u1edbc v\u00e0o.<br \/>\nALEKSEY TOLSTOY (1883-1945)<br \/>\nNh\u00e0 v\u0103n, nh\u00e0 ho\u1ea1t \u0111\u1ed9ng v\u0103n h\u00f3a x\u00e3 h\u1ed9i n\u1ed5i ti\u1ebfng ng\u01b0\u1eddi Nga.<br \/>\nNh\u1eefng t\u00e1c ph\u1ea9m n\u1ed5i ti\u1ebfng c\u1ee7a A.TOLSTOY nh\u01b0 \u201cNh\u1eefng k\u1ebb k\u00ec qu\u1eb7c\u201d, \u201cV\u1ecb qu\u00fd t\u1ed9c th\u1ecdt ch\u00e2n\u201d, \u201cCon \u0111\u01b0\u1eddng \u0111au kh\u1ed5\u201d, \u201cPie \u0111\u1ec7 nh\u1ea5t\u201d \u0111\u00e3 x\u1ebfp A.TOLSTOYv\u00e0o h\u00e0ng ng\u0169 nh\u1eefng nh\u00e0 v\u0103n Nga v\u0129 \u0111\u1ea1i c\u1ee7a th\u1ebf k\u1ec9 XX.<\/p>\n","protected":false},"featured_media":22484,"template":"","meta":{"_acf_changed":false},"product_brand":[],"product_cat":[25,17,26],"product_tag":[83],"class_list":{"0":"post-22485","1":"product","2":"type-product","3":"status-publish","4":"has-post-thumbnail","6":"product_cat-nhi-dong-6-tuoi-12-tuoi","7":"product_cat-sach-danh-cho-cac-be","8":"product_cat-thieu-nien-11-tuoi-18-tuoi","9":"product_tag-sach-moi-xuat-ban","11":"first","12":"instock","13":"taxable","14":"shipping-taxable","15":"purchasable","16":"product-type-simple"},"supplier_id":null,"supplier_sku":"","barcode":null,"atum_controlled":true,"out_stock_date":null,"out_stock_threshold":null,"inheritable":false,"inbound_stock":0,"stock_on_hold":0,"sold_today":0,"sales_last_days":0,"reserved_stock":0,"customer_returns":0,"warehouse_damage":0,"lost_in_post":0,"other_logs":0,"out_stock_days":0,"lost_sales":0,"has_location":false,"update_date":"2026-01-28T23:11:09","atum_locations":[],"atum_stock_status":"instock","restock_status":false,"low_stock_amount":"","sales_update_date":"2026-01-28T23:11:09","calc_backorders":null,"acf":{"publisher":{"ID":1454,"post_author":"1","post_date":"2021-02-17 01:11:34","post_date_gmt":"2021-02-16 23:11:34","post_content":"<!-- wp:flatsome\/uxbuilder -->\n<h1 style=\"text-align: center;\"><strong>Kim \u0110\u1ed3ng<\/strong><\/h1>\n[row]\n\n[col span=\"3\" span__sm=\"12\"]\n\n[ux_image id=\"1534\" image_size=\"medium\"]\n\n\n[\/col]\n[col span=\"9\" span__sm=\"12\"]\n\n<p>Nh\u00e0 xu\u1ea5t b\u1ea3n Kim \u0110\u1ed3ng tr\u1ef1c thu\u1ed9c Trung \u01b0\u01a1ng \u0110o\u00e0n TNCS H\u1ed3 Ch\u00ed Minh l\u00e0 Nh\u00e0 xu\u1ea5t b\u1ea3n t\u1ed5ng h\u1ee3p c\u00f3 ch\u1ee9c n\u0103ng xu\u1ea5t b\u1ea3n s\u00e1ch v\u00e0 v\u0103n h\u00f3a ph\u1ea9m ph\u1ee5c v\u1ee5 thi\u1ebfu nhi v\u00e0 c\u00e1c b\u1eadc ph\u1ee5 huynh trong c\u1ea3 n\u01b0\u1edbc, qu\u1ea3ng b\u00e1 v\u00e0 gi\u1edbi thi\u1ec7u v\u0103n h\u00f3a Vi\u1ec7t Nam ra th\u1ebf gi\u1edbi.<br \/>Nh\u00e0 xu\u1ea5t b\u1ea3n c\u00f3 nhi\u1ec7m v\u1ee5 t\u1ed5 ch\u1ee9c b\u1ea3n th\u1ea3o, bi\u00ean so\u1ea1n, bi\u00ean d\u1ecbch, xu\u1ea5t b\u1ea3n v\u00e0 ph\u00e1t h\u00e0nh c\u00e1c xu\u1ea5t b\u1ea3n ph\u1ea9m c\u00f3 n\u1ed9i dung: gi\u00e1o d\u1ee5c truy\u1ec1n th\u1ed1ng d\u00e2n t\u1ed9c, gi\u00e1o d\u1ee5c v\u1ec1 tri th\u1ee9c, ki\u1ebfn th\u1ee9c\u2026 tr\u00ean c\u00e1c l\u0129nh v\u1ef1c v\u0103n h\u1ecdc, ngh\u1ec7 thu\u1eadt, khoa h\u1ecdc k\u1ef9 thu\u1eadt nh\u1eb1m cung c\u1ea5p cho c\u00e1c em thi\u1ebfu nhi c\u0169ng nh\u01b0 c\u00e1c b\u1eadc ph\u1ee5 huynh c\u00e1c ki\u1ebfn th\u1ee9c c\u1ea7n thi\u1ebft trong cu\u1ed9c s\u1ed1ng, nh\u1eefng tinh hoa c\u1ee7a tri th\u1ee9c nh\u00e2n lo\u1ea1i nh\u1eb1m g\u00f3p ph\u1ea7n gi\u00e1o d\u1ee5c v\u00e0 h\u00ecnh th\u00e0nh nh\u00e2n c\u00e1ch th\u1ebf h\u1ec7 tr\u1ebb.<br \/>\u0110\u1ed1i t\u01b0\u1ee3ng ph\u1ee5c v\u1ee5 c\u1ee7a Nh\u00e0 xu\u1ea5t b\u1ea3n l\u00e0 c\u00e1c em t\u1eeb tu\u1ed5i nh\u00e0 tr\u1ebb m\u1eabu gi\u00e1o (1 \u0111\u1ebfn 5 tu\u1ed5i), nhi \u0111\u1ed3ng (6 \u0111\u1ebfn 9 tu\u1ed5i), thi\u1ebfu ni\u00ean (10 \u0111\u1ebfn 15 tu\u1ed5i) \u0111\u1ebfn c\u00e1c em tu\u1ed5i m\u1edbi l\u1edbn (16 \u0111\u1ebfn 18 tu\u1ed5i) v\u00e0 c\u00e1c b\u1eadc ph\u1ee5 huynh.<\/p>\n\n[\/col]\n\n[\/row]\n\n<!-- \/wp:flatsome\/uxbuilder -->","post_title":"Kim \u0110\u1ed3ng","post_excerpt":"","post_status":"publish","comment_status":"closed","ping_status":"closed","post_password":"","post_name":"kim-dong","to_ping":"","pinged":"","post_modified":"2021-02-17 01:31:56","post_modified_gmt":"2021-02-16 23:31:56","post_content_filtered":"","post_parent":0,"guid":"https:\/\/sachviet.eu\/nha-phat-hanh\/kim-dong\/","menu_order":0,"post_type":"publisher","post_mime_type":"","comment_count":"0","filter":"raw"}},"_links":{"self":[{"href":"https:\/\/sachviet.eu\/en\/wp-json\/wp\/v2\/product\/22485","targetHints":{"allow":["GET"]}}],"collection":[{"href":"https:\/\/sachviet.eu\/en\/wp-json\/wp\/v2\/product"}],"about":[{"href":"https:\/\/sachviet.eu\/en\/wp-json\/wp\/v2\/types\/product"}],"wp:featuredmedia":[{"embeddable":true,"href":"https:\/\/sachviet.eu\/en\/wp-json\/wp\/v2\/media\/22484"}],"wp:attachment":[{"href":"https:\/\/sachviet.eu\/en\/wp-json\/wp\/v2\/media?parent=22485"}],"wp:term":[{"taxonomy":"product_brand","embeddable":true,"href":"https:\/\/sachviet.eu\/en\/wp-json\/wp\/v2\/product_brand?post=22485"},{"taxonomy":"product_cat","embeddable":true,"href":"https:\/\/sachviet.eu\/en\/wp-json\/wp\/v2\/product_cat?post=22485"},{"taxonomy":"product_tag","embeddable":true,"href":"https:\/\/sachviet.eu\/en\/wp-json\/wp\/v2\/product_tag?post=22485"}],"curies":[{"name":"wp","href":"https:\/\/api.w.org\/{rel}","templated":true}]}}