{"id":22483,"date":"2023-01-21T21:39:26","date_gmt":"2023-01-21T19:39:26","guid":{"rendered":"https:\/\/sachviet.eu\/shop\/tam-li-hoc-khai-luoc-nhung-tu-tuong-lon-2\/"},"modified":"2023-12-11T10:50:30","modified_gmt":"2023-12-11T08:50:30","slug":"tam-li-hoc-khai-luoc-nhung-tu-tuong-lon-2","status":"publish","type":"product","link":"https:\/\/sachviet.eu\/en\/shop\/tam-li-hoc-khai-luoc-nhung-tu-tuong-lon-2\/","title":{"rendered":"T\u00e2m l\u00ed h\u1ecdc &#8211; Kh\u00e1i l\u01b0\u1ee3c nh\u1eefng t\u01b0 t\u01b0\u1edfng l\u1edbn"},"content":{"rendered":"<p>Ta c\u00f3 th\u1ef1c s\u1ef1 l\u00e0 nh\u1eefng c\u00e1 nh\u00e2n t\u1ef1 do v\u1edbi b\u1ea3n s\u1eafc ri\u00eang\u2026 hay t\u1ea5t c\u1ea3 ch\u00fang ta \u0111\u1ec1u ch\u1ec9 bi\u1ebft tu\u00e2n ph\u1ee5c s\u1ed1 \u0111\u00f4ng? Thi\u00ean t\u00e0i l\u00e0 nh\u1edd d\u01b0\u1ee1ng d\u1ee5c hay t\u1ef1 nhi\u00ean? V\u00f4 th\u1ee9c \u0111i\u1ec1u khi\u1ec3n ch\u00fang ta nh\u01b0 th\u1ebf n\u00e0o? Nh\u1eefng c\u00e2u h\u1ecfi nh\u01b0 tr\u00ean ch\u00ednh l\u00e0 ti\u1ec1n \u0111\u1ec1 cho c\u00e1c c\u00f4ng tr\u00ecnh c\u1ee7a nhi\u1ec1u t\u01b0 t\u01b0\u1edfng gia v\u00e0 khoa h\u1ecdc gia l\u1edbn c\u1ee7a th\u1ebf gi\u1edbi, trong m\u1ed9t l\u0129nh v\u1ef1c gi\u00e0u s\u1ee9c l\u00f4i cu\u1ed1n, \u0111\u00f3 l\u00e0 t\u00e2m l\u00ed h\u1ecdc.<\/p>\n<p>V\u1edbi v\u0103n phong d\u1ec5 hi\u1ec3u v\u00e0 s\u00e1ng s\u1ee7a, T\u00e2m l\u00ed h\u1ecdc \u2013 Kh\u00e1i l\u01b0\u1ee3c nh\u1eefng t\u01b0 t\u01b0\u1edfng l\u1edbn l\u00e0 t\u1eadp h\u1ee3p nh\u1eefng b\u00e0i vi\u1ebft ng\u1eafn g\u1ecdn h\u00e0m s\u00fac gi\u1ea3i th\u00edch r\u00f5 nh\u1eefng \u0111i\u1ec1u kh\u00f3 hi\u1ec3u, nh\u1eefng s\u01a1 \u0111\u1ed3 gi\u00fap l\u00e0m s\u00e1ng t\u1ecf nh\u1eefng l\u00ed thuy\u1ebft r\u1ed1i r\u1eafm, nh\u1eefng tr\u00edch d\u1eabn d\u1ec5 nh\u1edb, c\u00f9ng nh\u1eefng minh h\u1ecda d\u00ed d\u1ecfm gi\u00fap ch\u00fang ta ch\u01a1i \u0111\u00f9a v\u1edbi nh\u1eefng ki\u1ebfn th\u1ee9c n\u1ec1n t\u1ea3ng v\u1ec1 t\u00e2m l\u00ed h\u1ecdc.<\/p>\n<p>\u201cTrong m\u1ecdi ng\u00e0nh khoa h\u1ecdc, t\u00e2m l\u00ed h\u1ecdc c\u00f3 l\u1ebd l\u00e0 ng\u00e0nh b\u00ed hi\u1ec3m nh\u1ea5t v\u1edbi \u0111\u1ea1i ch\u00fang, v\u00e0 c\u0169ng th\u01b0\u1eddng b\u1ecb hi\u1ec3u l\u1ea7m nh\u1ea5t. D\u00f9 ng\u00f4n ng\u1eef v\u00e0 nh\u1eefng quan \u0111i\u1ec3m c\u1ee7a t\u00e2m l\u00ed h\u1ecdc \u0111\u00e3 th\u00e2m nh\u1eadp v\u00e0o v\u0103n h\u00f3a th\u01b0\u1eddng ng\u00e0y, nh\u01b0ng h\u1ea7u h\u1ebft m\u1ecdi ng\u01b0\u1eddi ch\u1ec9 hi\u1ec3u m\u01a1 h\u1ed3 v\u1ec1 th\u1ef1c ch\u1ea5t c\u1ee7a t\u00e2m l\u00ed h\u1ecdc, v\u00e0 v\u1ec1 vi\u1ec7c trong th\u1ef1c t\u1ebf c\u00e1c nh\u00e0 t\u00e2m l\u00ed h\u1ecdc l\u00e0m g\u00ec.<\/p>\n<p>T\u00e2m l\u00ed h\u1ecdc c\u00f3 th\u1ec3 \u0111\u01b0\u1ee3c xem l\u00e0 c\u1ea7u n\u1ed1i gi\u1eefa tri\u1ebft h\u1ecdc v\u00e0 sinh l\u00ed h\u1ecdc. Trong khi sinh l\u00ed h\u1ecdc m\u00f4 t\u1ea3 v\u00e0 gi\u1ea3i th\u00edch c\u01a1 s\u1edf v\u1eadt ch\u1ea5t c\u1ee7a n\u00e3o b\u1ed9 v\u00e0 h\u1ec7 th\u1ea7n kinh th\u00ec t\u00e2m l\u00ed h\u1ecdc kh\u1ea3o s\u00e1t c\u00e1c qu\u00e1 tr\u00ecnh t\u00e2m tr\u00ed di\u1ec5n ra trong \u0111\u00f3, xem ch\u00fang b\u1ed9c l\u1ed9 nh\u01b0 th\u1ebf n\u00e0o trong \u00fd ngh\u0129a, l\u1eddi n\u00f3i v\u00e0 h\u00e0nh vi c\u1ee7a ch\u00fang ta. Trong khi tri\u1ebft h\u1ecdc quan t\u00e2m t\u1edbi nh\u1eefng \u00fd ngh\u0129a v\u00e0 t\u01b0 t\u01b0\u1edfng th\u00ec t\u00e2m l\u00ed h\u1ecdc nghi\u00ean c\u1ee9u v\u1ea5n \u0111\u1ec1 l\u00e0m th\u1ebf n\u00e0o ta c\u00f3 \u0111\u01b0\u1ee3c ch\u00fang, v\u00e0 ch\u00fang n\u00f3i n\u00ean \u0111i\u1ec1u g\u00ec v\u1ec1 ho\u1ea1t \u0111\u1ed9ng c\u1ee7a t\u00e2m tr\u00ed ta.\u201d<\/p>\n","protected":false},"excerpt":{"rendered":"<p>Ta c\u00f3 th\u1ef1c s\u1ef1 l\u00e0 nh\u1eefng c\u00e1 nh\u00e2n t\u1ef1 do v\u1edbi b\u1ea3n s\u1eafc ri\u00eang\u2026 hay t\u1ea5t c\u1ea3 ch\u00fang ta \u0111\u1ec1u ch\u1ec9 bi\u1ebft tu\u00e2n ph\u1ee5c s\u1ed1 \u0111\u00f4ng? Thi\u00ean t\u00e0i l\u00e0 nh\u1edd d\u01b0\u1ee1ng d\u1ee5c hay t\u1ef1 nhi\u00ean? V\u00f4 th\u1ee9c \u0111i\u1ec1u khi\u1ec3n ch\u00fang ta nh\u01b0 th\u1ebf n\u00e0o? Nh\u1eefng c\u00e2u h\u1ecfi nh\u01b0 tr\u00ean ch\u00ednh l\u00e0 ti\u1ec1n \u0111\u1ec1 cho c\u00e1c c\u00f4ng tr\u00ecnh c\u1ee7a nhi\u1ec1u t\u01b0 t\u01b0\u1edfng gia v\u00e0 khoa h\u1ecdc gia l\u1edbn c\u1ee7a th\u1ebf gi\u1edbi, trong m\u1ed9t l\u0129nh v\u1ef1c gi\u00e0u s\u1ee9c l\u00f4i cu\u1ed1n, \u0111\u00f3 l\u00e0 t\u00e2m l\u00ed h\u1ecdc.<\/p>\n<p>V\u1edbi v\u0103n phong d\u1ec5 hi\u1ec3u v\u00e0 s\u00e1ng s\u1ee7a, T\u00e2m l\u00ed h\u1ecdc \u2013 Kh\u00e1i l\u01b0\u1ee3c nh\u1eefng t\u01b0 t\u01b0\u1edfng l\u1edbn l\u00e0 t\u1eadp h\u1ee3p nh\u1eefng b\u00e0i vi\u1ebft ng\u1eafn g\u1ecdn h\u00e0m s\u00fac gi\u1ea3i th\u00edch r\u00f5 nh\u1eefng \u0111i\u1ec1u kh\u00f3 hi\u1ec3u, nh\u1eefng s\u01a1 \u0111\u1ed3 gi\u00fap l\u00e0m s\u00e1ng t\u1ecf nh\u1eefng l\u00ed thuy\u1ebft r\u1ed1i r\u1eafm, nh\u1eefng tr\u00edch d\u1eabn d\u1ec5 nh\u1edb, c\u00f9ng nh\u1eefng minh h\u1ecda d\u00ed d\u1ecfm gi\u00fap ch\u00fang ta ch\u01a1i \u0111\u00f9a v\u1edbi nh\u1eefng ki\u1ebfn th\u1ee9c n\u1ec1n t\u1ea3ng v\u1ec1 t\u00e2m l\u00ed h\u1ecdc.<\/p>\n<p>\u201cTrong m\u1ecdi ng\u00e0nh khoa h\u1ecdc, t\u00e2m l\u00ed h\u1ecdc c\u00f3 l\u1ebd l\u00e0 ng\u00e0nh b\u00ed hi\u1ec3m nh\u1ea5t v\u1edbi \u0111\u1ea1i ch\u00fang, v\u00e0 c\u0169ng th\u01b0\u1eddng b\u1ecb hi\u1ec3u l\u1ea7m nh\u1ea5t. D\u00f9 ng\u00f4n ng\u1eef v\u00e0 nh\u1eefng quan \u0111i\u1ec3m c\u1ee7a t\u00e2m l\u00ed h\u1ecdc \u0111\u00e3 th\u00e2m nh\u1eadp v\u00e0o v\u0103n h\u00f3a th\u01b0\u1eddng ng\u00e0y, nh\u01b0ng h\u1ea7u h\u1ebft m\u1ecdi ng\u01b0\u1eddi ch\u1ec9 hi\u1ec3u m\u01a1 h\u1ed3 v\u1ec1 th\u1ef1c ch\u1ea5t c\u1ee7a t\u00e2m l\u00ed h\u1ecdc, v\u00e0 v\u1ec1 vi\u1ec7c trong th\u1ef1c t\u1ebf c\u00e1c nh\u00e0 t\u00e2m l\u00ed h\u1ecdc l\u00e0m g\u00ec.<\/p>\n<p>T\u00e2m l\u00ed h\u1ecdc c\u00f3 th\u1ec3 \u0111\u01b0\u1ee3c xem l\u00e0 c\u1ea7u n\u1ed1i gi\u1eefa tri\u1ebft h\u1ecdc v\u00e0 sinh l\u00ed h\u1ecdc. Trong khi sinh l\u00ed h\u1ecdc m\u00f4 t\u1ea3 v\u00e0 gi\u1ea3i th\u00edch c\u01a1 s\u1edf v\u1eadt ch\u1ea5t c\u1ee7a n\u00e3o b\u1ed9 v\u00e0 h\u1ec7 th\u1ea7n kinh th\u00ec t\u00e2m l\u00ed h\u1ecdc kh\u1ea3o s\u00e1t c\u00e1c qu\u00e1 tr\u00ecnh t\u00e2m tr\u00ed di\u1ec5n ra trong \u0111\u00f3, xem ch\u00fang b\u1ed9c l\u1ed9 nh\u01b0 th\u1ebf n\u00e0o trong \u00fd ngh\u0129a, l\u1eddi n\u00f3i v\u00e0 h\u00e0nh vi c\u1ee7a ch\u00fang ta. Trong khi tri\u1ebft h\u1ecdc quan t\u00e2m t\u1edbi nh\u1eefng \u00fd ngh\u0129a v\u00e0 t\u01b0 t\u01b0\u1edfng th\u00ec t\u00e2m l\u00ed h\u1ecdc nghi\u00ean c\u1ee9u v\u1ea5n \u0111\u1ec1 l\u00e0m th\u1ebf n\u00e0o ta c\u00f3 \u0111\u01b0\u1ee3c ch\u00fang, v\u00e0 ch\u00fang n\u00f3i n\u00ean \u0111i\u1ec1u g\u00ec v\u1ec1 ho\u1ea1t \u0111\u1ed9ng c\u1ee7a t\u00e2m tr\u00ed ta.\u201d<\/p>\n","protected":false},"featured_media":22482,"template":"","meta":{"_acf_changed":false},"product_brand":[],"product_cat":[18,15,46],"product_tag":[83],"class_list":{"0":"post-22483","1":"product","2":"type-product","3":"status-publish","4":"has-post-thumbnail","6":"product_cat-kinh-te","7":"product_cat-sach-danh-cho-nguoi-lon","8":"product_cat-ky-nang-song","9":"product_tag-sach-moi-xuat-ban","11":"first","12":"outofstock","13":"taxable","14":"shipping-taxable","15":"purchasable","16":"product-type-simple"},"supplier_id":null,"supplier_sku":"","barcode":null,"atum_controlled":true,"out_stock_date":"2023-12-11 08:50:30","out_stock_threshold":null,"inheritable":false,"inbound_stock":0,"stock_on_hold":0,"sold_today":0,"sales_last_days":0,"reserved_stock":0,"customer_returns":0,"warehouse_damage":0,"lost_in_post":0,"other_logs":0,"out_stock_days":779,"lost_sales":0,"has_location":false,"update_date":"2026-01-28T23:11:09","atum_locations":[],"atum_stock_status":"outofstock","restock_status":false,"low_stock_amount":"","sales_update_date":"2026-01-28T23:11:09","calc_backorders":null,"acf":{"publisher":{"ID":1544,"post_author":"1","post_date":"2021-02-17 01:24:05","post_date_gmt":"2021-02-16 23:24:05","post_content":"","post_title":"\u0110\u00f4ng A","post_excerpt":"","post_status":"publish","comment_status":"closed","ping_status":"closed","post_password":"","post_name":"dong-a","to_ping":"","pinged":"","post_modified":"2021-02-17 01:24:05","post_modified_gmt":"2021-02-16 23:24:05","post_content_filtered":"","post_parent":0,"guid":"https:\/\/sachviet.eu\/nha-phat-hanh\/dong-a\/","menu_order":0,"post_type":"publisher","post_mime_type":"","comment_count":"0","filter":"raw"}},"_links":{"self":[{"href":"https:\/\/sachviet.eu\/en\/wp-json\/wp\/v2\/product\/22483","targetHints":{"allow":["GET"]}}],"collection":[{"href":"https:\/\/sachviet.eu\/en\/wp-json\/wp\/v2\/product"}],"about":[{"href":"https:\/\/sachviet.eu\/en\/wp-json\/wp\/v2\/types\/product"}],"wp:featuredmedia":[{"embeddable":true,"href":"https:\/\/sachviet.eu\/en\/wp-json\/wp\/v2\/media\/22482"}],"wp:attachment":[{"href":"https:\/\/sachviet.eu\/en\/wp-json\/wp\/v2\/media?parent=22483"}],"wp:term":[{"taxonomy":"product_brand","embeddable":true,"href":"https:\/\/sachviet.eu\/en\/wp-json\/wp\/v2\/product_brand?post=22483"},{"taxonomy":"product_cat","embeddable":true,"href":"https:\/\/sachviet.eu\/en\/wp-json\/wp\/v2\/product_cat?post=22483"},{"taxonomy":"product_tag","embeddable":true,"href":"https:\/\/sachviet.eu\/en\/wp-json\/wp\/v2\/product_tag?post=22483"}],"curies":[{"name":"wp","href":"https:\/\/api.w.org\/{rel}","templated":true}]}}