{"id":22476,"date":"2023-01-21T21:39:07","date_gmt":"2023-01-21T19:39:07","guid":{"rendered":"https:\/\/sachviet.eu\/shop\/bo-sach-nhung-ve-than-cua-tuoi-tho-william-joyce\/"},"modified":"2023-01-22T00:28:26","modified_gmt":"2023-01-21T22:28:26","slug":"bo-sach-nhung-ve-than-cua-tuoi-tho-william-joyce","status":"publish","type":"product","link":"https:\/\/sachviet.eu\/en\/shop\/bo-sach-nhung-ve-than-cua-tuoi-tho-william-joyce\/","title":{"rendered":"B\u1ed9 s\u00e1ch NH\u1eeeNG V\u1ec6 TH\u1ea6N C\u1ee6A TU\u1ed4I TH\u01a0 &#8211; WILLIAM JOYCE"},"content":{"rendered":"<p>Ng\u01b0\u1eddi Cung Tr\u0103ng l\u00e0 v\u1ecb v\u1ec7 th\u1ea7n \u0111\u1ea7u ti\u00ean l\u1eafng nghe v\u00e0 b\u1ea3o v\u1ec7 tr\u1ebb th\u01a1 tr\u00ean Tr\u00e1i \u0110\u1ea5t, v\u1ecb v\u1ec7 th\u1ea7n \u0111\u00e3 \u0111\u00e1nh th\u1ee9c c\u00e1c v\u1ec7 th\u1ea7n kh\u00e1c. Tr\u01b0\u1edbc khi tr\u1edf th\u00e0nh v\u1ec7 th\u1ea7n, Ng\u01b0\u1eddi Cung Tr\u0103ng c\u0169ng nh\u01b0 bao nhi\u00eau em b\u00e9 kh\u00e1c, c\u00f3 m\u1ed9t gia \u0111\u00ecnh h\u1ea1nh ph\u00fac t\u1ea1i K\u1ef7 Nguy\u00ean V\u00e0ng. Nh\u01b0ng r\u1ed3i, Pitch \u2013 Vua \u00c1c M\u1ed9ng \u0111\u00e3 t\u1ea5n c\u00f4ng v\u00e0 h\u1ee7y ho\u1ea1i K\u1ef7 Nguy\u00ean V\u00e0ng, c\u01b0\u1edbp \u0111i nh\u1eefng ng\u01b0\u1eddi th\u00e2n y\u00eau nh\u1ea5t c\u1ee7a Ng\u01b0\u1eddi Cung Tr\u0103ng khi c\u1eadu ch\u1ec9 l\u00e0 m\u1ed9t b\u00e9 con ch\u1ec9 bi\u1ebft k\u00eau \u201cT\u00fat t\u00fat!\u201d<\/p>\n<p>Th\u1ea7n M\u1ed9ng M\u01a1 hay c\u00f2n \u0111\u01b0\u1ee3c g\u1ecdi l\u00e0 Sandman g\u00e2y \u1ea5n t\u01b0\u1ee3ng trong b\u1ed9 phim \u201cS\u1ef1 tr\u1ed7i d\u1eady c\u1ee7a c\u00e1c v\u1ec7 th\u1ea7n\u201d b\u1edfi v\u1ebb ngo\u00e0i \u0111\u00e1ng y\u00eau v\u00e0 s\u1ee9c m\u1ea1nh k\u1ef3 v\u0129. M\u00e0u c\u00e1t v\u00e0ng t\u1eeb ph\u00e9p thu\u1eadt c\u1ee7a Th\u1ea7n M\u1ed9ng M\u01a1 \u0111\u00e3 t\u1ea1o n\u00ean nh\u1eefng th\u01b0\u1edbc phim \u0111\u1eb9p nh\u1ea5t c\u1ee7a si\u00eau ph\u1ea9m.<\/p>\n<p>Th\u1ea7n M\u1ed9ng M\u01a1 v\u1ed1n l\u00e0 ng\u01b0\u1eddi b\u1ea3o v\u1ec7 c\u00e1c gi\u1ea5c m\u01a1 v\u00e0 hi\u1ec7n th\u1ef1c h\u00f3a c\u00e1c gi\u1ea5c m\u01a1 \u1edf K\u1ef7 Nguy\u00ean V\u00e0ng. Trong tr\u1eadn chi\u1ebfn v\u1edbi Pitch, Th\u1ea7n M\u1ed9ng M\u01a1 \u0111\u00e3 d\u0169ng c\u1ea3m chi\u1ebfn \u0111\u1ea5u v\u00e0 hi sinh, r\u01a1i v\u00e0o gi\u1ea5c ng\u1ee7 s\u00e2u mi\u00ean vi\u1ec5n. Ng\u01b0\u1eddi Cung Tr\u0103ng \u0111\u00e3 \u0111\u00e1nh th\u1ee9c Th\u1ea7n M\u1ed9ng M\u01a1 v\u00e0 giao cho ch\u00e0ng nhi\u1ec7m v\u1ee5 b\u1ea3o v\u1ec7 gi\u1ea5c m\u01a1 cho tr\u1ebb th\u01a1 tr\u00ean Tr\u00e1i \u0110\u1ea5t.<\/p>\n<p>C\u1eadu b\u00e9 Jack Frost tinh ngh\u1ecbch, t\u00e2m \u0111i\u1ec3m c\u1ee7a b\u1ed9 phim \u201cS\u1ef1 tr\u1ed7i d\u1eady c\u1ee7a nh\u1eefng v\u1ec7 th\u1ea7n\u201d c\u00f3 m\u1ed9t qu\u00e1 kh\u1ee9 \u0111\u1eb9p \u0111\u1ebd v\u00e0 anh d\u0169ng.<\/p>\n<p>Kh\u00f4ng gi\u1ed1ng nh\u01b0 n\u1ed9i dung trong phim, cu\u1ed1n s\u00e1ch tranh 60 trang \u201cJack Frost\u201d k\u1ec3 v\u1ec1 m\u1ed9t qu\u00e1 kh\u1ee9 kh\u00e1c c\u1ee7a Jackson ph\u1ee7 b\u0103ng m\u1ecdi n\u1ebbo.<\/p>\n<p>V\u1ed1n l\u00e0 ng\u01b0\u1eddi b\u1ea3o v\u1ec7 cho Ng\u01b0\u1eddi Cung Tr\u0103ng khi c\u00f2n nh\u1ecf v\u1edbi c\u00e1i t\u00ean \u00c1nh \u0110\u00eam, Jack Frost \u0111\u00e3 chi\u1ebfn \u0111\u1ea5u anh d\u0169ng \u0111\u1ebfn ph\u00fat cu\u1ed1i ch\u1ed1ng l\u1ea1i Pitch Vua \u00c1c M\u1ed9ng v\u00e0 r\u01a1i xu\u1ed1ng Tr\u00e1i \u0110\u1ea5t. N\u1ebfu Th\u1ea7n M\u1ed9ng M\u01a1 ch\u00ecm trong gi\u1ea5c ng\u1ee7 v\u00e0ng mi\u00ean vi\u1ec5n th\u00ec \u00c1nh \u0110\u00eam b\u1ecb h\u00f3a b\u0103ng v\u00e0 khi th\u1ee9c d\u1eady, c\u1eadu m\u1ea5t \u0111i to\u00e0n b\u1ed9 k\u00fd \u1ee9c.<\/p>\n","protected":false},"excerpt":{"rendered":"<p>Ng\u01b0\u1eddi Cung Tr\u0103ng l\u00e0 v\u1ecb v\u1ec7 th\u1ea7n \u0111\u1ea7u ti\u00ean l\u1eafng nghe v\u00e0 b\u1ea3o v\u1ec7 tr\u1ebb th\u01a1 tr\u00ean Tr\u00e1i \u0110\u1ea5t, v\u1ecb v\u1ec7 th\u1ea7n \u0111\u00e3 \u0111\u00e1nh th\u1ee9c c\u00e1c v\u1ec7 th\u1ea7n kh\u00e1c. Tr\u01b0\u1edbc khi tr\u1edf th\u00e0nh v\u1ec7 th\u1ea7n, Ng\u01b0\u1eddi Cung Tr\u0103ng c\u0169ng nh\u01b0 bao nhi\u00eau em b\u00e9 kh\u00e1c, c\u00f3 m\u1ed9t gia \u0111\u00ecnh h\u1ea1nh ph\u00fac t\u1ea1i K\u1ef7 Nguy\u00ean V\u00e0ng. Nh\u01b0ng r\u1ed3i, Pitch \u2013 Vua \u00c1c M\u1ed9ng \u0111\u00e3 t\u1ea5n c\u00f4ng v\u00e0 h\u1ee7y ho\u1ea1i K\u1ef7 Nguy\u00ean V\u00e0ng, c\u01b0\u1edbp \u0111i nh\u1eefng ng\u01b0\u1eddi th\u00e2n y\u00eau nh\u1ea5t c\u1ee7a Ng\u01b0\u1eddi Cung Tr\u0103ng khi c\u1eadu ch\u1ec9 l\u00e0 m\u1ed9t b\u00e9 con ch\u1ec9 bi\u1ebft k\u00eau \u201cT\u00fat t\u00fat!\u201d<\/p>\n<p>Th\u1ea7n M\u1ed9ng M\u01a1 hay c\u00f2n \u0111\u01b0\u1ee3c g\u1ecdi l\u00e0 Sandman g\u00e2y \u1ea5n t\u01b0\u1ee3ng trong b\u1ed9 phim \u201cS\u1ef1 tr\u1ed7i d\u1eady c\u1ee7a c\u00e1c v\u1ec7 th\u1ea7n\u201d b\u1edfi v\u1ebb ngo\u00e0i \u0111\u00e1ng y\u00eau v\u00e0 s\u1ee9c m\u1ea1nh k\u1ef3 v\u0129. M\u00e0u c\u00e1t v\u00e0ng t\u1eeb ph\u00e9p thu\u1eadt c\u1ee7a Th\u1ea7n M\u1ed9ng M\u01a1 \u0111\u00e3 t\u1ea1o n\u00ean nh\u1eefng th\u01b0\u1edbc phim \u0111\u1eb9p nh\u1ea5t c\u1ee7a si\u00eau ph\u1ea9m.<\/p>\n<p>Th\u1ea7n M\u1ed9ng M\u01a1 v\u1ed1n l\u00e0 ng\u01b0\u1eddi b\u1ea3o v\u1ec7 c\u00e1c gi\u1ea5c m\u01a1 v\u00e0 hi\u1ec7n th\u1ef1c h\u00f3a c\u00e1c gi\u1ea5c m\u01a1 \u1edf K\u1ef7 Nguy\u00ean V\u00e0ng. Trong tr\u1eadn chi\u1ebfn v\u1edbi Pitch, Th\u1ea7n M\u1ed9ng M\u01a1 \u0111\u00e3 d\u0169ng c\u1ea3m chi\u1ebfn \u0111\u1ea5u v\u00e0 hi sinh, r\u01a1i v\u00e0o gi\u1ea5c ng\u1ee7 s\u00e2u mi\u00ean vi\u1ec5n. Ng\u01b0\u1eddi Cung Tr\u0103ng \u0111\u00e3 \u0111\u00e1nh th\u1ee9c Th\u1ea7n M\u1ed9ng M\u01a1 v\u00e0 giao cho ch\u00e0ng nhi\u1ec7m v\u1ee5 b\u1ea3o v\u1ec7 gi\u1ea5c m\u01a1 cho tr\u1ebb th\u01a1 tr\u00ean Tr\u00e1i \u0110\u1ea5t.<\/p>\n<p>C\u1eadu b\u00e9 Jack Frost tinh ngh\u1ecbch, t\u00e2m \u0111i\u1ec3m c\u1ee7a b\u1ed9 phim \u201cS\u1ef1 tr\u1ed7i d\u1eady c\u1ee7a nh\u1eefng v\u1ec7 th\u1ea7n\u201d c\u00f3 m\u1ed9t qu\u00e1 kh\u1ee9 \u0111\u1eb9p \u0111\u1ebd v\u00e0 anh d\u0169ng.<\/p>\n<p>Kh\u00f4ng gi\u1ed1ng nh\u01b0 n\u1ed9i dung trong phim, cu\u1ed1n s\u00e1ch tranh 60 trang \u201cJack Frost\u201d k\u1ec3 v\u1ec1 m\u1ed9t qu\u00e1 kh\u1ee9 kh\u00e1c c\u1ee7a Jackson ph\u1ee7 b\u0103ng m\u1ecdi n\u1ebbo.<\/p>\n<p>V\u1ed1n l\u00e0 ng\u01b0\u1eddi b\u1ea3o v\u1ec7 cho Ng\u01b0\u1eddi Cung Tr\u0103ng khi c\u00f2n nh\u1ecf v\u1edbi c\u00e1i t\u00ean \u00c1nh \u0110\u00eam, Jack Frost \u0111\u00e3 chi\u1ebfn \u0111\u1ea5u anh d\u0169ng \u0111\u1ebfn ph\u00fat cu\u1ed1i ch\u1ed1ng l\u1ea1i Pitch Vua \u00c1c M\u1ed9ng v\u00e0 r\u01a1i xu\u1ed1ng Tr\u00e1i \u0110\u1ea5t. N\u1ebfu Th\u1ea7n M\u1ed9ng M\u01a1 ch\u00ecm trong gi\u1ea5c ng\u1ee7 v\u00e0ng mi\u00ean vi\u1ec5n th\u00ec \u00c1nh \u0110\u00eam b\u1ecb h\u00f3a b\u0103ng v\u00e0 khi th\u1ee9c d\u1eady, c\u1eadu m\u1ea5t \u0111i to\u00e0n b\u1ed9 k\u00fd \u1ee9c.<\/p>\n","protected":false},"featured_media":22473,"template":"","meta":{"_acf_changed":false},"product_brand":[],"product_cat":[25,17,26],"product_tag":[83],"class_list":{"0":"post-22476","1":"product","2":"type-product","3":"status-publish","4":"has-post-thumbnail","6":"product_cat-nhi-dong-6-tuoi-12-tuoi","7":"product_cat-sach-danh-cho-cac-be","8":"product_cat-thieu-nien-11-tuoi-18-tuoi","9":"product_tag-sach-moi-xuat-ban","11":"first","12":"instock","13":"taxable","14":"shipping-taxable","15":"purchasable","16":"product-type-simple"},"supplier_id":null,"supplier_sku":"","barcode":null,"atum_controlled":true,"out_stock_date":null,"out_stock_threshold":null,"inheritable":false,"inbound_stock":0,"stock_on_hold":0,"sold_today":0,"sales_last_days":0,"reserved_stock":0,"customer_returns":0,"warehouse_damage":0,"lost_in_post":0,"other_logs":0,"out_stock_days":0,"lost_sales":0,"has_location":false,"update_date":"2026-01-28T23:11:09","atum_locations":[],"atum_stock_status":"instock","restock_status":false,"low_stock_amount":"","sales_update_date":"2026-01-28T23:11:09","calc_backorders":null,"acf":{"publisher":{"ID":22472,"post_author":"1","post_date":"2023-01-21 21:38:54","post_date_gmt":"2023-01-21 19:38:54","post_content":"","post_title":"Hunter Book","post_excerpt":"","post_status":"publish","comment_status":"closed","ping_status":"closed","post_password":"","post_name":"hunter-book","to_ping":"","pinged":"","post_modified":"2023-01-21 21:38:54","post_modified_gmt":"2023-01-21 19:38:54","post_content_filtered":"","post_parent":0,"guid":"https:\/\/sachviet.eu\/nha-phat-hanh\/hunter-book\/","menu_order":0,"post_type":"publisher","post_mime_type":"","comment_count":"0","filter":"raw"}},"_links":{"self":[{"href":"https:\/\/sachviet.eu\/en\/wp-json\/wp\/v2\/product\/22476","targetHints":{"allow":["GET"]}}],"collection":[{"href":"https:\/\/sachviet.eu\/en\/wp-json\/wp\/v2\/product"}],"about":[{"href":"https:\/\/sachviet.eu\/en\/wp-json\/wp\/v2\/types\/product"}],"wp:featuredmedia":[{"embeddable":true,"href":"https:\/\/sachviet.eu\/en\/wp-json\/wp\/v2\/media\/22473"}],"wp:attachment":[{"href":"https:\/\/sachviet.eu\/en\/wp-json\/wp\/v2\/media?parent=22476"}],"wp:term":[{"taxonomy":"product_brand","embeddable":true,"href":"https:\/\/sachviet.eu\/en\/wp-json\/wp\/v2\/product_brand?post=22476"},{"taxonomy":"product_cat","embeddable":true,"href":"https:\/\/sachviet.eu\/en\/wp-json\/wp\/v2\/product_cat?post=22476"},{"taxonomy":"product_tag","embeddable":true,"href":"https:\/\/sachviet.eu\/en\/wp-json\/wp\/v2\/product_tag?post=22476"}],"curies":[{"name":"wp","href":"https:\/\/api.w.org\/{rel}","templated":true}]}}