{"id":22469,"date":"2023-01-21T21:38:42","date_gmt":"2023-01-21T19:38:42","guid":{"rendered":"https:\/\/sachviet.eu\/shop\/combo-2-cuon-magnus-weightman-minh-hoa-mau-kho-dai-ve-nha-thoi-hai-li-va-lenh-denh-theo-dong-xanh\/"},"modified":"2023-07-21T20:31:41","modified_gmt":"2023-07-21T17:31:41","slug":"combo-2-cuon-magnus-weightman-minh-hoa-mau-kho-dai-ve-nha-thoi-hai-li-va-lenh-denh-theo-dong-xanh","status":"publish","type":"product","link":"https:\/\/sachviet.eu\/en\/shop\/combo-2-cuon-magnus-weightman-minh-hoa-mau-kho-dai-ve-nha-thoi-hai-li-va-lenh-denh-theo-dong-xanh\/","title":{"rendered":"Combo 2 cu\u1ed1n Magnus Weightman minh h\u1ecda m\u00e0u kh\u1ed5 \u0111\u1ea1i &#8211; V\u1ec0 NH\u00c0 TH\u00d4I, H\u1ea2I LI! v\u00e0 L\u00caNH \u0110\u00caNH THEO D\u00d2NG XANH"},"content":{"rendered":"<p>Trong cu\u1ed1n s\u00e1ch n\u00e0y, ho\u1ea1 s\u0129 minh ho\u1ea1 ki\u00eam ki\u1ebfn tr\u00fac s\u01b0 Magnus Weightman s\u1ebd \u0111\u01b0a c\u00e1c \u0111\u1ed9c gi\u1ea3 nh\u00ed \u0111i v\u00f2ng quanh th\u1ebf gi\u1edbi, t\u00ecm hi\u1ec3u v\u1ec1 nh\u00e0 c\u1ee7a \u0111\u1ee7 lo\u1ea1i sinh v\u1eadt tr\u00ean \u0111\u1eddi! N\u00e9t v\u1ebd \u0111\u01a1n gi\u1ea3n nh\u01b0ng v\u00f4 c\u00f9ng chi ti\u1ebft v\u00e0 t\u1ec9 m\u1ec9, nh\u1eefng trang s\u00e1ch c\u1ee7a V\u1ec1 nh\u00e0 th\u00f4i, H\u1ea3i Li! s\u1ebd mang t\u1edbi cho c\u00e1c b\u1ea1n \u0111\u1ecdc nh\u1ecf tu\u1ed5i nhi\u1ec1u b\u1ea5t ng\u1edd th\u00fa v\u1ecb, h\u00e3y c\u00f9ng kh\u00e1m ph\u00e1 n\u00e0o! <\/p>\n<p>M\u1ed9t ng\u00e0y n\u1ecd, H\u1ea3i Li r\u1eddi m\u00e1i \u1ea5m n\u01a1i b\u1edd s\u00f4ng \u0111\u1ec3 l\u00ean \u0111\u01b0\u1eddng chu du th\u1ebf gi\u1edbi. <\/p>\n<p>Khi ch\u00fa l\u1ea1c \u0111\u01b0\u1eddng \u1edf m\u1ed9t n\u01a1i xa x\u00f4i, Ch\u00f3 Akita \u0111\u00e3 gi\u00fap \u0111\u01b0a ch\u00fa v\u1ec1 nh\u00e0. V\u1ea5n \u0111\u1ec1 l\u00e0, nh\u00e0 c\u1ee7a H\u1ea3i Li nom ra sao? Ch\u00fa s\u1ed1ng trong chi\u1ebfc t\u1ed5 chon von tr\u00ean c\u00e0nh c\u00e2y ch\u0103ng? Hay d\u01b0\u1edbi m\u1ed9t hang s\u00e2u k\u00edn \u0111\u00e1o t\u1eadn \u0111\u00e1y bi\u1ec3n? Chi\u1ebfc khinh kh\u00ed c\u1ea7u \u0111\u01b0a H\u1ea3i Li v\u00e0 Ch\u00f3 Akita \u0111\u1ebfn mu\u00f4n n\u01a1i, t\u00ecm \u0111\u00fang ng\u00f4i nh\u00e0 m\u00e0 H\u1ea3i Li h\u1eb1ng mong nh\u1edb.<\/p>\n<p>V\u1edbi L\u00eanh \u0111\u00eanh theo d\u00f2ng xanh c\u1ee7a t\u00e1c gi\u1ea3 Magnus Weightman kh\u00f4ng \u0111\u01a1n thu\u1ea7n l\u00e0 cu\u1ed1n s\u00e1ch tranh th\u00f4ng th\u01b0\u1eddng m\u00e0 gi\u1ed1ng nh\u01b0 m\u1ed9t tr\u00f2 ch\u01a1i tr\u1ed1n t\u00ecm, k\u00edch th\u00edch \u00f3c quan s\u00e1t c\u1ee7a c\u00e1c em nh\u1ecf. M\u1ed7i trang s\u00e1ch \u0111\u1ec1u \u1ea9n ch\u1ee9a nhi\u1ec1u b\u1ea5t ng\u1edd th\u00fa v\u1ecb, em h\u00e3y ch\u00fa \u00fd theo d\u00f5i \u0111\u1ec3 kh\u00e1m ph\u00e1 cu\u1ed9c h\u00e0nh tr\u00ecnh c\u1ee7a t\u1eebng nh\u00e2n v\u1eadt xu\u1ea5t hi\u1ec7n trong cu\u1ed1n s\u00e1ch \u0111\u1eb7c bi\u1ec7t n\u00e0y nh\u00e9! <\/p>\n<p>Ch\u00fa v\u1ecbt \u0111\u1ed3 ch\u01a1i c\u1ee7a Th\u1ecf B\u00f4ng v\u1eeba bi\u1ebfn m\u1ea5t! C\u00f4 b\u00e9 b\u00e8n c\u00f9ng c\u00e1c anh trai l\u00ean thuy\u1ec1n xu\u00f4i d\u00f2ng t\u00ecm V\u1ecbt Con. H\u00e3y c\u00f9ng h\u1ecd chu du t\u1eeb n\u00fai cao xu\u1ed1ng bi\u1ec3n r\u1ed9ng, nhi\u1ec1u cu\u1ed9c phi\u00eau l\u01b0u th\u00fa v\u1ecb \u0111ang ch\u1edd \u0111\u00f3n tr\u00ean m\u1ed7i ch\u1eb7ng \u0111\u01b0\u1eddng! M\u1ed7i khung c\u1ea3nh l\u1ea1i \u1ea9n ch\u1ee9a nhi\u1ec1u b\u00ed m\u1eadt hay ho: T\u1ea1i sao L\u1ee3n L\u00f2i l\u1ea1i v\u1ed9i v\u00e3 th\u1ebf? C\u1eebu Laura v\u1eeba c\u00e2u \u0111\u01b0\u1ee3c th\u1ee9 g\u00ec? Thi\u00ean Nga Sippi \u0111ang \u0111\u1ecbnh b\u00e0y tr\u00f2 ngh\u1ecbch ng\u1ee3m n\u00e0o th\u1ebf nh\u1ec9? V\u00e0 \u0111i\u1ec1u quan tr\u1ecdng nh\u1ea5t, V\u1ecbt Con \u0111ang \u1edf \u0111\u00e2u? <\/p>\n","protected":false},"excerpt":{"rendered":"<p>Trong cu\u1ed1n s\u00e1ch n\u00e0y, ho\u1ea1 s\u0129 minh ho\u1ea1 ki\u00eam ki\u1ebfn tr\u00fac s\u01b0 Magnus Weightman s\u1ebd \u0111\u01b0a c\u00e1c \u0111\u1ed9c gi\u1ea3 nh\u00ed \u0111i v\u00f2ng quanh th\u1ebf gi\u1edbi, t\u00ecm hi\u1ec3u v\u1ec1 nh\u00e0 c\u1ee7a \u0111\u1ee7 lo\u1ea1i sinh v\u1eadt tr\u00ean \u0111\u1eddi! N\u00e9t v\u1ebd \u0111\u01a1n gi\u1ea3n nh\u01b0ng v\u00f4 c\u00f9ng chi ti\u1ebft v\u00e0 t\u1ec9 m\u1ec9, nh\u1eefng trang s\u00e1ch c\u1ee7a V\u1ec1 nh\u00e0 th\u00f4i, H\u1ea3i Li! s\u1ebd mang t\u1edbi cho c\u00e1c b\u1ea1n \u0111\u1ecdc nh\u1ecf tu\u1ed5i nhi\u1ec1u b\u1ea5t ng\u1edd th\u00fa v\u1ecb, h\u00e3y c\u00f9ng kh\u00e1m ph\u00e1 n\u00e0o! <\/p>\n<p>M\u1ed9t ng\u00e0y n\u1ecd, H\u1ea3i Li r\u1eddi m\u00e1i \u1ea5m n\u01a1i b\u1edd s\u00f4ng \u0111\u1ec3 l\u00ean \u0111\u01b0\u1eddng chu du th\u1ebf gi\u1edbi. <\/p>\n<p>Khi ch\u00fa l\u1ea1c \u0111\u01b0\u1eddng \u1edf m\u1ed9t n\u01a1i xa x\u00f4i, Ch\u00f3 Akita \u0111\u00e3 gi\u00fap \u0111\u01b0a ch\u00fa v\u1ec1 nh\u00e0. V\u1ea5n \u0111\u1ec1 l\u00e0, nh\u00e0 c\u1ee7a H\u1ea3i Li nom ra sao? Ch\u00fa s\u1ed1ng trong chi\u1ebfc t\u1ed5 chon von tr\u00ean c\u00e0nh c\u00e2y ch\u0103ng? Hay d\u01b0\u1edbi m\u1ed9t hang s\u00e2u k\u00edn \u0111\u00e1o t\u1eadn \u0111\u00e1y bi\u1ec3n? Chi\u1ebfc khinh kh\u00ed c\u1ea7u \u0111\u01b0a H\u1ea3i Li v\u00e0 Ch\u00f3 Akita \u0111\u1ebfn mu\u00f4n n\u01a1i, t\u00ecm \u0111\u00fang ng\u00f4i nh\u00e0 m\u00e0 H\u1ea3i Li h\u1eb1ng mong nh\u1edb.<\/p>\n<p>V\u1edbi L\u00eanh \u0111\u00eanh theo d\u00f2ng xanh c\u1ee7a t\u00e1c gi\u1ea3 Magnus Weightman kh\u00f4ng \u0111\u01a1n thu\u1ea7n l\u00e0 cu\u1ed1n s\u00e1ch tranh th\u00f4ng th\u01b0\u1eddng m\u00e0 gi\u1ed1ng nh\u01b0 m\u1ed9t tr\u00f2 ch\u01a1i tr\u1ed1n t\u00ecm, k\u00edch th\u00edch \u00f3c quan s\u00e1t c\u1ee7a c\u00e1c em nh\u1ecf. M\u1ed7i trang s\u00e1ch \u0111\u1ec1u \u1ea9n ch\u1ee9a nhi\u1ec1u b\u1ea5t ng\u1edd th\u00fa v\u1ecb, em h\u00e3y ch\u00fa \u00fd theo d\u00f5i \u0111\u1ec3 kh\u00e1m ph\u00e1 cu\u1ed9c h\u00e0nh tr\u00ecnh c\u1ee7a t\u1eebng nh\u00e2n v\u1eadt xu\u1ea5t hi\u1ec7n trong cu\u1ed1n s\u00e1ch \u0111\u1eb7c bi\u1ec7t n\u00e0y nh\u00e9! <\/p>\n<p>Ch\u00fa v\u1ecbt \u0111\u1ed3 ch\u01a1i c\u1ee7a Th\u1ecf B\u00f4ng v\u1eeba bi\u1ebfn m\u1ea5t! C\u00f4 b\u00e9 b\u00e8n c\u00f9ng c\u00e1c anh trai l\u00ean thuy\u1ec1n xu\u00f4i d\u00f2ng t\u00ecm V\u1ecbt Con. H\u00e3y c\u00f9ng h\u1ecd chu du t\u1eeb n\u00fai cao xu\u1ed1ng bi\u1ec3n r\u1ed9ng, nhi\u1ec1u cu\u1ed9c phi\u00eau l\u01b0u th\u00fa v\u1ecb \u0111ang ch\u1edd \u0111\u00f3n tr\u00ean m\u1ed7i ch\u1eb7ng \u0111\u01b0\u1eddng! M\u1ed7i khung c\u1ea3nh l\u1ea1i \u1ea9n ch\u1ee9a nhi\u1ec1u b\u00ed m\u1eadt hay ho: T\u1ea1i sao L\u1ee3n L\u00f2i l\u1ea1i v\u1ed9i v\u00e3 th\u1ebf? C\u1eebu Laura v\u1eeba c\u00e2u \u0111\u01b0\u1ee3c th\u1ee9 g\u00ec? Thi\u00ean Nga Sippi \u0111ang \u0111\u1ecbnh b\u00e0y tr\u00f2 ngh\u1ecbch ng\u1ee3m n\u00e0o th\u1ebf nh\u1ec9? V\u00e0 \u0111i\u1ec1u quan tr\u1ecdng nh\u1ea5t, V\u1ecbt Con \u0111ang \u1edf \u0111\u00e2u?<\/p>\n","protected":false},"featured_media":22467,"template":"","meta":{"_acf_changed":false},"product_brand":[],"product_cat":[25,17,26],"product_tag":[83],"class_list":{"0":"post-22469","1":"product","2":"type-product","3":"status-publish","4":"has-post-thumbnail","6":"product_cat-nhi-dong-6-tuoi-12-tuoi","7":"product_cat-sach-danh-cho-cac-be","8":"product_cat-thieu-nien-11-tuoi-18-tuoi","9":"product_tag-sach-moi-xuat-ban","11":"first","12":"outofstock","13":"taxable","14":"shipping-taxable","15":"purchasable","16":"product-type-simple"},"supplier_id":null,"supplier_sku":"","barcode":null,"atum_controlled":true,"out_stock_date":"2023-07-21 17:31:41","out_stock_threshold":null,"inheritable":false,"inbound_stock":0,"stock_on_hold":0,"sold_today":0,"sales_last_days":0,"reserved_stock":0,"customer_returns":0,"warehouse_damage":0,"lost_in_post":0,"other_logs":0,"out_stock_days":922,"lost_sales":0,"has_location":false,"update_date":"2026-01-28T23:11:09","atum_locations":[],"atum_stock_status":"outofstock","restock_status":false,"low_stock_amount":"","sales_update_date":"2026-01-28T23:11:09","calc_backorders":null,"acf":{"publisher":{"ID":1454,"post_author":"1","post_date":"2021-02-17 01:11:34","post_date_gmt":"2021-02-16 23:11:34","post_content":"<!-- wp:flatsome\/uxbuilder -->\n<h1 style=\"text-align: center;\"><strong>Kim \u0110\u1ed3ng<\/strong><\/h1>\n[row]\n\n[col span=\"3\" span__sm=\"12\"]\n\n[ux_image id=\"1534\" image_size=\"medium\"]\n\n\n[\/col]\n[col span=\"9\" span__sm=\"12\"]\n\n<p>Nh\u00e0 xu\u1ea5t b\u1ea3n Kim \u0110\u1ed3ng tr\u1ef1c thu\u1ed9c Trung \u01b0\u01a1ng \u0110o\u00e0n TNCS H\u1ed3 Ch\u00ed Minh l\u00e0 Nh\u00e0 xu\u1ea5t b\u1ea3n t\u1ed5ng h\u1ee3p c\u00f3 ch\u1ee9c n\u0103ng xu\u1ea5t b\u1ea3n s\u00e1ch v\u00e0 v\u0103n h\u00f3a ph\u1ea9m ph\u1ee5c v\u1ee5 thi\u1ebfu nhi v\u00e0 c\u00e1c b\u1eadc ph\u1ee5 huynh trong c\u1ea3 n\u01b0\u1edbc, qu\u1ea3ng b\u00e1 v\u00e0 gi\u1edbi thi\u1ec7u v\u0103n h\u00f3a Vi\u1ec7t Nam ra th\u1ebf gi\u1edbi.<br \/>Nh\u00e0 xu\u1ea5t b\u1ea3n c\u00f3 nhi\u1ec7m v\u1ee5 t\u1ed5 ch\u1ee9c b\u1ea3n th\u1ea3o, bi\u00ean so\u1ea1n, bi\u00ean d\u1ecbch, xu\u1ea5t b\u1ea3n v\u00e0 ph\u00e1t h\u00e0nh c\u00e1c xu\u1ea5t b\u1ea3n ph\u1ea9m c\u00f3 n\u1ed9i dung: gi\u00e1o d\u1ee5c truy\u1ec1n th\u1ed1ng d\u00e2n t\u1ed9c, gi\u00e1o d\u1ee5c v\u1ec1 tri th\u1ee9c, ki\u1ebfn th\u1ee9c\u2026 tr\u00ean c\u00e1c l\u0129nh v\u1ef1c v\u0103n h\u1ecdc, ngh\u1ec7 thu\u1eadt, khoa h\u1ecdc k\u1ef9 thu\u1eadt nh\u1eb1m cung c\u1ea5p cho c\u00e1c em thi\u1ebfu nhi c\u0169ng nh\u01b0 c\u00e1c b\u1eadc ph\u1ee5 huynh c\u00e1c ki\u1ebfn th\u1ee9c c\u1ea7n thi\u1ebft trong cu\u1ed9c s\u1ed1ng, nh\u1eefng tinh hoa c\u1ee7a tri th\u1ee9c nh\u00e2n lo\u1ea1i nh\u1eb1m g\u00f3p ph\u1ea7n gi\u00e1o d\u1ee5c v\u00e0 h\u00ecnh th\u00e0nh nh\u00e2n c\u00e1ch th\u1ebf h\u1ec7 tr\u1ebb.<br \/>\u0110\u1ed1i t\u01b0\u1ee3ng ph\u1ee5c v\u1ee5 c\u1ee7a Nh\u00e0 xu\u1ea5t b\u1ea3n l\u00e0 c\u00e1c em t\u1eeb tu\u1ed5i nh\u00e0 tr\u1ebb m\u1eabu gi\u00e1o (1 \u0111\u1ebfn 5 tu\u1ed5i), nhi \u0111\u1ed3ng (6 \u0111\u1ebfn 9 tu\u1ed5i), thi\u1ebfu ni\u00ean (10 \u0111\u1ebfn 15 tu\u1ed5i) \u0111\u1ebfn c\u00e1c em tu\u1ed5i m\u1edbi l\u1edbn (16 \u0111\u1ebfn 18 tu\u1ed5i) v\u00e0 c\u00e1c b\u1eadc ph\u1ee5 huynh.<\/p>\n\n[\/col]\n\n[\/row]\n\n<!-- \/wp:flatsome\/uxbuilder -->","post_title":"Kim \u0110\u1ed3ng","post_excerpt":"","post_status":"publish","comment_status":"closed","ping_status":"closed","post_password":"","post_name":"kim-dong","to_ping":"","pinged":"","post_modified":"2021-02-17 01:31:56","post_modified_gmt":"2021-02-16 23:31:56","post_content_filtered":"","post_parent":0,"guid":"https:\/\/sachviet.eu\/nha-phat-hanh\/kim-dong\/","menu_order":0,"post_type":"publisher","post_mime_type":"","comment_count":"0","filter":"raw"}},"_links":{"self":[{"href":"https:\/\/sachviet.eu\/en\/wp-json\/wp\/v2\/product\/22469","targetHints":{"allow":["GET"]}}],"collection":[{"href":"https:\/\/sachviet.eu\/en\/wp-json\/wp\/v2\/product"}],"about":[{"href":"https:\/\/sachviet.eu\/en\/wp-json\/wp\/v2\/types\/product"}],"wp:featuredmedia":[{"embeddable":true,"href":"https:\/\/sachviet.eu\/en\/wp-json\/wp\/v2\/media\/22467"}],"wp:attachment":[{"href":"https:\/\/sachviet.eu\/en\/wp-json\/wp\/v2\/media?parent=22469"}],"wp:term":[{"taxonomy":"product_brand","embeddable":true,"href":"https:\/\/sachviet.eu\/en\/wp-json\/wp\/v2\/product_brand?post=22469"},{"taxonomy":"product_cat","embeddable":true,"href":"https:\/\/sachviet.eu\/en\/wp-json\/wp\/v2\/product_cat?post=22469"},{"taxonomy":"product_tag","embeddable":true,"href":"https:\/\/sachviet.eu\/en\/wp-json\/wp\/v2\/product_tag?post=22469"}],"curies":[{"name":"wp","href":"https:\/\/api.w.org\/{rel}","templated":true}]}}