{"id":22464,"date":"2023-01-21T21:38:28","date_gmt":"2023-01-21T19:38:28","guid":{"rendered":"https:\/\/sachviet.eu\/shop\/ehon-nhat-ban-mon-qua-tu-cua-so\/"},"modified":"2024-12-16T13:42:13","modified_gmt":"2024-12-16T11:42:13","slug":"ehon-nhat-ban-mon-qua-tu-cua-so","status":"publish","type":"product","link":"https:\/\/sachviet.eu\/en\/shop\/ehon-nhat-ban-mon-qua-tu-cua-so\/","title":{"rendered":"Ehon Nh\u1eadt B\u1ea3n &#8211; M\u00f3n Qu\u00e0 T\u1eeb C\u1eeda S\u1ed5"},"content":{"rendered":"<p>Th\u1ec9nh tho\u1ea3ng, c\u00e1c b\u00e9 th\u01b0\u1eddng b\u1ecb s\u1ed1t. M\u1ed7i l\u00fac b\u00e9 b\u1ecb s\u1ed1t, m\u1eb9 s\u1ebd kh\u00f4ng cho b\u00e9 ra ngo\u00e0i ch\u01a1i ph\u1ea3i kh\u00f4ng n\u00e0o? B\u1ea1n nh\u1ecf Nana c\u0169ng v\u1eady, b\u1ea1n r\u1ea5t mu\u1ed1n ra ngo\u00e0i c\u00f4ng vi\u00ean ch\u01a1i c\u00f9ng b\u1ea1n b\u00e8, nh\u01b0ng m\u1eb9 b\u1ea3o b\u1ea1n \u0111ang s\u1ed1t ph\u1ea3i \u1edf trong nh\u00e0. Nana bu\u1ed3n l\u1eafm, ngo\u00e0i kia b\u1ea1n Yuka, Etsu, v\u00e0 b\u1ea1n Jun c\u00f3 l\u1ebd \u0111ang ch\u01a1i r\u1ea5t vui. B\u1ea5t ch\u1ee3t, c\u00f3 ti\u1ebfng  g\u1ecdi ngo\u00e0i c\u1eeda s\u1ed5, c\u00e1c b\u1ea1n bi\u1ebft Nana b\u1ecb s\u1ed1t kh\u00f4ng th\u1ec3 ra ngo\u00e0i, n\u00ean \u0111\u00e3 mang t\u1edbi cho c\u00f4 b\u00e9 r\u1ea5t nhi\u1ec1u \u0111i\u1ec1u b\u1ea5t ng\u1edd. C\u00e1c em nh\u1ecf h\u00e3y c\u00f9ng Nana kh\u00e1m ph\u00e1 nh\u1eefng m\u00f3n qu\u00e0 t\u1eeb c\u1eeda s\u1ed5 m\u00e0 b\u1ea1n b\u00e8 mang t\u1edbi nh\u00e9.<\/p>\n<p>M\u00f3n qu\u00e0 t\u1eeb c\u1eeda s\u1ed5 l\u00e0 cu\u1ed1n truy\u1ec7n v\u00f4 c\u00f9ng \u0111\u00e1ng y\u00eau v\u1ec1 th\u1ebf gi\u1edbi tr\u1ebb th\u01a1, \u1edf \u0111\u00f3 c\u00f3 t\u00ecnh b\u1ea1n, c\u00f3 thi\u00ean nhi\u00ean, v\u00e0 \u0111\u1eb7c bi\u1ec7t c\u00e1c em nh\u1ecf h\u00e3y theo d\u00f5i xem \u201cch\u00fa b\u01b0\u1edbm \u0111u\u00f4i nh\u1ea1n\u201d trong truy\u1ec7n t\u1eeb \u0111\u00e2u ra nh\u00e9.<\/p>\n","protected":false},"excerpt":{"rendered":"<p>Th\u1ec9nh tho\u1ea3ng, c\u00e1c b\u00e9 th\u01b0\u1eddng b\u1ecb s\u1ed1t. M\u1ed7i l\u00fac b\u00e9 b\u1ecb s\u1ed1t, m\u1eb9 s\u1ebd kh\u00f4ng cho b\u00e9 ra ngo\u00e0i ch\u01a1i ph\u1ea3i kh\u00f4ng n\u00e0o? B\u1ea1n nh\u1ecf Nana c\u0169ng v\u1eady, b\u1ea1n r\u1ea5t mu\u1ed1n ra ngo\u00e0i c\u00f4ng vi\u00ean ch\u01a1i c\u00f9ng b\u1ea1n b\u00e8, nh\u01b0ng m\u1eb9 b\u1ea3o b\u1ea1n \u0111ang s\u1ed1t ph\u1ea3i \u1edf trong nh\u00e0. Nana bu\u1ed3n l\u1eafm, ngo\u00e0i kia b\u1ea1n Yuka, Etsu, v\u00e0 b\u1ea1n Jun c\u00f3 l\u1ebd \u0111ang ch\u01a1i r\u1ea5t vui. B\u1ea5t ch\u1ee3t, c\u00f3 ti\u1ebfng  g\u1ecdi ngo\u00e0i c\u1eeda s\u1ed5, c\u00e1c b\u1ea1n bi\u1ebft Nana b\u1ecb s\u1ed1t kh\u00f4ng th\u1ec3 ra ngo\u00e0i, n\u00ean \u0111\u00e3 mang t\u1edbi cho c\u00f4 b\u00e9 r\u1ea5t nhi\u1ec1u \u0111i\u1ec1u b\u1ea5t ng\u1edd. C\u00e1c em nh\u1ecf h\u00e3y c\u00f9ng Nana kh\u00e1m ph\u00e1 nh\u1eefng m\u00f3n qu\u00e0 t\u1eeb c\u1eeda s\u1ed5 m\u00e0 b\u1ea1n b\u00e8 mang t\u1edbi nh\u00e9.<\/p>\n<p>M\u00f3n qu\u00e0 t\u1eeb c\u1eeda s\u1ed5 l\u00e0 cu\u1ed1n truy\u1ec7n v\u00f4 c\u00f9ng \u0111\u00e1ng y\u00eau v\u1ec1 th\u1ebf gi\u1edbi tr\u1ebb th\u01a1, \u1edf \u0111\u00f3 c\u00f3 t\u00ecnh b\u1ea1n, c\u00f3 thi\u00ean nhi\u00ean, v\u00e0 \u0111\u1eb7c bi\u1ec7t c\u00e1c em nh\u1ecf h\u00e3y theo d\u00f5i xem \u201cch\u00fa b\u01b0\u1edbm \u0111u\u00f4i nh\u1ea1n\u201d trong truy\u1ec7n t\u1eeb \u0111\u00e2u ra nh\u00e9.<\/p>\n","protected":false},"featured_media":22462,"template":"","meta":{"_acf_changed":false},"product_brand":[],"product_cat":[24,17],"product_tag":[83],"class_list":{"0":"post-22464","1":"product","2":"type-product","3":"status-publish","4":"has-post-thumbnail","6":"product_cat-nha-tre-mau-giao-0-tuoi-6-tuoi","7":"product_cat-sach-danh-cho-cac-be","8":"product_tag-sach-moi-xuat-ban","10":"first","11":"instock","12":"taxable","13":"shipping-taxable","14":"purchasable","15":"product-type-simple"},"supplier_id":null,"supplier_sku":"","barcode":null,"atum_controlled":true,"out_stock_date":null,"out_stock_threshold":null,"inheritable":false,"inbound_stock":0,"stock_on_hold":0,"sold_today":0,"sales_last_days":0,"reserved_stock":0,"customer_returns":0,"warehouse_damage":0,"lost_in_post":0,"other_logs":0,"out_stock_days":0,"lost_sales":0,"has_location":false,"update_date":"2026-01-28T23:11:27","atum_locations":[],"atum_stock_status":"instock","restock_status":false,"low_stock_amount":"","sales_update_date":"2026-01-28T23:11:27","calc_backorders":null,"acf":{"publisher":{"ID":1453,"post_author":"1","post_date":"2021-02-17 01:11:32","post_date_gmt":"2021-02-16 23:11:32","post_content":"<!-- wp:flatsome\/uxbuilder -->\n<h1 style=\"text-align: center;\"><strong>Qu\u1ea3ng V\u0103n<\/strong><\/h1>\n[row]\n\n[col span=\"6\" span__sm=\"12\"]\n\n[ux_image id=\"1552\" image_size=\"medium\"]\n\n\n[\/col]\n[col span=\"6\" span__sm=\"12\"]\n\n<p><strong>Quangvanbooks<\/strong><br \/>Qu\u1ea3ng V\u0103n l\u00e0 t\u1ed5 h\u1ee3p xu\u1ea5t b\u1ea3n, gi\u00e1o d\u1ee5c v\u00e0 nh\u01b0\u1ee3ng quy\u1ec1n h\u00e0ng \u0111\u1ea7u trong ng\u00e0nh c\u00f4ng nghi\u1ec7p s\u00e1ng t\u1ea1o v\u1edbi c\u00e1c th\u01b0\u01a1ng hi\u1ec7u nh\u00e1nh:<\/p>\n<p>Quangvanbooks - Th\u01b0\u01a1ng hi\u1ec7u s\u00e1ch v\u0103n h\u00f3a gi\u00e1o d\u1ee5c v\u00e0 v\u0103n h\u00f3a gi\u1ea3i tr\u00ed<br \/>Ehomebooks - Th\u01b0\u01a1ng hi\u1ec7u s\u00e1ch gi\u00e1o d\u1ee5c gia \u0111\u00ecnh<br \/>Sakurabooks - Th\u01b0\u01a1ng hi\u1ec7u s\u00e1ch Nh\u1eadt B\u1ea3n<br \/>IPERbooks - Th\u01b0\u01a1ng hi\u1ec7u s\u00e1ch gi\u00e1o d\u1ee5c nh\u00e0 tr\u01b0\u1eddng<br \/>IPER - Vi\u1ec7n nghi\u00ean c\u1ee9u xu\u1ea5t b\u1ea3n v\u00e0 gi\u00e1o d\u1ee5c IPER<\/p>\n<p><strong>T\u1ea7m nh\u00ecn<\/strong><br \/>Tr\u1edf th\u00e0nh th\u01b0\u01a1ng hi\u1ec7u s\u00e1ch v\u0103n h\u00f3a gi\u00e1o d\u1ee5c v\u00e0 v\u0103n h\u00f3a gi\u1ea3i tr\u00ed t\u1ed1t nh\u1ea5t v\u00e0 \u0111a d\u1ea1ng nh\u1ea5t Vi\u1ec7t Nam.<\/p>\n<p><br \/><strong>S\u1ee9 m\u1ec7nh<\/strong><br \/>Mang \u0111\u1ebfn nh\u1eefng cu\u1ed1n s\u00e1ch v\u0103n h\u00f3a gi\u00e1o d\u1ee5c v\u00e0 v\u0103n h\u00f3a gi\u1ea3i tr\u00ed \u0111\u1ebfn v\u1edbi \u0111\u1ed9c gi\u1ea3 Vi\u1ec7t Nam v\u00e0 th\u1ebf gi\u1edbi nh\u1eb1m gi\u00fap \u0111\u1ed9c gi\u1ea3 ph\u00e1t tri\u1ec3n b\u1ea3n th\u00e2n, gi\u00e1o d\u1ee5c, gi\u1ea3i tr\u00ed v\u00e0 khai s\u00e1ng nh\u1eb1m x\u00e2y d\u1ef1ng x\u00e3 h\u1ed9i th\u1ecbnh v\u01b0\u1ee3ng, h\u1ea1nh ph\u00fac.<\/p>\n<p><strong>Gi\u00e1 tr\u1ecb c\u1ed1t l\u00f5i<\/strong><\/p>\n<p>S\u00e1ng t\u1ea1o - Linh ho\u1ea1t - H\u1ee3p t\u00e1c - Ch\u00ednh tr\u1ef1c - Nhi\u1ec7t huy\u1ebft - C\u00e2n b\u1eb1ng - H\u1ea1nh ph\u00fac<\/p>\n\n[\/col]\n\n[\/row]\n\n<!-- \/wp:flatsome\/uxbuilder -->","post_title":"Qu\u1ea3ng V\u0103n","post_excerpt":"","post_status":"publish","comment_status":"closed","ping_status":"closed","post_password":"","post_name":"quang-van","to_ping":"","pinged":"","post_modified":"2021-02-17 01:26:44","post_modified_gmt":"2021-02-16 23:26:44","post_content_filtered":"","post_parent":0,"guid":"https:\/\/sachviet.eu\/nha-phat-hanh\/quang-van\/","menu_order":0,"post_type":"publisher","post_mime_type":"","comment_count":"0","filter":"raw"}},"_links":{"self":[{"href":"https:\/\/sachviet.eu\/en\/wp-json\/wp\/v2\/product\/22464","targetHints":{"allow":["GET"]}}],"collection":[{"href":"https:\/\/sachviet.eu\/en\/wp-json\/wp\/v2\/product"}],"about":[{"href":"https:\/\/sachviet.eu\/en\/wp-json\/wp\/v2\/types\/product"}],"wp:featuredmedia":[{"embeddable":true,"href":"https:\/\/sachviet.eu\/en\/wp-json\/wp\/v2\/media\/22462"}],"wp:attachment":[{"href":"https:\/\/sachviet.eu\/en\/wp-json\/wp\/v2\/media?parent=22464"}],"wp:term":[{"taxonomy":"product_brand","embeddable":true,"href":"https:\/\/sachviet.eu\/en\/wp-json\/wp\/v2\/product_brand?post=22464"},{"taxonomy":"product_cat","embeddable":true,"href":"https:\/\/sachviet.eu\/en\/wp-json\/wp\/v2\/product_cat?post=22464"},{"taxonomy":"product_tag","embeddable":true,"href":"https:\/\/sachviet.eu\/en\/wp-json\/wp\/v2\/product_tag?post=22464"}],"curies":[{"name":"wp","href":"https:\/\/api.w.org\/{rel}","templated":true}]}}