{"id":22461,"date":"2023-01-21T21:38:19","date_gmt":"2023-01-21T19:38:19","guid":{"rendered":"https:\/\/sachviet.eu\/shop\/ba-to-la-phu-thuy\/"},"modified":"2024-08-25T22:41:46","modified_gmt":"2024-08-25T19:41:46","slug":"ba-to-la-phu-thuy","status":"publish","type":"product","link":"https:\/\/sachviet.eu\/en\/shop\/ba-to-la-phu-thuy\/","title":{"rendered":"B\u00e0 T\u1edb L\u00e0 Ph\u00f9 Th\u1ee7y"},"content":{"rendered":"<p>H\u1ea7u h\u1ebft \u0111\u1ee9a tr\u1ebb n\u00e0o c\u0169ng c\u00f3 giai \u0111o\u1ea1n th\u00edch ng\u1eabm ng\u1ee3i v\u1ec1 m\u1ed9t th\u1ee9 g\u00ec \u0111\u00f3 ho\u1eb7c ch\u00ecm \u0111\u1eafm trong th\u1ebf gi\u1edbi t\u01b0\u1edfng t\u01b0\u1ee3ng ri\u00eang.<\/p>\n<p>C\u00f4 b\u00e9 trong c\u00e2u chuy\u1ec7n n\u00e0y c\u0169ng r\u1ea5t th\u00edch suy ng\u1eabm. C\u00f4 hi v\u1ecdng nh\u1eefng suy ngh\u0129 c\u1ee7a m\u00ecnh l\u00e0 s\u1ef1 th\u1eadt v\u00e0 d\u00e0nh m\u1ed9t t\u00ecnh y\u00eau l\u1edbn cho b\u00e0 ngo\u1ea1i. T\u1ea5t c\u1ea3 nh\u1eefng k\u1ef3 v\u1ecdng ch\u01b0a \u0111\u01b0\u1ee3c g\u1ecdi t\u00ean c\u00f9ng nh\u1eefng \u01b0\u1edbc m\u01a1 c\u00f3 ph\u1ea7n k\u1ef3 qu\u1eb7c \u1ea5y c\u1ee7a c\u00f4 l\u1ea1i ch\u00ednh l\u00e0 \u0111i\u1ec3m khi\u1ebfn c\u00f4 th\u1eadt ng\u00e2y th\u01a1 v\u00e0 th\u00fa v\u1ecb.<\/p>\n<p>C\u00f4 b\u00e9 lu\u00f4n \u0111\u01b0a ra r\u1ea5t nhi\u1ec1u ph\u1ecfng \u0111o\u00e1n xung quanh ng\u01b0\u1eddi b\u00e0 c\u1ee7a m\u00ecnh. C\u00f4 mang m\u1ed9t tr\u00ed t\u01b0\u1edfng t\u01b0\u1ee3ng phong ph\u00fa c\u00f9ng r\u1ea5t nhi\u1ec1u k\u1ef3 v\u1ecdng d\u00e0nh cho m\u1ecdi ng\u01b0\u1eddi xung quanh. V\u00ec th\u1ebf, c\u00f4 lu\u00f4n cho r\u1eb1ng t\u1ea5t c\u1ea3 m\u1ecdi ng\u01b0\u1eddi \u0111\u1ec1u th\u1eadt b\u00ed \u1ea9n.<\/p>\n<p>Cu\u1ed1n truy\u1ec7n n\u00e0y m\u00f4 t\u1ea3 nh\u1eefng ph\u00e9p thu\u1eadt c\u1ee7a b\u00e0 ngo\u1ea1i, nh\u01b0ng c\u0169ng \u0111\u1ec1 c\u1eadp \u0111\u1ebfn s\u1ef1 \u0111\u1ed1i l\u1eadp gi\u1eefa t\u01b0\u1edfng t\u01b0\u1ee3ng v\u00e0 th\u1ef1c t\u1ebf. C\u00f3 l\u1ebd s\u1ef1 h\u00e0i h\u01b0\u1edbc c\u00f9ng nh\u1eefng h\u00ecnh v\u1ebd minh h\u1ecda s\u1ed1ng \u0111\u1ed9ng s\u1ebd khi\u1ebfn \u0111\u1ed9c gi\u1ea3 m\u1ec9m c\u01b0\u1eddi. Khi \u0111\u1ecdc truy\u1ec7n, h\u1ecd s\u1ebd th\u00edch th\u00fa, nh\u01b0ng c\u00f3 th\u1ec3 h\u1ecd c\u0169ng s\u1ebd c\u1ea3m nh\u1eadn m\u1ed9t ch\u00fat nu\u1ed1i ti\u1ebfc khi nh\u1edb l\u1ea1i nh\u1eefng c\u1ea3m x\u00fac v\u00e0 s\u1ee9c m\u1ea1nh tr\u1ebb th\u01a1 tuy\u1ec7t v\u1eddi m\u00e0 t\u1eeb l\u00e2u ng\u01b0\u1eddi l\u1edbn ch\u00fang ta \u0111\u00e3 \u0111\u1ec3 tu\u1ed9t m\u1ea5t.<\/p>\n","protected":false},"excerpt":{"rendered":"<p>H\u1ea7u h\u1ebft \u0111\u1ee9a tr\u1ebb n\u00e0o c\u0169ng c\u00f3 giai \u0111o\u1ea1n th\u00edch ng\u1eabm ng\u1ee3i v\u1ec1 m\u1ed9t th\u1ee9 g\u00ec \u0111\u00f3 ho\u1eb7c ch\u00ecm \u0111\u1eafm trong th\u1ebf gi\u1edbi t\u01b0\u1edfng t\u01b0\u1ee3ng ri\u00eang.<\/p>\n<p>C\u00f4 b\u00e9 trong c\u00e2u chuy\u1ec7n n\u00e0y c\u0169ng r\u1ea5t th\u00edch suy ng\u1eabm. C\u00f4 hi v\u1ecdng nh\u1eefng suy ngh\u0129 c\u1ee7a m\u00ecnh l\u00e0 s\u1ef1 th\u1eadt v\u00e0 d\u00e0nh m\u1ed9t t\u00ecnh y\u00eau l\u1edbn cho b\u00e0 ngo\u1ea1i. T\u1ea5t c\u1ea3 nh\u1eefng k\u1ef3 v\u1ecdng ch\u01b0a \u0111\u01b0\u1ee3c g\u1ecdi t\u00ean c\u00f9ng nh\u1eefng \u01b0\u1edbc m\u01a1 c\u00f3 ph\u1ea7n k\u1ef3 qu\u1eb7c \u1ea5y c\u1ee7a c\u00f4 l\u1ea1i ch\u00ednh l\u00e0 \u0111i\u1ec3m khi\u1ebfn c\u00f4 th\u1eadt ng\u00e2y th\u01a1 v\u00e0 th\u00fa v\u1ecb.<\/p>\n<p>C\u00f4 b\u00e9 lu\u00f4n \u0111\u01b0a ra r\u1ea5t nhi\u1ec1u ph\u1ecfng \u0111o\u00e1n xung quanh ng\u01b0\u1eddi b\u00e0 c\u1ee7a m\u00ecnh. C\u00f4 mang m\u1ed9t tr\u00ed t\u01b0\u1edfng t\u01b0\u1ee3ng phong ph\u00fa c\u00f9ng r\u1ea5t nhi\u1ec1u k\u1ef3 v\u1ecdng d\u00e0nh cho m\u1ecdi ng\u01b0\u1eddi xung quanh. V\u00ec th\u1ebf, c\u00f4 lu\u00f4n cho r\u1eb1ng t\u1ea5t c\u1ea3 m\u1ecdi ng\u01b0\u1eddi \u0111\u1ec1u th\u1eadt b\u00ed \u1ea9n.<\/p>\n<p>Cu\u1ed1n truy\u1ec7n n\u00e0y m\u00f4 t\u1ea3 nh\u1eefng ph\u00e9p thu\u1eadt c\u1ee7a b\u00e0 ngo\u1ea1i, nh\u01b0ng c\u0169ng \u0111\u1ec1 c\u1eadp \u0111\u1ebfn s\u1ef1 \u0111\u1ed1i l\u1eadp gi\u1eefa t\u01b0\u1edfng t\u01b0\u1ee3ng v\u00e0 th\u1ef1c t\u1ebf. C\u00f3 l\u1ebd s\u1ef1 h\u00e0i h\u01b0\u1edbc c\u00f9ng nh\u1eefng h\u00ecnh v\u1ebd minh h\u1ecda s\u1ed1ng \u0111\u1ed9ng s\u1ebd khi\u1ebfn \u0111\u1ed9c gi\u1ea3 m\u1ec9m c\u01b0\u1eddi. Khi \u0111\u1ecdc truy\u1ec7n, h\u1ecd s\u1ebd th\u00edch th\u00fa, nh\u01b0ng c\u00f3 th\u1ec3 h\u1ecd c\u0169ng s\u1ebd c\u1ea3m nh\u1eadn m\u1ed9t ch\u00fat nu\u1ed1i ti\u1ebfc khi nh\u1edb l\u1ea1i nh\u1eefng c\u1ea3m x\u00fac v\u00e0 s\u1ee9c m\u1ea1nh tr\u1ebb th\u01a1 tuy\u1ec7t v\u1eddi m\u00e0 t\u1eeb l\u00e2u ng\u01b0\u1eddi l\u1edbn ch\u00fang ta \u0111\u00e3 \u0111\u1ec3 tu\u1ed9t m\u1ea5t.<\/p>\n","protected":false},"featured_media":22460,"template":"","meta":{"_acf_changed":false},"product_brand":[],"product_cat":[24,25,17],"product_tag":[83],"class_list":{"0":"post-22461","1":"product","2":"type-product","3":"status-publish","4":"has-post-thumbnail","6":"product_cat-nha-tre-mau-giao-0-tuoi-6-tuoi","7":"product_cat-nhi-dong-6-tuoi-12-tuoi","8":"product_cat-sach-danh-cho-cac-be","9":"product_tag-sach-moi-xuat-ban","11":"first","12":"outofstock","13":"taxable","14":"shipping-taxable","15":"purchasable","16":"product-type-simple"},"supplier_id":null,"supplier_sku":"","barcode":null,"atum_controlled":true,"out_stock_date":"2024-08-25 19:41:46","out_stock_threshold":null,"inheritable":false,"inbound_stock":0,"stock_on_hold":0,"sold_today":0,"sales_last_days":0,"reserved_stock":0,"customer_returns":0,"warehouse_damage":0,"lost_in_post":0,"other_logs":0,"out_stock_days":521,"lost_sales":445,"has_location":false,"update_date":"2026-01-28T23:11:24","atum_locations":[],"atum_stock_status":"outofstock","restock_status":false,"low_stock_amount":"","sales_update_date":"2026-01-28T23:11:24","calc_backorders":null,"acf":{"publisher":{"ID":1474,"post_author":"1","post_date":"2021-02-17 01:12:51","post_date_gmt":"2021-02-16 23:12:51","post_content":"","post_title":"Th\u00e1i H\u00e0","post_excerpt":"","post_status":"publish","comment_status":"closed","ping_status":"closed","post_password":"","post_name":"thai-ha","to_ping":"","pinged":"","post_modified":"2021-02-17 01:12:51","post_modified_gmt":"2021-02-16 23:12:51","post_content_filtered":"","post_parent":0,"guid":"https:\/\/sachviet.eu\/nha-phat-hanh\/thai-ha\/","menu_order":0,"post_type":"publisher","post_mime_type":"","comment_count":"0","filter":"raw"}},"_links":{"self":[{"href":"https:\/\/sachviet.eu\/en\/wp-json\/wp\/v2\/product\/22461","targetHints":{"allow":["GET"]}}],"collection":[{"href":"https:\/\/sachviet.eu\/en\/wp-json\/wp\/v2\/product"}],"about":[{"href":"https:\/\/sachviet.eu\/en\/wp-json\/wp\/v2\/types\/product"}],"wp:featuredmedia":[{"embeddable":true,"href":"https:\/\/sachviet.eu\/en\/wp-json\/wp\/v2\/media\/22460"}],"wp:attachment":[{"href":"https:\/\/sachviet.eu\/en\/wp-json\/wp\/v2\/media?parent=22461"}],"wp:term":[{"taxonomy":"product_brand","embeddable":true,"href":"https:\/\/sachviet.eu\/en\/wp-json\/wp\/v2\/product_brand?post=22461"},{"taxonomy":"product_cat","embeddable":true,"href":"https:\/\/sachviet.eu\/en\/wp-json\/wp\/v2\/product_cat?post=22461"},{"taxonomy":"product_tag","embeddable":true,"href":"https:\/\/sachviet.eu\/en\/wp-json\/wp\/v2\/product_tag?post=22461"}],"curies":[{"name":"wp","href":"https:\/\/api.w.org\/{rel}","templated":true}]}}