{"id":22459,"date":"2023-01-21T21:38:12","date_gmt":"2023-01-21T19:38:12","guid":{"rendered":"https:\/\/sachviet.eu\/shop\/bua-tiec-dam-am\/"},"modified":"2024-08-25T22:41:47","modified_gmt":"2024-08-25T19:41:47","slug":"bua-tiec-dam-am","status":"publish","type":"product","link":"https:\/\/sachviet.eu\/en\/shop\/bua-tiec-dam-am\/","title":{"rendered":"B\u1eefa Ti\u1ec7c \u0110\u1ea7m \u1ea4m"},"content":{"rendered":"<p>C\u1ed1t truy\u1ec7n b\u1eaft ngu\u1ed3n t\u1eeb m\u1ed9t th\u1ebf gi\u1edbi \u1ea5m \u00e1p, m\u1ed9t t\u00ecnh c\u1ea3m ch\u00e2n th\u00e0nh v\u00e0 m\u1ed9t ch\u00fat bi th\u01b0\u01a1ng trong m\u1eaft c\u1ee7a ch\u00fa chu\u1ed9t Mini.<\/p>\n<p>M\u1edf \u0111\u1ea7u c\u00e2u chuy\u1ec7n l\u00e0 c\u1ea3nh \u0111\u1ea7m \u1ea5m nh\u1ed9n nh\u1ecbp c\u1ee7a gia \u0111\u00ecnh nh\u00e0 chu\u1ed9t Mini v\u00e0o \u0111\u00eam tr\u01b0\u1edbc ng\u00e0y l\u1ec5. Th\u1ebf nh\u01b0ng Mini l\u1ea1i lo l\u1eafng v\u1ec1 gi\u00f3, v\u1ec1 s\u1ea5m, v\u1ec1 vi\u1ec7c nh\u1eefng v\u1ecb kh\u00e1ch c\u00f3 th\u1ec3 kh\u00f4ng \u0111\u1ebfn. C\u1ea3m x\u00fac \u1ea5y c\u1ee7a c\u1eadu ch\u1ec9 xu\u1ea5t hi\u1ec7n tho\u00e1ng qua trong l\u00f2ng nh\u01b0ng \u0111\u00e3 cho th\u1ea5y r\u00f5 s\u1ef1 ch\u00e2n th\u00e0nh c\u1ee7a c\u1eadu. Ch\u1edd mong h\u1ea1nh ph\u00fac \u0111\u1ea5y, nh\u01b0ng xen l\u1eabn v\u00e0o \u0111\u00f3 l\u00e0 lo l\u1eafng, b\u1ea5t an.<\/p>\n<p>S\u1ef1 ch\u1edd \u0111\u1ee3i c\u1ee7a Mini c\u1ee9 k\u00e9o d\u00e0i m\u00e3i l\u00e0m c\u1eadu r\u1ea5t s\u1ed1t ru\u1ed9t. C\u1eadu mong m\u1ecfi \u0111\u01b0\u1ee3c nh\u00ecn th\u1ea5y ng\u01b0\u1eddi th\u00e2n c\u1ee7a m\u00ecnh. V\u00e0 cu\u1ed1i c\u00f9ng th\u00ec h\u1ecd c\u0169ng xu\u1ea5t hi\u1ec7n. Nh\u00e0 Chu\u1ed9t B\u00e1c v\u00e0 nh\u00e0 Chu\u1ed9t C\u00f4 xu\u1ea5t hi\u1ec7n v\u1edbi hai phong th\u00e1i ho\u00e0n to\u00e0n kh\u00e1c nhau. Nh\u00e0 Chu\u1ed9t B\u00e1c \u1edf ngay tr\u00ean t\u00f2a nh\u00e0 g\u1ea7n \u0111\u1ea5y n\u00ean h\u1ecd \u0111i b\u1ed9 thong th\u1ea3 t\u1edbi. C\u00f2n nh\u00e0 Chu\u1ed9t C\u00f4 l\u00e1i chi\u1ebfc xe b\u00f3ng lo\u00e1ng, ai c\u0169ng \u0103n m\u1eb7c ch\u1ea3i chu\u1ed1t v\u00e0 mang nh\u1eefng m\u00f3n qu\u00e0 trang tr\u1ecdng t\u1edbi.<\/p>\n<p>S\u1ef1 ph\u1ea5n kh\u00edch v\u1ec1 ng\u00e0y \u0111o\u00e0n t\u1ee5 c\u1ee7a hai gia \u0111\u00ecnh kh\u00f4ng gi\u1ed1ng nhau. H\u1ecd c\u00f3 phong c\u00e1ch s\u1ed1ng kh\u00e1c nhau v\u00e0 s\u1ef1 th\u1ec3 hi\u1ec7n t\u00ecnh c\u1ea3m c\u0169ng kh\u00e1c nhau. Nh\u01b0ng chung quy l\u1ea1i, cho d\u00f9 l\u00e0 gi\u1ea3n d\u1ecb m\u1ed9c m\u1ea1c hay l\u00e0 ch\u1ec9n chu sang tr\u1ecdng, th\u00ec h\u1ecd \u0111\u1ec1u \u0111\u1ebfn v\u00ec t\u00ecnh th\u00e2n, \u0111\u1ebfn \u0111\u1ec3 \u0111\u01b0\u1ee3c \u00f4m l\u1ea5y nhau, \u0111\u1ec3 y\u00eau v\u00e0 \u0111\u01b0\u1ee3c y\u00eau.<\/p>\n<p>Trong kh\u00f4ng kh\u00ed vui v\u1ebb n\u00e1o nhi\u1ec7t \u1ea5y, ng\u01b0\u1eddi ta v\u1eabn c\u00f3 c\u1ea3m gi\u00e1c thi\u1ebfu \u0111i m\u1ed9t c\u00e1i g\u00ec \u0111\u00f3. Chu\u1ed9t Ch\u00fa v\u1eabn ch\u01b0a t\u1edbi, c\u00f3 th\u1ec3 v\u00ec Ch\u00fa \u0111\u00e3 g\u1eb7p nguy hi\u1ec3m. B\u1ea7u kh\u00f4ng kh\u00ed l\u1eb7ng \u0111i. Thi\u1ebfu \u0111i m\u1ed9t ng\u01b0\u1eddi th\u00e2n th\u00ec kh\u00f4ng c\u00f2n g\u1ecdi l\u00e0 \u0111o\u00e0n vi\u00ean. Ng\u01b0\u1eddi th\u00e2n lu\u00f4n nh\u1edb v\u1ec1 nhau, kh\u00f4ng th\u1ec3 thi\u1ebfu m\u1ed9t ai. H\u1ecd ch\u1edd \u0111\u1ee3i, th\u1ea5t v\u1ecdng, lo l\u1eafng\u2026 Cu\u1ed1i c\u00f9ng, Chu\u1ed9t Ch\u00fa xu\u1ea5t hi\u1ec7n v\u1edbi b\u1ed9 d\u1ea1ng t\u1eadp t\u1ec5nh, m\u00ecnh \u0111\u1ea7y m\u00e1u sau khi b\u1ecb m\u00e8o t\u1ea5n c\u00f4ng. C\u1ea3 gia \u0111\u00ecnh cho\u00e1ng v\u00e1ng. \u0110\u00f3 kh\u00f4ng c\u00f2n l\u00e0 n\u1ed7i \u0111au c\u1ee7a m\u1ed9t m\u00ecnh Ch\u00fa, m\u00e0 l\u00e0 n\u1ed7i \u0111au c\u1ee7a c\u1ea3 \u0111\u1ea1i gia \u0111\u00ecnh.<\/p>\n<p>\u0110i\u1ec1u may m\u1eafn l\u00e0 Chu\u1ed9t Ch\u00fa \u0111\u00e3 tr\u1edf v\u1ec1. S\u1ef1 ch\u1edd \u0111\u1ee3i m\u00f2n m\u1ecfi \u0111\u00e3 l\u00e0m t\u0103ng th\u00eam ni\u1ec1m h\u1ea1nh ph\u00fac. C\u1ea3 gia \u0111\u00ecnh \u0111\u00e3 \u0111\u01b0\u1ee3c \u0111o\u00e0n t\u1ee5, h\u1ea1nh ph\u00fac v\u1ee1 \u00f2a. Ch\u1ec9 c\u1ea7n ng\u01b0\u1eddi th\u00e2n c\u1ee7a m\u00ecnh b\u00ecnh an, n\u1ed7i \u0111au v\u00e0 v\u1ebft th\u01b0\u01a1ng s\u1ebd ch\u00f3ng l\u00e0nh. Ch\u1ec9 c\u1ea7n c\u00f3 th\u1ec3 \u1edf b\u00ean nhau, c\u00f3 t\u00ecnh y\u00eau chi\u1ebfu r\u1ecdi th\u00ec ch\u00fang ta s\u1ebd kh\u00f4ng th\u1ea5y c\u00f4 \u0111\u01a1n n\u1eefa.<\/p>\n<p>Ng\u00e0y l\u1ec5, ng\u01b0\u1eddi th\u00e2n \u1edf b\u00ean nhau, \u0111o\u00e0n t\u1ee5, y\u00eau th\u01b0\u01a1ng.<\/p>\n<p>B\u00ean nhau, n\u00f3i c\u00e2u c\u1ea3m \u01a1n.<\/p>\n","protected":false},"excerpt":{"rendered":"<p>C\u1ed1t truy\u1ec7n b\u1eaft ngu\u1ed3n t\u1eeb m\u1ed9t th\u1ebf gi\u1edbi \u1ea5m \u00e1p, m\u1ed9t t\u00ecnh c\u1ea3m ch\u00e2n th\u00e0nh v\u00e0 m\u1ed9t ch\u00fat bi th\u01b0\u01a1ng trong m\u1eaft c\u1ee7a ch\u00fa chu\u1ed9t Mini.<\/p>\n<p>M\u1edf \u0111\u1ea7u c\u00e2u chuy\u1ec7n l\u00e0 c\u1ea3nh \u0111\u1ea7m \u1ea5m nh\u1ed9n nh\u1ecbp c\u1ee7a gia \u0111\u00ecnh nh\u00e0 chu\u1ed9t Mini v\u00e0o \u0111\u00eam tr\u01b0\u1edbc ng\u00e0y l\u1ec5. Th\u1ebf nh\u01b0ng Mini l\u1ea1i lo l\u1eafng v\u1ec1 gi\u00f3, v\u1ec1 s\u1ea5m, v\u1ec1 vi\u1ec7c nh\u1eefng v\u1ecb kh\u00e1ch c\u00f3 th\u1ec3 kh\u00f4ng \u0111\u1ebfn. C\u1ea3m x\u00fac \u1ea5y c\u1ee7a c\u1eadu ch\u1ec9 xu\u1ea5t hi\u1ec7n tho\u00e1ng qua trong l\u00f2ng nh\u01b0ng \u0111\u00e3 cho th\u1ea5y r\u00f5 s\u1ef1 ch\u00e2n th\u00e0nh c\u1ee7a c\u1eadu. Ch\u1edd mong h\u1ea1nh ph\u00fac \u0111\u1ea5y, nh\u01b0ng xen l\u1eabn v\u00e0o \u0111\u00f3 l\u00e0 lo l\u1eafng, b\u1ea5t an.<\/p>\n<p>S\u1ef1 ch\u1edd \u0111\u1ee3i c\u1ee7a Mini c\u1ee9 k\u00e9o d\u00e0i m\u00e3i l\u00e0m c\u1eadu r\u1ea5t s\u1ed1t ru\u1ed9t. C\u1eadu mong m\u1ecfi \u0111\u01b0\u1ee3c nh\u00ecn th\u1ea5y ng\u01b0\u1eddi th\u00e2n c\u1ee7a m\u00ecnh. V\u00e0 cu\u1ed1i c\u00f9ng th\u00ec h\u1ecd c\u0169ng xu\u1ea5t hi\u1ec7n. Nh\u00e0 Chu\u1ed9t B\u00e1c v\u00e0 nh\u00e0 Chu\u1ed9t C\u00f4 xu\u1ea5t hi\u1ec7n v\u1edbi hai phong th\u00e1i ho\u00e0n to\u00e0n kh\u00e1c nhau. Nh\u00e0 Chu\u1ed9t B\u00e1c \u1edf ngay tr\u00ean t\u00f2a nh\u00e0 g\u1ea7n \u0111\u1ea5y n\u00ean h\u1ecd \u0111i b\u1ed9 thong th\u1ea3 t\u1edbi. C\u00f2n nh\u00e0 Chu\u1ed9t C\u00f4 l\u00e1i chi\u1ebfc xe b\u00f3ng lo\u00e1ng, ai c\u0169ng \u0103n m\u1eb7c ch\u1ea3i chu\u1ed1t v\u00e0 mang nh\u1eefng m\u00f3n qu\u00e0 trang tr\u1ecdng t\u1edbi.<\/p>\n<p>S\u1ef1 ph\u1ea5n kh\u00edch v\u1ec1 ng\u00e0y \u0111o\u00e0n t\u1ee5 c\u1ee7a hai gia \u0111\u00ecnh kh\u00f4ng gi\u1ed1ng nhau. H\u1ecd c\u00f3 phong c\u00e1ch s\u1ed1ng kh\u00e1c nhau v\u00e0 s\u1ef1 th\u1ec3 hi\u1ec7n t\u00ecnh c\u1ea3m c\u0169ng kh\u00e1c nhau. Nh\u01b0ng chung quy l\u1ea1i, cho d\u00f9 l\u00e0 gi\u1ea3n d\u1ecb m\u1ed9c m\u1ea1c hay l\u00e0 ch\u1ec9n chu sang tr\u1ecdng, th\u00ec h\u1ecd \u0111\u1ec1u \u0111\u1ebfn v\u00ec t\u00ecnh th\u00e2n, \u0111\u1ebfn \u0111\u1ec3 \u0111\u01b0\u1ee3c \u00f4m l\u1ea5y nhau, \u0111\u1ec3 y\u00eau v\u00e0 \u0111\u01b0\u1ee3c y\u00eau.<\/p>\n<p>Trong kh\u00f4ng kh\u00ed vui v\u1ebb n\u00e1o nhi\u1ec7t \u1ea5y, ng\u01b0\u1eddi ta v\u1eabn c\u00f3 c\u1ea3m gi\u00e1c thi\u1ebfu \u0111i m\u1ed9t c\u00e1i g\u00ec \u0111\u00f3. Chu\u1ed9t Ch\u00fa v\u1eabn ch\u01b0a t\u1edbi, c\u00f3 th\u1ec3 v\u00ec Ch\u00fa \u0111\u00e3 g\u1eb7p nguy hi\u1ec3m. B\u1ea7u kh\u00f4ng kh\u00ed l\u1eb7ng \u0111i. Thi\u1ebfu \u0111i m\u1ed9t ng\u01b0\u1eddi th\u00e2n th\u00ec kh\u00f4ng c\u00f2n g\u1ecdi l\u00e0 \u0111o\u00e0n vi\u00ean. Ng\u01b0\u1eddi th\u00e2n lu\u00f4n nh\u1edb v\u1ec1 nhau, kh\u00f4ng th\u1ec3 thi\u1ebfu m\u1ed9t ai. H\u1ecd ch\u1edd \u0111\u1ee3i, th\u1ea5t v\u1ecdng, lo l\u1eafng\u2026 Cu\u1ed1i c\u00f9ng, Chu\u1ed9t Ch\u00fa xu\u1ea5t hi\u1ec7n v\u1edbi b\u1ed9 d\u1ea1ng t\u1eadp t\u1ec5nh, m\u00ecnh \u0111\u1ea7y m\u00e1u sau khi b\u1ecb m\u00e8o t\u1ea5n c\u00f4ng. C\u1ea3 gia \u0111\u00ecnh cho\u00e1ng v\u00e1ng. \u0110\u00f3 kh\u00f4ng c\u00f2n l\u00e0 n\u1ed7i \u0111au c\u1ee7a m\u1ed9t m\u00ecnh Ch\u00fa, m\u00e0 l\u00e0 n\u1ed7i \u0111au c\u1ee7a c\u1ea3 \u0111\u1ea1i gia \u0111\u00ecnh.<\/p>\n<p>\u0110i\u1ec1u may m\u1eafn l\u00e0 Chu\u1ed9t Ch\u00fa \u0111\u00e3 tr\u1edf v\u1ec1. S\u1ef1 ch\u1edd \u0111\u1ee3i m\u00f2n m\u1ecfi \u0111\u00e3 l\u00e0m t\u0103ng th\u00eam ni\u1ec1m h\u1ea1nh ph\u00fac. C\u1ea3 gia \u0111\u00ecnh \u0111\u00e3 \u0111\u01b0\u1ee3c \u0111o\u00e0n t\u1ee5, h\u1ea1nh ph\u00fac v\u1ee1 \u00f2a. Ch\u1ec9 c\u1ea7n ng\u01b0\u1eddi th\u00e2n c\u1ee7a m\u00ecnh b\u00ecnh an, n\u1ed7i \u0111au v\u00e0 v\u1ebft th\u01b0\u01a1ng s\u1ebd ch\u00f3ng l\u00e0nh. Ch\u1ec9 c\u1ea7n c\u00f3 th\u1ec3 \u1edf b\u00ean nhau, c\u00f3 t\u00ecnh y\u00eau chi\u1ebfu r\u1ecdi th\u00ec ch\u00fang ta s\u1ebd kh\u00f4ng th\u1ea5y c\u00f4 \u0111\u01a1n n\u1eefa.<\/p>\n<p>Ng\u00e0y l\u1ec5, ng\u01b0\u1eddi th\u00e2n \u1edf b\u00ean nhau, \u0111o\u00e0n t\u1ee5, y\u00eau th\u01b0\u01a1ng.<\/p>\n<p>B\u00ean nhau, n\u00f3i c\u00e2u c\u1ea3m \u01a1n.<\/p>\n","protected":false},"featured_media":22457,"template":"","meta":{"_acf_changed":false},"product_brand":[],"product_cat":[25,17],"product_tag":[83],"class_list":{"0":"post-22459","1":"product","2":"type-product","3":"status-publish","4":"has-post-thumbnail","6":"product_cat-nhi-dong-6-tuoi-12-tuoi","7":"product_cat-sach-danh-cho-cac-be","8":"product_tag-sach-moi-xuat-ban","10":"first","11":"instock","12":"taxable","13":"shipping-taxable","14":"purchasable","15":"product-type-simple"},"supplier_id":null,"supplier_sku":"","barcode":null,"atum_controlled":true,"out_stock_date":null,"out_stock_threshold":null,"inheritable":false,"inbound_stock":0,"stock_on_hold":0,"sold_today":0,"sales_last_days":0,"reserved_stock":0,"customer_returns":0,"warehouse_damage":0,"lost_in_post":0,"other_logs":0,"out_stock_days":0,"lost_sales":0,"has_location":false,"update_date":"2026-01-28T23:11:24","atum_locations":[],"atum_stock_status":"instock","restock_status":false,"low_stock_amount":"","sales_update_date":"2026-01-28T23:11:24","calc_backorders":null,"acf":{"publisher":{"ID":1474,"post_author":"1","post_date":"2021-02-17 01:12:51","post_date_gmt":"2021-02-16 23:12:51","post_content":"","post_title":"Th\u00e1i H\u00e0","post_excerpt":"","post_status":"publish","comment_status":"closed","ping_status":"closed","post_password":"","post_name":"thai-ha","to_ping":"","pinged":"","post_modified":"2021-02-17 01:12:51","post_modified_gmt":"2021-02-16 23:12:51","post_content_filtered":"","post_parent":0,"guid":"https:\/\/sachviet.eu\/nha-phat-hanh\/thai-ha\/","menu_order":0,"post_type":"publisher","post_mime_type":"","comment_count":"0","filter":"raw"}},"_links":{"self":[{"href":"https:\/\/sachviet.eu\/en\/wp-json\/wp\/v2\/product\/22459","targetHints":{"allow":["GET"]}}],"collection":[{"href":"https:\/\/sachviet.eu\/en\/wp-json\/wp\/v2\/product"}],"about":[{"href":"https:\/\/sachviet.eu\/en\/wp-json\/wp\/v2\/types\/product"}],"wp:featuredmedia":[{"embeddable":true,"href":"https:\/\/sachviet.eu\/en\/wp-json\/wp\/v2\/media\/22457"}],"wp:attachment":[{"href":"https:\/\/sachviet.eu\/en\/wp-json\/wp\/v2\/media?parent=22459"}],"wp:term":[{"taxonomy":"product_brand","embeddable":true,"href":"https:\/\/sachviet.eu\/en\/wp-json\/wp\/v2\/product_brand?post=22459"},{"taxonomy":"product_cat","embeddable":true,"href":"https:\/\/sachviet.eu\/en\/wp-json\/wp\/v2\/product_cat?post=22459"},{"taxonomy":"product_tag","embeddable":true,"href":"https:\/\/sachviet.eu\/en\/wp-json\/wp\/v2\/product_tag?post=22459"}],"curies":[{"name":"wp","href":"https:\/\/api.w.org\/{rel}","templated":true}]}}