{"id":22456,"date":"2023-01-21T21:38:01","date_gmt":"2023-01-21T19:38:01","guid":{"rendered":"https:\/\/sachviet.eu\/shop\/tu-dien-tieng-viet-hoang-phe-an-pham-moi-nhat-2022\/"},"modified":"2025-09-10T21:39:11","modified_gmt":"2025-09-10T18:39:11","slug":"tu-dien-tieng-viet-hoang-phe-an-pham-moi-nhat-2022","status":"publish","type":"product","link":"https:\/\/sachviet.eu\/en\/shop\/tu-dien-tieng-viet-hoang-phe-an-pham-moi-nhat-2022\/","title":{"rendered":"T\u1eeb \u0110i\u1ec3n Ti\u1ebfng Vi\u1ec7t &#8211; Ho\u00e0ng Ph\u00ea &#8211; \u1ea4n Ph\u1ea9m M\u1edbi Nh\u1ea5t 2022"},"content":{"rendered":"<p>Tr\u00ean th\u1ef1c t\u1ebf, cu\u1ed1n s\u00e1ch T\u1eeb \u0111i\u1ec3n Ti\u1ebfng Vi\u1ec7t Ho\u00e0ng Ph\u00ea c\u1ee7a Vi\u1ec7n Ng\u00f4n ng\u1eef h\u1ecdc \u0111\u00e3 l\u00e0 ngu\u1ed3n tra c\u1ee9u, tr\u00edch d\u1eabn \u0111\u00e1ng tin c\u1eady c\u1ee7a h\u1ea7u h\u1ebft c\u00e1c b\u00e0i vi\u1ebft, s\u00e1ch chuy\u00ean kh\u1ea3o, \u0111\u1eb7c bi\u1ec7t l\u00e0 c\u00e1c lu\u1eadn \u00e1n ti\u1ebfn s\u0129, lu\u1eadn v\u0103n th\u1ea1c s\u0129, kho\u00e1 lu\u1eadn t\u1ed1t nghi\u1ec7p khi ph\u00e2n t\u00edch \u00fd ngh\u0129a c\u1ee7a c\u00e1c \u0111\u01a1n v\u1ecb t\u1eeb ng\u1eef ti\u1ebfng Vi\u1ec7t, l\u00e0 c\u1ea9m nang tra c\u1ee9u kh\u00f4ng th\u1ec3 thi\u1ebfu c\u1ee7a t\u1ea5t c\u1ea3 nh\u1eefng ng\u01b0\u1eddi c\u1ea7m b\u00fat, d\u00f9 \u0111\u00f3 l\u00e0 nh\u00e0 v\u0103n, nh\u00e0 th\u01a1, hay nh\u00e0 b\u00e1o, , k\u1ec3 c\u1ea3 c\u00e1c nh\u00e0 gi\u00e1o gi\u1ea3ng d\u1ea1y ti\u1ebfng Vi\u1ec7t. \u0110\u00e2y l\u00e0 cu\u1ed1n t\u1eeb \u0111i\u1ec3n gi\u1ea3i th\u00edch ti\u1ebfng Vi\u1ec7t c\u00f3 ch\u1ea5t l\u01b0\u1ee3ng v\u00e0 uy t\u00edn cao nh\u1ea5t so v\u1edbi b\u1ea5t c\u1ee9 m\u1ed9t cu\u1ed1n t\u1eeb \u0111i\u1ec3n gi\u1ea3i th\u00edch ti\u1ebfng Vi\u1ec7t n\u00e0o kh\u00e1c hi\u1ec7n c\u00f3 tr\u00ean th\u1ecb tr\u01b0\u1eddng s\u00e1ch b\u00e1o \u1edf Vi\u1ec7t Nam.<\/p>\n","protected":false},"excerpt":{"rendered":"<p>Tr\u00ean th\u1ef1c t\u1ebf, cu\u1ed1n s\u00e1ch T\u1eeb \u0111i\u1ec3n Ti\u1ebfng Vi\u1ec7t Ho\u00e0ng Ph\u00ea c\u1ee7a Vi\u1ec7n Ng\u00f4n ng\u1eef h\u1ecdc \u0111\u00e3 l\u00e0 ngu\u1ed3n tra c\u1ee9u, tr\u00edch d\u1eabn \u0111\u00e1ng tin c\u1eady c\u1ee7a h\u1ea7u h\u1ebft c\u00e1c b\u00e0i vi\u1ebft, s\u00e1ch chuy\u00ean kh\u1ea3o, \u0111\u1eb7c bi\u1ec7t l\u00e0 c\u00e1c lu\u1eadn \u00e1n ti\u1ebfn s\u0129, lu\u1eadn v\u0103n th\u1ea1c s\u0129, kho\u00e1 lu\u1eadn t\u1ed1t nghi\u1ec7p khi ph\u00e2n t\u00edch \u00fd ngh\u0129a c\u1ee7a c\u00e1c \u0111\u01a1n v\u1ecb t\u1eeb ng\u1eef ti\u1ebfng Vi\u1ec7t, l\u00e0 c\u1ea9m nang tra c\u1ee9u kh\u00f4ng th\u1ec3 thi\u1ebfu c\u1ee7a t\u1ea5t c\u1ea3 nh\u1eefng ng\u01b0\u1eddi c\u1ea7m b\u00fat, d\u00f9 \u0111\u00f3 l\u00e0 nh\u00e0 v\u0103n, nh\u00e0 th\u01a1, hay nh\u00e0 b\u00e1o, , k\u1ec3 c\u1ea3 c\u00e1c nh\u00e0 gi\u00e1o gi\u1ea3ng d\u1ea1y ti\u1ebfng Vi\u1ec7t. \u0110\u00e2y l\u00e0 cu\u1ed1n t\u1eeb \u0111i\u1ec3n gi\u1ea3i th\u00edch ti\u1ebfng Vi\u1ec7t c\u00f3 ch\u1ea5t l\u01b0\u1ee3ng v\u00e0 uy t\u00edn cao nh\u1ea5t so v\u1edbi b\u1ea5t c\u1ee9 m\u1ed9t cu\u1ed1n t\u1eeb \u0111i\u1ec3n gi\u1ea3i th\u00edch ti\u1ebfng Vi\u1ec7t n\u00e0o kh\u00e1c hi\u1ec7n c\u00f3 tr\u00ean th\u1ecb tr\u01b0\u1eddng s\u00e1ch b\u00e1o \u1edf Vi\u1ec7t Nam.<\/p>\n","protected":false},"featured_media":22454,"template":"","meta":{"_acf_changed":false},"product_brand":[],"product_cat":[18],"product_tag":[],"class_list":{"0":"post-22456","1":"product","2":"type-product","3":"status-publish","4":"has-post-thumbnail","6":"product_cat-kinh-te","8":"first","9":"outofstock","10":"taxable","11":"shipping-taxable","12":"purchasable","13":"product-type-simple"},"supplier_id":null,"supplier_sku":"","barcode":null,"atum_controlled":true,"out_stock_date":"2025-09-10 21:39:11","out_stock_threshold":null,"inheritable":false,"inbound_stock":0,"stock_on_hold":0,"sold_today":0,"sales_last_days":0,"reserved_stock":0,"customer_returns":0,"warehouse_damage":0,"lost_in_post":0,"other_logs":0,"out_stock_days":140,"lost_sales":959,"has_location":false,"update_date":"2026-01-28T23:11:31","atum_locations":[],"atum_stock_status":"outofstock","restock_status":false,"low_stock_amount":"","sales_update_date":"2026-01-28T23:11:31","calc_backorders":null,"acf":{"publisher":{"ID":17430,"post_author":"1","post_date":"2022-03-11 23:49:53","post_date_gmt":"2022-03-11 21:49:53","post_content":"","post_title":"H\u1ed3ng \u0110\u1ee9c","post_excerpt":"","post_status":"publish","comment_status":"closed","ping_status":"closed","post_password":"","post_name":"hong-duc","to_ping":"","pinged":"","post_modified":"2022-03-11 23:49:53","post_modified_gmt":"2022-03-11 21:49:53","post_content_filtered":"","post_parent":0,"guid":"https:\/\/sachviet.eu\/nha-phat-hanh\/hong-duc\/","menu_order":0,"post_type":"publisher","post_mime_type":"","comment_count":"0","filter":"raw"}},"_links":{"self":[{"href":"https:\/\/sachviet.eu\/en\/wp-json\/wp\/v2\/product\/22456","targetHints":{"allow":["GET"]}}],"collection":[{"href":"https:\/\/sachviet.eu\/en\/wp-json\/wp\/v2\/product"}],"about":[{"href":"https:\/\/sachviet.eu\/en\/wp-json\/wp\/v2\/types\/product"}],"wp:featuredmedia":[{"embeddable":true,"href":"https:\/\/sachviet.eu\/en\/wp-json\/wp\/v2\/media\/22454"}],"wp:attachment":[{"href":"https:\/\/sachviet.eu\/en\/wp-json\/wp\/v2\/media?parent=22456"}],"wp:term":[{"taxonomy":"product_brand","embeddable":true,"href":"https:\/\/sachviet.eu\/en\/wp-json\/wp\/v2\/product_brand?post=22456"},{"taxonomy":"product_cat","embeddable":true,"href":"https:\/\/sachviet.eu\/en\/wp-json\/wp\/v2\/product_cat?post=22456"},{"taxonomy":"product_tag","embeddable":true,"href":"https:\/\/sachviet.eu\/en\/wp-json\/wp\/v2\/product_tag?post=22456"}],"curies":[{"name":"wp","href":"https:\/\/api.w.org\/{rel}","templated":true}]}}