{"id":22447,"date":"2023-01-21T21:30:54","date_gmt":"2023-01-21T19:30:54","guid":{"rendered":"https:\/\/sachviet.eu\/shop\/giam-can-nua-than-duoi-de-chan-gon-eo-thon\/"},"modified":"2024-08-21T12:41:43","modified_gmt":"2024-08-21T09:41:43","slug":"giam-can-nua-than-duoi-de-chan-gon-eo-thon","status":"publish","type":"product","link":"https:\/\/sachviet.eu\/en\/shop\/giam-can-nua-than-duoi-de-chan-gon-eo-thon\/","title":{"rendered":"Gi\u1ea3m C\u00e2n N\u1eeda Th\u00e2n D\u01b0\u1edbi &#8211; \u0110\u1ec3 Ch\u00e2n G\u1ecdn Eo Thon"},"content":{"rendered":"<p>Gi\u1ea3m c\u00e2n n\u1eeda th\u00e2n d\u01b0\u1edbi l\u00e0 m\u1ed9t cu\u1ed1n s\u00e1ch \u0111\u1ed9c \u0111\u00e1o. N\u00f3 \u0111em l\u1ea1i m\u1ed9t g\u00f3c nh\u00ecn kh\u00e1c bi\u1ec7t, t\u1eeb c\u00e1ch ti\u1ebfp c\u1eadn cho \u0111\u1ebfn ph\u01b0\u01a1ng \u00e1n gi\u1ea3i quy\u1ebft, \u0111\u1ed1i v\u1edbi m\u1ed9t v\u1ea5n \u0111\u1ec1 lu\u00f4n khi\u1ebfn nhi\u1ec1u ch\u1ecb em b\u1eadn t\u00e2m: V\u1ebb \u0111\u1eb9p h\u00ecnh th\u1ec3.<\/p>\n<p>Nhi\u1ec1u ng\u01b0\u1eddi lu\u00f4n than phi\u1ec1n r\u1eb1ng m\u00ecnh kh\u00f4ng n\u1eb7ng c\u00e2n nh\u01b0ng v\u1eabn kh\u00f4ng \u0111\u1eb9p, \u201cCh\u1ec9 c\u00f3 b\u1ee5ng t\u00f4i l\u00e0 c\u1ee9 ph\u1ec7 ra l\u00e0m ng\u01b0\u1eddi ta t\u01b0\u1edfng t\u00f4i \u0111ang mang b\u1ea7u.\u201d H\u1ecd n\u00f4n n\u00f3ng th\u1ef1c hi\u1ec7n c\u00e1c bi\u1ec7n ph\u00e1p gi\u1ea3m c\u00e2n nh\u01b0ng k\u1ebft qu\u1ea3 l\u1ea1i kh\u00f4ng h\u1ec1 nh\u01b0 \u00fd, \u201cPh\u1ea7n th\u00e2n tr\u00ean c\u1ee7a t\u00f4i \u0111\u00e3 g\u1ea7y \u0111i, m\u00e0 sao ch\u1ec9 c\u00f3 ch\u00e2n t\u00f4i l\u00e0 b\u00e9o \u0111\u1ebfn v\u1eady.\u201d \u0110i\u1ec1u \u0111\u00f3 cho th\u1ea5y c\u00e2n n\u1eb7ng kh\u00f4ng ph\u1ea3i l\u00e0 t\u1ea5t c\u1ea3, v\u00f3c d\u00e1ng m\u1edbi l\u00e0 \u0111i\u1ec1u quan tr\u1ecdng.<\/p>\n<p>Nh\u1eadn th\u1ea5y \u0111i\u1ec1u \u1ea5y, t\u00e1c gi\u1ea3 Hasumi Kanon \u0111\u00e3 d\u00e0nh m\u1ed9t th\u1eddi gian d\u00e0i t\u00ecm hi\u1ec3u k\u1ef9 l\u01b0\u1ee1ng \u0111\u1ec3 s\u00e1ng t\u1ea1o ra \u201cCh\u1ebf \u0111\u1ed9 \u0103n ki\u00eang Kanon\u201d. Kh\u00f4ng c\u1ea7n kh\u1ed5 s\u1edf nh\u1ecbn \u0103n tinh b\u1ed9t, nh\u1ecbn \u0103n ch\u1ea5t b\u00e9o, kh\u00f4ng c\u1ea7n v\u1ea5t v\u1ea3 t\u1eadp luy\u1ec7n; ch\u1ec9 c\u1ea7n \u0103n u\u1ed1ng h\u1ee3p l\u00fd, sinh ho\u1ea1t \u0111i\u1ec1u \u0111\u1ed9. K\u1ebft qu\u1ea3 s\u1ebd l\u00e0 th\u00e2n h\u00ecnh g\u1ecdn g\u00e0ng, c\u00e2n n\u1eb7ng gi\u1ea3m xu\u1ed1ng. \u0110i\u1ec1u tuy\u1ec7t v\u1eddi h\u01a1n n\u1eefa l\u00e0 v\u00f3c d\u00e1ng s\u1ebd \u0111\u1eb9p h\u01a1n ngay c\u1ea3 khi c\u00e2n n\u1eb7ng ch\u01b0a b\u1eaft \u0111\u1ea7u thay \u0111\u1ed5i.<\/p>\n<p>T\u00e1c gi\u1ea3 Hasumi Kanon l\u00e0 ng\u01b0\u1eddi s\u00e1ng l\u1eadp trung t\u00e2m l\u00e0m \u0111\u1eb9p Kirei Factory t\u1ea1i Aoyama, Tokyo. V\u1edbi quan ni\u1ec7m gi\u1ea3m c\u00e2n kh\u00f4ng ch\u1ec9 \u0111\u01a1n thu\u1ea7n l\u00e0 gi\u1ea3m tr\u1ecdng l\u01b0\u1ee3ng m\u00e0 c\u00f2n l\u00e0 c\u1ea3i thi\u1ec7n t\u1ef7 l\u1ec7 c\u01a1 th\u1ec3, c\u00f4 \u0111\u01b0\u1ee3c m\u1ec7nh danh l\u00e0 Nh\u00e0 nghi\u00ean c\u1ee9u V\u00f3c d\u00e1ng. C\u00f4 \u0111\u00e3 mi\u1ec7t m\u00e0i ghi ch\u00e9p nh\u1eefng th\u00f4ng tin v\u1ec1 ch\u1ebf \u0111\u1ed9 \u0103n v\u00e0 s\u1ef1 thay \u0111\u1ed5i s\u1ed1 \u0111o c\u01a1 th\u1ec3 c\u1ee7a kho\u1ea3ng 4.000 ng\u01b0\u1eddi \u0111\u1ec3 \u0111\u00fac r\u00fat \u201cCh\u1ebf \u0111\u1ed9 \u0103n ki\u00eang Kanon\u201d.<\/p>\n<p>T\u1ea5t c\u1ea3 c\u00e1c kh\u00e1ch h\u00e0ng c\u1ee7a Hasumi Kanon, c\u0169ng nh\u01b0 ch\u00ednh b\u1ea3n th\u00e2n c\u00f4, l\u00e0 b\u1eb1ng ch\u1ee9ng s\u1ed1ng cho hi\u1ec7u qu\u1ea3 c\u1ee7a \u201cCh\u1ebf \u0111\u1ed9 \u0103n ki\u00eang Kanon\u201d. V\u00f2ng eo c\u1ee7a c\u00f4 \u0111\u00e3 gi\u1ea3m 5 cm, v\u00f2ng ng\u1ef1c t\u0103ng t\u1eeb cup B th\u00e0nh cup E trong khi c\u00e2n n\u1eb7ng kh\u00f4ng h\u1ec1 thay \u0111\u1ed5i. Ki\u00ean tr\u00ec th\u1ef1c hi\u1ec7n, c\u00f4 \u0111\u00e3 gi\u1eef g\u00ecn \u0111\u01b0\u1ee3c v\u00f3c d\u00e1ng \u1ea5y trong su\u1ed1t 20 n\u0103m.<\/p>\n<p>M\u1ed9t ph\u01b0\u01a1ng ph\u00e1p \u0111em l\u1ea1i hi\u1ec7u qu\u1ea3 l\u00e2u d\u00e0i \u0111\u1ebfn v\u1eady gi\u1edd \u0111\u00e2y \u0111\u00e3 c\u00f3 s\u1eb5n trong m\u1ed9t cu\u1ed1n s\u00e1ch n\u1eb1m ngay trong t\u1ea7m v\u1edbi c\u1ee7a b\u1ea1n.<\/p>\n","protected":false},"excerpt":{"rendered":"<p>Gi\u1ea3m c\u00e2n n\u1eeda th\u00e2n d\u01b0\u1edbi l\u00e0 m\u1ed9t cu\u1ed1n s\u00e1ch \u0111\u1ed9c \u0111\u00e1o. N\u00f3 \u0111em l\u1ea1i m\u1ed9t g\u00f3c nh\u00ecn kh\u00e1c bi\u1ec7t, t\u1eeb c\u00e1ch ti\u1ebfp c\u1eadn cho \u0111\u1ebfn ph\u01b0\u01a1ng \u00e1n gi\u1ea3i quy\u1ebft, \u0111\u1ed1i v\u1edbi m\u1ed9t v\u1ea5n \u0111\u1ec1 lu\u00f4n khi\u1ebfn nhi\u1ec1u ch\u1ecb em b\u1eadn t\u00e2m: V\u1ebb \u0111\u1eb9p h\u00ecnh th\u1ec3.<\/p>\n<p>Nhi\u1ec1u ng\u01b0\u1eddi lu\u00f4n than phi\u1ec1n r\u1eb1ng m\u00ecnh kh\u00f4ng n\u1eb7ng c\u00e2n nh\u01b0ng v\u1eabn kh\u00f4ng \u0111\u1eb9p, \u201cCh\u1ec9 c\u00f3 b\u1ee5ng t\u00f4i l\u00e0 c\u1ee9 ph\u1ec7 ra l\u00e0m ng\u01b0\u1eddi ta t\u01b0\u1edfng t\u00f4i \u0111ang mang b\u1ea7u.\u201d H\u1ecd n\u00f4n n\u00f3ng th\u1ef1c hi\u1ec7n c\u00e1c bi\u1ec7n ph\u00e1p gi\u1ea3m c\u00e2n nh\u01b0ng k\u1ebft qu\u1ea3 l\u1ea1i kh\u00f4ng h\u1ec1 nh\u01b0 \u00fd, \u201cPh\u1ea7n th\u00e2n tr\u00ean c\u1ee7a t\u00f4i \u0111\u00e3 g\u1ea7y \u0111i, m\u00e0 sao ch\u1ec9 c\u00f3 ch\u00e2n t\u00f4i l\u00e0 b\u00e9o \u0111\u1ebfn v\u1eady.\u201d \u0110i\u1ec1u \u0111\u00f3 cho th\u1ea5y c\u00e2n n\u1eb7ng kh\u00f4ng ph\u1ea3i l\u00e0 t\u1ea5t c\u1ea3, v\u00f3c d\u00e1ng m\u1edbi l\u00e0 \u0111i\u1ec1u quan tr\u1ecdng.<\/p>\n<p>Nh\u1eadn th\u1ea5y \u0111i\u1ec1u \u1ea5y, t\u00e1c gi\u1ea3 Hasumi Kanon \u0111\u00e3 d\u00e0nh m\u1ed9t th\u1eddi gian d\u00e0i t\u00ecm hi\u1ec3u k\u1ef9 l\u01b0\u1ee1ng \u0111\u1ec3 s\u00e1ng t\u1ea1o ra \u201cCh\u1ebf \u0111\u1ed9 \u0103n ki\u00eang Kanon\u201d. Kh\u00f4ng c\u1ea7n kh\u1ed5 s\u1edf nh\u1ecbn \u0103n tinh b\u1ed9t, nh\u1ecbn \u0103n ch\u1ea5t b\u00e9o, kh\u00f4ng c\u1ea7n v\u1ea5t v\u1ea3 t\u1eadp luy\u1ec7n; ch\u1ec9 c\u1ea7n \u0103n u\u1ed1ng h\u1ee3p l\u00fd, sinh ho\u1ea1t \u0111i\u1ec1u \u0111\u1ed9. K\u1ebft qu\u1ea3 s\u1ebd l\u00e0 th\u00e2n h\u00ecnh g\u1ecdn g\u00e0ng, c\u00e2n n\u1eb7ng gi\u1ea3m xu\u1ed1ng. \u0110i\u1ec1u tuy\u1ec7t v\u1eddi h\u01a1n n\u1eefa l\u00e0 v\u00f3c d\u00e1ng s\u1ebd \u0111\u1eb9p h\u01a1n ngay c\u1ea3 khi c\u00e2n n\u1eb7ng ch\u01b0a b\u1eaft \u0111\u1ea7u thay \u0111\u1ed5i.<\/p>\n<p>T\u00e1c gi\u1ea3 Hasumi Kanon l\u00e0 ng\u01b0\u1eddi s\u00e1ng l\u1eadp trung t\u00e2m l\u00e0m \u0111\u1eb9p Kirei Factory t\u1ea1i Aoyama, Tokyo. V\u1edbi quan ni\u1ec7m gi\u1ea3m c\u00e2n kh\u00f4ng ch\u1ec9 \u0111\u01a1n thu\u1ea7n l\u00e0 gi\u1ea3m tr\u1ecdng l\u01b0\u1ee3ng m\u00e0 c\u00f2n l\u00e0 c\u1ea3i thi\u1ec7n t\u1ef7 l\u1ec7 c\u01a1 th\u1ec3, c\u00f4 \u0111\u01b0\u1ee3c m\u1ec7nh danh l\u00e0 Nh\u00e0 nghi\u00ean c\u1ee9u V\u00f3c d\u00e1ng. C\u00f4 \u0111\u00e3 mi\u1ec7t m\u00e0i ghi ch\u00e9p nh\u1eefng th\u00f4ng tin v\u1ec1 ch\u1ebf \u0111\u1ed9 \u0103n v\u00e0 s\u1ef1 thay \u0111\u1ed5i s\u1ed1 \u0111o c\u01a1 th\u1ec3 c\u1ee7a kho\u1ea3ng 4.000 ng\u01b0\u1eddi \u0111\u1ec3 \u0111\u00fac r\u00fat \u201cCh\u1ebf \u0111\u1ed9 \u0103n ki\u00eang Kanon\u201d.<\/p>\n<p>T\u1ea5t c\u1ea3 c\u00e1c kh\u00e1ch h\u00e0ng c\u1ee7a Hasumi Kanon, c\u0169ng nh\u01b0 ch\u00ednh b\u1ea3n th\u00e2n c\u00f4, l\u00e0 b\u1eb1ng ch\u1ee9ng s\u1ed1ng cho hi\u1ec7u qu\u1ea3 c\u1ee7a \u201cCh\u1ebf \u0111\u1ed9 \u0103n ki\u00eang Kanon\u201d. V\u00f2ng eo c\u1ee7a c\u00f4 \u0111\u00e3 gi\u1ea3m 5 cm, v\u00f2ng ng\u1ef1c t\u0103ng t\u1eeb cup B th\u00e0nh cup E trong khi c\u00e2n n\u1eb7ng kh\u00f4ng h\u1ec1 thay \u0111\u1ed5i. Ki\u00ean tr\u00ec th\u1ef1c hi\u1ec7n, c\u00f4 \u0111\u00e3 gi\u1eef g\u00ecn \u0111\u01b0\u1ee3c v\u00f3c d\u00e1ng \u1ea5y trong su\u1ed1t 20 n\u0103m.<\/p>\n<p>M\u1ed9t ph\u01b0\u01a1ng ph\u00e1p \u0111em l\u1ea1i hi\u1ec7u qu\u1ea3 l\u00e2u d\u00e0i \u0111\u1ebfn v\u1eady gi\u1edd \u0111\u00e2y \u0111\u00e3 c\u00f3 s\u1eb5n trong m\u1ed9t cu\u1ed1n s\u00e1ch n\u1eb1m ngay trong t\u1ea7m v\u1edbi c\u1ee7a b\u1ea1n.<\/p>\n","protected":false},"featured_media":22446,"template":"","meta":{"_acf_changed":false},"product_brand":[],"product_cat":[75,18,15,46],"product_tag":[83],"class_list":{"0":"post-22447","1":"product","2":"type-product","3":"status-publish","4":"has-post-thumbnail","6":"product_cat-giai-tri-truyen-cuoi","7":"product_cat-kinh-te","8":"product_cat-sach-danh-cho-nguoi-lon","9":"product_cat-ky-nang-song","10":"product_tag-sach-moi-xuat-ban","12":"first","13":"outofstock","14":"taxable","15":"shipping-taxable","16":"purchasable","17":"product-type-simple"},"supplier_id":null,"supplier_sku":"","barcode":null,"atum_controlled":true,"out_stock_date":"2024-08-21 09:41:43","out_stock_threshold":null,"inheritable":false,"inbound_stock":0,"stock_on_hold":0,"sold_today":0,"sales_last_days":0,"reserved_stock":0,"customer_returns":0,"warehouse_damage":0,"lost_in_post":0,"other_logs":0,"out_stock_days":525,"lost_sales":0,"has_location":false,"update_date":"2026-01-28T23:11:22","atum_locations":[],"atum_stock_status":"outofstock","restock_status":false,"low_stock_amount":"","sales_update_date":"2026-01-28T23:11:22","calc_backorders":null,"acf":{"publisher":{"ID":8671,"post_author":"1","post_date":"2021-04-28 14:30:12","post_date_gmt":"2021-04-28 11:30:12","post_content":"","post_title":"Alphabooks","post_excerpt":"","post_status":"publish","comment_status":"closed","ping_status":"closed","post_password":"","post_name":"alphabooks","to_ping":"","pinged":"","post_modified":"2021-04-28 14:30:12","post_modified_gmt":"2021-04-28 11:30:12","post_content_filtered":"","post_parent":0,"guid":"https:\/\/sachviet.eu\/nha-phat-hanh\/alphabooks\/","menu_order":0,"post_type":"publisher","post_mime_type":"","comment_count":"0","filter":"raw"}},"_links":{"self":[{"href":"https:\/\/sachviet.eu\/en\/wp-json\/wp\/v2\/product\/22447","targetHints":{"allow":["GET"]}}],"collection":[{"href":"https:\/\/sachviet.eu\/en\/wp-json\/wp\/v2\/product"}],"about":[{"href":"https:\/\/sachviet.eu\/en\/wp-json\/wp\/v2\/types\/product"}],"wp:featuredmedia":[{"embeddable":true,"href":"https:\/\/sachviet.eu\/en\/wp-json\/wp\/v2\/media\/22446"}],"wp:attachment":[{"href":"https:\/\/sachviet.eu\/en\/wp-json\/wp\/v2\/media?parent=22447"}],"wp:term":[{"taxonomy":"product_brand","embeddable":true,"href":"https:\/\/sachviet.eu\/en\/wp-json\/wp\/v2\/product_brand?post=22447"},{"taxonomy":"product_cat","embeddable":true,"href":"https:\/\/sachviet.eu\/en\/wp-json\/wp\/v2\/product_cat?post=22447"},{"taxonomy":"product_tag","embeddable":true,"href":"https:\/\/sachviet.eu\/en\/wp-json\/wp\/v2\/product_tag?post=22447"}],"curies":[{"name":"wp","href":"https:\/\/api.w.org\/{rel}","templated":true}]}}