{"id":22445,"date":"2023-01-21T21:30:47","date_gmt":"2023-01-21T19:30:47","guid":{"rendered":"https:\/\/sachviet.eu\/shop\/nhat-ky-cau-be-sieu-than-thien-bo-3-tap-thuoc-series-nhat-ky-chu-be-nhut-nhat\/"},"modified":"2024-08-23T22:36:52","modified_gmt":"2024-08-23T19:36:52","slug":"nhat-ky-cau-be-sieu-than-thien-bo-3-tap-thuoc-series-nhat-ky-chu-be-nhut-nhat","status":"publish","type":"product","link":"https:\/\/sachviet.eu\/en\/shop\/nhat-ky-cau-be-sieu-than-thien-bo-3-tap-thuoc-series-nhat-ky-chu-be-nhut-nhat\/","title":{"rendered":"Nh\u1eadt k\u00fd c\u1eadu b\u00e9 si\u00eau th\u00e2n thi\u1ec7n (b\u1ed9 3 t\u1eadp &#8211; thu\u1ed9c series Nh\u1eadt k\u00fd ch\u00fa b\u00e9 nh\u00fat nh\u00e1t)"},"content":{"rendered":"<p>NH\u1eacT K\u00dd C\u1eacU B\u00c9 SI\u00caU TH\u00c2N THI\u1ec6N: Rowley Refferson (T\u1eadp 1)<\/p>\n<p>Ph\u1ea7n ti\u1ebfp theo trong Series Nh\u1eadt k\u00fd ch\u00fa b\u00e9 Nh\u00fat<br \/>\nnh\u00e1t c\u1ee7a t\u00e1c gi\u1ea3 Jeff Kinney. Tuy nhi\u00ean nh\u00e2n v\u1eadt k\u1ec3<br \/>\nchuy\u1ec7n kh\u00f4ng ph\u1ea3i l\u00e0 Greg m\u00e0 l\u00e0 c\u1eadu b\u1ea1n v\u00f4 c\u00f9ng<br \/>\nhi\u1ec1n l\u00e0nh, d\u1ec5 th\u01b0\u01a1ng Rowley Jefferson \u2013 B\u1ea1n th\u00e2n<br \/>\nnh\u1ea5t qu\u1ea3 \u0111\u1ea5t c\u1ee7a Greg. Cu\u1ed1n s\u00e1ch kh\u00f4ng xoay<br \/>\nquanh cu\u1ed9c s\u1ed1ng c\u1ee7a Rowley m\u00e0 l\u00e0 nh\u1eefng ghi ch\u00e9p<br \/>\nc\u1ee7a c\u1eadu v\u1ec1 c\u1eadu b\u1ea1n th\u00e2n nh\u1ea5t c\u1ee7a m\u00ecnh \u2013 Greg.<br \/>\nV\u00e0 \u0111\u1eb7c bi\u1ec7t Rowley c\u0169ng \u0111\u00e3 d\u1ea1y cho Greg v\u00e0i b\u00e0i<br \/>\nh\u1ecdc nh\u1edb \u0111\u1eddi khi c\u1eadu b\u1ea1n t\u1ecf ra qu\u00e1 ranh m\u00e3nh trong<br \/>\nm\u1ed1i quan h\u1ec7 b\u1ea1n b\u00e8. D\u00f9 \u0111\u00f4i l\u00fac b\u1ea1n b\u00e8 khi\u1ebfn ta<br \/>\n\u0111i\u00ean ti\u1ebft, nh\u01b0ng v\u1edbi c\u1eadu b\u00e9 t\u1ed1t b\u1ee5ng nh\u01b0 Rowley,<br \/>\nGreg \u2013 b\u1ea1n c\u1eadu v\u1eabn v\u00f4 c\u00f9ng d\u1ec5 th\u01b0\u01a1ng, h\u00f3m h\u1ec9nh.<\/p>\n<p>NH\u1eacT K\u00dd C\u1eacU B\u00c9 SI\u00caU TH\u00c2N THI\u1ec6N: Rowley phi\u00eau l\u01b0u k\u00fd (T\u1eadp 2)<\/p>\n<p>CU\u1ed8C PHI\u00caU L\u01afU C\u00d3 M\u1ed8T-KH\u00d4NG-HAI !<br \/>\nB\u1eb1ng tr\u00ed t\u01b0\u1edfng t\u01b0\u1ee3ng phong ph\u00fa c\u1ee7a m\u00ecnh,<br \/>\nRowley Jefferson \u0111\u00e3 s\u00e1ng t\u00e1c m\u1ed9t cu\u1ed1n truy\u1ec7n<br \/>\nmang m\u00e0u s\u1eafc phi\u00eau l\u01b0u anh h\u00f9ng. H\u00e3y d\u00f5i theo<br \/>\nRoland v\u00e0 anh b\u1ea1n th\u00e2n Grag Th\u00f4 l\u1ed7 c\u1ee7a c\u1eadu,<br \/>\nkhi c\u1ea3 hai quy\u1ebft \u0111\u1ecbnh r\u1eddi kh\u1ecfi ng\u00f4i l\u00e0ng y\u00ean b\u00ecnh<br \/>\nv\u00e0 d\u1ea5n th\u00e2n v\u00e0o cu\u1ed9c t\u00ecm ki\u1ebfm v\u00e0 gi\u1ea3i c\u1ee9u M\u1eb9<br \/>\nRoland t\u1eeb tay Ph\u00f9 Th\u1ee7y Tr\u1eafng. Li\u1ec7u nh\u1eefng c\u1eadu<br \/>\nb\u00e9 d\u0169ng c\u1ea3m c\u00f3 v\u01b0\u1ee3t qua nh\u1eefng hi\u1ec3m nguy tr\u00f9ng<br \/>\ntr\u00f9ng trong su\u1ed1t cu\u1ed9c h\u00e0nh tr\u00ecnh c\u1ee7a m\u00ecnh?<\/p>\n<p>NH\u1eacT K\u00dd C\u1eacU B\u00c9 SI\u00caU TH\u00c2N THI\u1ec6N: NH\u1eeeNG CHUY\u1ec6N LY K\u1ef2 (T\u1eadp 3)<\/p>\n<p>CHUY\u1ec6N KH\u00d4NG N\u00caN \u0110\u1eccC L\u00daC N\u1eecA \u0110\u00caM!<br \/>\nN\u1ebfu b\u1ea1n t\u00f2 m\u00f2 mu\u1ed1n \u0111\u1ecdc cu\u1ed1n s\u00e1ch n\u00e0y v\u00e0o n\u1eeda \u0111\u00eam th\u00ec n\u00ean<br \/>\nchu\u1ea9n b\u1ecb s\u1eb5n m\u1ed9t chi\u1ebfc \u0111\u00e8n pin \u0111\u1ec3 b\u00ean c\u1ea1nh r\u1ed3i h\u00e3y m\u1edf s\u00e1ch ra!<br \/>\nTr\u01b0\u1edbc m\u1eaft b\u1ea1n l\u00e0 th\u1ebf gi\u1edbi ma qu\u00e1i r\u00f9ng r\u1ee3n \u0111\u1ea7y b\u1ea5t ng\u1edd qua tr\u00ed<br \/>\nt\u01b0\u1edfng t\u01b0\u1ee3ng xo\u1eafn n\u00e3o c\u1ee7a Rowley Jefferson. V\u1edbi 14 c\u00e2u chuy\u1ec7n<br \/>\nng\u1eafn g\u1ecdn v\u00e0 ly k\u1ef3, th\u1ebf gi\u1edbi \u0111\u1ea7y m\u00e0u s\u1eafc hi\u1ec7n l\u00ean c\u00f9ng nh\u1eefng c\u00e1ik\u1ebft-kh\u00f4ng-th\u1ec3-ng\u1edd-t\u1edbi khi\u1ebfn ng\u01b0\u1eddi ta v\u1eeba s\u1ee3 h\u00e3i, v\u1eeba t\u00f2 m\u00f2, l\u1ea1i<br \/>\nv\u1eeba ph\u1ea3i \u00f4m b\u1ee5ng c\u01b0\u1eddi t\u00e9 gh\u1ebf. Tuy nhi\u00ean, nh\u1eefng c\u00e2u chuy\u1ec7n n\u00e0y<br \/>\n\u0111\u1ec1u \u0111\u01b0\u1ee3c kh\u00e9o l\u00e9o \u0111an c\u00e0i nh\u1eefng b\u00e0i h\u1ecdc th\u00fa v\u1ecb, ch\u1eb3ng h\u1ea1n nh\u01b0<br \/>\nt\u00ednh trung th\u1ef1c, t\u00ecnh b\u1ea1n v\u00e0 t\u00ecnh c\u1ea3m gia \u0111\u00ec<br \/>\n14 c\u00e2u chuy\u1ec7n nh\u1ecf xu\u1ea5t hi\u1ec7n trong s\u00e1ch g\u1ed3m: Bi\u1ebfn h\u00ecnh, K\u1ebb ch\u01a1i kh\u0103m, Ng\u01b0\u1eddi b\u1ea1n ma, K\u1ebb th\u00edch<br \/>\nc\u1eafn, Chi\u1ebfc \u0111\u1ea7u ng\u01b0\u1eddi, Chi\u1ebfc m\u00e1y qu\u00e9t, C\u0103n h\u1ea7m b\u00ed m\u1eadt, Gi\u1ea5c ng\u1ee7 tr\u01b0a, V\u1ebft b\u1ea9n, X\u00e1c \u01b0\u1edbp, D\u1ef1 \u00e1n<br \/>\nkhoa h\u1ecdc, Chi\u1ebfc t\u1ee7 thu\u1ed1c, Cu\u1ed9c x\u00e2m l\u01b0\u1ee3c, v\u00e0 Con qu\u1ef7.<br \/>\nH\u00e3y c\u1ea9n th\u1eadn, v\u00ec c\u00f3 th\u1ec3 \u0111\u1ecdc xong b\u1ea1n s\u1ebd kh\u00f4ng d\u00e1m t\u1eaft \u0111\u00e8n \u0111i ng\u1ee7 \u0111\u00e2u!<\/p>\n","protected":false},"excerpt":{"rendered":"<p>Ph\u1ea7n ti\u1ebfp theo trong Series Nh\u1eadt k\u00fd ch\u00fa b\u00e9 Nh\u00fat nh\u00e1t c\u1ee7a t\u00e1c gi\u1ea3 Jeff Kinney. Tuy nhi\u00ean nh\u00e2n v\u1eadt k\u1ec3 chuy\u1ec7n kh\u00f4ng ph\u1ea3i l\u00e0 Greg m\u00e0 l\u00e0 c\u1eadu b\u1ea1n v\u00f4 c\u00f9ng hi\u1ec1n l\u00e0nh, d\u1ec5 th\u01b0\u01a1ng Rowley Jefferson \u2013 B\u1ea1n th\u00e2n nh\u1ea5t qu\u1ea3 \u0111\u1ea5t c\u1ee7a Greg. Cu\u1ed1n s\u00e1ch kh\u00f4ng xoay quanh cu\u1ed9c s\u1ed1ng c\u1ee7a Rowley m\u00e0 l\u00e0 nh\u1eefng ghi ch\u00e9p c\u1ee7a c\u1eadu v\u1ec1 c\u1eadu b\u1ea1n th\u00e2n nh\u1ea5t c\u1ee7a m\u00ecnh \u2013 Greg.<\/p>\n","protected":false},"featured_media":22443,"template":"","meta":{"_acf_changed":false},"product_brand":[],"product_cat":[17,26],"product_tag":[83],"class_list":{"0":"post-22445","1":"product","2":"type-product","3":"status-publish","4":"has-post-thumbnail","6":"product_cat-sach-danh-cho-cac-be","7":"product_cat-thieu-nien-11-tuoi-18-tuoi","8":"product_tag-sach-moi-xuat-ban","10":"first","11":"outofstock","12":"taxable","13":"shipping-taxable","14":"purchasable","15":"product-type-simple"},"supplier_id":null,"supplier_sku":"","barcode":null,"atum_controlled":true,"out_stock_date":"2024-08-23 19:36:52","out_stock_threshold":null,"inheritable":false,"inbound_stock":0,"stock_on_hold":0,"sold_today":0,"sales_last_days":0,"reserved_stock":0,"customer_returns":0,"warehouse_damage":0,"lost_in_post":0,"other_logs":0,"out_stock_days":523,"lost_sales":0,"has_location":false,"update_date":"2026-01-28T23:11:23","atum_locations":[],"atum_stock_status":"outofstock","restock_status":false,"low_stock_amount":"","sales_update_date":"2026-01-28T23:11:23","calc_backorders":null,"acf":{"publisher":{"ID":22442,"post_author":"1","post_date":"2023-01-21 21:30:31","post_date_gmt":"2023-01-21 19:30:31","post_content":"","post_title":"H\u00e0 Giang","post_excerpt":"","post_status":"publish","comment_status":"closed","ping_status":"closed","post_password":"","post_name":"ha-giang","to_ping":"","pinged":"","post_modified":"2023-01-21 21:30:31","post_modified_gmt":"2023-01-21 19:30:31","post_content_filtered":"","post_parent":0,"guid":"https:\/\/sachviet.eu\/nha-phat-hanh\/ha-giang\/","menu_order":0,"post_type":"publisher","post_mime_type":"","comment_count":"0","filter":"raw"}},"_links":{"self":[{"href":"https:\/\/sachviet.eu\/en\/wp-json\/wp\/v2\/product\/22445","targetHints":{"allow":["GET"]}}],"collection":[{"href":"https:\/\/sachviet.eu\/en\/wp-json\/wp\/v2\/product"}],"about":[{"href":"https:\/\/sachviet.eu\/en\/wp-json\/wp\/v2\/types\/product"}],"wp:featuredmedia":[{"embeddable":true,"href":"https:\/\/sachviet.eu\/en\/wp-json\/wp\/v2\/media\/22443"}],"wp:attachment":[{"href":"https:\/\/sachviet.eu\/en\/wp-json\/wp\/v2\/media?parent=22445"}],"wp:term":[{"taxonomy":"product_brand","embeddable":true,"href":"https:\/\/sachviet.eu\/en\/wp-json\/wp\/v2\/product_brand?post=22445"},{"taxonomy":"product_cat","embeddable":true,"href":"https:\/\/sachviet.eu\/en\/wp-json\/wp\/v2\/product_cat?post=22445"},{"taxonomy":"product_tag","embeddable":true,"href":"https:\/\/sachviet.eu\/en\/wp-json\/wp\/v2\/product_tag?post=22445"}],"curies":[{"name":"wp","href":"https:\/\/api.w.org\/{rel}","templated":true}]}}