{"id":22441,"date":"2023-01-21T21:30:27","date_gmt":"2023-01-21T19:30:27","guid":{"rendered":"https:\/\/sachviet.eu\/shop\/thao-tung-tam-ly\/"},"modified":"2023-12-11T10:50:30","modified_gmt":"2023-12-11T08:50:30","slug":"thao-tung-tam-ly","status":"publish","type":"product","link":"https:\/\/sachviet.eu\/en\/shop\/thao-tung-tam-ly\/","title":{"rendered":"Thao T\u00fang T\u00e2m L\u00fd"},"content":{"rendered":"<p>Shannon Thomas gi\u1edbi thi\u1ec7u nh\u1eefng ki\u1ebfn th\u1ee9c c\u01a1 b\u1ea3n v\u1ec1 \u0111\u1eb7c \u0111i\u1ec3m, c\u00e1c d\u1ea1ng c\u1ee7a l\u1ea1m d\u1ee5ng t\u00e2m l\u00fd n\u00f3i chung, thao t\u00fang t\u00e2m l\u00fd n\u00f3i ri\u00eang, v\u00e0 cung c\u1ea5p cho ng\u01b0\u1eddi \u0111\u1ecdc h\u00e0nh tr\u00ecnh ch\u1eefa l\u00e0nh g\u1ed3m 6 giai \u0111o\u1ea1n:<\/p>\n<p>Giai \u0111o\u1ea1n 1: Tuy\u1ec7t v\u1ecdng<br \/>\nGiai \u0111o\u1ea1n 2: Nh\u1eadn di\u1ec7n<br \/>\nGiai \u0111o\u1ea1n 3: Th\u1ee9c t\u1ec9nh<br \/>\nGiai \u0111o\u1ea1n 4: Nh\u1eefng ranh gi\u1edbi<br \/>\nGiai \u0111o\u1ea1n 5: Ph\u1ee5c h\u1ed3i<br \/>\nGiai \u0111o\u1ea1n 6: Duy tr\u00ec<br \/>\nB\u1eb1ng nh\u1eefng ki\u1ebfn th\u1ee9c chuy\u00ean s\u00e2u v\u00e0 s\u1ef1 th\u1ea5u hi\u1ec3u, t\u00e1c gi\u1ea3 s\u1ebd gi\u00fap b\u1ea1n t\u1eebng b\u01b0\u1edbc v\u01b0\u1ee3t qua nh\u1eefng r\u1eafc r\u1ed1i c\u1ee7a thao t\u00fang t\u00e2m l\u00fd, l\u1ea1m d\u1ee5ng ti\u1ec3m \u1ea9n \u0111\u1ec3 c\u00f3 cu\u1ed9c s\u1ed1ng \u00fd ngh\u0129a v\u00e0 l\u00e0nh m\u1ea1nh h\u01a1n.<\/p>\n<p>Th\u00f4ng tin t\u00e1c gi\u1ea3:<\/p>\n<p>Shannon Thomas, l\u00e0 m\u1ed9t nh\u00e0 gi\u00e1m s\u00e1t c\u00f4ng t\u00e1c x\u00e3 h\u1ed9i y t\u1ebf \u0111\u01b0\u1ee3c c\u1ea5p ph\u00e9p h\u00e0nh ngh\u1ec1, v\u00e0 l\u00e0 ch\u1ee7 ph\u00f2ng t\u01b0 v\u1ea5n\/chuy\u00ean gia t\u01b0 v\u1ea5n t\u00e2m l\u00fd ch\u00ednh c\u1ee7a ph\u00f2ng t\u01b0 v\u1ea5n Southlake Christian (SCC) \u1edf Southlake, bang Texas.<\/p>\n<p>SCC t\u1eebng nh\u1eadn gi\u1ea3i th\u01b0\u1edfng \u201cPh\u00f2ng th\u1ef1c h\u00e0nh t\u01b0 v\u1ea5n t\u00e2m l\u00fd t\u1ed1t nh\u1ea5t\u201d n\u0103m 2016 c\u1ee7a Living Magazine khu v\u1ef1c H\u1ea1t Northeast Tarrant t\u1ea1i Dallas-Fort Worth.<\/p>\n<p>Thomas l\u00e0 Tr\u1ee3 gi\u1ea3ng chuy\u00ean ng\u00e0nh v\u00e0 l\u00e0 th\u00e0nh vi\u00ean \u1ee6y ban t\u01b0 v\u1ea5n c\u1ee7a Khoa C\u00f4ng t\u00e1c x\u00e3 h\u1ed9i \u2013 Tr\u01b0\u1eddng \u0110\u1ea1i h\u1ecdc Texas Christian.<br \/>\nC\u00e1ch ti\u1ebfp c\u1eadn khi t\u01b0 v\u1ea5n t\u00e2m l\u00fd c\u1ee7a c\u00f4 \u1ea5y xu\u1ea5t ph\u00e1t t\u1eeb g\u00f3c nh\u00ecn c\u1ee7a m\u1ed9t nh\u00e0 t\u01b0 v\u1ea5n t\u00e2m l\u00fd \u0111\u01b0\u1ee3c c\u1ea5p ph\u00e9p h\u00e0nh ngh\u1ec1 \u0111\u1ed3ng th\u1eddi t\u1eeb g\u00f3c nh\u00ecn c\u1ee7a m\u1ed9t ng\u01b0\u1eddi \u0111i tr\u01b0\u1edbc, m\u1ed9t ng\u01b0\u1eddi s\u1ed1ng s\u00f3t sau khi b\u1ecb l\u1ea1m d\u1ee5ng t\u00e2m l\u00fd.<\/p>\n","protected":false},"excerpt":{"rendered":"<p>Trong cu\u1ed1n \u201cThao t\u00fang t\u00e2m l\u00fd\u201d, t\u00e1c gi\u1ea3 Shannon Thomas gi\u1edbi thi\u1ec7u \u0111\u1ebfn \u0111\u1ed9c gi\u1ea3 nh\u1eefng hi\u1ec3u bi\u1ebft li\u00ean quan \u0111\u1ebfn thao t\u00fang t\u00e2m l\u00fd v\u00e0 l\u1ea1m d\u1ee5ng ti\u1ec1m \u1ea9n.<\/p>\n<p>\u201cThao t\u00fang t\u00e2m l\u00fd\u201d l\u00e0 m\u1ed9t d\u1ea1ng c\u1ee7a l\u1ea1m d\u1ee5ng t\u00e2m l\u00fd. C\u0169ng gi\u1ed1ng nh\u01b0 l\u1ea1m d\u1ee5ng t\u00e2m l\u00fd, thao t\u00fang t\u00e2m l\u00fd c\u00f3 th\u1ec3 xu\u1ea5t hi\u1ec7n \u1edf b\u1ea5t k\u1ef3 m\u00f4i tr\u01b0\u1eddng n\u00e0o, t\u1eeb b\u1ea5t c\u1ee9 \u0111\u1ed1i t\u01b0\u1ee3ng \u0111\u1ed9c h\u1ea1i n\u00e0o. \u0110\u00f3 c\u00f3 th\u1ec3 l\u00e0 b\u1ed1 m\u1eb9 ru\u1ed9t, anh ch\u1ecb em ru\u1ed9t, ng\u01b0\u1eddi y\u00eau, v\u1ee3 ho\u1eb7c ch\u1ed3ng, s\u1ebfp hay \u0111\u1ed3ng nghi\u1ec7p\u2026 c\u1ee7a b\u1ea1n. V\u1edbi t\u00ednh ch\u1ea5t b\u00ed hi\u1ec3m, \u00e2m th\u1ea7m g\u00e2y h\u1ea1i, thao t\u00fang, l\u1ea1m d\u1ee5ng t\u00e2m l\u00fd l\u00e0m t\u1ed5n th\u01b0\u01a1ng c\u1ea3m x\u00fac, l\u00f2ng t\u1ef1 tr\u1ecdng, cu\u1ed9c s\u1ed1ng c\u1ee7a m\u1ed7i n\u1ea1n nh\u00e2n. Nh\u1eefng ng\u01b0\u1eddi t\u1eebng b\u1ecb l\u1ea1m d\u1ee5ng t\u00e2m l\u00fd th\u01b0\u1eddng kh\u00f4ng th\u1ec3 mi\u00eau t\u1ea3 r\u00f5 r\u00e0ng \u0111i\u1ec1u g\u00ec \u0111\u00e3 x\u1ea3y ra v\u1edbi m\u00ecnh. Trong nhi\u1ec1u tr\u01b0\u1eddng h\u1ee3p, n\u1ea1n nh\u00e2n b\u1ecb thao t\u00fang \u0111\u1ebfn m\u1ee9c t\u1ef1 h\u1ecfi c\u00f3 ph\u1ea3i h\u1ecd l\u00e0 ng\u01b0\u1eddi c\u00f3 l\u1ed7i, th\u1eadm ch\u00ed h\u1ecd c\u00f3 ph\u1ea3i l\u00e0 ng\u01b0\u1eddi \u0111\u1ed9c h\u1ea1i trong m\u1ed1i quan h\u1ec7 \u0111\u00f3.<\/p>\n<p>H\u00e0nh vi c\u1ee7a (nh\u1eefng) k\u1ebb l\u1ea1m d\u1ee5ng gi\u1ed1ng nh\u01b0 m\u1ed9t tr\u00f2 ch\u01a1i b\u00ed \u1ea9n, t\u1ec7 h\u1ea1i v\u00e0 l\u1eb7p \u0111i l\u1eb7p l\u1ea1i, do m\u1ed9t c\u00e1 nh\u00e2n ho\u1eb7c m\u1ed9t nh\u00f3m ng\u01b0\u1eddi th\u1ef1c hi\u1ec7n v\u1edbi n\u1ea1n nh\u00e2n. Nh\u1eefng h\u00e0nh vi n\u00e0y \u0111\u01b0\u1ee3c ng\u1ee5y trang t\u00e0i t\u00ecnh \u0111\u1ebfn m\u1ee9c h\u00e0nh vi \u0111\u1ed9c \u00e1c c\u1ee7a h\u1ecd di\u1ec5n ra th\u01b0\u1eddng xuy\u00ean, nh\u01b0ng kh\u00f4ng b\u1ecb ph\u00e1t hi\u1ec7n.<\/p>\n","protected":false},"featured_media":22440,"template":"","meta":{"_acf_changed":false},"product_brand":[],"product_cat":[15,46],"product_tag":[83],"class_list":{"0":"post-22441","1":"product","2":"type-product","3":"status-publish","4":"has-post-thumbnail","6":"product_cat-sach-danh-cho-nguoi-lon","7":"product_cat-ky-nang-song","8":"product_tag-sach-moi-xuat-ban","10":"first","11":"outofstock","12":"taxable","13":"shipping-taxable","14":"purchasable","15":"product-type-simple"},"supplier_id":null,"supplier_sku":"","barcode":null,"atum_controlled":true,"out_stock_date":"2023-12-11 08:50:31","out_stock_threshold":null,"inheritable":false,"inbound_stock":0,"stock_on_hold":0,"sold_today":0,"sales_last_days":0,"reserved_stock":0,"customer_returns":0,"warehouse_damage":0,"lost_in_post":0,"other_logs":0,"out_stock_days":779,"lost_sales":0,"has_location":false,"update_date":"2026-01-28T23:11:09","atum_locations":[],"atum_stock_status":"outofstock","restock_status":false,"low_stock_amount":"","sales_update_date":"2026-01-28T23:11:09","calc_backorders":null,"acf":{"publisher":{"ID":4030,"post_author":"1","post_date":"2021-03-02 03:51:27","post_date_gmt":"2021-03-02 01:51:27","post_content":"","post_title":"1980 Books","post_excerpt":"","post_status":"publish","comment_status":"closed","ping_status":"closed","post_password":"","post_name":"1980-books","to_ping":"","pinged":"","post_modified":"2021-03-02 03:51:27","post_modified_gmt":"2021-03-02 01:51:27","post_content_filtered":"","post_parent":0,"guid":"https:\/\/sachviet.eu\/nha-phat-hanh\/1980-books\/","menu_order":0,"post_type":"publisher","post_mime_type":"","comment_count":"0","filter":"raw"}},"_links":{"self":[{"href":"https:\/\/sachviet.eu\/en\/wp-json\/wp\/v2\/product\/22441","targetHints":{"allow":["GET"]}}],"collection":[{"href":"https:\/\/sachviet.eu\/en\/wp-json\/wp\/v2\/product"}],"about":[{"href":"https:\/\/sachviet.eu\/en\/wp-json\/wp\/v2\/types\/product"}],"wp:featuredmedia":[{"embeddable":true,"href":"https:\/\/sachviet.eu\/en\/wp-json\/wp\/v2\/media\/22440"}],"wp:attachment":[{"href":"https:\/\/sachviet.eu\/en\/wp-json\/wp\/v2\/media?parent=22441"}],"wp:term":[{"taxonomy":"product_brand","embeddable":true,"href":"https:\/\/sachviet.eu\/en\/wp-json\/wp\/v2\/product_brand?post=22441"},{"taxonomy":"product_cat","embeddable":true,"href":"https:\/\/sachviet.eu\/en\/wp-json\/wp\/v2\/product_cat?post=22441"},{"taxonomy":"product_tag","embeddable":true,"href":"https:\/\/sachviet.eu\/en\/wp-json\/wp\/v2\/product_tag?post=22441"}],"curies":[{"name":"wp","href":"https:\/\/api.w.org\/{rel}","templated":true}]}}