{"id":22439,"date":"2023-01-21T21:30:21","date_gmt":"2023-01-21T19:30:21","guid":{"rendered":"https:\/\/sachviet.eu\/shop\/mon-ngon-sai-gon-tu-nha-ra-pho-tranh-va-ky-hoa-sach-mau\/"},"modified":"2023-06-08T23:45:01","modified_gmt":"2023-06-08T20:45:01","slug":"mon-ngon-sai-gon-tu-nha-ra-pho-tranh-va-ky-hoa-sach-mau","status":"publish","type":"product","link":"https:\/\/sachviet.eu\/en\/shop\/mon-ngon-sai-gon-tu-nha-ra-pho-tranh-va-ky-hoa-sach-mau\/","title":{"rendered":"M\u00f3n Ngon S\u00e0i G\u00f2n T\u1eeb Nh\u00e0 Ra Ph\u1ed1 &#8211; Tranh V\u00e0 K\u00fd H\u1ecda (S\u00e1ch M\u00e0u)"},"content":{"rendered":"<p>M\u00f3n Ngon S\u00e0i G\u00f2n T\u1eeb Nh\u00e0 Ra Ph\u1ed1 l\u00e0 m\u1ed9t t\u1eadp tranh m\u00e0u n\u01b0\u1edbc s\u1ed1ng \u0111\u1ed9ng v\u1ec1 c\u00e1c m\u00f3n \u0103n \u0111\u1eb7c tr\u01b0ng c\u1ee7a S\u00e0i G\u00f2n nh\u01b0 b\u00f2 b\u00eda, b\u00e1nh tr\u00e1ng tr\u1ed9n, c\u01a1m t\u1ea5m, h\u1ee7 ti\u1ebfu g\u00f5, hay nh\u1eefng m\u00f3n ngon du nh\u1eadp t\u1eeb nh\u1eefng v\u00f9ng mi\u1ec1n, \u0111\u1ea5t n\u01b0\u1ed1c kh\u00e1c lu\u00f4n \u0111\u01b0\u1ee3c s\u00e0i G\u00f2n \u0111\u00f3n nh\u1eadn nh\u01b0 ph\u1edf, b\u00fan \u0111\u1eadu m\u1eafm t\u00f4m, g\u00e0 r\u00e1n, hamburger, G\u1eafn li\u1ec1n v\u1edbi m\u1ed7i m\u00f3n \u0103n c\u00f2n l\u00e0 nh\u1eefng c\u00e2u chuy\u1ec7n, k\u1ef7 ni\u1ec7m, d\u00f9 nh\u1ecf nh\u1eb7t, ri\u00eang t\u01b0 c\u1ee7a t\u00e1c gi\u1ea3 nh\u01b0ng c\u0169ng kh\u00f4ng k\u00e9m g\u1ea7n g\u0169i v\u00e0 th\u00e2n quen nh\u01b0 ch\u00ednh c\u00e2u chuy\u1ec7n c\u1ee7a m\u1ed7i ng\u01b0\u1eddi.<\/p>\n<p>M\u00f3n Ngon S\u00e0i G\u00f2n T\u1eeb Nh\u00e0 Ra Ph\u1ed1 \u0111\u01b0\u1ee3c t\u00e1c gi\u1ea3 &#8211; m\u1ed9t ng\u01b0\u1eddi S\u00e0i G\u00f2n tr\u1ebb &#8211; th\u1ef1c hi\u1ec7n trong nh\u1eefng ng\u00e0y gi\u00e3n c\u00e1ch v\u00ec d\u1ecbch COVID-19 lan r\u1ed9ng \u1edf S\u00e0i G\u00f2n, ph\u1ea7n nhi\u1ec1u b\u1eb1ng tr\u00ed nh\u1edb v\u00e0 t\u01b0 li\u1ec7u thu th\u1eadp \u0111\u01b0\u1ee3c tr\u01b0\u1edbc \u0111\u00f3. Hy v\u1ecdng cu\u1ed1n s\u00e1ch s\u1ebd mang \u0111\u1ebfn cho b\u1ea1n \u0111\u1ecdc m\u1ed9t chuy\u1ebfn tr\u1ea3i nghi\u1ec7m \u1ea9m th\u1ef1c th\u00fa v\u1ecb b\u1eb1ng th\u1ecb gi\u00e1c c\u0169ng nh\u01b0 t\u00e1i hi\u1ec7n \u0111\u01b0\u1ee3c ph\u1ea7n n\u00e0o n\u00e9t v\u0103n h\u00f3a \u0111\u1eb7c s\u1eafc c\u1ee7a m\u1ed9t th\u00e0nh ph\u1ed1 h\u00e0o s\u1ea3ng v\u00e0 bao dung.<br \/>\n&#8212;&#8212;<br \/>\n&#8220;Kh\u00f4ng bi\u1ebft c\u00f3 ph\u1ea3i do s\u1ed1 may m\u1eafn hay kh\u00f4ng m\u00e0 nhi\u1ec1u m\u00f3n \u0103n t\u00f4i \u0111\u01b0\u1ee3c th\u01b0\u1edfng th\u1ee9c l\u1ea1i g\u1eafn li\u1ec1n v\u1edbi nh\u1eefng k\u1ef7 ni\u1ec7m vui trong \u0111\u1eddi, l\u00e0 k\u1ef7 ni\u1ec7m th\u1eddi tu\u1ed5i th\u01a1, k\u1ef7 ni\u1ec7m trong nh\u1eefng l\u1ea7n c\u00f9ng ng\u01b0\u1eddi th\u00e2n d\u1ea1o ph\u1ed1 t\u00ecm m\u00f3n ngon, hay trong nh\u1eefng ng\u00e0y T\u1ebft,\u2026 t\u00f4i \u0111\u1ec1u tr\u00e2n tr\u1ecdng v\u00e0 nh\u1edb nh\u01b0 in cho t\u1edbi l\u00fac l\u1edbn kh\u00f4n.<\/p>\n<p>GI\u1edaI THI\u1ec6U S\u00c1CH M\u1edaI 2022<\/p>\n<p>V\u1edbi ch\u00fat n\u0103ng khi\u1ebfu h\u1ed9i h\u1ecda th\u1eeba h\u01b0\u1edfng t\u1eeb ba th\u01b0\u01a1ng y\u00eau, t\u00f4i \u0111\u01a1n gi\u1ea3n ch\u1ec9 mu\u1ed1n v\u1ebd l\u1ea1i nh\u1eefng b\u1ee9c tranh n\u00e0y nh\u01b0 m\u1ed9t c\u00e1ch nh\u1eafc nh\u1edb v\u1ec1 s\u1ef1 \u0111a d\u1ea1ng \u1ea9m th\u1ef1c \u1edf S\u00e0i G\u00f2n, n\u01a1i gia \u0111\u00ecnh t\u00f4i \u0111\u00e3 s\u1ed1ng nhi\u1ec1u \u0111\u1eddi. T\u00f4i \u0111\u00e3 v\u1ebd trong nh\u1eefng ng\u00e0y gi\u00e3n c\u00e1ch v\u00ec d\u1ecbch Covid-19 \u1edf S\u00e0i G\u00f2n, ph\u1ea7n nhi\u1ec1u b\u1eb1ng tr\u00ed nh\u1edb v\u00e0 t\u01b0 li\u1ec7u thu th\u1eadp \u0111\u01b0\u1ee3c tr\u01b0\u1edbc \u0111\u00f3, nh\u1eefng ng\u00e0y th\u00e0nh ph\u1ed1 c\u00f2n \u0111ang trong cu\u1ed9c s\u1ed1ng th\u1ea3nh th\u01a1i, nh\u1ed9n nh\u1ecbp h\u00e0ng qu\u00e1n. Nh\u1edd nh\u1eefng k\u00fd \u1ee9c vui v\u1ebb \u1ea5y, t\u00f4i c\u1ea3m th\u1ea5y m\u00ecnh tho\u00e1t ra \u0111\u01b0\u1ee3c s\u1ef1 t\u00f9 t\u00fang gi\u1eefa b\u1ed1n b\u1ee9c t\u01b0\u1eddng c\u1ee7a c\u0103n chung c\u01b0 \u0111\u1ec3 l\u1ea7n n\u1eefa phi\u00eau l\u00e3ng kh\u1eafp ph\u1ed1 ph\u01b0\u1eddng. <\/p>\n<p>R\u1ea5t mong c\u00f3 th\u1ec3 nh\u1eadn \u0111\u01b0\u1ee3c s\u1ef1 \u0111\u1ed3ng c\u1ea3m c\u1ee7a \u0111\u1ed9c gi\u1ea3 khi c\u1ea7m tr\u00ean tay cu\u1ed1n s\u00e1ch n\u00e0y.&#8221;<\/p>\n<p>&#8212; T\u00e1c gi\u1ea3 Ph\u1ea1m Ng\u1ecdc Kh\u00e1nh<\/p>\n","protected":false},"excerpt":{"rendered":"<p>M\u00f3n Ngon S\u00e0i G\u00f2n T\u1eeb Nh\u00e0 Ra Ph\u1ed1 l\u00e0 m\u1ed9t t\u1eadp tranh m\u00e0u n\u01b0\u1edbc s\u1ed1ng \u0111\u1ed9ng v\u1ec1 c\u00e1c m\u00f3n \u0103n \u0111\u1eb7c tr\u01b0ng c\u1ee7a S\u00e0i G\u00f2n nh\u01b0 b\u00f2 b\u00eda, b\u00e1nh tr\u00e1ng tr\u1ed9n, c\u01a1m t\u1ea5m, h\u1ee7 ti\u1ebfu g\u00f5, hay nh\u1eefng m\u00f3n ngon du nh\u1eadp t\u1eeb nh\u1eefng v\u00f9ng mi\u1ec1n, \u0111\u1ea5t n\u01b0\u1ed1c kh\u00e1c lu\u00f4n \u0111\u01b0\u1ee3c s\u00e0i G\u00f2n \u0111\u00f3n nh\u1eadn nh\u01b0 ph\u1edf, b\u00fan \u0111\u1eadu m\u1eafm t\u00f4m, g\u00e0 r\u00e1n, hamburger, G\u1eafn li\u1ec1n v\u1edbi m\u1ed7i m\u00f3n \u0103n c\u00f2n l\u00e0 nh\u1eefng c\u00e2u chuy\u1ec7n, k\u1ef7 ni\u1ec7m, d\u00f9 nh\u1ecf nh\u1eb7t, ri\u00eang t\u01b0 c\u1ee7a t\u00e1c gi\u1ea3 nh\u01b0ng c\u0169ng kh\u00f4ng k\u00e9m g\u1ea7n g\u0169i v\u00e0 th\u00e2n quen nh\u01b0 ch\u00ednh c\u00e2u chuy\u1ec7n c\u1ee7a m\u1ed7i ng\u01b0\u1eddi.<\/p>\n<p>M\u00f3n Ngon S\u00e0i G\u00f2n T\u1eeb Nh\u00e0 Ra Ph\u1ed1 \u0111\u01b0\u1ee3c t\u00e1c gi\u1ea3 &#8211; m\u1ed9t ng\u01b0\u1eddi S\u00e0i G\u00f2n tr\u1ebb &#8211; th\u1ef1c hi\u1ec7n trong nh\u1eefng ng\u00e0y gi\u00e3n c\u00e1ch v\u00ec d\u1ecbch COVID-19 lan r\u1ed9ng \u1edf S\u00e0i G\u00f2n, ph\u1ea7n nhi\u1ec1u b\u1eb1ng tr\u00ed nh\u1edb v\u00e0 t\u01b0 li\u1ec7u thu th\u1eadp \u0111\u01b0\u1ee3c tr\u01b0\u1edbc \u0111\u00f3. Hy v\u1ecdng cu\u1ed1n s\u00e1ch s\u1ebd mang \u0111\u1ebfn cho b\u1ea1n \u0111\u1ecdc m\u1ed9t chuy\u1ebfn tr\u1ea3i nghi\u1ec7m \u1ea9m th\u1ef1c th\u00fa v\u1ecb b\u1eb1ng th\u1ecb gi\u00e1c c\u0169ng nh\u01b0 t\u00e1i hi\u1ec7n \u0111\u01b0\u1ee3c ph\u1ea7n n\u00e0o n\u00e9t v\u0103n h\u00f3a \u0111\u1eb7c s\u1eafc c\u1ee7a m\u1ed9t th\u00e0nh ph\u1ed1 h\u00e0o s\u1ea3ng v\u00e0 bao dung.<\/p>\n","protected":false},"featured_media":22437,"template":"","meta":{"_acf_changed":false},"product_brand":[],"product_cat":[18,15,42,46],"product_tag":[83],"class_list":{"0":"post-22439","1":"product","2":"type-product","3":"status-publish","4":"has-post-thumbnail","6":"product_cat-kinh-te","7":"product_cat-sach-danh-cho-nguoi-lon","8":"product_cat-sach-nau-an-am-thuc","9":"product_cat-ky-nang-song","10":"product_tag-sach-moi-xuat-ban","12":"first","13":"outofstock","14":"taxable","15":"shipping-taxable","16":"purchasable","17":"product-type-simple"},"supplier_id":null,"supplier_sku":"","barcode":null,"atum_controlled":true,"out_stock_date":"2023-06-08 20:45:01","out_stock_threshold":null,"inheritable":false,"inbound_stock":0,"stock_on_hold":0,"sold_today":0,"sales_last_days":0,"reserved_stock":0,"customer_returns":0,"warehouse_damage":0,"lost_in_post":0,"other_logs":0,"out_stock_days":965,"lost_sales":0,"has_location":false,"update_date":"2026-01-28T23:11:09","atum_locations":[],"atum_stock_status":"outofstock","restock_status":false,"low_stock_amount":"","sales_update_date":"2026-01-28T23:11:09","calc_backorders":null,"acf":{"publisher":{"ID":5800,"post_author":"1","post_date":"2021-03-14 02:27:19","post_date_gmt":"2021-03-14 00:27:19","post_content":"","post_title":"Ph\u01b0\u01a1ng Nam Book","post_excerpt":"","post_status":"publish","comment_status":"closed","ping_status":"closed","post_password":"","post_name":"phuong-nam-book","to_ping":"","pinged":"","post_modified":"2021-03-14 02:27:19","post_modified_gmt":"2021-03-14 00:27:19","post_content_filtered":"","post_parent":0,"guid":"https:\/\/sachviet.eu\/blog\/nha-phat-hanh\/phuong-nam-book\/","menu_order":0,"post_type":"publisher","post_mime_type":"","comment_count":"0","filter":"raw"}},"_links":{"self":[{"href":"https:\/\/sachviet.eu\/en\/wp-json\/wp\/v2\/product\/22439","targetHints":{"allow":["GET"]}}],"collection":[{"href":"https:\/\/sachviet.eu\/en\/wp-json\/wp\/v2\/product"}],"about":[{"href":"https:\/\/sachviet.eu\/en\/wp-json\/wp\/v2\/types\/product"}],"wp:featuredmedia":[{"embeddable":true,"href":"https:\/\/sachviet.eu\/en\/wp-json\/wp\/v2\/media\/22437"}],"wp:attachment":[{"href":"https:\/\/sachviet.eu\/en\/wp-json\/wp\/v2\/media?parent=22439"}],"wp:term":[{"taxonomy":"product_brand","embeddable":true,"href":"https:\/\/sachviet.eu\/en\/wp-json\/wp\/v2\/product_brand?post=22439"},{"taxonomy":"product_cat","embeddable":true,"href":"https:\/\/sachviet.eu\/en\/wp-json\/wp\/v2\/product_cat?post=22439"},{"taxonomy":"product_tag","embeddable":true,"href":"https:\/\/sachviet.eu\/en\/wp-json\/wp\/v2\/product_tag?post=22439"}],"curies":[{"name":"wp","href":"https:\/\/api.w.org\/{rel}","templated":true}]}}