{"id":22436,"date":"2023-01-21T21:30:14","date_gmt":"2023-01-21T19:30:14","guid":{"rendered":"https:\/\/sachviet.eu\/shop\/combo-2-cuon-sach-buc-hoa-mua-roi-xuong\/"},"modified":"2025-04-07T17:56:53","modified_gmt":"2025-04-07T14:56:53","slug":"combo-2-cuon-sach-buc-hoa-mua-roi-xuong","status":"publish","type":"product","link":"https:\/\/sachviet.eu\/en\/shop\/combo-2-cuon-sach-buc-hoa-mua-roi-xuong\/","title":{"rendered":"Combo 2 Cu\u1ed1n s\u00e1ch: B\u1ee9c H\u1ecda M\u00faa R\u1ed1i X\u01b0\u01a1ng"},"content":{"rendered":"<p>Tr\u1edf v\u1ec1 t\u1eeb chuy\u1ebfn h\u00e0nh tr\u00ecnh kinh ho\u00e0ng \u1edf n\u01b0\u1edbc Nga xa x\u00f4i, L\u00e2m B\u00e1n H\u1ea1 v\u00e0 T\u1ed1ng Khinh La ngay l\u1eadp t\u1ee9c ph\u1ea3i \u0111\u01b0\u01a1ng \u0111\u1ea7u v\u1edbi m\u1ed9t v\u1ee5 \u00e1n m\u1edbi.<\/p>\n<p>B\u1ea3y thi\u1ebfu ni\u00ean b\u1ed1c \u0111\u1ed3ng \u0111\u00e3 r\u1ee7 nhau kh\u00e1m ph\u00e1 b\u00ed \u1ea9n \u0111\u1eb1ng sau nh\u1eefng c\u00e1i ch\u1ebft b\u1ea5t ng\u1edd tr\u00ean chuy\u1ebfn t\u00e0u l\u01b0\u1ee3n si\u00eau t\u1ed1c t\u1ea1i m\u1ed9t c\u00f4ng vi\u00ean gi\u1ea3i tr\u00ed.<\/p>\n<p>Th\u1eddi kh\u1eafc c\u00e1nh c\u1eeda g\u1ec9 s\u00e9t m\u1edf ra c\u0169ng l\u00e0 l\u00fac h\u1ecd v\u00f4 t\u00ecnh b\u01b0\u1edbc qua ranh gi\u1edbi gi\u1eefa th\u1ef1c v\u00e0 \u1ea3o. Sau l\u1edbp s\u01b0\u01a1ng m\u00f9 d\u00e0y \u0111\u1eb7c, th\u1ee9 \u0111ang l\u1eb7ng l\u1ebd \u0111\u00f3n ch\u1edd h\u1ecd ch\u1ec9 c\u00f3 s\u1ef1 tuy\u1ec7t v\u1ecdng ch\u1ebft ch\u00f3c.<\/p>\n<p>T\u00e0u l\u01b0\u1ee3n lao vun v\u00fat tr\u00ean \u0111\u01b0\u1eddng ray, gi\u1ecdng n\u00f3i m\u00e9o m\u00f3 trong loa ph\u00e1t thanh th\u1ed1t ra m\u1ed9t c\u00e2u th\u00f4ng b\u00e1o \u0111\u01a1n gi\u1ea3n.<\/p>\n<p>C\u1ee9 th\u1ebf, tr\u00f2 ch\u01a1i sinh t\u1eed \u0111i\u00ean r\u1ed3 \u0111\u00e3 ch\u00ednh th\u1ee9c b\u1eaft \u0111\u1ea7u\u2026<\/p>\n","protected":false},"excerpt":{"rendered":"<p>Tr\u1edf v\u1ec1 t\u1eeb chuy\u1ebfn h\u00e0nh tr\u00ecnh kinh ho\u00e0ng \u1edf n\u01b0\u1edbc Nga xa x\u00f4i, L\u00e2m B\u00e1n H\u1ea1 v\u00e0 T\u1ed1ng Khinh La ngay l\u1eadp t\u1ee9c ph\u1ea3i \u0111\u01b0\u01a1ng \u0111\u1ea7u v\u1edbi m\u1ed9t v\u1ee5 \u00e1n m\u1edbi.<\/p>\n<p>B\u1ea3y thi\u1ebfu ni\u00ean b\u1ed1c \u0111\u1ed3ng \u0111\u00e3 r\u1ee7 nhau kh\u00e1m ph\u00e1 b\u00ed \u1ea9n \u0111\u1eb1ng sau nh\u1eefng c\u00e1i ch\u1ebft b\u1ea5t ng\u1edd tr\u00ean chuy\u1ebfn t\u00e0u l\u01b0\u1ee3n si\u00eau t\u1ed1c t\u1ea1i m\u1ed9t c\u00f4ng vi\u00ean gi\u1ea3i tr\u00ed.<\/p>\n<p>Th\u1eddi kh\u1eafc c\u00e1nh c\u1eeda g\u1ec9 s\u00e9t m\u1edf ra c\u0169ng l\u00e0 l\u00fac h\u1ecd v\u00f4 t\u00ecnh b\u01b0\u1edbc qua ranh gi\u1edbi gi\u1eefa th\u1ef1c v\u00e0 \u1ea3o. Sau l\u1edbp s\u01b0\u01a1ng m\u00f9 d\u00e0y \u0111\u1eb7c, th\u1ee9 \u0111ang l\u1eb7ng l\u1ebd \u0111\u00f3n ch\u1edd h\u1ecd ch\u1ec9 c\u00f3 s\u1ef1 tuy\u1ec7t v\u1ecdng ch\u1ebft ch\u00f3c.<\/p>\n<p>T\u00e0u l\u01b0\u1ee3n lao vun v\u00fat tr\u00ean \u0111\u01b0\u1eddng ray, gi\u1ecdng n\u00f3i m\u00e9o m\u00f3 trong loa ph\u00e1t thanh th\u1ed1t ra m\u1ed9t c\u00e2u th\u00f4ng b\u00e1o \u0111\u01a1n gi\u1ea3n.<\/p>\n<p>C\u1ee9 th\u1ebf, tr\u00f2 ch\u01a1i sinh t\u1eed \u0111i\u00ean r\u1ed3 \u0111\u00e3 ch\u00ednh th\u1ee9c b\u1eaft \u0111\u1ea7u\u2026<\/p>\n","protected":false},"featured_media":22435,"template":"","meta":{"_acf_changed":false},"product_brand":[],"product_cat":[15,72],"product_tag":[83],"class_list":{"0":"post-22436","1":"product","2":"type-product","3":"status-publish","4":"has-post-thumbnail","6":"product_cat-sach-danh-cho-nguoi-lon","7":"product_cat-trinh-tham-kinh-di","8":"product_tag-sach-moi-xuat-ban","10":"first","11":"outofstock","12":"taxable","13":"shipping-taxable","14":"purchasable","15":"product-type-simple"},"supplier_id":null,"supplier_sku":"","barcode":null,"atum_controlled":true,"out_stock_date":"2025-04-07 14:56:53","out_stock_threshold":null,"inheritable":false,"inbound_stock":0,"stock_on_hold":0,"sold_today":0,"sales_last_days":0,"reserved_stock":0,"customer_returns":0,"warehouse_damage":0,"lost_in_post":0,"other_logs":0,"out_stock_days":296,"lost_sales":0,"has_location":false,"update_date":"2026-01-28T23:11:28","atum_locations":[],"atum_stock_status":"outofstock","restock_status":false,"low_stock_amount":"","sales_update_date":"2026-01-28T23:11:28","calc_backorders":null,"acf":{"publisher":{"ID":17676,"post_author":"1","post_date":"2022-04-04 17:29:33","post_date_gmt":"2022-04-04 14:29:33","post_content":"","post_title":"Meibooks","post_excerpt":"","post_status":"publish","comment_status":"closed","ping_status":"closed","post_password":"","post_name":"meibooks","to_ping":"","pinged":"","post_modified":"2022-04-04 17:29:33","post_modified_gmt":"2022-04-04 14:29:33","post_content_filtered":"","post_parent":0,"guid":"https:\/\/sachviet.eu\/nha-phat-hanh\/meibooks\/","menu_order":0,"post_type":"publisher","post_mime_type":"","comment_count":"0","filter":"raw"}},"_links":{"self":[{"href":"https:\/\/sachviet.eu\/en\/wp-json\/wp\/v2\/product\/22436","targetHints":{"allow":["GET"]}}],"collection":[{"href":"https:\/\/sachviet.eu\/en\/wp-json\/wp\/v2\/product"}],"about":[{"href":"https:\/\/sachviet.eu\/en\/wp-json\/wp\/v2\/types\/product"}],"wp:featuredmedia":[{"embeddable":true,"href":"https:\/\/sachviet.eu\/en\/wp-json\/wp\/v2\/media\/22435"}],"wp:attachment":[{"href":"https:\/\/sachviet.eu\/en\/wp-json\/wp\/v2\/media?parent=22436"}],"wp:term":[{"taxonomy":"product_brand","embeddable":true,"href":"https:\/\/sachviet.eu\/en\/wp-json\/wp\/v2\/product_brand?post=22436"},{"taxonomy":"product_cat","embeddable":true,"href":"https:\/\/sachviet.eu\/en\/wp-json\/wp\/v2\/product_cat?post=22436"},{"taxonomy":"product_tag","embeddable":true,"href":"https:\/\/sachviet.eu\/en\/wp-json\/wp\/v2\/product_tag?post=22436"}],"curies":[{"name":"wp","href":"https:\/\/api.w.org\/{rel}","templated":true}]}}