{"id":22428,"date":"2023-01-21T21:29:44","date_gmt":"2023-01-21T19:29:44","guid":{"rendered":"https:\/\/sachviet.eu\/shop\/combo-2-cuon-sach-thieu-nhi-bo-da-tung-xa-con-to-da-tung-so-hai\/"},"modified":"2023-01-22T00:28:22","modified_gmt":"2023-01-21T22:28:22","slug":"combo-2-cuon-sach-thieu-nhi-bo-da-tung-xa-con-to-da-tung-so-hai","status":"publish","type":"product","link":"https:\/\/sachviet.eu\/en\/shop\/combo-2-cuon-sach-thieu-nhi-bo-da-tung-xa-con-to-da-tung-so-hai\/","title":{"rendered":"Combo 2 Cu\u1ed1n S\u00e1ch Thi\u1ebfu Nhi: B\u1ed1 \u0110\u00e3 T\u1eebng Xa Con + T\u1edb \u0110\u00e3 T\u1eebng S\u1ee3 H\u00e3i"},"content":{"rendered":"<p>1. B\u1ed1 \u0110\u00e3 T\u1eebng Xa Con <\/p>\n<p>You weren\u2019t with me: 87% \u0111\u00e1nh gi\u00e1 5 sao tr\u00ean Amazon<br \/>\n\u201cCu\u1ed1n s\u00e1ch n\u00e0y l\u00e0 m\u1ed9t kho b\u00e1u, r\u1ea5t ph\u00f9 h\u1ee3p v\u1edbi \u0111\u1eddi s\u1ed1ng n\u1ed9i t\u00e2m c\u1ee7a tr\u1ebb nh\u1ecf v\u00e0 m\u1ecdi ng\u01b0\u1eddi \u1edf m\u1ecdi l\u1ee9a tu\u1ed5i khi ch\u00fang v\u1eadt l\u1ed9n v\u1edbi n\u1ed7i \u0111au chung c\u1ee7a s\u1ef1 chia ly v\u1edbi nh\u1eefng ng\u01b0\u1eddi ch\u00fang y\u00eau th\u01b0\u01a1ng. \u0110\u00e2y l\u00e0 m\u1ed9t ngu\u1ed3n t\u00e0i nguy\u00ean v\u00f4 gi\u00e1 cho c\u00e1c b\u1eadc cha m\u1eb9, ng\u01b0\u1eddi ch\u0103m s\u00f3c thay th\u1ebf, b\u00e1c s\u0129 l\u00e2m s\u00e0ng v\u00e0 t\u1ea5t c\u1ea3 nh\u1eefng ng\u01b0\u1eddi n\u1ed7 l\u1ef1c gi\u00fap tr\u1ebb nh\u1ecf c\u1ea3m th\u1ea5y \u0111\u01b0\u1ee3c l\u1eafng nghe, th\u1ea5u hi\u1ec3u v\u00e0 h\u1ed7 tr\u1ee3.\u201d &#8211; Alicia F. Lieberman, Ph.D. Irving B. Harris Gi\u00e1o s\u01b0 Khoa T\u00e2m th\u1ea7n UCSF, t\u00e1c gi\u1ea3 nhi\u1ec1u cu\u1ed1n s\u00e1ch n\u1ed5i ti\u1ebfng v\u1ec1 tr\u1ebb em v\u00e0 gia \u0111\u00ecnh<\/p>\n<p>\u201c\u0110\u1ed1i v\u1edbi nh\u1eefng l\u00fac chia ly \u0111au \u0111\u1edbn \u0111\u1ebfn m\u1ee9c kh\u00f3 hi\u1ec3u ho\u1eb7c c\u1ed1 g\u1eafng gi\u1ea3i th\u00edch, nh\u1eefng ch\u00fa th\u1ecf ng\u1ecdt ng\u00e0o, s\u00e2u s\u1eafc n\u00e0y n\u00f3i \u0111i\u1ec1u \u0111\u00fang theo c\u00e1ch \u0111\u00fang \u0111\u1eafn. H\u1ecd n\u00f3i l\u00ean s\u1ef1 t\u1ed5n th\u01b0\u01a1ng, khao kh\u00e1t v\u00e0 s\u1ee3 h\u00e3i c\u1ee7a m\u1ed9t ng\u01b0\u1eddi nh\u1ecf b\u00e9 m\u00e0 m\u1ed9t khi \u0111\u00e3 tr\u1ea3i qua th\u00ec kh\u00f3 c\u00f3 th\u1ec3 v\u01b0\u1ee3t qua; h\u1ecd h\u01b0\u1edbng d\u1eabn ng\u01b0\u1eddi ch\u0103m s\u00f3c c\u00e1ch gi\u1eef nh\u1eefng c\u1ea3m x\u00fac \u0111\u00f3 v\u00e0 th\u1eeba nh\u1eadn ch\u00fang, sau \u0111\u00f3 s\u1eed d\u1ee5ng nh\u1eefng l\u1eddi n\u00f3i ch\u1eefa b\u1ec7nh v\u00e0 s\u1ef1 d\u1ecbu d\u00e0ng \u0111\u1ec3 nh\u1eb9 nh\u00e0ng ti\u1ebfn v\u1ec1 ph\u00eda tr\u01b0\u1edbc.\u201d &#8211; Lisa Amaya-Jackson, MD, MPH, Trung t\u00e2m Qu\u1ed1c gia UCLA-Duke v\u1ec1 C\u0103ng th\u1eb3ng do ch\u1ea5n th\u01b0\u01a1ng \u1edf tr\u1ebb em<\/p>\n<p>2. T\u1edb \u0110\u00e3 T\u1eebng S\u1ee3 H\u00e3i <\/p>\n<p>Once I was very scared \u2013 T\u1edb \u0111\u00e3 t\u1eebng s\u1ee3 h\u00e3i: 84% \u0111\u00e1nh gi\u00e1 5 sao tr\u00ean Amazon<\/p>\n<p>\u201c\u0110\u00e2y l\u00e0 cu\u1ed1n s\u00e1ch thi\u1ebfu nhi hay nh\u1ea5t v\u1ec1 ch\u1ea5n th\u01b0\u01a1ng m\u00e0 t\u00f4i t\u1eebng xem. L\u00e0 m\u1ed9t nh\u00e0 tr\u1ecb li\u1ec7u l\u00e0m vi\u1ec7c v\u1edbi nh\u1eefng tr\u1ebb em \u0111\u00e3 tr\u1ea3i qua ch\u1ea5n th\u01b0\u01a1ng v\u00e0 m\u1ea5t m\u00e1t m\u00e3n t\u00ednh trong nh\u1eefng n\u0103m \u0111\u1ea7u \u0111\u1eddi, t\u00f4i th\u00edch c\u00e1ch cu\u1ed1n s\u00e1ch c\u1ee7a Chandra Ghosh Ippen v\u00ec s\u00e1ch t\u1ea1o ch\u1ed7 cho t\u1ea5t c\u1ea3 c\u00e1c lo\u1ea1i tr\u1ea3i nghi\u1ec7m \u0111au th\u01b0\u01a1ng, \u0111\u01b0\u1ee3c ghi nh\u1edb v\u00e0 ch\u01b0a ghi nh\u1edb, m\u1ed9t l\u1ea7n ho\u1eb7c m\u00e3n t\u00ednh. \u1ede nh\u1eefng \u0111\u1ee9a tr\u1ebb m\u00e0 t\u00f4i l\u00e0m vi\u1ec7c c\u00f9ng \u0111\u00fang l\u00e0 c\u00f3 tr\u1ea3i nghi\u1ec7m ph\u00e2n t\u00e1ch, c\u1ed9ng h\u01b0\u1edfng, c\u0169ng nh\u01b0 s\u1ef1 n\u00e9 tr\u00e1nh. Trong s\u00e1ch c\u0169ng c\u00f3 m\u1ed9t nh\u00e2n v\u1eadt kh\u00f4ng mu\u1ed1n n\u00f3i v\u1ec1 n\u00f3, nh\u1eefng \u0111\u1ee9a tr\u1ebb t\u00f4i \u0111ang n\u00f3i chuy\u1ec7n c\u0169ng th\u01b0\u1eddng t\u1eeb ch\u1ed1i nh\u01b0 v\u1eady.<br \/>\nTrong ng\u00e0y \u0111\u1ea7u ti\u00ean t\u00f4i s\u1eed d\u1ee5ng cu\u1ed1n s\u00e1ch n\u00e0y trong c\u00e1c bu\u1ed5i h\u1ecdc, hai \u0111\u1ee9a tr\u1ebb ch\u01b0a bao gi\u1edd ng\u1ed3i \u0111\u1ecdc h\u1ebft m\u1ed9t cu\u1ed1n s\u00e1ch tr\u01b0\u1edbc \u0111\u00e2y \u0111\u00e3 ho\u00e0n to\u00e0n d\u1ea5n th\u00e2n v\u00e0o v\u00e0 tr\u00ecnh b\u00e0y \u0111\u1ec3 x\u00e1c \u0111\u1ecbnh ph\u1ea3n \u1ee9ng \u0111i\u1ec3n h\u00ecnh c\u1ee7a ch\u00fang v\u00e0 b\u1eaft \u0111\u1ea7u ngh\u0129 v\u1ec1 nh\u1eefng \u0111i\u1ec1u c\u00f3 th\u1ec3 gi\u00fap ch\u00fang c\u1ea3m th\u1ea5y b\u00ecnh t\u0129nh h\u01a1n.<\/p>\n<p>C\u00e1c minh h\u1ecda c\u1ee7a s\u00e1ch l\u00e0m cho c\u00e2u chuy\u1ec7n tr\u1edf n\u00ean s\u1ed1ng \u0111\u1ed9ng v\u00e0 gi\u00fap tr\u1ebb em c\u1ea3m th\u1ea5y \u0111\u1ee7 an to\u00e0n \u0111\u1ec3 n\u00f3i v\u1ec1 nh\u1eefng tr\u1ea3i nghi\u1ec7m v\u00e0 c\u1ea3m x\u00fac c\u1ee7a ch\u00ednh m\u00ecnh.<br \/>\nR\u1ea5t khuy\u1ebfn kh\u00edch s\u00e1ch n\u00e0y cho c\u00e1c nh\u00e0 tr\u1ecb li\u1ec7u, cha m\u1eb9, gi\u00e1o vi\u00ean v\u00e0 b\u1ea5t k\u1ef3 ai \u0111ang l\u00e0m vi\u1ec7c v\u1edbi ch\u1ea5n th\u01b0\u01a1ng th\u1eddi th\u01a1 \u1ea5u. M\u1eb7c d\u00f9 n\u00f3 tr\u00f4ng gi\u1ed1ng nh\u01b0 m\u1ed9t cu\u1ed1n s\u00e1ch d\u00e0nh cho tr\u1ebb nh\u1ecf v\u00e0 ch\u1eafc ch\u1eafn ph\u00f9 h\u1ee3p v\u1edbi tr\u1ebb nh\u1ecf, nh\u01b0ng t\u00f4i \u0111\u00e3 ch\u1ee9ng ki\u1ebfn \u200b\u200bnh\u1eefng \u0111\u1ee9a tr\u1ebb l\u1edbn h\u01a1n \u1edf \u0111\u1ed9 tu\u1ed5i ti\u1ec3u h\u1ecdc c\u0169ng tham gia s\u00e2u v\u00e0o qu\u00e1 tr\u00ecnh \u0111\u1ecdc s\u00e1ch n\u00e0y. &#8211; vivelelivre<\/p>\n","protected":false},"excerpt":{"rendered":"<p>C\u00e1c minh h\u1ecda c\u1ee7a s\u00e1ch l\u00e0m cho c\u00e2u chuy\u1ec7n tr\u1edf n\u00ean s\u1ed1ng \u0111\u1ed9ng v\u00e0 gi\u00fap tr\u1ebb em c\u1ea3m th\u1ea5y \u0111\u1ee7 an to\u00e0n \u0111\u1ec3 n\u00f3i v\u1ec1 nh\u1eefng tr\u1ea3i nghi\u1ec7m v\u00e0 c\u1ea3m x\u00fac c\u1ee7a ch\u00ednh m\u00ecnh.<br \/>\nR\u1ea5t khuy\u1ebfn kh\u00edch s\u00e1ch n\u00e0y cho c\u00e1c nh\u00e0 tr\u1ecb li\u1ec7u, cha m\u1eb9, gi\u00e1o vi\u00ean v\u00e0 b\u1ea5t k\u1ef3 ai \u0111ang l\u00e0m vi\u1ec7c v\u1edbi ch\u1ea5n th\u01b0\u01a1ng th\u1eddi th\u01a1 \u1ea5u. M\u1eb7c d\u00f9 n\u00f3 tr\u00f4ng gi\u1ed1ng nh\u01b0 m\u1ed9t cu\u1ed1n s\u00e1ch d\u00e0nh cho tr\u1ebb nh\u1ecf v\u00e0 ch\u1eafc ch\u1eafn ph\u00f9 h\u1ee3p v\u1edbi tr\u1ebb nh\u1ecf, nh\u01b0ng t\u00f4i \u0111\u00e3 ch\u1ee9ng ki\u1ebfn \u200b\u200bnh\u1eefng \u0111\u1ee9a tr\u1ebb l\u1edbn h\u01a1n \u1edf \u0111\u1ed9 tu\u1ed5i ti\u1ec3u h\u1ecdc c\u0169ng tham gia s\u00e2u v\u00e0o qu\u00e1 tr\u00ecnh \u0111\u1ecdc s\u00e1ch n\u00e0y.<\/p>\n","protected":false},"featured_media":22427,"template":"","meta":{"_acf_changed":false},"product_brand":[],"product_cat":[24,25,17],"product_tag":[83],"class_list":{"0":"post-22428","1":"product","2":"type-product","3":"status-publish","4":"has-post-thumbnail","6":"product_cat-nha-tre-mau-giao-0-tuoi-6-tuoi","7":"product_cat-nhi-dong-6-tuoi-12-tuoi","8":"product_cat-sach-danh-cho-cac-be","9":"product_tag-sach-moi-xuat-ban","11":"first","12":"instock","13":"taxable","14":"shipping-taxable","15":"purchasable","16":"product-type-simple"},"supplier_id":null,"supplier_sku":"","barcode":null,"atum_controlled":true,"out_stock_date":null,"out_stock_threshold":null,"inheritable":false,"inbound_stock":0,"stock_on_hold":0,"sold_today":0,"sales_last_days":0,"reserved_stock":0,"customer_returns":0,"warehouse_damage":0,"lost_in_post":0,"other_logs":0,"out_stock_days":0,"lost_sales":0,"has_location":false,"update_date":"2026-01-28T23:11:09","atum_locations":[],"atum_stock_status":"instock","restock_status":false,"low_stock_amount":"","sales_update_date":"2026-01-28T23:11:09","calc_backorders":null,"acf":{"publisher":{"ID":1424,"post_author":"1","post_date":"2021-02-17 00:02:29","post_date_gmt":"2021-02-16 22:02:29","post_content":"<!-- wp:flatsome\/uxbuilder -->\n<h1 style=\"text-align: center\"><strong>Nh\u00e3 Nam<\/strong><\/h1>\n[row]\n\n[col span=\"6\" span__sm=\"12\"]\n\n[ux_image id=\"1438\" image_size=\"medium\"]\n\n\n[\/col]\n[col span=\"6\" span__sm=\"12\"]\n\n<p><strong>C\u00f4ng ty c\u1ed5 ph\u1ea7n V\u0103n h\u00f3a v\u00e0 Truy\u1ec1n th\u00f4ng Nh\u00e3 Nam<\/strong><\/p>\n<p>Th\u00e1ng 2 n\u0103m 2005, Nh\u00e3 Nam, t\u00ean \u0111\u1ea7y \u0111\u1ee7 l\u00e0 C\u00f4ng ty C\u1ed5 ph\u1ea7n V\u0103n h\u00f3a v\u00e0 Truy\u1ec1n th\u00f4ng Nh\u00e3 Nam \u0111\u00e3 gia nh\u1eadp th\u1ecb tr\u01b0\u1eddng s\u00e1ch. T\u00e1c ph\u1ea9m \"Balzac v\u00e0 c\u00f4 b\u00e9 th\u1ee3 may Trung hoa\" c\u1ee7a \u0110\u1edbi T\u01b0 Ki\u1ec7t l\u00e0 cu\u1ed1n s\u00e1ch \u0111\u1ea7u ti\u00ean \u0111\u01b0\u1ee3c nh\u1eefng ng\u01b0\u1eddi s\u00e1ng l\u1eadp Nh\u00e3 Nam xu\u1ea5t b\u1ea3n c\u1ea3 tr\u01b0\u1edbc khi c\u00f4ng ty ra \u0111\u1eddi. Ngay l\u1eadp t\u1ee9c t\u1eeb cu\u1ed1n s\u00e1ch \u0111\u1ea7u ti\u00ean, \u0111\u1ed9c gi\u1ea3 \u0111\u00e3 d\u00e0nh s\u1ef1 quan t\u00e2m v\u00e0 y\u00eau m\u1ebfn cho m\u1ed9t th\u01b0\u01a1ng hi\u1ec7u s\u00e1ch m\u1edbi m\u1ebb mang trong m\u00ecnh kh\u00e1t v\u1ecdng g\u00f3p ph\u1ea7n t\u1ea1o l\u1eadp di\u1ec7n m\u1ea1o m\u1edbi cho xu\u1ea5t b\u1ea3n v\u0103n h\u1ecdc t\u1ea1i Vi\u1ec7t Nam.<\/p>\n<p>L\u00f2ng say m\u00ea c\u1ee7a \u0111\u1ed9i ng\u0169 l\u00e0 vi\u00ean \u0111\u00e1 \u0111\u1ea7u ti\u00ean. Tr\u1ea3i qua m\u1ea5y n\u0103m ph\u00e1t tri\u1ec3n, Nh\u00e3 Nam \u0111\u00e3 \u0111\u01b0\u1ee3c x\u00e2y d\u1ef1ng d\u1ea7n l\u00ean trong di\u1ec7n m\u1ea1o m\u1ed9t nh\u00e0 xu\u1ea5t b\u1ea3n v\u1eefng ch\u00e3i v\u00e0 chuy\u00ean nghi\u1ec7p. S\u00e1u th\u00e1ng sau khi th\u00e0nh l\u1eadp c\u00f4ng ty, Nh\u1eadt k\u00fd \u0110\u1eb7ng Th\u00f9y Tr\u00e2m ra \u0111\u1eddi, t\u1ea1o n\u00ean m\u1ed9t c\u01a1n s\u1ed1t trong x\u00e3 h\u1ed9i, v\u1edbi g\u1ea7n 500,000 b\u1ea3n s\u00e1ch \u0111\u01b0\u1ee3c ph\u00e1t h\u00e0nh, ph\u00e1 m\u1ecdi k\u1ef7 l\u1ee5c v\u1ec1 xu\u1ea5t b\u1ea3n tr\u01b0\u1edbc \u0111\u00f3, k\u00e9o theo m\u1ed9t lo\u1ea1t nh\u1eefng hi\u1ec7u \u1ee9ng x\u00e3 h\u1ed9i v\u00e0 d\u01b0 lu\u1eadn c\u00f3 \u00fd ngh\u0129a. T\u1eeb \u0111\u00f3 tr\u1edf \u0111i, th\u00f4ng qua Nh\u00e3 Nam, c\u00e1c cu\u1ed1n s\u00e1ch v\u0103n h\u1ecdc n\u01b0\u1edbc ngo\u00e0i c\u00f3 gi\u00e1 tr\u1ecb \u0111\u01b0\u1ee3c li\u00ean t\u1ee5c mua b\u1ea3n quy\u1ec1n v\u00e0 xu\u1ea5t b\u1ea3n t\u1ea1i Vi\u1ec7t Nam, thu h\u00fat nhi\u1ec1u t\u1ea7ng l\u1edbp \u0111\u1ed9c gi\u1ea3. S\u00e1ch c\u1ee7a Nh\u00e3 Nam n\u1ed5i b\u1eadt b\u1edfi n\u1ed9i dung v\u0103n h\u1ecdc tinh t\u1ebf, b\u1edfi v\u1ebb \u0111\u1eb9p c\u1ee7a thi\u1ebft k\u1ebf hi\u1ec7n \u0111\u1ea1i \u1edf h\u00ecnh th\u1ee9c, b\u1edfi s\u1ef1 ch\u0103m ch\u00fat k\u1ef9 l\u01b0\u1ee1ng cho m\u1ed7i cu\u1ed1n s\u00e1ch nh\u01b0 m\u1ed9t con thuy\u1ec1n mang t\u1edbi ni\u1ec1m vui, tri th\u1ee9c, ng\u1ea1c nhi\u00ean, v\u00e0 \u0111\u1ed3ng c\u1ea3m.<\/p>\n\n[\/col]\n\n[\/row]\n<p style=\"text-align: left\">Hi\u1ec3u th\u1eddi \u0111\u1ea1i \u0111ang s\u1ed1ng th\u00f4ng qua s\u00e1ch, song h\u00e0nh v\u1edbi nh\u1eefng bi\u1ebfn chuy\u1ec3n s\u00e2u s\u1eafc trong l\u00f2ng x\u00e3 h\u1ed9i b\u1eb1ng nh\u1eefng ho\u1ea1t \u0111\u1ed9ng xu\u1ea5t b\u1ea3n mi\u1ec7t m\u00e0i v\u00e0 qu\u1ea3 c\u1ea3m, con \u0111\u01b0\u1eddng Nh\u00e3 Nam \u0111\u00e3 ch\u1ecdn \u0111\u1ec3 \u0111i s\u1ebd c\u00f2n d\u00e0i. Nhi\u1ec1u kh\u00f3 kh\u0103n, th\u1eed th\u00e1ch \u0111ang \u1edf ph\u00eda tr\u01b0\u1edbc. B\u01b0\u1edbc qua th\u1eddi k\u1ef3 s\u01a1 khai v\u1edbi nh\u1eefng b\u00e0i h\u1ecdc v\u00e0 nh\u1eefng kinh nghi\u1ec7m \u0111\u1ea7u ti\u00ean, Nh\u00e3 Nam gi\u1edd \u0111\u00e3 s\u1eb5n s\u00e0ng cho m\u1ed9t ch\u1eb7ng \u0111\u01b0\u1eddng ph\u00e1t tri\u1ec3n m\u1edbi. V\u00e0 ch\u00fang t\u00f4i mu\u1ed1n ho\u00e0n thi\u1ec7n m\u00ecnh trong s\u1ef1 c\u1ea7u th\u1ecb v\u00e0 c\u1ea9n tr\u1ecdng. T\u1ea5t c\u1ea3 v\u00ec m\u1ed9t gia s\u1ea3n s\u00e1ch to l\u1edbn, c\u00f3 s\u1ee9c s\u1ed1ng d\u00e0i l\u00e2u, c\u00f3 \u00fd ngh\u0129a v\u1edbi nhi\u1ec1u th\u1ebf h\u1ec7 b\u1ea1n \u0111\u1ecdc.<br \/>B\u1edfi v\u00ec s\u00e1ch l\u00e0 th\u1ebf gi\u1edbi.<\/p>\n<p><strong>\u0110\u00e2y l\u00e0 m\u1ed9t nh\u00e0 ph\u00e1t h\u00e0nh s\u00e1ch m\u00e0 SACHVIET.EU r\u1ea5t y\u00eau th\u00edch v\u00e0 tin t\u01b0\u1edfng. Nh\u00ecn \u0111\u01b0\u1ee3c t\u1ea7m \u1ea3nh h\u01b0\u1edfng c\u1ee7a Nh\u00e3 Nam qua t\u1eebng cu\u1ed1n s\u00e1ch, SACHVIET.EU li\u00ean h\u1ec7 h\u1ee3p t\u00e1c ngay v\u1edbi Nh\u00e3 Nam \u0111\u1ec3 \u0111em to\u00e0n b\u1ed9 nh\u1eefng t\u00e1c ph\u1ea9m m\u1edbi, hay nh\u1ea5t m\u00e0 Nh\u00e3 Nam c\u00f3 sang Ch\u00e2u \u00c2u, \u0111\u01b0a \u0111\u1ebfn cho \u0111\u1ed9c gi\u1ea3 c\u00f3 nhi\u1ec1u s\u1ef1 l\u1ef1a ch\u1ecdn phong ph\u00fa h\u01a1n c\u1ea3 s\u00e1ch cho tr\u1ebb em l\u1eabn ng\u01b0\u1eddi l\u1edbn.\u00a0<\/strong><\/p>\n\n<!-- \/wp:flatsome\/uxbuilder -->","post_title":"Nh\u00e3 Nam","post_excerpt":"","post_status":"publish","comment_status":"closed","ping_status":"closed","post_password":"","post_name":"nha-nam","to_ping":"","pinged":"","post_modified":"2022-12-19 23:15:33","post_modified_gmt":"2022-12-19 21:15:33","post_content_filtered":"","post_parent":0,"guid":"https:\/\/sachviet.eu\/?post_type=publisher&#038;p=1424","menu_order":0,"post_type":"publisher","post_mime_type":"","comment_count":"0","filter":"raw"}},"_links":{"self":[{"href":"https:\/\/sachviet.eu\/en\/wp-json\/wp\/v2\/product\/22428","targetHints":{"allow":["GET"]}}],"collection":[{"href":"https:\/\/sachviet.eu\/en\/wp-json\/wp\/v2\/product"}],"about":[{"href":"https:\/\/sachviet.eu\/en\/wp-json\/wp\/v2\/types\/product"}],"wp:featuredmedia":[{"embeddable":true,"href":"https:\/\/sachviet.eu\/en\/wp-json\/wp\/v2\/media\/22427"}],"wp:attachment":[{"href":"https:\/\/sachviet.eu\/en\/wp-json\/wp\/v2\/media?parent=22428"}],"wp:term":[{"taxonomy":"product_brand","embeddable":true,"href":"https:\/\/sachviet.eu\/en\/wp-json\/wp\/v2\/product_brand?post=22428"},{"taxonomy":"product_cat","embeddable":true,"href":"https:\/\/sachviet.eu\/en\/wp-json\/wp\/v2\/product_cat?post=22428"},{"taxonomy":"product_tag","embeddable":true,"href":"https:\/\/sachviet.eu\/en\/wp-json\/wp\/v2\/product_tag?post=22428"}],"curies":[{"name":"wp","href":"https:\/\/api.w.org\/{rel}","templated":true}]}}